{"id":1019,"date":"2014-09-14T15:11:22","date_gmt":"2014-09-14T13:11:22","guid":{"rendered":"http:\/\/www.talmud.de\/tlmd\/?page_id=1019"},"modified":"2023-10-18T08:14:05","modified_gmt":"2023-10-18T06:14:05","slug":"die-torah-eine-deutsche-uebersetzung","status":"publish","type":"page","link":"https:\/\/www.talmud.de\/tlmd\/die-torah-eine-deutsche-uebersetzung\/","title":{"rendered":"Die Torah &#8211; eine deutsche \u00dcbersetzung"},"content":{"rendered":"<div class=\"wp-block-image size-full wp-image-1033\">\n<figure class=\"aligncenter\"><img data-recalc-dims=\"1\" loading=\"lazy\" decoding=\"async\" width=\"840\" height=\"840\" src=\"https:\/\/i0.wp.com\/www.talmud.de\/tlmd\/wp-content\/uploads\/2014\/09\/torah_innen_schmutztitel1.jpg?resize=840%2C840&#038;ssl=1\" alt=\"\" class=\"wp-image-1033\" srcset=\"https:\/\/i0.wp.com\/www.talmud.de\/tlmd\/wp-content\/uploads\/2014\/09\/torah_innen_schmutztitel1.jpg?w=960&amp;ssl=1 960w, https:\/\/i0.wp.com\/www.talmud.de\/tlmd\/wp-content\/uploads\/2014\/09\/torah_innen_schmutztitel1.jpg?resize=150%2C150&amp;ssl=1 150w, https:\/\/i0.wp.com\/www.talmud.de\/tlmd\/wp-content\/uploads\/2014\/09\/torah_innen_schmutztitel1.jpg?resize=300%2C300&amp;ssl=1 300w\" sizes=\"auto, (max-width: 840px) 100vw, 840px\" \/><figcaption class=\"wp-element-caption\">Titelblatt der Torah<\/figcaption><\/figure><\/div>\n\n\n<h2 class=\"wp-block-heading\">Die Ausgabe<\/h2>\n\n\n\n<p>\u00bbDie Torah \u2013 eine deutsche \u00dcbersetzung\u00ab stellt eine j\u00fcdische \u00dcbersetzung der Torah einem breiten Publikum zur Verf\u00fcgung.<br>Die \u00dcbersetzung ist eine Verbindung der klassischen \u00dcbersetzungen von Rabbiner Heymann Arnheim und Rabbiner Sachs, die als \u00bbZunz \u00dcbersetzung\u00ab bekannt geworden ist, mit modernen \u00dcbersetzungsans\u00e4tzen und wurde von Chajm Guski bearbeitet.<br>Zudem wurde in dieser Ausgabe immer wieder die \u00dcbersetzung von Rabbiner Samson Raphael Hirsch (1808-1888) betrachtet und nach ihr korrigiert.<\/p>\n\n\n\n<p>Die Torah-Ausgabe enth\u00e4lt:<\/p>\n\n\n\n<ul class=\"wp-block-list\">\n<li>eine Reihe von ausf\u00fchrlichen Kommentaren. Sie erkl\u00e4ren etwa das \u00bbAuge f\u00fcr Auge\u00ab-Prinzip oder den Turmbau zu Babel oder erlauben einen Blick in den Torahkommentar von Raschi.<\/li>\n\n\n\n<li>einige (wichtige) Begriffe wurden nicht interpretierend \u00fcbersetzt, sondern im hebr\u00e4ischen Original belassen, statt dessen aber kommentiert. <em>Tza\u2019arat <\/em>w\u00e4re ein solches Wort.<\/li>\n\n\n\n<li>Innerhalb des Buches weisen Hinweise auf dem Seitenrand auf h\u00e4ufig gesuchte Stellen hin \u00bbJitzchak wird geboren\u00ab, oder \u00bbzum Verzehr erlaubte Tiere\u00ab.<\/li>\n\n\n\n<li>Am Ende des Buches findet der Leser eine \u00dcbersicht \u00fcber \u00bballe\u00ab Haftarot nach aschkenasischem, sefardischen, jemenitischen oder italienischem Brauch.<\/li>\n\n\n\n<li>Der Leser kann die f\u00fcnf B\u00fccher schnell finden und identifizieren, sie sind an der Seite des Buches klar gekennzeichnet.<\/li>\n<\/ul>\n\n\n<div class=\"wp-block-image size-full wp-image-2964\">\n<figure class=\"aligncenter\"><img data-recalc-dims=\"1\" loading=\"lazy\" decoding=\"async\" width=\"400\" height=\"400\" src=\"https:\/\/i0.wp.com\/www.talmud.de\/tlmd\/wp-content\/uploads\/2018\/05\/kommentar1.png?resize=400%2C400&#038;ssl=1\" alt=\"\" class=\"wp-image-2964\" srcset=\"https:\/\/i0.wp.com\/www.talmud.de\/tlmd\/wp-content\/uploads\/2018\/05\/kommentar1.png?w=400&amp;ssl=1 400w, https:\/\/i0.wp.com\/www.talmud.de\/tlmd\/wp-content\/uploads\/2018\/05\/kommentar1.png?resize=150%2C150&amp;ssl=1 150w, https:\/\/i0.wp.com\/www.talmud.de\/tlmd\/wp-content\/uploads\/2018\/05\/kommentar1.png?resize=300%2C300&amp;ssl=1 300w, https:\/\/i0.wp.com\/www.talmud.de\/tlmd\/wp-content\/uploads\/2018\/05\/kommentar1.png?resize=120%2C120&amp;ssl=1 120w\" sizes=\"auto, (max-width: 400px) 100vw, 400px\" \/><figcaption class=\"wp-element-caption\">Detailansicht &#8211; Kommentar zu Tzaarat<\/figcaption><\/figure><\/div>\n\n\n<h2 class=\"wp-block-heading\">Gedruckte Ausgabe und E-Reader<\/h2>\n\n\n<div class=\"wp-block-image\">\n<figure class=\"aligncenter\"><img data-recalc-dims=\"1\" loading=\"lazy\" decoding=\"async\" width=\"150\" height=\"150\" src=\"https:\/\/i0.wp.com\/www.talmud.de\/tlmd\/wp-content\/uploads\/2014\/09\/tobuch_ausgabe200200-150x1501.gif?resize=150%2C150&#038;ssl=1\" alt=\"\" class=\"wp-image-1020\"\/><\/figure><\/div>\n\n\n<p><br>Google Books bietet eine <a href=\"http:\/\/books.google.de\/books?id=nEJjBAAAQBAJ&amp;printsec=frontcover&amp;hl=de&amp;source=gbs_ge_summary_r&amp;cad=0#v=onepage&amp;q&amp;f=false\"><strong>umfassende Voransicht<\/strong><\/a>.<\/p>\n\n\n\n<p>Die Ausgabe f\u00fcr E-Reader enth\u00e4lt alle Texte und Kommentare der gedruckten Ausgabe.<\/p>\n\n\n\n<h3 class=\"wp-block-heading\">Wo ist das Buch erh\u00e4ltlich?<\/h3>\n\n\n\n<p>Die Torah gibt es als 460 seitiges Buch oder als ebook:<\/p>\n\n\n\n<figure class=\"wp-block-table\"><table><tbody><tr><td><b>Buchhandel<\/b><\/td><td><a href=\"https:\/\/buchhandel.de\/buch\/Die-Torah-9783735779472\"><b>Buchhandel.de<\/b><\/a><br>Auf der verlinkten Seite kann man das Buch in den Einkaufswagen legen<br>und zur Abholung eine lokale Buchhandlung angeben.<\/td><\/tr><tr><td><b><a href=\"http:\/\/www.amazon.de\/Die-Torah-eine-deutsche-%C3%9Cbersetzung\/dp\/3735779476\/\">amazon.de<\/a><\/b><\/td><td>Das Buch \u00fcber <a href=\"http:\/\/www.amazon.de\/Die-Torah-eine-deutsche-%C3%9Cbersetzung\/dp\/3735779476\/\">amazon.de<\/a> bestellen.\n<p>&nbsp;<\/p>\n<\/td><\/tr><tr><td><b><a href=\"http:\/\/www.amazon.de\/Die-Torah-eine-deutsche-\u00dcbersetzung-ebook\/dp\/B00NFRX5V6\/\">amazon.de &#8211; ebook<\/a><\/b><\/td><td>\n<p>Das ebook \u00fcber <a href=\"http:\/\/www.amazon.de\/Die-Torah-eine-deutsche-\u00dcbersetzung-ebook\/dp\/B00NFRX5V6\/\">amazon.de<\/a> bestellen.<\/p>\n<\/td><\/tr><tr><td><b><a href=\"https:\/\/itunes.apple.com\/de\/book\/die-torah\/id917306143?mt=11\" rel=\"nofollow\">iTunes<\/a><\/b><\/td><td>\n<p>Das ebook \u00fcber <a href=\"https:\/\/itunes.apple.com\/de\/book\/die-torah\/id917306143?mt=11\" rel=\"nofollow\">iTunes<\/a> beziehen\/herunterladen.<\/p>\n<\/td><\/tr><tr><td><b><a href=\"http:\/\/www.ebook.de\/de\/product\/22803900\/chajm_guski_die_torah.html\">epub-Format<\/a><\/b><\/td><td>\n<p>Das ebook im <a href=\"http:\/\/www.ebook.de\/de\/product\/22803900\/chajm_guski_die_torah.html\">epub-Format<\/a> beziehen\/herunterladen.<\/p>\n<\/td><\/tr><tr><td><b><a href=\"https:\/\/play.google.com\/store\/books\/details\/Chajm_Guski_Die_Torah?id=0zR1BAAAQBAJ\">google Play B\u00fccher<\/a><\/b><\/td><td>\n<p>Das ebook im <a href=\"https:\/\/play.google.com\/store\/books\/details\/Chajm_Guski_Die_Torah?id=0zR1BAAAQBAJ\">google play Store<\/a> beziehen\/herunterladen.<\/p>\n<\/td><\/tr><\/tbody><\/table><\/figure>\n\n\n\n<h2 class=\"wp-block-heading\">Die Online-Ausgabe<\/h2>\n\n\n\n<p>Die Online-Ausgabe enth\u00e4lt den vollst\u00e4ndigen Text der Torah, jedoch keinen Kommentar und keine Erkl\u00e4rungen &#8211; sie steht allen interessierten Lesern zur Verf\u00fcgung:<\/p>\n\n\n\n  <p class=\"Zentriert\">\n                                            <strong>\n                                                <a class=\"dafLink\" href=\"https:\/\/www.talmud.de\/tlmd\/die-torah-eine-deutsche-uebersetzung\/die-torah-bereschit\/\">1. Buch Moscheh: Bereschit<\/a>\n                                            <\/strong>\n                                            <a class=\"dafLink\" href=\"https:\/\/www.talmud.de\/tlmd\/die-torah-eine-deutsche-uebersetzung\/die-torah-noach\/\">Noach<\/a>\n                                            <a class=\"dafLink\" href=\"https:\/\/www.talmud.de\/tlmd\/die-torah-eine-deutsche-uebersetzung\/die-torah-lech-lechah\/\">Lech Lechah<\/a>\n                                            <a class=\"dafLink\" href=\"https:\/\/www.talmud.de\/tlmd\/die-torah-eine-deutsche-uebersetzung\/die-torah-wajera\/\">Wajera<\/a>\n                                            <a class=\"dafLink\" href=\"https:\/\/www.talmud.de\/tlmd\/die-torah-eine-deutsche-uebersetzung\/die-torah-chaje-sarah\/\">Chaje Sarah<\/a>\n                                            <br>\n                                            <a class=\"dafLink\" href=\"https:\/\/www.talmud.de\/tlmd\/die-torah-eine-deutsche-uebersetzung\/die-torah-toldot\/\">Toldot<\/a>\n                                            <a class=\"dafLink\" href=\"https:\/\/www.talmud.de\/tlmd\/die-torah-eine-deutsche-uebersetzung\/die-torah-wajeze\/\">Wajeze<\/a>\n                                            <a class=\"dafLink\" href=\"https:\/\/www.talmud.de\/tlmd\/die-torah-eine-deutsche-uebersetzung\/die-torah-wajischlach\/\">WaJischlach<\/a>\n                                            <a class=\"dafLink\" href=\"https:\/\/www.talmud.de\/tlmd\/die-torah-eine-deutsche-uebersetzung\/die-torah-wajeschew\/\">WaJeschew<\/a>\n                                            <br>\n                                            <a class=\"dafLink\" href=\"https:\/\/www.talmud.de\/tlmd\/die-torah-eine-deutsche-uebersetzung\/die-torah-miketz\/\">Miketz<\/a>\n                                            <a class=\"dafLink\" href=\"https:\/\/www.talmud.de\/tlmd\/die-torah-eine-deutsche-uebersetzung\/die-torah-wajigasch\/\">WaJigasch<\/a>\n                                            <a class=\"dafLink\" href=\"https:\/\/www.talmud.de\/tlmd\/die-torah-eine-deutsche-uebersetzung\/die-torah-wajechi\/\">WaJechi<\/a>\n                                        <\/p>\n\n                                        <p class=\"Zentriert\">\n                                            <strong>\n                                                <a class=\"dafLink\" href=\"https:\/\/www.talmud.de\/tlmd\/die-torah-eine-deutsche-uebersetzung\/die-torah-schemot\/\">2. Buch Moscheh: Schemot<\/a>\n                                            <\/strong>\n                                            <a class=\"dafLink\" href=\"https:\/\/www.talmud.de\/tlmd\/die-torah-eine-deutsche-uebersetzung\/die-torah-waera\/\">Wa\u2018era<\/a>\n                                            <a class=\"dafLink\" href=\"https:\/\/www.talmud.de\/tlmd\/die-torah-eine-deutsche-uebersetzung\/die-torah-bo\/\">Bo<\/a>\n                                            <a class=\"dafLink\" href=\"https:\/\/www.talmud.de\/tlmd\/die-torah-eine-deutsche-uebersetzung\/die-torah-beschallach\/\">Beschallach<\/a>\n                                            <a class=\"dafLink\" href=\"https:\/\/www.talmud.de\/tlmd\/die-torah-eine-deutsche-uebersetzung\/die-torah-jitro\/\">Jitro<\/a>\n                                            <br>\n                                            <a class=\"dafLink\" href=\"https:\/\/www.talmud.de\/tlmd\/die-torah-eine-deutsche-uebersetzung\/die-torah-mischpatim\/\">Mischpatim<\/a>\n                                            <a class=\"dafLink\" href=\"https:\/\/www.talmud.de\/tlmd\/die-torah-eine-deutsche-uebersetzung\/die-torah-trumah\/\">Trumah<\/a>\n                                            <a class=\"dafLink\" href=\"https:\/\/www.talmud.de\/tlmd\/die-torah-eine-deutsche-uebersetzung\/die-torah-tetzawe\/\">Tetzawe<\/a>\n                                            <a class=\"dafLink\" href=\"https:\/\/www.talmud.de\/tlmd\/die-torah-eine-deutsche-uebersetzung\/die-torah-ki-tissa\/\">Ki Tissa<\/a>\n                                            <a class=\"dafLink\" href=\"https:\/\/www.talmud.de\/tlmd\/die-torah-eine-deutsche-uebersetzung\/die-torah-wajakhel\/\">WaJakhel<\/a>\n                                            <a class=\"dafLink\" href=\"https:\/\/www.talmud.de\/tlmd\/die-torah-eine-deutsche-uebersetzung\/die-torah-pekude\/\">Pekude<\/a>\n                                        <\/p>\n\n                                        <p class=\"Zentriert\">\n                                            <strong>\n                                                <a class=\"dafLink\" href=\"https:\/\/www.talmud.de\/tlmd\/die-torah-eine-deutsche-uebersetzung\/die-torah-wajikra\/\">3. Buch Moscheh: WaJikra<\/a>\n                                            <\/strong>\n                                            <a class=\"dafLink\" href=\"https:\/\/www.talmud.de\/tlmd\/die-torah-eine-deutsche-uebersetzung\/die-torah-tzaw\/\">Tzaw<\/a>\n                                            <a class=\"dafLink\" href=\"https:\/\/www.talmud.de\/tlmd\/die-torah-eine-deutsche-uebersetzung\/die-torah-schemini\/\">Schemini <\/a>\n                                            <a class=\"dafLink\" href=\"https:\/\/www.talmud.de\/tlmd\/die-torah-eine-deutsche-uebersetzung\/die-torah-tazria\/\">Tazria <\/a>\n                                            <a class=\"dafLink\" href=\"https:\/\/www.talmud.de\/tlmd\/die-torah-eine-deutsche-uebersetzung\/die-torah-metzora\/\">Metzora<\/a>\n                                            <a class=\"dafLink\" href=\"https:\/\/www.talmud.de\/tlmd\/die-torah-eine-deutsche-uebersetzung\/die-torah-acharei-mot\/\">Acharei Mot<\/a>\n                                            <a class=\"dafLink\" href=\"https:\/\/www.talmud.de\/tlmd\/die-torah-eine-deutsche-uebersetzung\/die-torah-kedoschim\/\">Kedoschim <\/a>\n                                            <a class=\"dafLink\" href=\"https:\/\/www.talmud.de\/tlmd\/die-torah-eine-deutsche-uebersetzung\/die-torah-emor\/\">Emor<\/a>\n                                            <a class=\"dafLink\" href=\"https:\/\/www.talmud.de\/tlmd\/die-torah-eine-deutsche-uebersetzung\/die-torah-behar\/\">Behar <\/a>\n                                            <a class=\"dafLink\" href=\"https:\/\/www.talmud.de\/tlmd\/die-torah-eine-deutsche-uebersetzung\/die-torah-bechukotaj\/\">Bechukotaj<\/a>\n                                        <\/p>\n\n                                        <p class=\"Zentriert\">\n                                            <strong>\n                                                <a class=\"dafLink\" href=\"https:\/\/www.talmud.de\/tlmd\/die-torah-eine-deutsche-uebersetzung\/die-torah-bamidbar\/\">4. Buch Moscheh: BaMidbar<\/a>\n                                            <\/strong>\n                                            <a class=\"dafLink\" href=\"https:\/\/www.talmud.de\/tlmd\/die-torah-eine-deutsche-uebersetzung\/die-torah-nasso\/\">Nasso <\/a>\n                                            <a class=\"dafLink\" href=\"https:\/\/www.talmud.de\/tlmd\/die-torah-eine-deutsche-uebersetzung\/die-torah-behaalotcha\/\">Beha\u2018alotcha<\/a>\n                                            <a class=\"dafLink\" href=\"https:\/\/www.talmud.de\/tlmd\/die-torah-eine-deutsche-uebersetzung\/die-torah-schlach-lecha\/\">Schlach Lecha<\/a>\n                                            <a class=\"dafLink\" href=\"https:\/\/www.talmud.de\/tlmd\/die-torah-eine-deutsche-uebersetzung\/die-torah-korach\/\">Korach <\/a>\n                                            <a class=\"dafLink\" href=\"https:\/\/www.talmud.de\/tlmd\/die-torah-eine-deutsche-uebersetzung\/die-torah-chukat\/\">Chukat <\/a>\n                                            <a class=\"dafLink\" href=\"https:\/\/www.talmud.de\/tlmd\/die-torah-eine-deutsche-uebersetzung\/die-torah-balak\/\">Balak <\/a>\n                                            <a class=\"dafLink\" href=\"https:\/\/www.talmud.de\/tlmd\/die-torah-eine-deutsche-uebersetzung\/die-torah-pinchas\/\">Pinchas<\/a>\n                                            <a class=\"dafLink\" href=\"https:\/\/www.talmud.de\/tlmd\/die-torah-eine-deutsche-uebersetzung\/die-torah-matot\/\">Matot<\/a>\n                                            <a class=\"dafLink\" href=\"https:\/\/www.talmud.de\/tlmd\/die-torah-eine-deutsche-uebersetzung\/die-torah-mase\/\">Mase<\/a>\n                                        <\/p>\n\n                                        <p class=\"Zentriert\">\n                                            <strong>\n                                                <a class=\"dafLink\" href=\"https:\/\/www.talmud.de\/tlmd\/die-torah-eine-deutsche-uebersetzung\/die-torah-dewarim\/\">5. Buch Moscheh: Dewarim<\/a>\n                                            <\/strong>\n                                            <a class=\"dafLink\" href=\"https:\/\/www.talmud.de\/tlmd\/die-torah-eine-deutsche-uebersetzung\/die-torah-waetchanan\/\">Wa\u2018etchanan<\/a>\n                                            <a class=\"dafLink\" href=\"https:\/\/www.talmud.de\/tlmd\/die-torah-eine-deutsche-uebersetzung\/die-torah-ekew\/\">Ekew<\/a>\n                                            <a class=\"dafLink\" href=\"https:\/\/www.talmud.de\/tlmd\/die-torah-eine-deutsche-uebersetzung\/die-torah-reeh\/\">Re\u2018eh<\/a>\n                                            <a class=\"dafLink\" href=\"https:\/\/www.talmud.de\/tlmd\/die-torah-eine-deutsche-uebersetzung\/die-torah-schoftim\/\">Schoftim<\/a>\n                                            <a class=\"dafLink\" href=\"https:\/\/www.talmud.de\/tlmd\/die-torah-eine-deutsche-uebersetzung\/die-torah-ki-tetze\/\">Ki Tetze<\/a>\n                                            <a class=\"dafLink\" href=\"https:\/\/www.talmud.de\/tlmd\/die-torah-eine-deutsche-uebersetzung\/die-torah-ki-tawo\/\">Ki Tawo<\/a>\n                                            <a class=\"dafLink\" href=\"https:\/\/www.talmud.de\/tlmd\/die-torah-eine-deutsche-uebersetzung\/die-torah-nitzawim\/\">Nitzawim<\/a>\n                                            <a class=\"dafLink\" href=\"https:\/\/www.talmud.de\/tlmd\/die-torah-eine-deutsche-uebersetzung\/die-torah-wajelech\/\">Wa\u2018Jelech<\/a>\n                                            <a class=\"dafLink\" href=\"https:\/\/www.talmud.de\/tlmd\/die-torah-eine-deutsche-uebersetzung\/die-torah-haasinu\/\">Ha\u2018asinu<\/a>\n                                            <a class=\"dafLink\" href=\"https:\/\/www.talmud.de\/tlmd\/die-torah-eine-deutsche-uebersetzung\/die-torah-wezot-habrachah\/\">Wezot habrachah <\/a>\n                                        <\/p>\n\n\n\n<p>Eine Zuordnung von <a href=\"https:\/\/www.talmud.de\/tlmd\/die-torah-eine-deutsche-uebersetzung\/die-torah-zuordnung-torahabschnitt-zu-kapitel\/\">Kapitel zu Torahabschnitten <strong>findet man hier<\/strong><\/a>.<\/p>\n\n\n\n<h3 class=\"wp-block-heading\">Andere \u00dcbersetzungen<\/h3>\n\n\n\n<ul class=\"wp-block-list\">\n<li><a href=\"https:\/\/www.talmud.de\/tlmd\/die-torah-hirsch\/\">Samson Raphael Hirsch<\/a><\/li>\n<\/ul>\n\n\n\n<h3 class=\"wp-block-heading\">Kommentierte Onlineausgaben<\/h3>\n\n\n\n<ul class=\"wp-block-list\">\n<li><a href=\"https:\/\/www.talmud.de\/tlmd\/bereschit-mit-raschi\/\"><strong>Raschi<\/strong> zum Buch Bereschit in deutscher \u00dcbersetzung<\/a><\/li>\n\n\n\n<li><a href=\"https:\/\/www.talmud.de\/tlmd\/bereschit-mit-kommentar-1\/\">Der Wochenabschnitt Bereschit <em>exemplarisch<\/em> mit einer Reihe von <em>klassischen Kommentaren<\/em>.<\/a><\/li>\n<\/ul>\n\n\n\n<h3 class=\"wp-block-heading\">Tikkun<\/h3>\n\n\n\n<p>Ein <a href=\"https:\/\/www.talmud.de\/tlmd\/tikkun\/\">Tikkun (online)<\/a> f\u00fcr die Vorbereitung auf die Torahlesung ist <a href=\"https:\/\/www.talmud.de\/tlmd\/tikkun\/\">hier zu finden<\/a>.<\/p>\n\n\n\n<h2 class=\"wp-block-heading\">Die Haftarot<\/h2>\n\n\n\n<p><strong>Alle Haftarot<\/strong> (Prophetenlesungen zum jeweiligen Wochenabschnitt) findet man ausf\u00fchrlich und f\u00fcr nahezu alle Minhagim (Br\u00e4uche) wie aschkenasisch, sefardisch, jemenitisch, Chabad etc. im <a href=\"http:\/\/www.talmud.de\/tlmd\/das-buch-der-haftarot-eine-deutsche-uebersetzung\/\"><strong>\u00bbBuch der Haftarot\u00ab<\/strong><\/a>.<\/p>\n\n\n\n<h2 class=\"wp-block-heading\">Weitere Themen zur Torah<\/h2>\n\n\n\n<ul class=\"wp-block-list\">\n<li>Im Land Israel war die Torah in <strong>153 Sedarim (Abschnitte)<\/strong> eingeteilt. Diese 153 Sedarim wurden im Verlauf von etwa 3 Jahren gelesen (Megillah 29b). Zudem dienten sie vor der Einf\u00fchrung von Kapiteln (die aus der christlichen Tradition stammten) zur Strukturierung des Torah-Textes. <a href=\"https:\/\/www.talmud.de\/tlmd\/liste-der-sedarim-der-torah\/\">Hier findet man eine <strong>Liste der Sedarim<\/strong><\/a><\/li>\n\n\n\n<li><a href=\"https:\/\/www.talmud.de\/tlmd\/die-codes-in-der-torah-was-ist-der-bibelcode\/\">Die Codes in der Torah \u2013 Was ist der Bibelcode?<\/a><\/li>\n<\/ul>\n\n\n\n<h2 class=\"wp-block-heading\">Facebook<\/h2>\n\n\n\n<p><em>Die Torah: eine deutsche \u00dcbersetzung<\/em> ist auch auf facebook: <a href=\"https:\/\/www.facebook.com\/dieTorah\/\">www.facebook.com\/dieTorah<\/a><\/p>\n","protected":false},"excerpt":{"rendered":"<p>Die Ausgabe \u00bbDie Torah \u2013 eine deutsche \u00dcbersetzung\u00ab stellt eine j\u00fcdische \u00dcbersetzung der Torah einem breiten Publikum zur Verf\u00fcgung.Die \u00dcbersetzung ist eine Verbindung der klassischen \u00dcbersetzungen von Rabbiner Heymann Arnheim und Rabbiner Sachs, die als \u00bbZunz \u00dcbersetzung\u00ab bekannt geworden ist, mit modernen \u00dcbersetzungsans\u00e4tzen und wurde von Chajm Guski bearbeitet.Zudem wurde in dieser Ausgabe immer wieder die \u00dcbersetzung von Rabbiner Samson Raphael Hirsch (1808-1888) betrachtet und nach ihr korrigiert. Die Torah-Ausgabe enth\u00e4lt: Gedruckte Ausgabe und E-Reader Google Books bietet eine umfassende Voransicht. Die Ausgabe f\u00fcr E-Reader enth\u00e4lt alle Texte und Kommentare der gedruckten Ausgabe. Wo ist das Buch erh\u00e4ltlich? Die Torah gibt es als 460 seitiges Buch oder als ebook: Buchhandel Buchhandel.deAuf der verlinkten Seite kann man das Buch in den Einkaufswagen legenund zur Abholung eine lokale Buchhandlung angeben. amazon.de Das Buch \u00fcber amazon.de bestellen. &nbsp; amazon.de &#8211; ebook Das ebook \u00fcber amazon.de bestellen. iTunes Das ebook \u00fcber iTunes beziehen\/herunterladen. epub-Format Das ebook im epub-Format beziehen\/herunterladen. google Play B\u00fccher Das ebook im google play Store beziehen\/herunterladen. Die Online-Ausgabe Die Online-Ausgabe enth\u00e4lt den vollst\u00e4ndigen Text der Torah, &hellip;<\/p>\n","protected":false},"author":1,"featured_media":737,"parent":0,"menu_order":0,"comment_status":"closed","ping_status":"closed","template":"","meta":{"_themeisle_gutenberg_block_has_review":false,"footnotes":""},"class_list":["post-1019","page","type-page","status-publish","has-post-thumbnail","hentry"],"jetpack_sharing_enabled":true,"_links":{"self":[{"href":"https:\/\/www.talmud.de\/tlmd\/wp-json\/wp\/v2\/pages\/1019","targetHints":{"allow":["GET"]}}],"collection":[{"href":"https:\/\/www.talmud.de\/tlmd\/wp-json\/wp\/v2\/pages"}],"about":[{"href":"https:\/\/www.talmud.de\/tlmd\/wp-json\/wp\/v2\/types\/page"}],"author":[{"embeddable":true,"href":"https:\/\/www.talmud.de\/tlmd\/wp-json\/wp\/v2\/users\/1"}],"replies":[{"embeddable":true,"href":"https:\/\/www.talmud.de\/tlmd\/wp-json\/wp\/v2\/comments?post=1019"}],"version-history":[{"count":2,"href":"https:\/\/www.talmud.de\/tlmd\/wp-json\/wp\/v2\/pages\/1019\/revisions"}],"predecessor-version":[{"id":9851,"href":"https:\/\/www.talmud.de\/tlmd\/wp-json\/wp\/v2\/pages\/1019\/revisions\/9851"}],"wp:featuredmedia":[{"embeddable":true,"href":"https:\/\/www.talmud.de\/tlmd\/wp-json\/wp\/v2\/media\/737"}],"wp:attachment":[{"href":"https:\/\/www.talmud.de\/tlmd\/wp-json\/wp\/v2\/media?parent=1019"}],"curies":[{"name":"wp","href":"https:\/\/api.w.org\/{rel}","templated":true}]}}