{"id":1382,"date":"2015-03-18T12:12:29","date_gmt":"2015-03-18T10:12:29","guid":{"rendered":"http:\/\/www.talmud.de\/tlmd\/?page_id=1382"},"modified":"2015-03-18T12:12:29","modified_gmt":"2015-03-18T10:12:29","slug":"haschem","status":"publish","type":"page","link":"https:\/\/www.talmud.de\/tlmd\/haschem\/","title":{"rendered":"HaSchem?"},"content":{"rendered":"<p>Dem Leser d\u00fcrfte vielleicht auffallen, dass der Name G-ttes auf talmud.de nicht interpretiert \u00fcbersetzt wird, also etwa mit \u00bbder Herr\u00ab oder \u00bbder Ewige\u00ab, sondern schlicht mit \u00bbHaSchem\u00ab \u00fcbertragen wird. Haschem bedeutet \u00bbder Name\u00ab und steht f\u00fcr das Tetragrammaton, den Namen G-ttes aus den vier Buchstaben.<br \/>\nIn immer mehr nichtdeutschen \u00dcbersetzungen der Torah und j\u00fcdischer Texte, setzt sich dies langsam durch und so verzichtet auch talmud.de auf das Mendelssohnsche \u00bbDer Ewige\u00ab und somit auf die Interpretation des Namens.<\/p>\n","protected":false},"excerpt":{"rendered":"<p>Dem Leser d\u00fcrfte vielleicht auffallen, dass der Name G-ttes auf talmud.de nicht interpretiert \u00fcbersetzt wird, also etwa mit \u00bbder Herr\u00ab oder \u00bbder Ewige\u00ab, sondern schlicht mit \u00bbHaSchem\u00ab \u00fcbertragen wird. Haschem bedeutet \u00bbder Name\u00ab und steht f\u00fcr das Tetragrammaton, den Namen G-ttes aus den vier Buchstaben. In immer mehr nichtdeutschen \u00dcbersetzungen der Torah und j\u00fcdischer Texte, setzt sich dies langsam durch und so verzichtet auch talmud.de auf das Mendelssohnsche \u00bbDer Ewige\u00ab und somit auf die Interpretation des Namens.<\/p>\n","protected":false},"author":1,"featured_media":0,"parent":0,"menu_order":0,"comment_status":"closed","ping_status":"closed","template":"","meta":{"_themeisle_gutenberg_block_has_review":false,"footnotes":""},"class_list":["post-1382","page","type-page","status-publish","hentry"],"jetpack_sharing_enabled":true,"_links":{"self":[{"href":"https:\/\/www.talmud.de\/tlmd\/wp-json\/wp\/v2\/pages\/1382","targetHints":{"allow":["GET"]}}],"collection":[{"href":"https:\/\/www.talmud.de\/tlmd\/wp-json\/wp\/v2\/pages"}],"about":[{"href":"https:\/\/www.talmud.de\/tlmd\/wp-json\/wp\/v2\/types\/page"}],"author":[{"embeddable":true,"href":"https:\/\/www.talmud.de\/tlmd\/wp-json\/wp\/v2\/users\/1"}],"replies":[{"embeddable":true,"href":"https:\/\/www.talmud.de\/tlmd\/wp-json\/wp\/v2\/comments?post=1382"}],"version-history":[{"count":1,"href":"https:\/\/www.talmud.de\/tlmd\/wp-json\/wp\/v2\/pages\/1382\/revisions"}],"predecessor-version":[{"id":1383,"href":"https:\/\/www.talmud.de\/tlmd\/wp-json\/wp\/v2\/pages\/1382\/revisions\/1383"}],"wp:attachment":[{"href":"https:\/\/www.talmud.de\/tlmd\/wp-json\/wp\/v2\/media?parent=1382"}],"curies":[{"name":"wp","href":"https:\/\/api.w.org\/{rel}","templated":true}]}}