{"id":1458,"date":"2015-04-13T14:19:26","date_gmt":"2015-04-13T12:19:26","guid":{"rendered":"http:\/\/www.talmud.de\/tlmd\/?page_id=1458"},"modified":"2019-05-24T08:44:54","modified_gmt":"2019-05-24T06:44:54","slug":"creative-commons","status":"publish","type":"page","link":"https:\/\/www.talmud.de\/tlmd\/creative-commons\/","title":{"rendered":"Weiterverwenden und mitmachen"},"content":{"rendered":"<h2>Weiterverwenden<\/h2>\n<p class=\"intro\">talmud.de unterst\u00fctzt die Idee von <em>Creative Commons<\/em> und grunds\u00e4tzlich sind alle Nutzerinnen und Nutzer eingeladen, sich an diesem Projekt zu beteiligen: J\u00fcdische Quellen in deutscher Sprache zu digitalisieren.<\/p>\n<p><\/p>\n<h3>(Weiter)nutzen<\/h3>\n<p>Artikel, Texte oder Bilder mit einer <strong>Creative Commons Lizenz<\/strong> (also einer Lizenz f\u00fcr kreatives Gemeinschaftsgut) erlauben es, dass daraus neue Werke entstehen oder Inhalte leichter von Gemeinden und Gruppen weiterverwendet werden k\u00f6nnen. Mit der <a rel=\"license\" href=\"http:\/\/creativecommons.org\/licenses\/by\/4.0\/\">Creative Commons Namensnennung 4.0 International Lizenz<\/a> k\u00f6nnen daraus sogar neue kommerzielle Werke entstehen.<br \/>\nDiese m\u00fcssen allerdings unter gleichen Bedingungen ver\u00f6ffentlicht werden. Details verr\u00e4t ein <a rel=\"license\" href=\"http:\/\/creativecommons.org\/licenses\/by\/4.0\/\">Klick auf den Link<\/a>. Noch mehr Informationen zu CC-Lizenzen gibt es in einer Brosch\u00fcre, die iRights.info mit Wikimedia Deutschland und Creative Commons Deutschland erstellt hat. Die <a href=\"http:\/\/irights.info\/userfiles\/CC-NC_Leitfaden_web.pdf\">Brosch\u00fcre kann man hier herunterladen.<\/a><br \/>\n<br \/>\nVielleicht entstehen so neue kleine Werke? Siddurim? Torahkommentare? Helfer?<\/p>\n<h3>Was bedeutet das konkret?<\/h3>\n<h4>Muss ich fragen, wenn ich die Creative Commons Inhalte weiterverwenden m\u00f6chte?<\/h4>\n<p>Nein. Daf\u00fcr ist die Creative Commons Lizenz gedacht. Mit der Lizenz die wir auf talmud.de verwenden, kann jeder die Inhalte nutzen. F\u00fcr ein Buch, einen Ausdruck, eine Website oder ein sonstiges Dokument. <strong>ABER<\/strong> der Text oder das Bild muss einen Hinweis auf den urspr\u00fcnglichen Autoren enthalten und es muss unter gleichen Bedingungen weitergegeben werden. Der Text oder das Bild kann dann auch von anderen weiterverwendet werden. Falls der Text in einem Buch erscheint, gilt diese Lizenz nat\u00fcrlich nur f\u00fcr den Text an sich. Das ist keine Erlaubnis, das gesamte Buch einfach zu kopieren.<\/p>\n<h4>Und wenn ich \u00c4nderungen vorgenommen habe?<\/h4>\n<p>Dann vermerkt man das und f\u00fcgt seinen Namen zu dem des urspr\u00fcnglichen Autoren hinzu. Das ist nat\u00fcrlich abh\u00e4ngig von der Lizenz.<\/p>\n<p>Eine <strong>\u00dcbersicht<\/strong> \u00fcber bisher erschienene <a href=\"http:\/\/www.talmud.de\/tlmd\/tag\/creative-commons\/\">Creative Commons Inhalte auf talmud.de findet man hier<\/a>.<\/p>\n<h3>Teilen<\/h3>\n<p>Wer j\u00fcdische Inhalte auf diese Weise <em><strong>teilen m\u00f6chte<\/strong><\/em>, ist dazu eingeladen, dies zu tun und die Inhalte zu \u00fcbermitteln. Bitte einfach einen Blick auf die Lizenz werfen. Quelltexte, die in Zusammenarbeit mit mehreren Leuten entstehen, sollen ohne jegliche Beschr\u00e4nkung weitergegeben werden.<\/p>\n<h2>Mitmachen!<\/h2>\n<h3>Mitarbeit und Textpflege<\/h3>\n<p>Es k\u00f6nnen auch Zug\u00e4nge f\u00fcr die direkte Textpflege zur Verf\u00fcgung gestellt werden. Derzeit arbeiten wir dazu mit <a href=\"https:\/\/transkribus.eu\/Transkribus\/\">Transkribus<\/a>. Das Programm kann man sich kostenlos (Windows und Mac) herunterladen. Transkribus erlaubt den Zugriff auf unsere Dokumente, die bereits von einer OCR-Software durchgearbeitet worden sind. Hier haben wir bereits eine umfangreiche Textsammlung an \u00bberkannten\u00ab Dokumenten.<br \/>\nM\u00f6glich ist auch der Einstieg in das reine Korrigieren von Dokumenten. Es ist also nicht notwendig, Texte abzuschreiben.<\/p>\n<p>Zur Textpflege findet man <a href=\"https:\/\/www.talmud.de\/tlmd\/creative-commons\/textpflege\/\">hier einige wichtige Hilfestellungen<\/a>.<\/p>\n<h3>Welche Projekte gibt es?<\/h3>\n<p>Nat\u00fcrlich besteht jederzeit die M\u00f6glichkeit, einen frei gew\u00e4hlten Quelltext zu erfassen und online zu stellen.<br \/>\nAber es gibt auch laufende <em>Projekte<\/em> auf talmud.de. Wie etwa:<\/p>\n<ul>\n<li>Die Digitalisierung der deutschen \u00dcbersetzung der <a href=\"https:\/\/www.talmud.de\/tlmd\/mischne-tora\/\">Mischne Tora(h)<\/a><\/li>\n<li>Die Digitalisierung des <a href=\"https:\/\/www.talmud.de\/tlmd\/tanach\/\">Tanach<\/a><\/li>\n<li>Die Digitalisierung der deutschen \u00dcbersetzung des Talmud<\/li>\n<\/ul>\n<h3>Ja, mitmachen!<\/h3>\n\n<div class=\"wpcf7 no-js\" id=\"wpcf7-f4481-o1\" lang=\"de-DE\" dir=\"ltr\" data-wpcf7-id=\"4481\">\n<div class=\"screen-reader-response\"><p role=\"status\" aria-live=\"polite\" aria-atomic=\"true\"><\/p> <ul><\/ul><\/div>\n<form action=\"\/tlmd\/wp-json\/wp\/v2\/pages\/1458#wpcf7-f4481-o1\" method=\"post\" class=\"wpcf7-form init\" aria-label=\"Kontaktformular\" novalidate=\"novalidate\" data-status=\"init\">\n<fieldset class=\"hidden-fields-container\"><input type=\"hidden\" name=\"_wpcf7\" value=\"4481\" \/><input type=\"hidden\" name=\"_wpcf7_version\" value=\"6.1.3\" \/><input type=\"hidden\" name=\"_wpcf7_locale\" value=\"de_DE\" \/><input type=\"hidden\" name=\"_wpcf7_unit_tag\" value=\"wpcf7-f4481-o1\" \/><input type=\"hidden\" name=\"_wpcf7_container_post\" value=\"0\" \/><input type=\"hidden\" name=\"_wpcf7_posted_data_hash\" value=\"\" \/>\n<\/fieldset>\n<p>Ihr\/Dein Name (Pflichtfeld)\n<\/p>\n<p><span class=\"wpcf7-form-control-wrap\" data-name=\"your-name\"><input size=\"40\" maxlength=\"400\" class=\"wpcf7-form-control wpcf7-text wpcf7-validates-as-required\" aria-required=\"true\" aria-invalid=\"false\" value=\"\" type=\"text\" name=\"your-name\" \/><\/span>\n<\/p>\n<p>Ihre\/Deine E-Mail-Adresse (Pflichtfeld)\n<\/p>\n<p><span class=\"wpcf7-form-control-wrap\" data-name=\"your-email\"><input size=\"40\" maxlength=\"400\" class=\"wpcf7-form-control wpcf7-email wpcf7-validates-as-required wpcf7-text wpcf7-validates-as-email\" aria-required=\"true\" aria-invalid=\"false\" value=\"\" type=\"email\" name=\"your-email\" \/><\/span>\n<\/p>\n<p><span class=\"wpcf7-form-control-wrap\" data-name=\"acceptance-314\"><span class=\"wpcf7-form-control wpcf7-acceptance\"><span class=\"wpcf7-list-item\"><label><input type=\"checkbox\" name=\"acceptance-314\" value=\"1\" aria-invalid=\"false\" \/><span class=\"wpcf7-list-item-label\">Bitte kontaktiert mich zur Mitarbeit.<\/span><\/label><\/span><\/span><\/span>\n<\/p>\n<p><input class=\"wpcf7-form-control wpcf7-submit has-spinner\" type=\"submit\" value=\"Senden\" \/>\n<\/p><p style=\"display: none !important;\" class=\"akismet-fields-container\" data-prefix=\"_wpcf7_ak_\"><label>&#916;<textarea name=\"_wpcf7_ak_hp_textarea\" cols=\"45\" rows=\"8\" maxlength=\"100\"><\/textarea><\/label><input type=\"hidden\" id=\"ak_js_1\" name=\"_wpcf7_ak_js\" value=\"220\"\/><script>document.getElementById( \"ak_js_1\" ).setAttribute( \"value\", ( new Date() ).getTime() );<\/script><\/p><div class=\"wpcf7-response-output\" aria-hidden=\"true\"><\/div>\n<\/form>\n<\/div>\n\n<p><small><em>Mit der Nutzung dieses Formulars erkl\u00e4rst du dich mit der Speicherung und Verarbeitung deiner Daten (Mailadresse, Name) durch diese Website einverstanden. Die Speicherung kann nat\u00fcrlich jederzeit widerrufen werden.<\/em><\/small><\/p>\n","protected":false},"excerpt":{"rendered":"<p>Weiterverwenden talmud.de unterst\u00fctzt die Idee von Creative Commons und grunds\u00e4tzlich sind alle Nutzerinnen und Nutzer eingeladen, sich an diesem Projekt zu beteiligen: J\u00fcdische Quellen in deutscher Sprache zu digitalisieren. (Weiter)nutzen Artikel, Texte oder Bilder mit einer Creative Commons Lizenz (also einer Lizenz f\u00fcr kreatives Gemeinschaftsgut) erlauben es, dass daraus neue Werke entstehen oder Inhalte leichter von Gemeinden und Gruppen weiterverwendet werden k\u00f6nnen. Mit der Creative Commons Namensnennung 4.0 International Lizenz k\u00f6nnen daraus sogar neue kommerzielle Werke entstehen. Diese m\u00fcssen allerdings unter gleichen Bedingungen ver\u00f6ffentlicht werden. Details verr\u00e4t ein Klick auf den Link. Noch mehr Informationen zu CC-Lizenzen gibt es in einer Brosch\u00fcre, die iRights.info mit Wikimedia Deutschland und Creative Commons Deutschland erstellt hat. Die Brosch\u00fcre kann man hier herunterladen. Vielleicht entstehen so neue kleine Werke? Siddurim? Torahkommentare? Helfer? Was bedeutet das konkret? Muss ich fragen, wenn ich die Creative Commons Inhalte weiterverwenden m\u00f6chte? Nein. Daf\u00fcr ist die Creative Commons Lizenz gedacht. Mit der Lizenz die wir auf talmud.de verwenden, kann jeder die Inhalte nutzen. F\u00fcr ein Buch, einen Ausdruck, eine Website oder ein sonstiges Dokument. &hellip;<\/p>\n","protected":false},"author":16,"featured_media":1708,"parent":0,"menu_order":0,"comment_status":"closed","ping_status":"closed","template":"","meta":{"_themeisle_gutenberg_block_has_review":false,"footnotes":""},"class_list":["post-1458","page","type-page","status-publish","has-post-thumbnail","hentry"],"jetpack_sharing_enabled":true,"_links":{"self":[{"href":"https:\/\/www.talmud.de\/tlmd\/wp-json\/wp\/v2\/pages\/1458","targetHints":{"allow":["GET"]}}],"collection":[{"href":"https:\/\/www.talmud.de\/tlmd\/wp-json\/wp\/v2\/pages"}],"about":[{"href":"https:\/\/www.talmud.de\/tlmd\/wp-json\/wp\/v2\/types\/page"}],"author":[{"embeddable":true,"href":"https:\/\/www.talmud.de\/tlmd\/wp-json\/wp\/v2\/users\/16"}],"replies":[{"embeddable":true,"href":"https:\/\/www.talmud.de\/tlmd\/wp-json\/wp\/v2\/comments?post=1458"}],"version-history":[{"count":2,"href":"https:\/\/www.talmud.de\/tlmd\/wp-json\/wp\/v2\/pages\/1458\/revisions"}],"predecessor-version":[{"id":4509,"href":"https:\/\/www.talmud.de\/tlmd\/wp-json\/wp\/v2\/pages\/1458\/revisions\/4509"}],"wp:featuredmedia":[{"embeddable":true,"href":"https:\/\/www.talmud.de\/tlmd\/wp-json\/wp\/v2\/media\/1708"}],"wp:attachment":[{"href":"https:\/\/www.talmud.de\/tlmd\/wp-json\/wp\/v2\/media?parent=1458"}],"curies":[{"name":"wp","href":"https:\/\/api.w.org\/{rel}","templated":true}]}}