{"id":1670,"date":"2015-06-01T11:22:44","date_gmt":"2015-06-01T09:22:44","guid":{"rendered":"http:\/\/www.talmud.de\/tlmd\/?page_id=1670"},"modified":"2022-05-04T10:40:18","modified_gmt":"2022-05-04T08:40:18","slug":"juedische-gemeinden-in-deutschland-jewish-communities","status":"publish","type":"page","link":"https:\/\/www.talmud.de\/tlmd\/juedische-gemeinden-in-deutschland-jewish-communities\/","title":{"rendered":"J\u00fcdische Gemeinden in Deutschland &#8211; Jewish Communities"},"content":{"rendered":"\n<p><em>Eine Liste der Gemeinden und Einrichtungen<\/em><\/p>\n\n\n\n<ul class=\"wp-block-list\"><li>Eine Liste j\u00fcdischer Gemeinden und Einrichtungen findet man auf den Seiten des Zentralrates der Juden in Deutschland. <a href=\"https:\/\/www.zentralratderjuden.de\/vor-ort\/gemeinden\/\" target=\"_blank\" rel=\"noopener\">Bitte hier klicken<\/a>.<\/li><li>Eine Liste von allen Einrichtungen von Chabad und den Chabad-Rabbinern in Deutschland findet <a href=\"http:\/\/chabad.de\/?lang=de\" target=\"_blank\" rel=\"noopener\">man hier. Bitte hier klicken.<\/a><\/li><\/ul>\n\n\n\n<ul class=\"wp-block-list\"><li>You will find a list of Jewish Communities and facilities in the directory of the Central Council of Jews in Germany. <a href=\"https:\/\/www.zentralratderjuden.de\/vor-ort\/gemeinden\/\" target=\"_blank\" rel=\"noopener\">Please click here<\/a>.<\/li><li>You will find a list of Chabad centers and rabbis in the directory of <a href=\"http:\/\/chabad.de\/?lang=en\" target=\"_blank\" rel=\"noopener\">Chabad Germany. Please click here.<\/a><\/li><\/ul>\n\n\n\n<p>J\u00fcdische Gemeinden gibt es in diesen St\u00e4dten \/ <em>There are Jewish communities in the cities on the following list<\/em>:<\/p>\n\n\n\n<ul class=\"wp-block-list\"><li>Aachen<\/li><li>Ahrensburg-Stormarn<\/li><li>Amberg<\/li><li>Augsburg<\/li><li>Bad Kreuznach<\/li><li>Bad Nauheim<\/li><li>Bad Nenndorf<\/li><li>Bad Pyrmont<\/li><li>Bad Segeberg<\/li><li>Baden-Baden<\/li><li>Bamberg<\/li><li>Bayreuth<\/li><li>Berlin<\/li><li>Bernau<\/li><li>Bielefeld<\/li><li>Bochum<\/li><li>Bonn<\/li><li>Braunschweig<\/li><li>Bremen<\/li><li>Celle<\/li><li>Chemnitz<\/li><li>Cottbus<\/li><li>Darmstadt<\/li><li>Delmenhorst<\/li><li>Dessau<\/li><li>Dortmund<\/li><li>Dresden<\/li><li>Duisburg<\/li><li>D\u00fcsseldorf<\/li><li>Elmshorn<\/li><li>Emmendingen<\/li><li>Erfurt<\/li><li>Erlangen<\/li><li>Essen<\/li><li>Flensburg<\/li><li>Frankfurt am Main<\/li><li>Frankfurt an der Oder<\/li><li>Freiburg<\/li><li>Fulda<\/li><li>F\u00fcrth<\/li><li>Gelsenkirchen<\/li><li>Giessen<\/li><li>G\u00f6ttingen<\/li><li>G\u00f6ttingen<\/li><li>Hagen<\/li><li>Halle\/Saale<\/li><li>Hamburg<\/li><li>Hameln<\/li><li>Hameln<\/li><li>Hanau<\/li><li>Hannover<\/li><li>Hannover<\/li><li>Hannover<\/li><li>Heidelberg<\/li><li>Herford<\/li><li>Hildesheim<\/li><li>Hildesheim<\/li><li>Hof<\/li><li>Karlsruhe<\/li><li>Kassel<\/li><li>Kiel<\/li><li>Kiel<\/li><li>Koblenz<\/li><li>K\u00f6ln<\/li><li>K\u00f6nigs Wusterhausen<\/li><li>Konstanz<\/li><li>Krefeld<\/li><li>Leipzig<\/li><li>Limburg<\/li><li>L\u00f6rrach<\/li><li>L\u00fcbeck<\/li><li>Magdeburg<\/li><li>Mainz<\/li><li>Mannheim<\/li><li>Marburg\/Lahn<\/li><li>Minden<\/li><li>M\u00f6nchengladbach<\/li><li>M\u00fcnchen<\/li><li>M\u00fcnster<\/li><li>N\u00fcrnberg<\/li><li>Offenbach<\/li><li>Oldenburg<\/li><li>Oranienburg<\/li><li>Osnabr\u00fcck<\/li><li>Paderborn<\/li><li>Pforzheim<\/li><li>Pinneberg<\/li><li>Potsdam<\/li><li>Recklinghausen<\/li><li>Regensburg<\/li><li>Rostock<\/li><li>Rottweil<\/li><li>Saarbr\u00fccken<\/li><li>Schwerin<\/li><li>Speyer<\/li><li>Straubing<\/li><li>Stuttgart<\/li><li>Trier<\/li><li>Weiden<\/li><li>Wiesbaden<\/li><li>Wolfsburg<\/li><li>Wolfsburg<\/li><li>Wuppertal<\/li><li>W\u00fcrzburg<\/li><\/ul>\n","protected":false},"excerpt":{"rendered":"<p>Eine Liste der Gemeinden und Einrichtungen Eine Liste j\u00fcdischer Gemeinden und Einrichtungen findet man auf den Seiten des Zentralrates der Juden in Deutschland. Bitte hier klicken. Eine Liste von allen Einrichtungen von Chabad und den Chabad-Rabbinern in Deutschland findet man hier. Bitte hier klicken. You will find a list of Jewish Communities and facilities in the directory of the Central Council of Jews in Germany. Please click here. You will find a list of Chabad centers and rabbis in the directory of Chabad Germany. Please click here. J\u00fcdische Gemeinden gibt es in diesen St\u00e4dten \/ There are Jewish communities in the cities on the following list: Aachen Ahrensburg-Stormarn Amberg Augsburg Bad Kreuznach Bad Nauheim Bad Nenndorf Bad Pyrmont Bad Segeberg Baden-Baden Bamberg Bayreuth Berlin Bernau Bielefeld Bochum Bonn Braunschweig Bremen Celle Chemnitz Cottbus Darmstadt Delmenhorst Dessau Dortmund Dresden Duisburg D\u00fcsseldorf Elmshorn Emmendingen Erfurt Erlangen Essen Flensburg Frankfurt am Main Frankfurt an der Oder Freiburg Fulda F\u00fcrth Gelsenkirchen Giessen G\u00f6ttingen G\u00f6ttingen Hagen Halle\/Saale Hamburg Hameln Hameln Hanau Hannover Hannover Hannover Heidelberg Herford Hildesheim Hildesheim Hof Karlsruhe &hellip;<\/p>\n","protected":false},"author":1,"featured_media":0,"parent":0,"menu_order":0,"comment_status":"closed","ping_status":"closed","template":"","meta":{"_themeisle_gutenberg_block_has_review":false,"footnotes":""},"class_list":["post-1670","page","type-page","status-publish","hentry"],"jetpack_sharing_enabled":true,"_links":{"self":[{"href":"https:\/\/www.talmud.de\/tlmd\/wp-json\/wp\/v2\/pages\/1670","targetHints":{"allow":["GET"]}}],"collection":[{"href":"https:\/\/www.talmud.de\/tlmd\/wp-json\/wp\/v2\/pages"}],"about":[{"href":"https:\/\/www.talmud.de\/tlmd\/wp-json\/wp\/v2\/types\/page"}],"author":[{"embeddable":true,"href":"https:\/\/www.talmud.de\/tlmd\/wp-json\/wp\/v2\/users\/1"}],"replies":[{"embeddable":true,"href":"https:\/\/www.talmud.de\/tlmd\/wp-json\/wp\/v2\/comments?post=1670"}],"version-history":[{"count":2,"href":"https:\/\/www.talmud.de\/tlmd\/wp-json\/wp\/v2\/pages\/1670\/revisions"}],"predecessor-version":[{"id":8820,"href":"https:\/\/www.talmud.de\/tlmd\/wp-json\/wp\/v2\/pages\/1670\/revisions\/8820"}],"wp:attachment":[{"href":"https:\/\/www.talmud.de\/tlmd\/wp-json\/wp\/v2\/media?parent=1670"}],"curies":[{"name":"wp","href":"https:\/\/api.w.org\/{rel}","templated":true}]}}