{"id":1943,"date":"2017-11-06T09:02:59","date_gmt":"2017-11-06T07:02:59","guid":{"rendered":"http:\/\/www.talmud.de\/tlmd\/?page_id=1943"},"modified":"2017-11-06T09:02:59","modified_gmt":"2017-11-06T07:02:59","slug":"minchah-schiur","status":"publish","type":"page","link":"https:\/\/www.talmud.de\/tlmd\/minchah-schiur\/","title":{"rendered":"Minchah-Schiur"},"content":{"rendered":"<p><img data-recalc-dims=\"1\" loading=\"lazy\" decoding=\"async\" src=\"https:\/\/i0.wp.com\/www.talmud.de\/tlmd\/wp-content\/uploads\/2016\/02\/minchah_schiur_logo_gr1.png?resize=296%2C78\" alt=\"Logo Minchah Schiur\" width=\"296\" height=\"78\" class=\"alignright size-full wp-image-2032\" \/><\/p>\n<h2>Die &raquo;Minchah-Gruppe&laquo; <\/h2>\n<p>Es ist es \u00bbTradition\u00ab den Nachmittag des Schabbat zum \u00bbLernen\u00ab zu nutzen. Um dies zu tun und hier im Ruhrgebiet wieder fundierte Kenntnisse \u00fcber das Judentum zu vermitteln, \u00bblernen\u00ab wir regelm\u00e4\u00dfig zusammen Talmud (und nat\u00fcrlich auch ganz grundlegend etwas \u00fcber das Judentum). Der Wissensstand der Teilnehmer ist vollkommen unerheblich und auch von Beginn an vollkommen unterschiedlich.<\/p>\n<p>Es gibt also regelm\u00e4\u00dfige Treffen, vorwiegend am Schabbatnachmittag, gemeinsames <em>Minchah<\/em> (am Schabbat mit Torahlesung) &#8211; traditionell-, denn das ganze ist str\u00f6mungs\u00fcbergreifend konzipiert. Dann Tee und Miniimbiss und im Anschlu\u00df daran, wird ein Thema \u00bbbearbeitet\u00ab. Die genaue Adresse erfahrt Ihr pers\u00f6nlich.<br \/>\n        Innteressenten melden sich bitte bei einer der Kontaktm\u00f6glichkeiten.<\/p>\n<h2>Der n\u00e4chste Termin<\/h2>\n<p>[vsel event_cat=&#8220;schiur&#8220;]<\/p>\n<h2>Material online<\/h2>\n<p>Zu Beginn haben wir uns mit den hermeneutischen Regeln der Torahauslegung besch\u00e4ftigt, dann mit den Pirkej Awot und den Regeln zur Umkehr von Maimonides. Jetzt folgt ein tiefer Blick in die Torah.<\/p>\n<h2>Unterst\u00fctzung<\/h2>\n<p><img data-recalc-dims=\"1\" loading=\"lazy\" decoding=\"async\" src=\"https:\/\/i0.wp.com\/www.talmud.de\/tlmd\/wp-content\/uploads\/2016\/02\/seif_edition1.gif?resize=75%2C117\" alt=\"seif_edition[1]\" width=\"75\" height=\"117\" class=\"alignleft size-full wp-image-2037\" \/>Unterst\u00fctzen kann man uns nat\u00fcrlich durch pers\u00f6nliche Pr\u00e4senz, oder auch durch Sachspenden wie beispielsweise Siddurim (Nussach Aschkenaz).<br \/>\nEine <em>Siddurspende<\/em> hat der Gruppe zehn Siddurim der Seif Edition von ArtScroll zur Verf\u00fcgung gestellt. Diese Siddurim enthalten (nat\u00fcrlich) den hebr\u00e4ischen Text, eine englische \u00dcbersetzung mit Kommentar und eine Transliteration des hebr\u00e4ischen Textes. Mit diesen Siddurim kommen <em>ge\u00fcbte<\/em> und <em>unge\u00fcbte<\/em> Beter gleicherma\u00dfen zurecht.<\/p>\n<p align=\"left\">&nbsp;<\/p>\n<h2>Kontakt<\/h2>\n<p>\u00dcber phone +49 171 2634 480 oder <a href=\"mailto:minchah@moreschet.de\">minchah@moreschet.de<\/a><\/p>\n<form style=\"border:1px solid #ccc;padding:3px;text-align:center;\" action=\"https:\/\/tinyletter.com\/schiur\" method=\"post\" target=\"popupwindow\" onsubmit=\"window.open('https:\/\/tinyletter.com\/schiur', 'popupwindow', 'scrollbars=yes,width=800,height=600');return true\">\n<p>\n          <label for=\"tlemail\">Bitte hier die Mailadresse eintragen, um den Newsletter zu erhalten:<\/label>\n        <\/p>\n<p><input type=\"text\" style=\"width:140px\" name=\"email\" id=\"tlemail\" \/><\/p>\n<p><input type=\"hidden\" value=\"1\" name=\"embed\"\/><input type=\"submit\" value=\"Absenden\" \/><\/p>\n<p><a href=\"https:\/\/tinyletter.com\" target=\"_blank\">powered by TinyLetter<\/a><\/p>\n<\/form>\n<p><\/p>\n<blockquote class=\"instagram-media\" data-instgrm-captioned data-instgrm-version=\"6\" style=\" background:#FFF; border:0; border-radius:3px; box-shadow:0 0 1px 0 rgba(0,0,0,0.5),0 1px 10px 0 rgba(0,0,0,0.15); margin: 1px; max-width:658px; padding:0; width:99.375%; width:-webkit-calc(100% - 2px); width:calc(100% - 2px);\">\n<div style=\"padding:8px;\">\n<div style=\" background:#F8F8F8; line-height:0; margin-top:40px; padding:50% 0; text-align:center; width:100%;\">\n<div style=\" background:url(data:image\/png;base64,iVBORw0KGgoAAAANSUhEUgAAACwAAAAsCAMAAAApWqozAAAAGFBMVEUiIiI9PT0eHh4gIB4hIBkcHBwcHBwcHBydr+JQAAAACHRSTlMABA4YHyQsM5jtaMwAAADfSURBVDjL7ZVBEgMhCAQBAf\/\/42xcNbpAqakcM0ftUmFAAIBE81IqBJdS3lS6zs3bIpB9WED3YYXFPmHRfT8sgyrCP1x8uEUxLMzNWElFOYCV6mHWWwMzdPEKHlhLw7NWJqkHc4uIZphavDzA2JPzUDsBZziNae2S6owH8xPmX8G7zzgKEOPUoYHvGz1TBCxMkd3kwNVbU0gKHkx+iZILf77IofhrY1nYFnB\/lQPb79drWOyJVa\/DAvg9B\/rLB4cC+Nqgdz\/TvBbBnr6GBReqn\/nRmDgaQEej7WhonozjF+Y2I\/fZou\/qAAAAAElFTkSuQmCC); display:block; height:44px; margin:0 auto -44px; position:relative; top:-22px; width:44px;\"><\/div>\n<\/div>\n<p style=\" margin:8px 0 0 0; padding:0 4px;\"> <a href=\"https:\/\/www.instagram.com\/p\/W971SmnD6c\/\" style=\" color:#000; font-family:Arial,sans-serif; font-size:14px; font-style:normal; font-weight:normal; line-height:17px; text-decoration:none; word-wrap:break-word;\" target=\"_blank\">Minchah Shiur today: Pirkei Avot, the commentary of Rabbi Hirsch and a lively discussion\u2026<\/a><\/p>\n<p style=\" color:#c9c8cd; font-family:Arial,sans-serif; font-size:14px; line-height:17px; margin-bottom:0; margin-top:8px; overflow:hidden; padding:8px 0 7px; text-align:center; text-overflow:ellipsis; white-space:nowrap;\">Ein von Chajm Guski (@chajmke) gepostetes Foto am <time style=\" font-family:Arial,sans-serif; font-size:14px; line-height:17px;\" datetime=\"2013-03-17T17:54:11+00:00\">17. M\u00e4r 2013 um 10:54 Uhr<\/time><\/p>\n<\/div>\n<\/blockquote>\n<p><script async defer src=\"\/\/platform.instagram.com\/en_US\/embeds.js\"><\/script><\/p>\n<h2>English summary<\/h2>\n<p>The \u201cMinchah-Shiur\u201d is a group of jewish individuals and families who feel a certain lack of jewish education and information in this area (Ruhr) of Germany. This is why the \u201cMinchah-Shiur\u201d meets for shiurim and tfillot (orthodox) in an open atmosphere. It started with a \u2018traditional Shabbat afternoon learning\u2019 and will advance with exploring the depths of Jewish heritage by organizing tfillot, meetings, shiurim and the improvement of a Jewish infrastructure.<\/p>\n<p><strong>Contact?<\/strong> <a href=\"https:\/\/www.talmud.de\/tlmd\/kontakt\/\">Contact Chajm<\/a><\/p>\n","protected":false},"excerpt":{"rendered":"<p>Die &raquo;Minchah-Gruppe&laquo; Es ist es \u00bbTradition\u00ab den Nachmittag des Schabbat zum \u00bbLernen\u00ab zu nutzen. Um dies zu tun und hier im Ruhrgebiet wieder fundierte Kenntnisse \u00fcber das Judentum zu vermitteln, \u00bblernen\u00ab wir regelm\u00e4\u00dfig zusammen Talmud (und nat\u00fcrlich auch ganz grundlegend etwas \u00fcber das Judentum). Der Wissensstand der Teilnehmer ist vollkommen unerheblich und auch von Beginn an vollkommen unterschiedlich. Es gibt also regelm\u00e4\u00dfige Treffen, vorwiegend am Schabbatnachmittag, gemeinsames Minchah (am Schabbat mit Torahlesung) &#8211; traditionell-, denn das ganze ist str\u00f6mungs\u00fcbergreifend konzipiert. Dann Tee und Miniimbiss und im Anschlu\u00df daran, wird ein Thema \u00bbbearbeitet\u00ab. Die genaue Adresse erfahrt Ihr pers\u00f6nlich. Innteressenten melden sich bitte bei einer der Kontaktm\u00f6glichkeiten. Der n\u00e4chste Termin [vsel event_cat=&#8220;schiur&#8220;] Material online Zu Beginn haben wir uns mit den hermeneutischen Regeln der Torahauslegung besch\u00e4ftigt, dann mit den Pirkej Awot und den Regeln zur Umkehr von Maimonides. Jetzt folgt ein tiefer Blick in die Torah. Unterst\u00fctzung Unterst\u00fctzen kann man uns nat\u00fcrlich durch pers\u00f6nliche Pr\u00e4senz, oder auch durch Sachspenden wie beispielsweise Siddurim (Nussach Aschkenaz). Eine Siddurspende hat der Gruppe zehn Siddurim der Seif Edition von ArtScroll &hellip;<\/p>\n","protected":false},"author":1,"featured_media":0,"parent":0,"menu_order":0,"comment_status":"closed","ping_status":"closed","template":"","meta":{"_themeisle_gutenberg_block_has_review":false,"footnotes":""},"class_list":["post-1943","page","type-page","status-publish","hentry"],"jetpack_sharing_enabled":true,"_links":{"self":[{"href":"https:\/\/www.talmud.de\/tlmd\/wp-json\/wp\/v2\/pages\/1943","targetHints":{"allow":["GET"]}}],"collection":[{"href":"https:\/\/www.talmud.de\/tlmd\/wp-json\/wp\/v2\/pages"}],"about":[{"href":"https:\/\/www.talmud.de\/tlmd\/wp-json\/wp\/v2\/types\/page"}],"author":[{"embeddable":true,"href":"https:\/\/www.talmud.de\/tlmd\/wp-json\/wp\/v2\/users\/1"}],"replies":[{"embeddable":true,"href":"https:\/\/www.talmud.de\/tlmd\/wp-json\/wp\/v2\/comments?post=1943"}],"version-history":[{"count":2,"href":"https:\/\/www.talmud.de\/tlmd\/wp-json\/wp\/v2\/pages\/1943\/revisions"}],"predecessor-version":[{"id":2586,"href":"https:\/\/www.talmud.de\/tlmd\/wp-json\/wp\/v2\/pages\/1943\/revisions\/2586"}],"wp:attachment":[{"href":"https:\/\/www.talmud.de\/tlmd\/wp-json\/wp\/v2\/media?parent=1943"}],"curies":[{"name":"wp","href":"https:\/\/api.w.org\/{rel}","templated":true}]}}