{"id":201,"date":"2013-11-22T12:04:18","date_gmt":"2013-11-22T10:04:18","guid":{"rendered":"http:\/\/www.talmud.de\/tlmd\/?page_id=201"},"modified":"2021-02-07T23:48:04","modified_gmt":"2021-02-07T21:48:04","slug":"kontakt","status":"publish","type":"page","link":"https:\/\/www.talmud.de\/tlmd\/kontakt\/","title":{"rendered":"Kontakt"},"content":{"rendered":"\n<p><strong><em>Kontaktaufnahme mit den Autoren.<\/em><\/strong><\/p>\n\n\n\n<p>F\u00fcr eine <em>allgemeine<\/em> Kontaktaufnahme, <a href=\"https:\/\/www.talmud.de\/tlmd\/kontakt\/kontakt-allgemein\/\">bitte hier klicken<\/a>.<\/p>\n\n\n\n<p>Hier geht es zu den einzelnen Ansprechpartnern:<\/p>\n\n\n\n<ul class=\"wp-block-list\"><li><a href=\"https:\/\/www.talmud.de\/tlmd\/kontakt\/kontakt-chajm-guski\/\">Chajm Guski<\/a><\/li><li><a href=\"https:\/\/www.talmud.de\/tlmd\/kontakt\/kontakt-jonathan-gruenfeld\/\">Jonathan Gr\u00fcnfeld<\/a><\/li><li><a href=\"https:\/\/www.talmud.de\/tlmd\/kontakt\/kontakt-igor-itkin\/\">Igor Itkin<\/a><\/li><li><a href=\"https:\/\/www.talmud.de\/tlmd\/kontakt\/kontakt-sven-pernak\/\">Sven Pernak<\/a><\/li><li><a href=\"https:\/\/www.talmud.de\/tlmd\/kontakt\/kontakt-dr-michael-rosenkranz\/\">Dr. Michael Rosenkranz<\/a><\/li><\/ul>\n\n\n\n<h3 class=\"wp-block-heading\">Das j\u00fcdische Datum auf der Hauptseite<\/h3>\n\n\n\n<p>Das Plugin f\u00fcr WordPress stammt von Achim Chajim Hecht. <a href=\"https:\/\/okweb.de\/wp-jewifyit\" target=\"_blank\" rel=\"noreferrer noopener\">Es ist hier verf\u00fcgbar<\/a>.<\/p>\n","protected":false},"excerpt":{"rendered":"<p>Kontaktaufnahme mit den Autoren. F\u00fcr eine allgemeine Kontaktaufnahme, bitte hier klicken. Hier geht es zu den einzelnen Ansprechpartnern: Chajm Guski Jonathan Gr\u00fcnfeld Igor Itkin Sven Pernak Dr. Michael Rosenkranz Das j\u00fcdische Datum auf der Hauptseite Das Plugin f\u00fcr WordPress stammt von Achim Chajim Hecht. Es ist hier verf\u00fcgbar.<\/p>\n","protected":false},"author":1,"featured_media":0,"parent":0,"menu_order":0,"comment_status":"closed","ping_status":"closed","template":"","meta":{"_themeisle_gutenberg_block_has_review":false,"footnotes":""},"class_list":["post-201","page","type-page","status-publish","hentry"],"jetpack_sharing_enabled":true,"_links":{"self":[{"href":"https:\/\/www.talmud.de\/tlmd\/wp-json\/wp\/v2\/pages\/201","targetHints":{"allow":["GET"]}}],"collection":[{"href":"https:\/\/www.talmud.de\/tlmd\/wp-json\/wp\/v2\/pages"}],"about":[{"href":"https:\/\/www.talmud.de\/tlmd\/wp-json\/wp\/v2\/types\/page"}],"author":[{"embeddable":true,"href":"https:\/\/www.talmud.de\/tlmd\/wp-json\/wp\/v2\/users\/1"}],"replies":[{"embeddable":true,"href":"https:\/\/www.talmud.de\/tlmd\/wp-json\/wp\/v2\/comments?post=201"}],"version-history":[{"count":1,"href":"https:\/\/www.talmud.de\/tlmd\/wp-json\/wp\/v2\/pages\/201\/revisions"}],"predecessor-version":[{"id":6926,"href":"https:\/\/www.talmud.de\/tlmd\/wp-json\/wp\/v2\/pages\/201\/revisions\/6926"}],"wp:attachment":[{"href":"https:\/\/www.talmud.de\/tlmd\/wp-json\/wp\/v2\/media?parent=201"}],"curies":[{"name":"wp","href":"https:\/\/api.w.org\/{rel}","templated":true}]}}