{"id":2420,"date":"2017-08-29T08:44:12","date_gmt":"2017-08-29T06:44:12","guid":{"rendered":"https:\/\/www.talmud.de\/tlmd\/?page_id=2420"},"modified":"2025-07-03T13:27:05","modified_gmt":"2025-07-03T11:27:05","slug":"der-talmud","status":"publish","type":"page","link":"https:\/\/www.talmud.de\/tlmd\/der-talmud\/","title":{"rendered":"Der Talmud"},"content":{"rendered":"<div class=\"wp-block-image size-full wp-image-130\">\n<figure class=\"aligncenter\"><img data-recalc-dims=\"1\" loading=\"lazy\" decoding=\"async\" width=\"572\" height=\"808\" src=\"https:\/\/i0.wp.com\/www.talmud.de\/tlmd\/wp-content\/uploads\/2013\/11\/Talmud_talmudde.jpg?resize=572%2C808&#038;ssl=1\" alt=\"Ein Blatt Talmud\" class=\"wp-image-130\" srcset=\"https:\/\/i0.wp.com\/www.talmud.de\/tlmd\/wp-content\/uploads\/2013\/11\/Talmud_talmudde.jpg?w=572&amp;ssl=1 572w, https:\/\/i0.wp.com\/www.talmud.de\/tlmd\/wp-content\/uploads\/2013\/11\/Talmud_talmudde.jpg?resize=212%2C300&amp;ssl=1 212w\" sizes=\"auto, (max-width: 572px) 100vw, 572px\" \/><figcaption class=\"wp-element-caption\">Ein Blatt Talmud<\/figcaption><\/figure><\/div>\n\n\n<p>Der Talmud ist das zentrale Werk der rabbinischen Gelehrsamkeit \u2013 eine Sammlung von Diskussionen \u00fcber Gesetz, Ethik und Bibelauslegung. Entstanden zwischen dem 3. und 8. Jahrhundert, kommentiert er die <em>Mischna <\/em>und verwebt rechtliche Diskussionen mit erz\u00e4hlerischen Passagen. Es gibt zwei Fassungen: den weit verbreiteten Babylonischen Talmud (<em>Talmud Bawli<\/em>) und den Jerusalemer Talmud (<em>Talmud Jeruschalmi<\/em>).<\/p>\n\n\n\n<div class=\"wp-block-columns is-layout-flex wp-container-core-columns-is-layout-1 wp-block-columns-is-layout-flex\">\n<div class=\"wp-block-column is-layout-flow wp-block-column-is-layout-flow\">\n<p><strong><a href=\"https:\/\/www.talmud.de\/tlmd\/der-talmud-in-deutscher-uebersetzung\/\"><img data-recalc-dims=\"1\" loading=\"lazy\" decoding=\"async\" width=\"25\" height=\"15\" class=\"wp-image-3543\" style=\"width: 25px;\" src=\"https:\/\/i0.wp.com\/www.talmud.de\/tlmd\/wp-content\/uploads\/2018\/09\/hand_talmudde_klein.png?resize=25%2C15&#038;ssl=1\" alt=\"\"> \u00dcbersetzung des Talmuds<\/a><\/strong><br>Die Traktate des Talmud in deutscher \u00dcbersetzung<br><\/p>\n\n\n\n<p><a href=\"https:\/\/www.talmud.de\/tlmd\/category\/schriften\/talmud\/talmud_aggadah\/\"><img data-recalc-dims=\"1\" loading=\"lazy\" decoding=\"async\" width=\"25\" height=\"15\" class=\"wp-image-3543\" style=\"width: 25px;\" src=\"https:\/\/i0.wp.com\/www.talmud.de\/tlmd\/wp-content\/uploads\/2018\/09\/hand_talmudde_klein.png?resize=25%2C15&#038;ssl=1\" alt=\"\"> <strong>Erz\u00e4hlungen (<em>aggadisches<\/em>)<\/strong><\/a><br>Erz\u00e4hlungen (aggadisches) aus dem Talmud in einer Zusammenstellung. Angelehnt an die Sammlung <em>Ejn Jaakow<\/em>.<\/p>\n\n\n\n<p><a href=\"https:\/\/www.talmud.de\/tlmd\/einleitung-in-den-talmud\/\"><img data-recalc-dims=\"1\" loading=\"lazy\" decoding=\"async\" width=\"25\" height=\"15\" class=\"wp-image-3543\" style=\"width: 25px;\" src=\"https:\/\/i0.wp.com\/www.talmud.de\/tlmd\/wp-content\/uploads\/2018\/09\/hand_talmudde_klein.png?resize=25%2C15&#038;ssl=1\" alt=\"\"> <strong>Einf\u00fchrung von Rabbiner Schmuel haNaggid<\/strong><\/a><br>\u00dcbersetzung einer klassischen Einleitung (<em>Mewo haTalmud<\/em>) in den Talmud von Rabbiner Schmuel haNaggid<\/p>\n\n\n\n<p><strong><a href=\"https:\/\/www.talmud.de\/tlmd\/die-talmudische-hermeneutik\/\"><img data-recalc-dims=\"1\" loading=\"lazy\" decoding=\"async\" width=\"25\" height=\"15\" class=\"wp-image-3543\" style=\"width: 25px;\" src=\"https:\/\/i0.wp.com\/www.talmud.de\/tlmd\/wp-content\/uploads\/2018\/09\/hand_talmudde_klein.png?resize=25%2C15&#038;ssl=1\" alt=\"\"> Die talmudische Hermeneutik<\/a><\/strong><br>Eine Einf\u00fchrung in die Prinzipien der talmudischen Hermeneutik von Rabbiner Prof. Eduard Jechezkel Baneth.<\/p>\n<\/div>\n\n\n\n<div class=\"wp-block-column is-layout-flow wp-block-column-is-layout-flow\">\n<p><strong><a href=\"https:\/\/www.talmud.de\/tlmd\/was-ist-der-talmud\/\"><img data-recalc-dims=\"1\" loading=\"lazy\" decoding=\"async\" width=\"25\" height=\"15\" class=\"wp-image-3543\" style=\"width: 25px;\" src=\"https:\/\/i0.wp.com\/www.talmud.de\/tlmd\/wp-content\/uploads\/2018\/09\/hand_talmudde_klein.png?resize=25%2C15&#038;ssl=1\" alt=\"\"> Was ist der Talmud?<\/a><\/strong><br>Grundlegende Informationen \u00fcber den Talmud. Wie ist er aufgebaut? Was ist im Talmud zu finden?<\/p>\n\n\n\n<p><strong><a href=\"http:\/\/www.talmud.de\/tlmd\/haeufige-fragen-zum-talmud\/\"><img data-recalc-dims=\"1\" loading=\"lazy\" decoding=\"async\" width=\"25\" height=\"15\" class=\"wp-image-3543\" style=\"width: 25px;\" src=\"https:\/\/i0.wp.com\/www.talmud.de\/tlmd\/wp-content\/uploads\/2018\/09\/hand_talmudde_klein.png?resize=25%2C15&#038;ssl=1\" alt=\"\"> H\u00e4ufige Fragen zum Talmud<\/a><\/strong><br>Besonders h\u00e4ufige Fragen zum Talmud und entsprechende Antworten<\/p>\n\n\n\n<p><a href=\"https:\/\/www.talmud.de\/tlmd\/zitate-aus-dem-talmud\/\"><img data-recalc-dims=\"1\" loading=\"lazy\" decoding=\"async\" width=\"25\" height=\"15\" class=\"wp-image-3543\" style=\"width: 25px;\" src=\"https:\/\/i0.wp.com\/www.talmud.de\/tlmd\/wp-content\/uploads\/2018\/09\/hand_talmudde_klein.png?resize=25%2C15&#038;ssl=1\" alt=\"\"> <strong>Talmudzitate<\/strong><\/a><br>Besonders h\u00e4ufig zitierte oder nach Kategrie sortierte Zitate aus dem Talmud<\/p>\n\n\n\n<p><strong><a href=\"https:\/\/www.talmud.de\/tlmd\/gefaelschte-talmudzitate\/\"><img data-recalc-dims=\"1\" loading=\"lazy\" decoding=\"async\" width=\"25\" height=\"15\" class=\"wp-image-3543\" style=\"width: 25px;\" src=\"https:\/\/i0.wp.com\/www.talmud.de\/tlmd\/wp-content\/uploads\/2018\/09\/hand_talmudde_klein.png?resize=25%2C15&#038;ssl=1\" alt=\"\"> Talmudzitate und Antisemitismus<\/a><\/strong><br>Rabbiner Esra Munk besch\u00e4ftigt sich mit gef\u00e4lschten Talmudzitaten.<\/p>\n\n\n\n<p><strong><a href=\"https:\/\/www.talmud.de\/tlmd\/ueber-die-beziehung-des-talmuds-zum-judentum\/\"><img data-recalc-dims=\"1\" loading=\"lazy\" decoding=\"async\" width=\"25\" height=\"15\" class=\"wp-image-3543\" style=\"width: 25px;\" src=\"https:\/\/i0.wp.com\/www.talmud.de\/tlmd\/wp-content\/uploads\/2018\/09\/hand_talmudde_klein.png?resize=25%2C15&#038;ssl=1\" alt=\"\"> \u00dcber die Beziehung des Talmuds zum Judentum<\/a><\/strong><br>Ein Text aus dem Jahre 1884, der den Talmud gegen\u00fcber antisemitischen Vorw\u00fcrfen verteidigt &#8211; von Samson Raphael Hirsch<\/p>\n<\/div>\n<\/div>\n","protected":false},"excerpt":{"rendered":"<p>Der Talmud ist das zentrale Werk der rabbinischen Gelehrsamkeit \u2013 eine Sammlung von Diskussionen \u00fcber Gesetz, Ethik und Bibelauslegung. Entstanden zwischen dem 3. und 8. Jahrhundert, kommentiert er die Mischna und verwebt rechtliche Diskussionen mit erz\u00e4hlerischen Passagen. Es gibt zwei Fassungen: den weit verbreiteten Babylonischen Talmud (Talmud Bawli) und den Jerusalemer Talmud (Talmud Jeruschalmi). \u00dcbersetzung des TalmudsDie Traktate des Talmud in deutscher \u00dcbersetzung Erz\u00e4hlungen (aggadisches)Erz\u00e4hlungen (aggadisches) aus dem Talmud in einer Zusammenstellung. Angelehnt an die Sammlung Ejn Jaakow. Einf\u00fchrung von Rabbiner Schmuel haNaggid\u00dcbersetzung einer klassischen Einleitung (Mewo haTalmud) in den Talmud von Rabbiner Schmuel haNaggid Die talmudische HermeneutikEine Einf\u00fchrung in die Prinzipien der talmudischen Hermeneutik von Rabbiner Prof. Eduard Jechezkel Baneth. Was ist der Talmud?Grundlegende Informationen \u00fcber den Talmud. Wie ist er aufgebaut? Was ist im Talmud zu finden? H\u00e4ufige Fragen zum TalmudBesonders h\u00e4ufige Fragen zum Talmud und entsprechende Antworten TalmudzitateBesonders h\u00e4ufig zitierte oder nach Kategrie sortierte Zitate aus dem Talmud Talmudzitate und AntisemitismusRabbiner Esra Munk besch\u00e4ftigt sich mit gef\u00e4lschten Talmudzitaten. \u00dcber die Beziehung des Talmuds zum JudentumEin Text aus dem Jahre 1884, der den &hellip;<\/p>\n","protected":false},"author":1,"featured_media":0,"parent":0,"menu_order":0,"comment_status":"closed","ping_status":"closed","template":"","meta":{"_themeisle_gutenberg_block_has_review":false,"footnotes":""},"class_list":["post-2420","page","type-page","status-publish","hentry"],"jetpack_sharing_enabled":true,"_links":{"self":[{"href":"https:\/\/www.talmud.de\/tlmd\/wp-json\/wp\/v2\/pages\/2420","targetHints":{"allow":["GET"]}}],"collection":[{"href":"https:\/\/www.talmud.de\/tlmd\/wp-json\/wp\/v2\/pages"}],"about":[{"href":"https:\/\/www.talmud.de\/tlmd\/wp-json\/wp\/v2\/types\/page"}],"author":[{"embeddable":true,"href":"https:\/\/www.talmud.de\/tlmd\/wp-json\/wp\/v2\/users\/1"}],"replies":[{"embeddable":true,"href":"https:\/\/www.talmud.de\/tlmd\/wp-json\/wp\/v2\/comments?post=2420"}],"version-history":[{"count":1,"href":"https:\/\/www.talmud.de\/tlmd\/wp-json\/wp\/v2\/pages\/2420\/revisions"}],"predecessor-version":[{"id":10191,"href":"https:\/\/www.talmud.de\/tlmd\/wp-json\/wp\/v2\/pages\/2420\/revisions\/10191"}],"wp:attachment":[{"href":"https:\/\/www.talmud.de\/tlmd\/wp-json\/wp\/v2\/media?parent=2420"}],"curies":[{"name":"wp","href":"https:\/\/api.w.org\/{rel}","templated":true}]}}