{"id":2950,"date":"2018-05-29T13:15:25","date_gmt":"2018-05-29T11:15:25","guid":{"rendered":"https:\/\/www.talmud.de\/tlmd\/?page_id=2950"},"modified":"2023-04-17T23:32:08","modified_gmt":"2023-04-17T21:32:08","slug":"die-torah-wajelech","status":"publish","type":"page","link":"https:\/\/www.talmud.de\/tlmd\/die-torah-eine-deutsche-uebersetzung\/die-torah-wajelech\/","title":{"rendered":"Die Torah &#8211; Wa&#8217;Jelech"},"content":{"rendered":"\n  <p class=\"Zentriert\">\n                                            <strong>\n                                                <a class=\"dafLink\" href=\"https:\/\/www.talmud.de\/tlmd\/die-torah-eine-deutsche-uebersetzung\/die-torah-bereschit\/\">1. Buch Moscheh: Bereschit<\/a>\n                                            <\/strong>\n                                            <a class=\"dafLink\" href=\"https:\/\/www.talmud.de\/tlmd\/die-torah-eine-deutsche-uebersetzung\/die-torah-noach\/\">Noach<\/a>\n                                            <a class=\"dafLink\" href=\"https:\/\/www.talmud.de\/tlmd\/die-torah-eine-deutsche-uebersetzung\/die-torah-lech-lechah\/\">Lech Lechah<\/a>\n                                            <a class=\"dafLink\" href=\"https:\/\/www.talmud.de\/tlmd\/die-torah-eine-deutsche-uebersetzung\/die-torah-wajera\/\">Wajera<\/a>\n                                            <a class=\"dafLink\" href=\"https:\/\/www.talmud.de\/tlmd\/die-torah-eine-deutsche-uebersetzung\/die-torah-chaje-sarah\/\">Chaje Sarah<\/a>\n                                            <br>\n                                            <a class=\"dafLink\" href=\"https:\/\/www.talmud.de\/tlmd\/die-torah-eine-deutsche-uebersetzung\/die-torah-toldot\/\">Toldot<\/a>\n                                            <a class=\"dafLink\" href=\"https:\/\/www.talmud.de\/tlmd\/die-torah-eine-deutsche-uebersetzung\/die-torah-wajeze\/\">Wajeze<\/a>\n                                            <a class=\"dafLink\" href=\"https:\/\/www.talmud.de\/tlmd\/die-torah-eine-deutsche-uebersetzung\/die-torah-wajischlach\/\">WaJischlach<\/a>\n                                            <a class=\"dafLink\" href=\"https:\/\/www.talmud.de\/tlmd\/die-torah-eine-deutsche-uebersetzung\/die-torah-wajeschew\/\">WaJeschew<\/a>\n                                            <br>\n                                            <a class=\"dafLink\" href=\"https:\/\/www.talmud.de\/tlmd\/die-torah-eine-deutsche-uebersetzung\/die-torah-miketz\/\">Miketz<\/a>\n                                            <a class=\"dafLink\" href=\"https:\/\/www.talmud.de\/tlmd\/die-torah-eine-deutsche-uebersetzung\/die-torah-wajigasch\/\">WaJigasch<\/a>\n                                            <a class=\"dafLink\" href=\"https:\/\/www.talmud.de\/tlmd\/die-torah-eine-deutsche-uebersetzung\/die-torah-wajechi\/\">WaJechi<\/a>\n                                        <\/p>\n\n                                        <p class=\"Zentriert\">\n                                            <strong>\n                                                <a class=\"dafLink\" href=\"https:\/\/www.talmud.de\/tlmd\/die-torah-eine-deutsche-uebersetzung\/die-torah-schemot\/\">2. Buch Moscheh: Schemot<\/a>\n                                            <\/strong>\n                                            <a class=\"dafLink\" href=\"https:\/\/www.talmud.de\/tlmd\/die-torah-eine-deutsche-uebersetzung\/die-torah-waera\/\">Wa\u2018era<\/a>\n                                            <a class=\"dafLink\" href=\"https:\/\/www.talmud.de\/tlmd\/die-torah-eine-deutsche-uebersetzung\/die-torah-bo\/\">Bo<\/a>\n                                            <a class=\"dafLink\" href=\"https:\/\/www.talmud.de\/tlmd\/die-torah-eine-deutsche-uebersetzung\/die-torah-beschallach\/\">Beschallach<\/a>\n                                            <a class=\"dafLink\" href=\"https:\/\/www.talmud.de\/tlmd\/die-torah-eine-deutsche-uebersetzung\/die-torah-jitro\/\">Jitro<\/a>\n                                            <br>\n                                            <a class=\"dafLink\" href=\"https:\/\/www.talmud.de\/tlmd\/die-torah-eine-deutsche-uebersetzung\/die-torah-mischpatim\/\">Mischpatim<\/a>\n                                            <a class=\"dafLink\" href=\"https:\/\/www.talmud.de\/tlmd\/die-torah-eine-deutsche-uebersetzung\/die-torah-trumah\/\">Trumah<\/a>\n                                            <a class=\"dafLink\" href=\"https:\/\/www.talmud.de\/tlmd\/die-torah-eine-deutsche-uebersetzung\/die-torah-tetzawe\/\">Tetzawe<\/a>\n                                            <a class=\"dafLink\" href=\"https:\/\/www.talmud.de\/tlmd\/die-torah-eine-deutsche-uebersetzung\/die-torah-ki-tissa\/\">Ki Tissa<\/a>\n                                            <a class=\"dafLink\" href=\"https:\/\/www.talmud.de\/tlmd\/die-torah-eine-deutsche-uebersetzung\/die-torah-wajakhel\/\">WaJakhel<\/a>\n                                            <a class=\"dafLink\" href=\"https:\/\/www.talmud.de\/tlmd\/die-torah-eine-deutsche-uebersetzung\/die-torah-pekude\/\">Pekude<\/a>\n                                        <\/p>\n\n                                        <p class=\"Zentriert\">\n                                            <strong>\n                                                <a class=\"dafLink\" href=\"https:\/\/www.talmud.de\/tlmd\/die-torah-eine-deutsche-uebersetzung\/die-torah-wajikra\/\">3. Buch Moscheh: WaJikra<\/a>\n                                            <\/strong>\n                                            <a class=\"dafLink\" href=\"https:\/\/www.talmud.de\/tlmd\/die-torah-eine-deutsche-uebersetzung\/die-torah-tzaw\/\">Tzaw<\/a>\n                                            <a class=\"dafLink\" href=\"https:\/\/www.talmud.de\/tlmd\/die-torah-eine-deutsche-uebersetzung\/die-torah-schemini\/\">Schemini <\/a>\n                                            <a class=\"dafLink\" href=\"https:\/\/www.talmud.de\/tlmd\/die-torah-eine-deutsche-uebersetzung\/die-torah-tazria\/\">Tazria <\/a>\n                                            <a class=\"dafLink\" href=\"https:\/\/www.talmud.de\/tlmd\/die-torah-eine-deutsche-uebersetzung\/die-torah-metzora\/\">Metzora<\/a>\n                                            <a class=\"dafLink\" href=\"https:\/\/www.talmud.de\/tlmd\/die-torah-eine-deutsche-uebersetzung\/die-torah-acharei-mot\/\">Acharei Mot<\/a>\n                                            <a class=\"dafLink\" href=\"https:\/\/www.talmud.de\/tlmd\/die-torah-eine-deutsche-uebersetzung\/die-torah-kedoschim\/\">Kedoschim <\/a>\n                                            <a class=\"dafLink\" href=\"https:\/\/www.talmud.de\/tlmd\/die-torah-eine-deutsche-uebersetzung\/die-torah-emor\/\">Emor<\/a>\n                                            <a class=\"dafLink\" href=\"https:\/\/www.talmud.de\/tlmd\/die-torah-eine-deutsche-uebersetzung\/die-torah-behar\/\">Behar <\/a>\n                                            <a class=\"dafLink\" href=\"https:\/\/www.talmud.de\/tlmd\/die-torah-eine-deutsche-uebersetzung\/die-torah-bechukotaj\/\">Bechukotaj<\/a>\n                                        <\/p>\n\n                                        <p class=\"Zentriert\">\n                                            <strong>\n                                                <a class=\"dafLink\" href=\"https:\/\/www.talmud.de\/tlmd\/die-torah-eine-deutsche-uebersetzung\/die-torah-bamidbar\/\">4. Buch Moscheh: BaMidbar<\/a>\n                                            <\/strong>\n                                            <a class=\"dafLink\" href=\"https:\/\/www.talmud.de\/tlmd\/die-torah-eine-deutsche-uebersetzung\/die-torah-nasso\/\">Nasso <\/a>\n                                            <a class=\"dafLink\" href=\"https:\/\/www.talmud.de\/tlmd\/die-torah-eine-deutsche-uebersetzung\/die-torah-behaalotcha\/\">Beha\u2018alotcha<\/a>\n                                            <a class=\"dafLink\" href=\"https:\/\/www.talmud.de\/tlmd\/die-torah-eine-deutsche-uebersetzung\/die-torah-schlach-lecha\/\">Schlach Lecha<\/a>\n                                            <a class=\"dafLink\" href=\"https:\/\/www.talmud.de\/tlmd\/die-torah-eine-deutsche-uebersetzung\/die-torah-korach\/\">Korach <\/a>\n                                            <a class=\"dafLink\" href=\"https:\/\/www.talmud.de\/tlmd\/die-torah-eine-deutsche-uebersetzung\/die-torah-chukat\/\">Chukat <\/a>\n                                            <a class=\"dafLink\" href=\"https:\/\/www.talmud.de\/tlmd\/die-torah-eine-deutsche-uebersetzung\/die-torah-balak\/\">Balak <\/a>\n                                            <a class=\"dafLink\" href=\"https:\/\/www.talmud.de\/tlmd\/die-torah-eine-deutsche-uebersetzung\/die-torah-pinchas\/\">Pinchas<\/a>\n                                            <a class=\"dafLink\" href=\"https:\/\/www.talmud.de\/tlmd\/die-torah-eine-deutsche-uebersetzung\/die-torah-matot\/\">Matot<\/a>\n                                            <a class=\"dafLink\" href=\"https:\/\/www.talmud.de\/tlmd\/die-torah-eine-deutsche-uebersetzung\/die-torah-mase\/\">Mase<\/a>\n                                        <\/p>\n\n                                        <p class=\"Zentriert\">\n                                            <strong>\n                                                <a class=\"dafLink\" href=\"https:\/\/www.talmud.de\/tlmd\/die-torah-eine-deutsche-uebersetzung\/die-torah-dewarim\/\">5. Buch Moscheh: Dewarim<\/a>\n                                            <\/strong>\n                                            <a class=\"dafLink\" href=\"https:\/\/www.talmud.de\/tlmd\/die-torah-eine-deutsche-uebersetzung\/die-torah-waetchanan\/\">Wa\u2018etchanan<\/a>\n                                            <a class=\"dafLink\" href=\"https:\/\/www.talmud.de\/tlmd\/die-torah-eine-deutsche-uebersetzung\/die-torah-ekew\/\">Ekew<\/a>\n                                            <a class=\"dafLink\" href=\"https:\/\/www.talmud.de\/tlmd\/die-torah-eine-deutsche-uebersetzung\/die-torah-reeh\/\">Re\u2018eh<\/a>\n                                            <a class=\"dafLink\" href=\"https:\/\/www.talmud.de\/tlmd\/die-torah-eine-deutsche-uebersetzung\/die-torah-schoftim\/\">Schoftim<\/a>\n                                            <a class=\"dafLink\" href=\"https:\/\/www.talmud.de\/tlmd\/die-torah-eine-deutsche-uebersetzung\/die-torah-ki-tetze\/\">Ki Tetze<\/a>\n                                            <a class=\"dafLink\" href=\"https:\/\/www.talmud.de\/tlmd\/die-torah-eine-deutsche-uebersetzung\/die-torah-ki-tawo\/\">Ki Tawo<\/a>\n                                            <a class=\"dafLink\" href=\"https:\/\/www.talmud.de\/tlmd\/die-torah-eine-deutsche-uebersetzung\/die-torah-nitzawim\/\">Nitzawim<\/a>\n                                            <a class=\"dafLink\" href=\"https:\/\/www.talmud.de\/tlmd\/die-torah-eine-deutsche-uebersetzung\/die-torah-wajelech\/\">Wa\u2018Jelech<\/a>\n                                            <a class=\"dafLink\" href=\"https:\/\/www.talmud.de\/tlmd\/die-torah-eine-deutsche-uebersetzung\/die-torah-haasinu\/\">Ha\u2018asinu<\/a>\n                                            <a class=\"dafLink\" href=\"https:\/\/www.talmud.de\/tlmd\/die-torah-eine-deutsche-uebersetzung\/die-torah-wezot-habrachah\/\">Wezot habrachah <\/a>\n                                        <\/p>\n\n\n\n\n\n\n\n<h1 class=\"wp-block-heading\">Paraschah Wa\u2018Jelech<\/h1>\n\n\n\n<h2 class=\"wp-block-heading\">Kapitel 31<\/h2>\n\n\n\n<p><sup class=\"Vers\">1.<\/sup>Und Moscheh ging und redete diese Worte zu ganz Jisrael, <sup class=\"Vers\">2.<\/sup>und sprach zu ihnen:<\/p>\n\n\n\n<p>Einhundertzwanzig Jahre bin ich heute alt; nicht vermag ich ferner auszuziehen und einzuziehen, auch hat HaSchem zu mir gesprochen: Du wirst nicht gehen \u00fcber diesen Jarden.<\/p>\n\n\n\n<p><sup class=\"Vers\">3.<\/sup>HaSchem, dein Gott, er zieht vor dir her, er wird diese V\u00f6lker vor dir austilgen, dass du sie einnehmest. Jehoschua, der zieht vor dir her, wie HaSchem geredet.<\/p>\n\n\n\n<p><sup class=\"Vers\">4.<\/sup>Und tun wird HaSchem an ihnen, wie er getan an Sichon und Og, den K\u00f6nigen des Emoriters, und an ihrem Land, die er ausgetilgt.<\/p>\n\n\n\n<p><sup class=\"Vers\">5.<\/sup>Und HaSchem wird sie vor euch hingeben und ihr sollt an ihnen tun ganz nach dem Gebote, das ich euch geboten habe.<\/p>\n\n\n\n<p><sup class=\"Vers\">6.<\/sup>Seid stark und fest, f\u00fcrchtet euch nicht und banget nicht vor ihnen; denn HaSchem, dein Gott, er ist es, der mit dir geht; er wird dich nicht lassen und dich nicht versto\u00dfen. <sup class=\"Vers\">7.<\/sup>Und Moscheh berief den Jehoschua und sprach zu ihm vor den Augen des ganzen Jisrael: Sei stark und fest; denn du wirst mit diesem Volk in das Land kommen, das HaSchem ihren V\u00e4tern zugeschworen, ihnen zu geben, und du wirst es ihnen zum Besitz zuteilen.<\/p>\n\n\n\n<p><sup class=\"Vers\">8.<\/sup>Und HaSchem, er, der vor dir hergeht, er wird mit dir sein; er wird dich nicht lassen und dich nicht versto\u00dfen, f\u00fcrchte nicht und sei nicht verzagt.<\/p>\n\n\n\n<p><sup class=\"Vers\">9.<\/sup>Und Moscheh schrieb diese Lehre auf und gab sie den Priestern, den S\u00f6hnen Lewi, die die Bundeslade von HaSchem trugen, und all den \u00c4ltesten Jisraels.<\/p>\n\n\n\n<p><sup class=\"Vers\">10.<\/sup>Und Moscheh gebot ihnen also: Am Schlusse von sieben Jahren um die Zeit des Erlassjahres am Feste der H\u00fctten,<\/p>\n\n\n\n<p><sup class=\"Vers\">11.<\/sup>Wann ganz Jisrael kommt, vor dem Antlitze von HaSchem, deines Gottes, zu erscheinen an dem Ort, den er erw\u00e4hlen wird, sollst du diese Lehre vorlesen in Gegenwart von ganz Jisrael, vor ihren Ohren.<\/p>\n\n\n\n<p><sup class=\"Vers\">12.<\/sup>Versammle das Volk, die M\u00e4nner und die Frauen, und die Kinder und deinen Fremdling, der in deinen Toren, auf dass sie h\u00f6ren und auf dass sie lernen und f\u00fcrchten HaSchem, euren Gott, und beobachten all die Worte dieser Lehre auszu\u00fcben. <sup class=\"Vers\">13.<\/sup>Und ihre Kinder, die (noch) keine Einsicht haben, sollen h\u00f6ren und lernen, zu f\u00fcrchten HaSchem, euren Gott, all die Tage, die ihr lebt auf dem Boden, dahin ihr \u00fcber den Jarden geht, ihn einzunehmen.<\/p>\n\n\n\n<p><sup class=\"Vers\">14.<\/sup>Und HaSchem sprach zu Moscheh:<\/p>\n\n\n\n<p>Siehe, deine Tage nahen dem Tode; rufe Jehoschua und stellet euch in das Zelt der Zusammenkunft, dass ich ihm Befehl erteile. Und es ging Moscheh und Jehoschua und sie stellten sich in das Zelt der Zusammenkunft.<\/p>\n\n\n\n<p><sup class=\"Vers\">15.<\/sup>Und HaSchem erschien im Zelt in der Wolkens\u00e4ule, und die Wolkens\u00e4ule stand an dem Eingang des Zeltes. <sup class=\"Vers\">16.<\/sup>Und HaSchem sprach zu Moscheh:<\/p>\n\n\n\n<p>Siehe, du wirst bei deinen V\u00e4tern liegen, und aufstehen wird dies Volk und nachbuhlen den G\u00f6ttern der Fremden des Landes, dahin es mitten unter sie kommt, und wird mich verlassen und brechen meinen Bund, den ich mit ihm geschlossen. <sup class=\"Vers\">17.<\/sup>Und ergl\u00fchen wird mein Zorn \u00fcber dasselbe an jenem Tage, und ich werde sie verlassen und mein Antlitz vor ihnen verbergen; und es wird zum Fra\u00dfe werden, und viele Leiden und Not werden es treffen, dass es sprechen wird an jenem Tage: Ist es nicht darum, weil mein Gott nicht in meiner Mitte, dass diese Leiden mich treffen?<\/p>\n\n\n\n<p><sup class=\"Vers\">18.<\/sup>Ich aber werde mein Antlitz verbergen an jenem Tage ob all dem B\u00f6sen, das es ver\u00fcbt, weil es sich zu fremden G\u00f6ttern hingewandt.<\/p>\n\n\n\n<p><sup class=\"Vers\">19.<\/sup>Und nun denn, schreibet euch diesen Gesang auf und lehre ihn die Kinder Jisrael, lege ihn ihnen in den Mund, auf dass mir dieser Gesang zum Zeugen sei gegen die Kinder Jisrael.<\/p>\n\n\n\n<p><sup class=\"Vers\">20.<\/sup>Wenn ich es bringe in das Land, das ich seinen V\u00e4tern versprochen habe, das von Milch und Honig flie\u00dft, und es isst und wird satt und fett, und wendet sich zu fremden G\u00f6ttern, und sie dienen ihnen und verwerfen mich, und es bricht meinen Bund:<\/p>\n\n\n\n<p><sup class=\"Vers\">21.<\/sup>So soll geschehen, wenn viele Leiden und Not es treffen, so soll dieser Gesang ihm ins Angesicht sprechen als Zeuge, \u2013 denn er wird nicht vergessen werden aus dem Munde seines Samens \u2013 dass ich gekannt seinen Sinn, den es heute ausbildet, bevor ich es in das Land gebracht, das ich zugeschworen.<\/p>\n\n\n\n<p><sup class=\"Vers\">22.<\/sup>Und Moscheh schrieb diesen Gesang auf an selbigem Tage und lehrte ihn die Kinder Jisrael;<\/p>\n\n\n\n<p><sup class=\"Vers\">23.<\/sup>Und gebot dem Jehoschua, Sohn Nun, und sprach: Sei stark und fest; denn du sollst bringen die Kinder Jisrael in das Land, das ich ihnen versprochen habe, und ich werde mit dir sein.<\/p>\n\n\n\n<p><sup class=\"Vers\">24.<\/sup>Und es geschah, als Moscheh vollendet hatte die Worte dieser Lehre auf ein Buch zu schreiben bis zu ihrem Schlusse,<\/p>\n\n\n\n<p><sup class=\"Vers\">25.<\/sup>Da gebot Moscheh den Lewiten, den Tr\u00e4gern der Bundeslade von HaSchem dieses:<\/p>\n\n\n\n<p><sup class=\"Vers\">26.<\/sup>Nehmt dieses Buch der Lehre und leget es zur Seite der Bundeslade von HaSchem, eures Gottes, und es bleibe daselbst gegen dich als Zeuge;<\/p>\n\n\n\n<p><sup class=\"Vers\">27.<\/sup>Denn ich kenne deine Widerspenstigkeit und deine Hartn\u00e4ckigkeit. Siehe, indem ich noch lebend unter euch heute bin, wart ihr gegenspenstig gegen HaSchem, euren Gott; wie viel mehr nach meinem Tode?<\/p>\n\n\n\n<p><sup class=\"Vers\">28.<\/sup>Versammelt zu mir all die \u00c4ltesten eurer St\u00e4mme und eure Beamten, dass ich vor ihren Ohren rede diese Worte und gegen sie zu Zeugen nehme den Himmel und die Erde.<\/p>\n\n\n\n<p><sup class=\"Vers\">29.<\/sup>Denn ich wei\u00df, nach meinem Tode, wenn ihr ausartet und weichet von dem Weg, den ich euch geboten, so wird euch das Ungl\u00fcck treffen in der Folge der Tage; wenn ihr das B\u00f6se in den Augen von HaSchem tut, ihn zu kr\u00e4nken durch das Tun eurer H\u00e4nde.<\/p>\n\n\n\n<p><sup class=\"Vers\">30.<\/sup>Und Moscheh sprach vor den Ohren der ganzen Versammlung Jisraels die Worte dieses Gesanges bis zu ihrem Schlusse.<\/p>\n\n\n\n<div class=\"wp-block-columns is-layout-flex wp-container-core-columns-is-layout-1 wp-block-columns-is-layout-flex\">\n<div class=\"wp-block-column is-layout-flow wp-block-column-is-layout-flow\" style=\"flex-basis:33.33%\"><div class=\"wp-block-image\">\n<figure class=\"aligncenter size-full\"><a href=\"https:\/\/www.talmud.de\/tlmd\/die-torah-eine-deutsche-uebersetzung\/\"><img data-recalc-dims=\"1\" loading=\"lazy\" decoding=\"async\" width=\"178\" height=\"160\" src=\"https:\/\/i0.wp.com\/www.talmud.de\/tlmd\/wp-content\/uploads\/2018\/12\/torah_teaser.jpg?resize=178%2C160&#038;ssl=1\" alt=\"\" class=\"wp-image-3913\"\/><\/a><\/figure><\/div><\/div>\n\n\n\n<div class=\"wp-block-column is-layout-flow wp-block-column-is-layout-flow\" style=\"flex-basis:66.66%\">\n<p>Diese \u00dcbersetzung der Torah stammt aus \u00bbDie Torah &#8211; Eine deutsche \u00dcbersetzung\u00ab. Die gedruckte, sowie elektronische Ausgabe f\u00fcr die meisten E-Reader, enth\u00e4lt einen ausf\u00fchrlichen Kommentar. Dieser erkl\u00e4rt Begriffe oder etwa das \u00bbAuge f\u00fcr Auge\u00ab-Prinzip, den Turmbau zu Babel. Zudem erlaubt der Kommentar einen Blick in den Torahkommentar von Raschi.<br><strong><em>Weitere Informationen<\/em><\/strong>  <a href=\"https:\/\/www.talmud.de\/tlmd\/die-torah-eine-deutsche-uebersetzung\/\">dazu gibt es hier<\/a>.<\/p>\n<\/div>\n<\/div>\n\n\n\n<p><strong>Zum Copyright:<\/strong> Die Originalbearbeitung von Zunz wurde stark \u00fcberarbeitet. Lerngruppen d\u00fcrfen die Texte ausdrucken und nutzen \u2013 sofern die entgeltlos geschieht. Dies gilt nicht f\u00fcr die \u00dcbertragung in elektronische Medien &#8211; diese bleibt talmud.de vorbehalten.<\/p>\n","protected":false},"excerpt":{"rendered":"<p>Paraschah Wa\u2018Jelech Kapitel 31 1.Und Moscheh ging und redete diese Worte zu ganz Jisrael, 2.und sprach zu ihnen: Einhundertzwanzig Jahre bin ich heute alt; nicht vermag ich ferner auszuziehen und einzuziehen, auch hat HaSchem zu mir gesprochen: Du wirst nicht gehen \u00fcber diesen Jarden. 3.HaSchem, dein Gott, er zieht vor dir her, er wird diese V\u00f6lker vor dir austilgen, dass du sie einnehmest. Jehoschua, der zieht vor dir her, wie HaSchem geredet. 4.Und tun wird HaSchem an ihnen, wie er getan an Sichon und Og, den K\u00f6nigen des Emoriters, und an ihrem Land, die er ausgetilgt. 5.Und HaSchem wird sie vor euch hingeben und ihr sollt an ihnen tun ganz nach dem Gebote, das ich euch geboten habe. 6.Seid stark und fest, f\u00fcrchtet euch nicht und banget nicht vor ihnen; denn HaSchem, dein Gott, er ist es, der mit dir geht; er wird dich nicht lassen und dich nicht versto\u00dfen. 7.Und Moscheh berief den Jehoschua und sprach zu ihm vor den Augen des ganzen Jisrael: Sei stark und fest; denn du wirst mit diesem Volk &hellip;<\/p>\n","protected":false},"author":1,"featured_media":0,"parent":1019,"menu_order":0,"comment_status":"closed","ping_status":"closed","template":"","meta":{"_themeisle_gutenberg_block_has_review":false,"footnotes":""},"class_list":["post-2950","page","type-page","status-publish","hentry"],"jetpack_sharing_enabled":true,"_links":{"self":[{"href":"https:\/\/www.talmud.de\/tlmd\/wp-json\/wp\/v2\/pages\/2950","targetHints":{"allow":["GET"]}}],"collection":[{"href":"https:\/\/www.talmud.de\/tlmd\/wp-json\/wp\/v2\/pages"}],"about":[{"href":"https:\/\/www.talmud.de\/tlmd\/wp-json\/wp\/v2\/types\/page"}],"author":[{"embeddable":true,"href":"https:\/\/www.talmud.de\/tlmd\/wp-json\/wp\/v2\/users\/1"}],"replies":[{"embeddable":true,"href":"https:\/\/www.talmud.de\/tlmd\/wp-json\/wp\/v2\/comments?post=2950"}],"version-history":[{"count":1,"href":"https:\/\/www.talmud.de\/tlmd\/wp-json\/wp\/v2\/pages\/2950\/revisions"}],"predecessor-version":[{"id":9424,"href":"https:\/\/www.talmud.de\/tlmd\/wp-json\/wp\/v2\/pages\/2950\/revisions\/9424"}],"up":[{"embeddable":true,"href":"https:\/\/www.talmud.de\/tlmd\/wp-json\/wp\/v2\/pages\/1019"}],"wp:attachment":[{"href":"https:\/\/www.talmud.de\/tlmd\/wp-json\/wp\/v2\/media?parent=2950"}],"curies":[{"name":"wp","href":"https:\/\/api.w.org\/{rel}","templated":true}]}}