{"id":2954,"date":"2018-05-29T13:16:44","date_gmt":"2018-05-29T11:16:44","guid":{"rendered":"https:\/\/www.talmud.de\/tlmd\/?page_id=2954"},"modified":"2023-04-17T23:59:39","modified_gmt":"2023-04-17T21:59:39","slug":"die-torah-haasinu","status":"publish","type":"page","link":"https:\/\/www.talmud.de\/tlmd\/die-torah-eine-deutsche-uebersetzung\/die-torah-haasinu\/","title":{"rendered":"Die Torah &#8211; Ha\u2018asinu"},"content":{"rendered":"\n  <p class=\"Zentriert\">\n                                            <strong>\n                                                <a class=\"dafLink\" href=\"https:\/\/www.talmud.de\/tlmd\/die-torah-eine-deutsche-uebersetzung\/die-torah-bereschit\/\">1. Buch Moscheh: Bereschit<\/a>\n                                            <\/strong>\n                                            <a class=\"dafLink\" href=\"https:\/\/www.talmud.de\/tlmd\/die-torah-eine-deutsche-uebersetzung\/die-torah-noach\/\">Noach<\/a>\n                                            <a class=\"dafLink\" href=\"https:\/\/www.talmud.de\/tlmd\/die-torah-eine-deutsche-uebersetzung\/die-torah-lech-lechah\/\">Lech Lechah<\/a>\n                                            <a class=\"dafLink\" href=\"https:\/\/www.talmud.de\/tlmd\/die-torah-eine-deutsche-uebersetzung\/die-torah-wajera\/\">Wajera<\/a>\n                                            <a class=\"dafLink\" href=\"https:\/\/www.talmud.de\/tlmd\/die-torah-eine-deutsche-uebersetzung\/die-torah-chaje-sarah\/\">Chaje Sarah<\/a>\n                                            <br>\n                                            <a class=\"dafLink\" href=\"https:\/\/www.talmud.de\/tlmd\/die-torah-eine-deutsche-uebersetzung\/die-torah-toldot\/\">Toldot<\/a>\n                                            <a class=\"dafLink\" href=\"https:\/\/www.talmud.de\/tlmd\/die-torah-eine-deutsche-uebersetzung\/die-torah-wajeze\/\">Wajeze<\/a>\n                                            <a class=\"dafLink\" href=\"https:\/\/www.talmud.de\/tlmd\/die-torah-eine-deutsche-uebersetzung\/die-torah-wajischlach\/\">WaJischlach<\/a>\n                                            <a class=\"dafLink\" href=\"https:\/\/www.talmud.de\/tlmd\/die-torah-eine-deutsche-uebersetzung\/die-torah-wajeschew\/\">WaJeschew<\/a>\n                                            <br>\n                                            <a class=\"dafLink\" href=\"https:\/\/www.talmud.de\/tlmd\/die-torah-eine-deutsche-uebersetzung\/die-torah-miketz\/\">Miketz<\/a>\n                                            <a class=\"dafLink\" href=\"https:\/\/www.talmud.de\/tlmd\/die-torah-eine-deutsche-uebersetzung\/die-torah-wajigasch\/\">WaJigasch<\/a>\n                                            <a class=\"dafLink\" href=\"https:\/\/www.talmud.de\/tlmd\/die-torah-eine-deutsche-uebersetzung\/die-torah-wajechi\/\">WaJechi<\/a>\n                                        <\/p>\n\n                                        <p class=\"Zentriert\">\n                                            <strong>\n                                                <a class=\"dafLink\" href=\"https:\/\/www.talmud.de\/tlmd\/die-torah-eine-deutsche-uebersetzung\/die-torah-schemot\/\">2. Buch Moscheh: Schemot<\/a>\n                                            <\/strong>\n                                            <a class=\"dafLink\" href=\"https:\/\/www.talmud.de\/tlmd\/die-torah-eine-deutsche-uebersetzung\/die-torah-waera\/\">Wa\u2018era<\/a>\n                                            <a class=\"dafLink\" href=\"https:\/\/www.talmud.de\/tlmd\/die-torah-eine-deutsche-uebersetzung\/die-torah-bo\/\">Bo<\/a>\n                                            <a class=\"dafLink\" href=\"https:\/\/www.talmud.de\/tlmd\/die-torah-eine-deutsche-uebersetzung\/die-torah-beschallach\/\">Beschallach<\/a>\n                                            <a class=\"dafLink\" href=\"https:\/\/www.talmud.de\/tlmd\/die-torah-eine-deutsche-uebersetzung\/die-torah-jitro\/\">Jitro<\/a>\n                                            <br>\n                                            <a class=\"dafLink\" href=\"https:\/\/www.talmud.de\/tlmd\/die-torah-eine-deutsche-uebersetzung\/die-torah-mischpatim\/\">Mischpatim<\/a>\n                                            <a class=\"dafLink\" href=\"https:\/\/www.talmud.de\/tlmd\/die-torah-eine-deutsche-uebersetzung\/die-torah-trumah\/\">Trumah<\/a>\n                                            <a class=\"dafLink\" href=\"https:\/\/www.talmud.de\/tlmd\/die-torah-eine-deutsche-uebersetzung\/die-torah-tetzawe\/\">Tetzawe<\/a>\n                                            <a class=\"dafLink\" href=\"https:\/\/www.talmud.de\/tlmd\/die-torah-eine-deutsche-uebersetzung\/die-torah-ki-tissa\/\">Ki Tissa<\/a>\n                                            <a class=\"dafLink\" href=\"https:\/\/www.talmud.de\/tlmd\/die-torah-eine-deutsche-uebersetzung\/die-torah-wajakhel\/\">WaJakhel<\/a>\n                                            <a class=\"dafLink\" href=\"https:\/\/www.talmud.de\/tlmd\/die-torah-eine-deutsche-uebersetzung\/die-torah-pekude\/\">Pekude<\/a>\n                                        <\/p>\n\n                                        <p class=\"Zentriert\">\n                                            <strong>\n                                                <a class=\"dafLink\" href=\"https:\/\/www.talmud.de\/tlmd\/die-torah-eine-deutsche-uebersetzung\/die-torah-wajikra\/\">3. Buch Moscheh: WaJikra<\/a>\n                                            <\/strong>\n                                            <a class=\"dafLink\" href=\"https:\/\/www.talmud.de\/tlmd\/die-torah-eine-deutsche-uebersetzung\/die-torah-tzaw\/\">Tzaw<\/a>\n                                            <a class=\"dafLink\" href=\"https:\/\/www.talmud.de\/tlmd\/die-torah-eine-deutsche-uebersetzung\/die-torah-schemini\/\">Schemini <\/a>\n                                            <a class=\"dafLink\" href=\"https:\/\/www.talmud.de\/tlmd\/die-torah-eine-deutsche-uebersetzung\/die-torah-tazria\/\">Tazria <\/a>\n                                            <a class=\"dafLink\" href=\"https:\/\/www.talmud.de\/tlmd\/die-torah-eine-deutsche-uebersetzung\/die-torah-metzora\/\">Metzora<\/a>\n                                            <a class=\"dafLink\" href=\"https:\/\/www.talmud.de\/tlmd\/die-torah-eine-deutsche-uebersetzung\/die-torah-acharei-mot\/\">Acharei Mot<\/a>\n                                            <a class=\"dafLink\" href=\"https:\/\/www.talmud.de\/tlmd\/die-torah-eine-deutsche-uebersetzung\/die-torah-kedoschim\/\">Kedoschim <\/a>\n                                            <a class=\"dafLink\" href=\"https:\/\/www.talmud.de\/tlmd\/die-torah-eine-deutsche-uebersetzung\/die-torah-emor\/\">Emor<\/a>\n                                            <a class=\"dafLink\" href=\"https:\/\/www.talmud.de\/tlmd\/die-torah-eine-deutsche-uebersetzung\/die-torah-behar\/\">Behar <\/a>\n                                            <a class=\"dafLink\" href=\"https:\/\/www.talmud.de\/tlmd\/die-torah-eine-deutsche-uebersetzung\/die-torah-bechukotaj\/\">Bechukotaj<\/a>\n                                        <\/p>\n\n                                        <p class=\"Zentriert\">\n                                            <strong>\n                                                <a class=\"dafLink\" href=\"https:\/\/www.talmud.de\/tlmd\/die-torah-eine-deutsche-uebersetzung\/die-torah-bamidbar\/\">4. Buch Moscheh: BaMidbar<\/a>\n                                            <\/strong>\n                                            <a class=\"dafLink\" href=\"https:\/\/www.talmud.de\/tlmd\/die-torah-eine-deutsche-uebersetzung\/die-torah-nasso\/\">Nasso <\/a>\n                                            <a class=\"dafLink\" href=\"https:\/\/www.talmud.de\/tlmd\/die-torah-eine-deutsche-uebersetzung\/die-torah-behaalotcha\/\">Beha\u2018alotcha<\/a>\n                                            <a class=\"dafLink\" href=\"https:\/\/www.talmud.de\/tlmd\/die-torah-eine-deutsche-uebersetzung\/die-torah-schlach-lecha\/\">Schlach Lecha<\/a>\n                                            <a class=\"dafLink\" href=\"https:\/\/www.talmud.de\/tlmd\/die-torah-eine-deutsche-uebersetzung\/die-torah-korach\/\">Korach <\/a>\n                                            <a class=\"dafLink\" href=\"https:\/\/www.talmud.de\/tlmd\/die-torah-eine-deutsche-uebersetzung\/die-torah-chukat\/\">Chukat <\/a>\n                                            <a class=\"dafLink\" href=\"https:\/\/www.talmud.de\/tlmd\/die-torah-eine-deutsche-uebersetzung\/die-torah-balak\/\">Balak <\/a>\n                                            <a class=\"dafLink\" href=\"https:\/\/www.talmud.de\/tlmd\/die-torah-eine-deutsche-uebersetzung\/die-torah-pinchas\/\">Pinchas<\/a>\n                                            <a class=\"dafLink\" href=\"https:\/\/www.talmud.de\/tlmd\/die-torah-eine-deutsche-uebersetzung\/die-torah-matot\/\">Matot<\/a>\n                                            <a class=\"dafLink\" href=\"https:\/\/www.talmud.de\/tlmd\/die-torah-eine-deutsche-uebersetzung\/die-torah-mase\/\">Mase<\/a>\n                                        <\/p>\n\n                                        <p class=\"Zentriert\">\n                                            <strong>\n                                                <a class=\"dafLink\" href=\"https:\/\/www.talmud.de\/tlmd\/die-torah-eine-deutsche-uebersetzung\/die-torah-dewarim\/\">5. Buch Moscheh: Dewarim<\/a>\n                                            <\/strong>\n                                            <a class=\"dafLink\" href=\"https:\/\/www.talmud.de\/tlmd\/die-torah-eine-deutsche-uebersetzung\/die-torah-waetchanan\/\">Wa\u2018etchanan<\/a>\n                                            <a class=\"dafLink\" href=\"https:\/\/www.talmud.de\/tlmd\/die-torah-eine-deutsche-uebersetzung\/die-torah-ekew\/\">Ekew<\/a>\n                                            <a class=\"dafLink\" href=\"https:\/\/www.talmud.de\/tlmd\/die-torah-eine-deutsche-uebersetzung\/die-torah-reeh\/\">Re\u2018eh<\/a>\n                                            <a class=\"dafLink\" href=\"https:\/\/www.talmud.de\/tlmd\/die-torah-eine-deutsche-uebersetzung\/die-torah-schoftim\/\">Schoftim<\/a>\n                                            <a class=\"dafLink\" href=\"https:\/\/www.talmud.de\/tlmd\/die-torah-eine-deutsche-uebersetzung\/die-torah-ki-tetze\/\">Ki Tetze<\/a>\n                                            <a class=\"dafLink\" href=\"https:\/\/www.talmud.de\/tlmd\/die-torah-eine-deutsche-uebersetzung\/die-torah-ki-tawo\/\">Ki Tawo<\/a>\n                                            <a class=\"dafLink\" href=\"https:\/\/www.talmud.de\/tlmd\/die-torah-eine-deutsche-uebersetzung\/die-torah-nitzawim\/\">Nitzawim<\/a>\n                                            <a class=\"dafLink\" href=\"https:\/\/www.talmud.de\/tlmd\/die-torah-eine-deutsche-uebersetzung\/die-torah-wajelech\/\">Wa\u2018Jelech<\/a>\n                                            <a class=\"dafLink\" href=\"https:\/\/www.talmud.de\/tlmd\/die-torah-eine-deutsche-uebersetzung\/die-torah-haasinu\/\">Ha\u2018asinu<\/a>\n                                            <a class=\"dafLink\" href=\"https:\/\/www.talmud.de\/tlmd\/die-torah-eine-deutsche-uebersetzung\/die-torah-wezot-habrachah\/\">Wezot habrachah <\/a>\n                                        <\/p>\n\n\n\n\n\n\n\n<h1 class=\"wp-block-heading\">Paraschah Ha\u2018asinu<\/h1>\n\n\n\n<h2 class=\"wp-block-heading\">Kapitel 32<\/h2>\n\n\n\n<p><sup class=\"Vers\">1.<\/sup>Horcht auf, ihr Himmel, und ich will reden;<\/p>\n\n\n\n<p>und es h\u00f6re die Erde die Worte meines Mundes.<\/p>\n\n\n\n<p><sup class=\"Vers\">2.<\/sup>lass herabst\u00fcrzen wie Regen meine Lehre,<\/p>\n\n\n\n<p>flie\u00dfe wie Tau meine Rede,<\/p>\n\n\n\n<p>wie Regenschauer aufs Gr\u00fcne,<\/p>\n\n\n\n<p>und wie G\u00fcsse auf das Gras.<\/p>\n\n\n\n<p><sup class=\"Vers\">3.<\/sup>Denn den Namen von HaSchem rufe ich an:<\/p>\n\n\n\n<p>Gebet unserem Gott die Ehre!<\/p>\n\n\n\n<p><sup class=\"Vers\">4.<\/sup>Der Hort, untadlig ist sein Werk;<\/p>\n\n\n\n<p>denn all seine Wege sind recht;<\/p>\n\n\n\n<p>ein Gott der Treue, nicht Trug,<\/p>\n\n\n\n<p>gerecht und gerade ist er.<\/p>\n\n\n\n<p><sup class=\"Vers\">5.<\/sup>Nicht sein ist das Verderben \u2013<\/p>\n\n\n\n<p>seiner Kinder S\u00fcndenmakel;<\/p>\n\n\n\n<p>eine Generation, krumm und t\u00fcckevoll.<\/p>\n\n\n\n<p><sup class=\"Vers\">6.<\/sup>Wie? f\u00fcr HaSchem vergeltet ihr also?<\/p>\n\n\n\n<p>unw\u00fcrdiges, unweises Volk!<\/p>\n\n\n\n<p>Ist er nicht dein Vater, der dich (sich) geeignet?<\/p>\n\n\n\n<p>er hat dich gemacht und eingerichtet.<\/p>\n\n\n\n<p><sup class=\"Vers\">7.<\/sup>Gedenke der Tage der Urzeit,<\/p>\n\n\n\n<p>erw\u00e4get die Jahre vergangener Generationen,<\/p>\n\n\n\n<p>frage deinen Vater, dass er dir k\u00fcnde,<\/p>\n\n\n\n<p>deine Alten, dass sie dir ansagen:<\/p>\n\n\n\n<p><sup class=\"Vers\">8.<\/sup>Da der H\u00f6chste den V\u00f6lkern Besitz gab,<\/p>\n\n\n\n<p>da er abteilte die Menschens\u00f6hne,<\/p>\n\n\n\n<p>stellt er fest Grenzen der St\u00e4mme nach Anzahl der Kinder Jisrael.<\/p>\n\n\n\n<p><sup class=\"Vers\">9.<\/sup>Denn von HaSchem Teil ist sein Volk,<\/p>\n\n\n\n<p>Jaakow das Los seines Besitzes.<\/p>\n\n\n\n<p><sup class=\"Vers\">10.<\/sup>Er fand es im Land der \u00d6de<\/p>\n\n\n\n<p>und in dem Grausen des Geheuls der W\u00fcste.<\/p>\n\n\n\n<p>Er umgibt es rings, hat Acht darauf,<\/p>\n\n\n\n<p>besch\u00fctzt es, wie seinen Augapfel.<\/p>\n\n\n\n<p><sup class=\"Vers\">11.<\/sup>Wie ein Adler sein Nest bewacht,<\/p>\n\n\n\n<p>\u00fcber seinen Jungen flattert;<\/p>\n\n\n\n<p>er spannt seine Fittiche,<\/p>\n\n\n\n<p>ergreift es, tr\u00e4gt es auf seinen Schwingen.<\/p>\n\n\n\n<p><sup class=\"Vers\">12.<\/sup>HaSchem f\u00fchrt es abgesondert,<\/p>\n\n\n\n<p>und mit ihm kein fremder Gott.<\/p>\n\n\n\n<p><sup class=\"Vers\">13.<\/sup>Er lie\u00df es ersteigen die H\u00f6hen der Erde<\/p>\n\n\n\n<p>und es a\u00df die Fr\u00fcchte des Gefildes;<\/p>\n\n\n\n<p>und lie\u00df es Honig aus dem Gestein saugen<\/p>\n\n\n\n<p>und \u00d6l aus Kieseln des Felsen;<\/p>\n\n\n\n<p><sup class=\"Vers\">14.<\/sup>Rahm der Rinder und Milch der Schafe<\/p>\n\n\n\n<p>mit dem Fette der Mastl\u00e4mmer und der Widder der S\u00f6hne Baschans,<\/p>\n\n\n\n<p>und der B\u00f6cke, samt des Weizens Nierenfett,<\/p>\n\n\n\n<p>und der Traube Blut, das du sch\u00e4umend trinkst.<\/p>\n\n\n\n<p><sup class=\"Vers\">15.<\/sup>Da wurde dick Jeschurun und schlug aus \u2013 du wurdest dick, stark, beleibt;<\/p>\n\n\n\n<p>da verlie\u00df es den Gott, der es geschaffen,<\/p>\n\n\n\n<p>und erniedrigte den Felsen seines Heils.<\/p>\n\n\n\n<p><sup class=\"Vers\">16.<\/sup>Sie ereiferten ihn durch Fremde,<\/p>\n\n\n\n<p>durch Gr\u00e4uel kr\u00e4nkten sie ihn.<\/p>\n\n\n\n<p><sup class=\"Vers\">17.<\/sup>Sie opferten den Geistern, Ung\u00f6ttern,<\/p>\n\n\n\n<p>\u2013 M\u00e4chten, die sie nie gekannt,<\/p>\n\n\n\n<p>Neulingen, vor Kurzem angekommen,<\/p>\n\n\n\n<p>vor denen euren V\u00e4tern nicht gegrauet.<\/p>\n\n\n\n<p><sup class=\"Vers\">18.<\/sup>Den Hort, der dich gezeugt,<\/p>\n\n\n\n<p>vers\u00e4umtest du und verga\u00dfest Gott,<\/p>\n\n\n\n<p>der dich geboren.<\/p>\n\n\n\n<p><sup class=\"Vers\">19.<\/sup>Und HaSchem sah und verwarf<\/p>\n\n\n\n<p>\u2013 gekr\u00e4nkt von seinen S\u00f6hnen und T\u00f6chtern &#8211;<\/p>\n\n\n\n<p><sup class=\"Vers\">20.<\/sup>Und sprach: Verbergen will ich mein Antlitz vor ihnen,<\/p>\n\n\n\n<p>will sehen, was ihr Ende wird;<\/p>\n\n\n\n<p>denn eine trotzige Generation sind sie,<\/p>\n\n\n\n<p>Kinder, in denen keine Treue.<\/p>\n\n\n\n<p><sup class=\"Vers\">21.<\/sup>Sie haben mich ereifert durch Ung\u00f6tter,<\/p>\n\n\n\n<p>mich gekr\u00e4nkt durch ihren Tand;<\/p>\n\n\n\n<p>so will ich sie ereifern durch ein Unvolk,<\/p>\n\n\n\n<p>durch nichtsw\u00fcrdiges Volk sie kr\u00e4nken.<\/p>\n\n\n\n<p><sup class=\"Vers\">22.<\/sup>Denn ein Feuer lodert auf in meinem Grimm<\/p>\n\n\n\n<p>und brennt bis zur Gruft der Unterwelt,<\/p>\n\n\n\n<p>und verzehrt die Erde und ihr Gew\u00e4chs,<\/p>\n\n\n\n<p>und entz\u00fcndet die Grundfesten der Berge.<\/p>\n\n\n\n<p><sup class=\"Vers\">23.<\/sup>Aussch\u00fctten will ich \u00fcber sie das Ungl\u00fcck,<\/p>\n\n\n\n<p>meine Pfeile gegen sie verbrauchen.<\/p>\n\n\n\n<p><sup class=\"Vers\">24.<\/sup>Die Auszehrung des Hungers<\/p>\n\n\n\n<p>und das Hinraffen des Fiebers und giftige Pest<\/p>\n\n\n\n<p>und den Zahn der wilden Tiere lasse ich los gegen sie, samt dem Grimm der im Staube Schleichenden.<\/p>\n\n\n\n<p><sup class=\"Vers\">25.<\/sup>Von au\u00dfen reibe das Schwert auf<\/p>\n\n\n\n<p>und in den Gem\u00e4chern die Angst,<\/p>\n\n\n\n<p>so den J\u00fcngling, so die Jungfrau,<\/p>\n\n\n\n<p>den S\u00e4ugling mit dem greisen Manne.<\/p>\n\n\n\n<p><sup class=\"Vers\">26.<\/sup>Da sprach ich: Ein Ende mit ihnen!<\/p>\n\n\n\n<p>austilge ich aus den Menschen ihr Ged\u00e4chtnis.<\/p>\n\n\n\n<p><sup class=\"Vers\">27.<\/sup>Wenn ich nicht die Kr\u00e4nkung von dem Feinde scheute,<\/p>\n\n\n\n<p>dass es nicht missverstehen ihre Bedr\u00e4nger,<\/p>\n\n\n\n<p>dass sie nicht sprechen: Unsere Hand ist erhoben,<\/p>\n\n\n\n<p>und nicht HaSchem hat dies alles gewirkt.<\/p>\n\n\n\n<p><sup class=\"Vers\">28.<\/sup>Denn ein Volk klugen Sinnes beraubt sind sie,<\/p>\n\n\n\n<p>und keine Einsicht ist in ihnen.<\/p>\n\n\n\n<p><sup class=\"Vers\">29.<\/sup>Wenn sie weise w\u00e4ren, dies verst\u00fcnden,<\/p>\n\n\n\n<p>sie bed\u00e4chten ihr Ende.<\/p>\n\n\n\n<p><sup class=\"Vers\">30.<\/sup>Wie kann einer verfolgen Tausend<\/p>\n\n\n\n<p>und zwei in die Flucht treiben Myriaden?<\/p>\n\n\n\n<p>w\u00e4re es nicht, dass ihr Hort sie verkauft<\/p>\n\n\n\n<p>und HaSchem sie ausgeliefert?<\/p>\n\n\n\n<p><sup class=\"Vers\">31.<\/sup>Denn nicht wie unser Hort ist ihr Hort,<\/p>\n\n\n\n<p>ob auch unsere Feinde Herren sind.<\/p>\n\n\n\n<p><sup class=\"Vers\">32.<\/sup>Denn vom Weinstocke Sedoms ist ihr Weinstock<\/p>\n\n\n\n<p>und von den Fluren Amorahs:<\/p>\n\n\n\n<p>ihre Beeren Giftbeeren,<\/p>\n\n\n\n<p>bittere Trauben sind die ihren.<\/p>\n\n\n\n<p><sup class=\"Vers\">33.<\/sup>Gift der Drachen ist ihr Wein<\/p>\n\n\n\n<p>und Galle der Ottern, t\u00f6dlich.<\/p>\n\n\n\n<p><sup class=\"Vers\">34.<\/sup>Ist das nicht aufbewahrt bei mir,<\/p>\n\n\n\n<p>versiegelt in meinen Sch\u00e4tzen?<\/p>\n\n\n\n<p><sup class=\"Vers\">35.<\/sup>Mein ist Rache und Vergeltung<\/p>\n\n\n\n<p>zur Zeit, da wankt ihr Fu\u00df;<\/p>\n\n\n\n<p>denn nahe ist der Tag ihres Sturzes<\/p>\n\n\n\n<p>und herbei eilt ihnen die Zukunft,<\/p>\n\n\n\n<p><sup class=\"Vers\">36.<\/sup>Wann Recht schaffet HaSchem seinem Volk<\/p>\n\n\n\n<p>und \u00fcber seine Knechte sich erbarmt;<\/p>\n\n\n\n<p>wenn er sieht, dass die Macht geschwunden<\/p>\n\n\n\n<p>und dahin ist Bewahrtes und Befestigtes.<\/p>\n\n\n\n<p><sup class=\"Vers\">37.<\/sup>Und man wird sprechen:<\/p>\n\n\n\n<p>Wo sind ihre G\u00f6tter?<\/p>\n\n\n\n<p>der Fels, auf den sie vertrauten?<\/p>\n\n\n\n<p><sup class=\"Vers\">38.<\/sup>Welche ihrer Opfer Fett a\u00dfen,<\/p>\n\n\n\n<p>tranken den Wein ihrer Spende,<\/p>\n\n\n\n<p>dass sie aufstehen und euch helfen,<\/p>\n\n\n\n<p>\u00fcber euch ein Schutz zu sein.<\/p>\n\n\n\n<p><sup class=\"Vers\">39.<\/sup>Sehet jetzt, dass Ich, Ich es bin,<\/p>\n\n\n\n<p>und kein Gott mit mir;<\/p>\n\n\n\n<p>ich t\u00f6te und belebe,<\/p>\n\n\n\n<p>verwunde, und ich heile,<\/p>\n\n\n\n<p>und niemand rettet aus meiner Hand.<\/p>\n\n\n\n<p><sup class=\"Vers\">40.<\/sup>Denn auf hebe ich zum Himmel meine Hand,<\/p>\n\n\n\n<p>und spreche: Ewig lebe ich!<\/p>\n\n\n\n<p><sup class=\"Vers\">41.<\/sup>Wenn ich gesch\u00e4rft den Blitz meines Schwertes<\/p>\n\n\n\n<p>und meine Hand das Gericht erfasset,<\/p>\n\n\n\n<p>erstatte ich Rache meinen Feinden,<\/p>\n\n\n\n<p>und meinen Hassern vergelte ich.<\/p>\n\n\n\n<p><sup class=\"Vers\">42.<\/sup>Ich berausche meine Pfeile vom Blute<\/p>\n\n\n\n<p>und mein Schwert frisst Fleisch,<\/p>\n\n\n\n<p>vom Blut Erschlagener und Gefangener,<\/p>\n\n\n\n<p>vom zerschmetterten Kopf des Feindes.<\/p>\n\n\n\n<p><sup class=\"Vers\">43.<\/sup>Preiset jauchzend, Nationen, sein Volk;<\/p>\n\n\n\n<p>denn das Blut seiner Knechte r\u00e4chet er,<\/p>\n\n\n\n<p>und Rache \u00fcbt er an seinen Feinden,<\/p>\n\n\n\n<p>und s\u00fchnt Land und Volk.<\/p>\n\n\n\n<p><sup class=\"Vers\">44.<\/sup>Und Moscheh ging und redete all die Worte dieses Gesanges vor den Ohren des Volkes, er und Hoschea, Sohn Nun.<\/p>\n\n\n\n<p><sup class=\"Vers\">45.<\/sup>Und als Moscheh fertig war mit dem Vortrage all dieser Worte an ganz Jisrael, <sup class=\"Vers\">46.<\/sup>da sprach er zu ihnen: Richtet euer Herz auf all die Worte, durch die ich heute Zeugnis ablege gegen euch, dass ihr sie auftraget euren Kindern, zu beobachten, auszu\u00fcben all die Worte dieser Lehre;<\/p>\n\n\n\n<p><sup class=\"Vers\">47.<\/sup>Denn es ist euch kein leeres Wort, sondern es ist euer Leben, und durch diese Sache werdet ihr lange leben auf dem Boden, dahin ihr \u00fcber den Jarden geht, ihn einzunehmen.<\/p>\n\n\n\n<p><sup class=\"Vers\">48.<\/sup>Und HaSchem sprach zu Moscheh an ebendemselben Tage also:<\/p>\n\n\n\n<p><sup class=\"Vers\">49.<\/sup>Gehe hinauf auf diesen Grenzberg, den Berg Nebo, der im Land Moab, der vor Jerecho, und siehe das Land Kenaan, das ich den Kindern Jisrael zum Eigentum gebe.<\/p>\n\n\n\n<p><sup class=\"Vers\">50.<\/sup>Und stirb auf dem Berge, dahin du hinaufgehest, und werde gesammelt zu deinen St\u00e4mmen, wie Aharon, dein Bruder, gestorben auf dem Berge Hor und gesammelt wurde zu seinen St\u00e4mmen;<\/p>\n\n\n\n<p><sup class=\"Vers\">51.<\/sup>Weil ihr untreu gehandelt an mir unter den Kindern Jisrael an den Hader-Wassern zu Kadesch in der W\u00fcste Zin, weil ihr mich nicht geheiligt unter den Kindern Jisrael.<\/p>\n\n\n\n<p><sup class=\"Vers\">52.<\/sup>Denn nur von ferne wirst du das Land schauen, aber nicht dorthin kommen, in das Land, das ich den Kindern Jisrael gebe.<\/p>\n\n\n\n<div class=\"wp-block-columns is-layout-flex wp-container-core-columns-is-layout-1 wp-block-columns-is-layout-flex\">\n<div class=\"wp-block-column is-layout-flow wp-block-column-is-layout-flow\" style=\"flex-basis:33.33%\"><div class=\"wp-block-image\">\n<figure class=\"aligncenter size-full\"><a href=\"https:\/\/www.talmud.de\/tlmd\/die-torah-eine-deutsche-uebersetzung\/\"><img data-recalc-dims=\"1\" loading=\"lazy\" decoding=\"async\" width=\"178\" height=\"160\" src=\"https:\/\/i0.wp.com\/www.talmud.de\/tlmd\/wp-content\/uploads\/2018\/12\/torah_teaser.jpg?resize=178%2C160&#038;ssl=1\" alt=\"\" class=\"wp-image-3913\"\/><\/a><\/figure><\/div><\/div>\n\n\n\n<div class=\"wp-block-column is-layout-flow wp-block-column-is-layout-flow\" style=\"flex-basis:66.66%\">\n<p>Diese \u00dcbersetzung der Torah stammt aus \u00bbDie Torah &#8211; Eine deutsche \u00dcbersetzung\u00ab. Die gedruckte, sowie elektronische Ausgabe f\u00fcr die meisten E-Reader, enth\u00e4lt einen ausf\u00fchrlichen Kommentar. Dieser erkl\u00e4rt Begriffe oder etwa das \u00bbAuge f\u00fcr Auge\u00ab-Prinzip, den Turmbau zu Babel. Zudem erlaubt der Kommentar einen Blick in den Torahkommentar von Raschi.<br><strong><em>Weitere Informationen<\/em><\/strong>  <a href=\"https:\/\/www.talmud.de\/tlmd\/die-torah-eine-deutsche-uebersetzung\/\">dazu gibt es hier<\/a>.<\/p>\n<\/div>\n<\/div>\n\n\n\n<p><strong>Zum Copyright:<\/strong> Die Originalbearbeitung von Zunz wurde stark \u00fcberarbeitet. Lerngruppen d\u00fcrfen die Texte ausdrucken und nutzen \u2013 sofern die entgeltlos geschieht. Dies gilt nicht f\u00fcr die \u00dcbertragung in elektronische Medien &#8211; diese bleibt talmud.de vorbehalten.<\/p>\n","protected":false},"excerpt":{"rendered":"<p>Paraschah Ha\u2018asinu Kapitel 32 1.Horcht auf, ihr Himmel, und ich will reden; und es h\u00f6re die Erde die Worte meines Mundes. 2.lass herabst\u00fcrzen wie Regen meine Lehre, flie\u00dfe wie Tau meine Rede, wie Regenschauer aufs Gr\u00fcne, und wie G\u00fcsse auf das Gras. 3.Denn den Namen von HaSchem rufe ich an: Gebet unserem Gott die Ehre! 4.Der Hort, untadlig ist sein Werk; denn all seine Wege sind recht; ein Gott der Treue, nicht Trug, gerecht und gerade ist er. 5.Nicht sein ist das Verderben \u2013 seiner Kinder S\u00fcndenmakel; eine Generation, krumm und t\u00fcckevoll. 6.Wie? f\u00fcr HaSchem vergeltet ihr also? unw\u00fcrdiges, unweises Volk! Ist er nicht dein Vater, der dich (sich) geeignet? er hat dich gemacht und eingerichtet. 7.Gedenke der Tage der Urzeit, erw\u00e4get die Jahre vergangener Generationen, frage deinen Vater, dass er dir k\u00fcnde, deine Alten, dass sie dir ansagen: 8.Da der H\u00f6chste den V\u00f6lkern Besitz gab, da er abteilte die Menschens\u00f6hne, stellt er fest Grenzen der St\u00e4mme nach Anzahl der Kinder Jisrael. 9.Denn von HaSchem Teil ist sein Volk, Jaakow das Los seines Besitzes. 10.Er &hellip;<\/p>\n","protected":false},"author":1,"featured_media":0,"parent":1019,"menu_order":0,"comment_status":"closed","ping_status":"closed","template":"","meta":{"_themeisle_gutenberg_block_has_review":false,"footnotes":""},"class_list":["post-2954","page","type-page","status-publish","hentry"],"jetpack_sharing_enabled":true,"_links":{"self":[{"href":"https:\/\/www.talmud.de\/tlmd\/wp-json\/wp\/v2\/pages\/2954","targetHints":{"allow":["GET"]}}],"collection":[{"href":"https:\/\/www.talmud.de\/tlmd\/wp-json\/wp\/v2\/pages"}],"about":[{"href":"https:\/\/www.talmud.de\/tlmd\/wp-json\/wp\/v2\/types\/page"}],"author":[{"embeddable":true,"href":"https:\/\/www.talmud.de\/tlmd\/wp-json\/wp\/v2\/users\/1"}],"replies":[{"embeddable":true,"href":"https:\/\/www.talmud.de\/tlmd\/wp-json\/wp\/v2\/comments?post=2954"}],"version-history":[{"count":2,"href":"https:\/\/www.talmud.de\/tlmd\/wp-json\/wp\/v2\/pages\/2954\/revisions"}],"predecessor-version":[{"id":9478,"href":"https:\/\/www.talmud.de\/tlmd\/wp-json\/wp\/v2\/pages\/2954\/revisions\/9478"}],"up":[{"embeddable":true,"href":"https:\/\/www.talmud.de\/tlmd\/wp-json\/wp\/v2\/pages\/1019"}],"wp:attachment":[{"href":"https:\/\/www.talmud.de\/tlmd\/wp-json\/wp\/v2\/media?parent=2954"}],"curies":[{"name":"wp","href":"https:\/\/api.w.org\/{rel}","templated":true}]}}