{"id":3005,"date":"2018-06-01T12:59:48","date_gmt":"2018-06-01T10:59:48","guid":{"rendered":"https:\/\/www.talmud.de\/tlmd\/?page_id=3005"},"modified":"2018-06-01T12:59:48","modified_gmt":"2018-06-01T10:59:48","slug":"haftarah-zu-noach","status":"publish","type":"page","link":"https:\/\/www.talmud.de\/tlmd\/das-buch-der-haftarot-eine-deutsche-uebersetzung\/haftarah-zu-noach\/","title":{"rendered":"Haftarah zu Noach"},"content":{"rendered":"<p>[widgets_on_pages id=&#8220;hanavi&#8220;]<br \/>\n <\/p>\n<h1 class=\"headline_haftarah\">Haftarah zu Noach <\/h1>\n<p class=\"stellenangabe\">Aus:Jeschajahu 54,1\u201355,12<\/p>\n<p class=\"it-text\">Wenn Rosch Chodesch Cheschwan mit dem Schabbat Noach zusammenf\u00e4llt, dann wird diese Haftarah mit der <a href=\"https:\/\/www.talmud.de\/tlmd\/das-buch-der-haftarot-eine-deutsche-uebersetzung\/haftarah-am-schabbat-rosch-chodesch\/\">Haftarah f\u00fcr Rosch Chodesch<\/a> ersetzt .<\/p>\n<table id=\"table008\" class=\"Einfache-Tabelle\">\n<colgroup>\n<col \/>\n<col \/>\n\t\t\t\t<\/colgroup>\n<tbody>\n<tr class=\"Einfache-Tabelle\">\n<td class=\"Einfache-Tabelle\">\n<p class=\"Glosse\">beginn hier:<\/p>\n<\/td>\n<td class=\"Einfache-Tabelle\">\n<p class=\"Glosse\">alle minhagim mit <br \/>ausnahme des romaniotischen<\/p>\n<\/td>\n<\/tr>\n<\/tbody>\n<\/table>\n<p class=\"de_text\"><sup class=\"Vers\">1.<\/sup>Jubele, Unfruchtbare, <\/p>\n<div>\n<div id=\"_idContainer021\" class=\"Glosse-Kap\">\n<h2 class=\"kapitel\">Kapitel 54<\/h2>\n<\/p><\/div>\n<\/p><\/div>\n<p class=\"de_text\">die nicht geboren, <\/p>\n<p class=\"de_text\">brich in Jubel aus und jauchze, die nicht gekreist! <\/p>\n<p class=\"de_text\">denn zahlreicher sind die Kinder der Einsamen als die Kinder der Verm\u00e4hlten, spricht HaSchem.<\/p>\n<p class=\"de_text\"><sup class=\"Vers\">2.<\/sup>Erweitere den Raum deines Zeltes, und die Umh\u00e4nge deiner Wohnungen spanne auseinander, halte nicht ein, zieh lang deine Seile, und deine Pfl\u00f6cke befestige.<\/p>\n<p class=\"de_text\"><sup class=\"Vers\">3.<\/sup>Denn rechts und links wirst du dich ausbreiten, und dein Same wird V\u00f6lker vertreiben, und ver\u00f6dete St\u00e4dte werden sie bev\u00f6lkern.<\/p>\n<p class=\"de_text\"><sup class=\"Vers\">4.<\/sup>F\u00fcrchte nicht; denn du wirst nicht zu Schanden, und sei nicht besch\u00e4mt, denn du darfst nicht err\u00f6ten. Denn die Schmach deiner Jugend wirst du vergessen, und der Schande deines Witwentums nicht mehr gedenken.<\/p>\n<p class=\"de_text\"><sup class=\"Vers\">5.<\/sup>Denn dein Gemahl ist dein Sch\u00f6pfer, <\/p>\n<p class=\"de_text\">HaSchem Tzewa\u2018ot ist sein Name, und dein Erl\u00f6ser, der Heilige Jisraels, wird der Gott der ganzen Erde genannt werden.<\/p>\n<p class=\"de_text\"><sup class=\"Vers\">6.<\/sup>Denn wie die verlassene Frau, weil dem Gem\u00fct widerw\u00e4rtig, hat dich HaSchem zur\u00fcckgerufen, und (wie) die Frau der Jugend, weil sie verha\u00dft geworden, spricht dein Gott. <sup class=\"Vers\">7.<\/sup>Eine kleine Weile hatte ich dich verlassen, und mit gro\u00dfer Barmherzigkeit nehme ich dich auf.<\/p>\n<p class=\"de_text\"><sup class=\"Vers\">8.<\/sup>In der Flut der Wut barg ich mein Antlitz eine Weile vor dir, aber mit ewiger Huld erbarme ich mich dein, \u2013 spricht dein Erl\u00f6ser, HaSchem.<\/p>\n<table id=\"table009\" class=\"Einfache-Tabelle\">\n<colgroup>\n<col \/>\n<col \/>\n\t\t\t\t<\/colgroup>\n<tbody>\n<tr class=\"Einfache-Tabelle\">\n<td class=\"Einfache-Tabelle\">\n<p class=\"Glosse\">beginn hier:<\/p>\n<\/td>\n<td class=\"Einfache-Tabelle\">\n<p class=\"Glosse\">romaniotisch<\/p>\n<\/td>\n<\/tr>\n<\/tbody>\n<\/table>\n<p class=\"de_text\"><sup class=\"Vers\">9.<\/sup>Denn eine Noachs-Flut ist mir dies; als ich geschworen hatte, dass die Wasser Noachs nie wieder die Erde \u00fcberschwemmen, so habe ich geschworen, nie \u00fcber dich zu z\u00fcrnen und dich zu schelten.<\/p>\n<p class=\"de_text\"><sup class=\"Vers\">10.<\/sup>Denn die Berge m\u00f6gen weichen und die H\u00fcgel wanken, so wird meine Huld von dir nicht weichen und mein Friedensbund nicht wanken, <\/p>\n<p class=\"de_text\">spricht dein Erbarmer, HaSchem.<\/p>\n<table id=\"table010\" class=\"Einfache-Tabelle\">\n<colgroup>\n<col \/>\n<col \/>\n\t\t\t\t<\/colgroup>\n<tbody>\n<tr class=\"Einfache-Tabelle\">\n<td class=\"Einfache-Tabelle\">\n<p class=\"Glosse\">endet hier:<\/p>\n<\/td>\n<td class=\"Einfache-Tabelle\">\n<p class=\"Glosse\">chabad<\/p>\n<p class=\"Glosse\">frankfurt am main<\/p>\n<p class=\"Glosse\">sefardisch<\/p>\n<\/td>\n<\/tr>\n<\/tbody>\n<\/table>\n<p class=\"de_text\"><sup class=\"Vers\">11.<\/sup>Arme, Verst\u00fcrmte, Ungetr\u00f6stete, siehe, ich lege in Bleiglanz deine Steine, und gr\u00fcnde dich mit Saphiren.<\/p>\n<p class=\"de_text\"><sup class=\"Vers\">12.<\/sup>Und mache aus <em class=\"kursiv\">Kadchod<\/em> deine Fenster, und deine Tore aus <em class=\"kursiv\">Ekdach<\/em>, und deine ganze Grenze zu Edelsteinen.<\/p>\n<p class=\"de_text\"><sup class=\"Vers\">13.<\/sup>Und all deine Kinder sind Lehrlinge HaSchems, und gro\u00df ist der Friede deiner Kinder.<\/p>\n<p class=\"de_text\"><sup class=\"Vers\">14.<\/sup>Durch Gerechtigkeit wirst du aufgerichtet. Entschlage dich der Gewalt, denn du hast nicht zu f\u00fcrchten, und des Schreckens, denn er nahet dir nicht.<\/p>\n<p class=\"de_text\"><sup class=\"Vers\">15.<\/sup>Rottet sich auch einer, ein Nichts (ist er) ohne mich; wer sich gegen dich rottet, er f\u00e4llt auf deinem (Gebiete).<\/p>\n<p class=\"de_text\"><sup class=\"Vers\">16.<\/sup>Siehe, ich habe erschaffen den Schmied, der in die Kohlenglut bl\u00e4st und ein Werkzeug herausbringt f\u00fcr sein Gesch\u00e4ft, und ich habe erschaffen den Verderber, zu vernichten.<\/p>\n<p class=\"de_text\"><sup class=\"Vers\">17.<\/sup>Jedes Ger\u00e4t, geschmiedet gegen dich, richtet nichts aus, und jede Zunge, die gegen dich auftritt zum Gerichte, sprichst du schuldig. Dies ist der Anteil der Knechte HaSchems und ihr Verdienst von mir, ist der Spruch HaSchems.<\/p>\n<p class=\"de_text\"><sup class=\"Vers\">1.<\/sup> <em class=\"kursiv\">Hoj<\/em>! Ihr Durstigen alle, geht zum Wasser, und wer kein Geld hat; geht, schafft Vorrat und esst, und geht, schafft Vorrat ohne Geld, und ohne Kaufpreis Wein und Milch.<\/p>\n<div>\n<div id=\"_idContainer022\" class=\"Glosse-Kap\">\n<h2 class=\"kapitel\">Kapitel 55<\/h2>\n<\/p><\/div>\n<\/p><\/div>\n<p class=\"de_text\"><sup class=\"Vers\">2.<\/sup>Warum w\u00e4get ihr Geld dar f\u00fcr kein Brot, und euern Erwerb f\u00fcr das, was nicht s\u00e4ttigt? H\u00f6rt mir zu, und ihr sollt Gutes genie\u00dfen, und es soll sich letzen am Marke eure Seele.<\/p>\n<p class=\"de_text\"><sup class=\"Vers\">3.<\/sup>Neigt euer Ohr und kommt zu mir, h\u00f6rt, und aufleben soll eure Seele, und ich will mit euch einen ewigen Bund schlie\u00dfen \u2013 die Gnadenverhei\u00dfungen Dawids, die bew\u00e4hrten.<\/p>\n<p class=\"de_text\"><sup class=\"Vers\">4.<\/sup>Siehe, zum Gesetzgeber der V\u00f6lker habe ich ihn bestellt, zum F\u00fcrsten und V\u00f6lkergebieter.<\/p>\n<p class=\"TextTo_ToText_Abschluss\"><sup class=\"Vers\">5.<\/sup>Siehe, ein Volk, das du nicht kennst, rufst du, und ein Volk, das dich nicht kannte, eilet zu dir, um HaSchems, deines Gottes, willen und wegen des Heiligen Jisraels; denn er hat dich verherrlicht.<\/p>\n<table id=\"table011\" class=\"Einfache-Tabelle\">\n<colgroup>\n<col \/>\n<col \/>\n\t\t\t\t<\/colgroup>\n<tbody>\n<tr class=\"Einfache-Tabelle\">\n<td class=\"Einfache-Tabelle\">\n<p class=\"Glosse\">endet hier:<\/p>\n<\/td>\n<td class=\"Einfache-Tabelle\">\n<p class=\"Glosse\">alle anderen minhagim<br \/>mit ausnahme des romaniotischen<\/p>\n<\/td>\n<\/tr>\n<\/tbody>\n<\/table>\n<p class=\"de_text\"><sup class=\"Vers\">6.<\/sup>Sucht HaSchem, da er sich finden l\u00e4sst, ruft ihn an, da er nahe ist.<\/p>\n<div>\n<div id=\"_idContainer023\" class=\"Glosse-Kap\">\n<h2 class=\"kapitel\">Kapitel 55<\/h2>\n<\/p><\/div>\n<\/p><\/div>\n<p class=\"de_text\"><sup class=\"Vers\">7.<\/sup>Es verlasse der Frevler seinen Weg und der Mann der Untat seine Gedanken und kehre zur\u00fcck zu HaSchem und er wird sich sein erbarmen und zu unserem Gott; denn reich ist er im Vergeben.<\/p>\n<p class=\"de_text\"><sup class=\"Vers\">8.<\/sup>Denn nicht meine Gedanken sind eure Gedanken und nicht eure Wege meine Wege, ist der Spruch von HaSchem.<\/p>\n<p class=\"de_text\"><sup class=\"Vers\">9.<\/sup>Denn (so viel) die Himmel h\u00f6her sind als die Erde, so sind meine Wege h\u00f6her als eure Wege und meine Gedanken \u00fcber eure Gedanken. <sup class=\"Vers\">10.<\/sup>Denn wie Regen und Schnee herabkommt vom Himmel, dahin aber nicht zur\u00fcckkehrt, er habe denn getr\u00e4nkt die Erde und sie befruchtet und wachsend gemacht, und Saat gibt dem S\u00e4enden und Brot dem Essenden; <sup class=\"Vers\">11.<\/sup>so wird mein Wort sein, das aus meinem Mund kommt \u2013 es wird nicht leer zur\u00fcckkehren zu mir, es habe denn vollbracht was ich will und ausgerichtet, wozu ich es gesandt habe.<\/p>\n<p class=\"TextTo_ToText_Abschluss\"><sup class=\"Vers\">12.<\/sup>Denn in Freuden werdet ihr ausziehen und in Frieden geleitet werden. Die Berge und die H\u00fcgel werden vor euch in Jubel ausbrechen und all die B\u00e4ume des Feldes in die H\u00e4nde schlagen.<\/p>\n<p>\t\t\t[widgets_on_pages id=&#8220;hahinweis&#8220;]<\/p>\n","protected":false},"excerpt":{"rendered":"<p>[widgets_on_pages id=&#8220;hanavi&#8220;] Haftarah zu Noach Aus:Jeschajahu 54,1\u201355,12 Wenn Rosch Chodesch Cheschwan mit dem Schabbat Noach zusammenf\u00e4llt, dann wird diese Haftarah mit der Haftarah f\u00fcr Rosch Chodesch ersetzt . beginn hier: alle minhagim mit ausnahme des romaniotischen 1.Jubele, Unfruchtbare, Kapitel 54 die nicht geboren, brich in Jubel aus und jauchze, die nicht gekreist! denn zahlreicher sind die Kinder der Einsamen als die Kinder der Verm\u00e4hlten, spricht HaSchem. 2.Erweitere den Raum deines Zeltes, und die Umh\u00e4nge deiner Wohnungen spanne auseinander, halte nicht ein, zieh lang deine Seile, und deine Pfl\u00f6cke befestige. 3.Denn rechts und links wirst du dich ausbreiten, und dein Same wird V\u00f6lker vertreiben, und ver\u00f6dete St\u00e4dte werden sie bev\u00f6lkern. 4.F\u00fcrchte nicht; denn du wirst nicht zu Schanden, und sei nicht besch\u00e4mt, denn du darfst nicht err\u00f6ten. Denn die Schmach deiner Jugend wirst du vergessen, und der Schande deines Witwentums nicht mehr gedenken. 5.Denn dein Gemahl ist dein Sch\u00f6pfer, HaSchem Tzewa\u2018ot ist sein Name, und dein Erl\u00f6ser, der Heilige Jisraels, wird der Gott der ganzen Erde genannt werden. 6.Denn wie die verlassene Frau, weil dem Gem\u00fct &hellip;<\/p>\n","protected":false},"author":1,"featured_media":0,"parent":2248,"menu_order":0,"comment_status":"closed","ping_status":"closed","template":"","meta":{"_themeisle_gutenberg_block_has_review":false,"footnotes":""},"class_list":["post-3005","page","type-page","status-publish","hentry"],"jetpack_sharing_enabled":true,"_links":{"self":[{"href":"https:\/\/www.talmud.de\/tlmd\/wp-json\/wp\/v2\/pages\/3005","targetHints":{"allow":["GET"]}}],"collection":[{"href":"https:\/\/www.talmud.de\/tlmd\/wp-json\/wp\/v2\/pages"}],"about":[{"href":"https:\/\/www.talmud.de\/tlmd\/wp-json\/wp\/v2\/types\/page"}],"author":[{"embeddable":true,"href":"https:\/\/www.talmud.de\/tlmd\/wp-json\/wp\/v2\/users\/1"}],"replies":[{"embeddable":true,"href":"https:\/\/www.talmud.de\/tlmd\/wp-json\/wp\/v2\/comments?post=3005"}],"version-history":[{"count":2,"href":"https:\/\/www.talmud.de\/tlmd\/wp-json\/wp\/v2\/pages\/3005\/revisions"}],"predecessor-version":[{"id":3682,"href":"https:\/\/www.talmud.de\/tlmd\/wp-json\/wp\/v2\/pages\/3005\/revisions\/3682"}],"up":[{"embeddable":true,"href":"https:\/\/www.talmud.de\/tlmd\/wp-json\/wp\/v2\/pages\/2248"}],"wp:attachment":[{"href":"https:\/\/www.talmud.de\/tlmd\/wp-json\/wp\/v2\/media?parent=3005"}],"curies":[{"name":"wp","href":"https:\/\/api.w.org\/{rel}","templated":true}]}}