{"id":3048,"date":"2018-06-04T23:52:01","date_gmt":"2018-06-04T21:52:01","guid":{"rendered":"https:\/\/www.talmud.de\/tlmd\/?page_id=3048"},"modified":"2019-04-24T11:03:23","modified_gmt":"2019-04-24T09:03:23","slug":"der-kitzur-schulchan-aruch","status":"publish","type":"page","link":"https:\/\/www.talmud.de\/tlmd\/der-kitzur-schulchan-aruch\/","title":{"rendered":"Der Kitzur Schulchan Aruch"},"content":{"rendered":"<p>Der <em>Kitzur Schulchan Aruch<\/em> (zuweilen auch <em>Kizzur<\/em>) ist ein verdichtetes Kompendium des <em>Schulchan Aruch<\/em>. 1864 wurde er von Schlomo Ganzfried ver\u00f6ffentlicht. Die halachischen Entscheidungen in Ganzfrieds Werk basierten auf drei anderen aschkenasischen Gr\u00f6\u00dfen: Rabbi Yaakov Lorberbaum, Rabbi Schneur Zalman aus Liadi und Rabbi Abraham Danzig.<\/p>\n<p>Hier findet man die deutsche \u00dcbersetzung von Rabbiner Dr. Selig Pinchas Bamberger (1872 \u2013 1936). Er war Rabbiner in Hamburg und \u00dcbersetzer zahlreicher j\u00fcdischer Quelltexte ins Deutsche.<\/p>\n<p><em>Seine Einleitung in den Kitzur Schulchan Aruch:<\/em><\/p>\n<blockquote><p>Der Kitzur Schulchan Aruch ist eine Vorschule f\u00fcr das Verst\u00e4ndnis der Quellen der Halacha. Weil er dem System des <em>Schulchan Aruch<\/em> folgt, nannte ihn sein Verfasser einen <em>kurzen Schulchan Aruch<\/em>. Er enth\u00e4lt aber &#8211; auch nicht gek\u00fcrzt nicht alle Teile des <em>Schulchan Aruch<\/em>, sondern nur diejenigen, die dem t\u00e4glichen Leben am n\u00e4chsten stehen und darum f\u00fcr die Einf\u00fchrung in die Quellen am geeignetsten und wichtigsten sind.<\/p>\n<p>Zur Hauptsache also finden wir im Kitzur den <em>Orach Chajim<\/em> (Gebete und geheiligte Zeiten), einen Teil des <em>Jore Deah<\/em> (verbotene Speisen, Reinheitsgesetze f\u00fcr die Ehe, Vorschriften f\u00fcr Trauernde) und kleinere Teile aus <em>Ewen haEser<\/em> und <em>Choschen haMischpath<\/em>.<\/p>\n<p>Da der Verfasser, R. Schelomo Ganzfried (sl), der im Jahre 5564 in Ungwar (Ungarn) geboren und 5646 daselbst als Vorsitzender des Beth-Din (rabb. Gerichtshof) starb, den Nutzen eines solchen <em>Kitzur<\/em> erkannte, z\u00f6gerte er nicht, das Werk auszuf\u00fchren. Wie alle seine zahlreichen, der Halacha dienenden B\u00fccher schlie\u00dft sich auch der Kizzur der un\u00fcbersehbaren religi\u00f6sen Literatur aller Zeiten und aller L\u00e4nder an, deren Zweck einzig und allein darin besteht, durch sie Gott zu verherrlichen, das Studium Seiner heiligen Lehre zu f\u00f6rdern und dadurch der S\u00fcnde entgegenzutreten und zu allem Guten und Edlen anzuleiten.<br \/>\nDer Kitzur hat eine ganz au\u00dfergew\u00f6hnliche Verbreitung gefunden, die vielen, starken, nicht zum Stillstand kommenden Auflagen sind daf\u00fcr Beweis und ebenso das Verlangen nach einer Punktierung und \u00dcbersetzung des Textes: m\u00f6gen sie auch Beweise f\u00fcr die R\u00fcckkehr zur Torah sein und die Vorbereitung f\u00fcr die von Amos verk\u00fcndete Erl\u00f6sung: Ich pflanze sie in ihren Boden ein, da\u00df sie nicht mehr aus ihrem Boden ausgerissen werden, den ich ihnen gegeben, spricht der Ewige, dein Gott!<\/p><\/blockquote>\n<h2>Inhalt<\/h2>\n<h3><a href=\"https:\/\/www.talmud.de\/tlmd\/kitzur-schulchan-aruch-siman-1-das-aufstehen-am-morgen\/\">Kitzur Schulchan Aruch &#8211; Kapitel 1 bis 5 &#8211; Am Morgen<\/a><\/h3>\n<ul>\n<li>\n<a href=\"https:\/\/www.talmud.de\/tlmd\/kitzur-schulchan-aruch-siman-1-das-aufstehen-am-morgen\/#Siman_1_Ueber_das_Aufstehen_am_Morgen\">Siman 1 Vorschriften beim Aufstehen am Morgen<\/a><\/li>\n<li><a href=\"https:\/\/www.talmud.de\/tlmd\/kitzur-schulchan-aruch-siman-1-das-aufstehen-am-morgen\/#Siman_2_Das_Benehmen_auf_dem_Abort_und_die_Vorschriften_fuer_die_Beracha\">Siman 2 Vorschriften \u00fcber das H\u00e4ndewaschen am Morgen<\/a><\/li>\n<li><a href=\"https:\/\/www.talmud.de\/tlmd\/kitzur-schulchan-aruch-siman-1-das-aufstehen-am-morgen\/#Siman_3_8211_Vorschriften_fuer_das_Anziehen_der_Kleider_und_das_Benehmen_des_Menschen\">Siman 3 Vorschriften f\u00fcr das Anziehen der Kleider und das Benehmen des Menschen<\/a><\/li>\n<li><a href=\"https:\/\/www.talmud.de\/tlmd\/kitzur-schulchan-aruch-siman-1-das-aufstehen-am-morgen\/#Siman_4_8211_Das_Benehmen_auf_dem_Abort_und_die_Vorschriften_fuer_die_Beracha\">Siman 4 Das Benehmen auf dem Abort und die Vorschriften f\u00fcr die Brachah Ascher Jatzar<\/a><\/li>\n<li><a href=\"https:\/\/www.talmud.de\/tlmd\/kitzur-schulchan-aruch-siman-1-das-aufstehen-am-morgen\/#Siman_5_8211_Sauberkeit_des_Ortes_fuer_ein_heiliges_Wort\">Siman 5 Sauberkeit des Ortes f\u00fcr ein heiliges Wort<\/a><\/li>\n<\/ul>\n<h3><a href=\"https:\/\/www.talmud.de\/tlmd\/kitzur-schulchan-aruch-kapitel-6-bis-8\/\">Kapitel 6 bis 8, Segensspr\u00fcche am Morgen<\/a><\/h3>\n<ul>\n<li><a href=\"https:\/\/www.talmud.de\/tlmd\/kitzur-schulchan-aruch-kapitel-6-bis-8\/#Siman_6_8211_Einige_Vorschriften_fuer_die_Berachot_und_die_Vorschriften_fuer___und\">Siman 6 Einige Vorschriften f\u00fcr die Brachot und die Vorschriften f\u00fcr Baruch hu uwaruch schemo und Amen.<\/a><\/li>\n<li><a href=\"https:\/\/www.talmud.de\/tlmd\/kitzur-schulchan-aruch-kapitel-6-bis-8\/#Siman_7_8211_Vorschriften_fuer_die_Berachot_am_Morgen\">Siman 7 Vorschriften f\u00fcr die Brachot am Morgen<\/a><\/li>\n<li><a href=\"https:\/\/www.talmud.de\/tlmd\/kitzur-schulchan-aruch-kapitel-6-bis-8\/#Siman_8_8211_Die_Dinge_die_verboten_sind_wenn_der_Tag_angebrochen_ist_bis_man_gebetet_hat\">Siman 8 Die Dinge, die verboten sind sind, wenn der Tag angebrochen ist, bis man gebetet hat<\/a><\/li>\n<\/ul>\n<h3><a href=\"https:\/\/www.talmud.de\/tlmd\/kitzur-schulchan-aruch-kapitel-9-bis-11\/\">Kapitel 9 bis 11, Zeichen<\/a><\/h3>\n<ul>\n<li><a href=\"https:\/\/www.talmud.de\/tlmd\/kitzur-schulchan-aruch-kapitel-9-bis-11\/#Kapitel_9_8211_Die_Vorschriften_fuer_die_Zizit\">Kapitel 9: Die Vorschriften f\u00fcr die Zizit.<\/a><\/li>\n<li><a href=\"https:\/\/www.talmud.de\/tlmd\/kitzur-schulchan-aruch-kapitel-9-bis-11\/#Kapitel_10_8211_Die_Vorschriften_fuer_die_Tefillin\">Kapitel 10: Die Vorschriften f\u00fcr die Tefillin.<\/a><\/li>\n<li><a href=\"https:\/\/www.talmud.de\/tlmd\/kitzur-schulchan-aruch-kapitel-9-bis-11\/#Kapitel_11_Die_Vorschriften_fuer_die_Mesusa\">Kapitel 11: Die Vorschriften f\u00fcr die Mesusa.<\/a><\/ul>\n<\/li>\n<h3><a href=\"https:\/\/www.talmud.de\/tlmd\/kitzur-schulchan-aruch-kapitel-12-bis-13\/\">Kapitel 12 und 13, Ort des Gebets<\/a><\/h3>\n<ul>\n<li><a href=\"https:\/\/www.talmud.de\/tlmd\/kitzur-schulchan-aruch-kapitel-12-bis-13\/#Kapitel_12_8211_Die_Vorbereitung_des_Koerpers_zum_Gebet_und_die_Orte_an_denen_man_beten_darf\">Kapitel 12 \u2013 Die Vorbereitung des K\u00f6rpers zum Gebet und die Orte, an denen man beten darf.<\/a><\/li>\n<li><a href=\"https:\/\/www.talmud.de\/tlmd\/kitzur-schulchan-aruch-kapitel-12-bis-13\/#Kapitel_13_8211_Vorschriften_ueber_die_Heiligkeit_der_Synagoge_und_des_Lehrhauses\">Kapitel 13. \u2013 Vorschriften \u00fcber die Heiligkeit der Synagoge und des Lehrhauses.<\/a><\/li>\n<\/ul>\n<h3><a href=\"https:\/\/www.talmud.de\/tlmd\/kitzur-schulchan-aruch-kapitel-14-bis-17\/\">Kapitel 14 bis 17, Beten &#8211; bis zum Schma Jisrael<\/a><\/h3>\n<ul>\n<li><a href=\"https:\/\/www.talmud.de\/tlmd\/kitzur-schulchan-aruch-kapitel-14-bis-17\/#Kapitel_14_8211_Die_Vorschriften_ueber_die_Verse_des_Lobgesanges\">Kapitel 14: Die Vorschriften \u00fcber die Verse des Lobgesanges.<\/a><\/li>\n<li><a href=\"https:\/\/www.talmud.de\/tlmd\/kitzur-schulchan-aruch-kapitel-14-bis-17\/#Kapitel_15_8211_Die_Vorschriften_fuer_Kaddisch_Barechu_die_Verbindung_von_zehn_Erwachsenen_und_wenn_ein_Teil_davon_hinausgegangen_und_die_Vorschriften_fuer_den_Vorbeter\">Kapitel 15 \u2013 Die Vorschriften f\u00fcr Kaddisch, Barechu, die Verbindung von zehn Erwachsenen, und wenn ein Teil davon hinausgegangen, und die Vorschriften f\u00fcr den Vorbeter.<\/a><\/li>\n<li><a href=\"https:\/\/www.talmud.de\/tlmd\/kitzur-schulchan-aruch-kapitel-14-bis-17\/#Kapitel_16_8211_Die_Vorschriften_fuer_die_Unterbrechungen_in_den_Berachot_des_Schmalesens_und_im_Schmalesen\">Kapitel 16 \u2013 Die Vorschriften f\u00fcr die Unterbrechungen in den Berachot des Schmalesens und im Schmalesen.<\/a><\/li>\n<li><a href=\"https:\/\/www.talmud.de\/tlmd\/kitzur-schulchan-aruch-kapitel-14-bis-17\/#Kapitel_17_8211_Die_Vorschriften_fuer_das_Schmalesen\">Kapitel 17 \u2013 Die Vorschriften f\u00fcr das Schmalesen.<\/a><\/ul>\n<\/li>\n<h3><a href=\"https:\/\/www.talmud.de\/tlmd\/kitzur-schulchan-aruch-kapitel-18-bis-23\/\">Kapitel 18 bis 23, Schmoneh Essre und die folgenden Gebete<\/a><\/h3>\n<ul>\n<li><a href=\"https:\/\/www.talmud.de\/tlmd\/kitzur-schulchan-aruch-kapitel-18-bis-23\/#Kapitel_18_Vorschriften_fuer_das_Schemone-Esre-Gebet\">Kapitel 18.  Vorschriften f\u00fcr das Schemone-Esre-Gebet.<\/a><\/li>\n<li><a href=\"https:\/\/www.talmud.de\/tlmd\/kitzur-schulchan-aruch-kapitel-18-bis-23\/#Kapitel_19_Die_Vorschriften_fuer____und\">Kapitel 19 \u2013 Die Vorschriften f\u00fcr \u05de\u05e9\u05d9\u05d1 \u05d4\u05e8\u05d5\u05d7, \u05d8\u05dc \u05d5\u05de\u05d8\u05e8, \u05d9\u05e2\u05dc\u05d4 \u05d5\u05d9\u05d1\u05d0  und \u05e2\u05e0\u05e0\u05d5.<\/a><\/li>\n<li><a href=\"https:\/\/www.talmud.de\/tlmd\/kitzur-schulchan-aruch-kapitel-18-bis-23\/#Kapitel_20_Vorschrift_fuer_die_Wiederholung_des_Gebetes_durch_den_Vorbeter\">Kapitel 20 \u2013 Vorschrift f\u00fcr die Wiederholung des Gebetes durch den Vorbeter.<\/a><\/li>\n<li><a href=\"https:\/\/www.talmud.de\/tlmd\/kitzur-schulchan-aruch-kapitel-18-bis-23\/#Kapitel_21_Vorschrift_wie_derjenige_der_nicht_gebetet_hat_ersetzen_soll\">Kapitel 21 \u2013 Vorschrift, wie derjenige, der nicht gebetet hat, ersetzen soll.<\/a><\/li>\n<li><a href=\"https:\/\/www.talmud.de\/tlmd\/kitzur-schulchan-aruch-kapitel-18-bis-23\/#Kapitel_22_Die_Vorschriften_fuer_Tachanun\">Kapitel 22 \u2013 Die Vorschriften f\u00fcr Tachanun.<\/a><\/li>\n<li><a href=\"https:\/\/www.talmud.de\/tlmd\/kitzur-schulchan-aruch-kapitel-18-bis-23\/#Kapitel_23_Einige_Vorschriften_fuer_die_Vorlesung_aus_der_Sefer-Thora\">Kapitel 23 \u2013 Einige Vorschriften f\u00fcr die Vorlesung aus der Sefer-Thora.<\/a><\/li>\n<\/ul>\n<h3><a href=\"https:\/\/www.talmud.de\/tlmd\/kitzur-schulchan-aruch-kapitel-24\/\">Kapitel 24 &#8211; Vorschrift, wenn ein Fehler oder eine Untauglichkeit in der Sefer-Thora gefunden wird.<\/a><\/h3>\n<h3><a href=\"https:\/\/www.talmud.de\/tlmd\/kitzur-schulchan-aruch-kapitel-25-bis-27\/\">Kapitel 25 bis 27, Die letzten Gebete am Morgen und das Lernen<\/a><\/h3>\n<ul>\n<li><a href=\"https:\/\/www.talmud.de\/tlmd\/kitzur-schulchan-aruch-kapitel-25-bis-27\/#Kapitel_25_Die_Vorschriften_fuer__bis_zum_Schluss_des_Gebetes\">Kapitel 25. Die Vorschriften f\u00fcr \u05d0\u05e9\u05e8\u05d9 \u05d5\u05d1\u05d0 \u05dc\u05e6\u05d9\u05d5\u05df bis zum Schluss des Gebetes.<\/a><\/li>\n<li><a href=\"https:\/\/www.talmud.de\/tlmd\/kitzur-schulchan-aruch-kapitel-25-bis-27\/#Kapitel_26_Die_Vorschriften_fuer_Kaddisch_der_Waisen\">Kapitel 26. Die Vorschriften f\u00fcr Kaddisch der Waisen.<\/a><\/li>\n<li><a href=\"https:\/\/www.talmud.de\/tlmd\/kitzur-schulchan-aruch-kapitel-25-bis-27\/#Kapitel_27_Vorschriften_fuer_das_Thora-Lernen\">Kapitel 27. Vorschriften f\u00fcr das Thora-Lernen.<\/a><\/li>\n<\/ul>\n<h3><a href=\"https:\/\/www.talmud.de\/tlmd\/kitzur-schulchan-aruch-kapitel-34-vorschriften-fuer-die-mildtaetigkeit\/\">Kapitel 34 \u2013 Vorschriften f\u00fcr die Mildt\u00e4tigkeit<\/a><\/h3>\n<h3><a href=\"https:\/\/www.talmud.de\/tlmd\/kitzur-schulchan-aruch-siman-79-die-vorschriften-fuer-den-maftir\/\">Kapitel 79: Die Vorschriften f\u00fcr den Maftir<\/a><\/h3>\n<h3>Kapitel 107 bis 120 \u2013 Pessach<\/h3>\n<ul>\n<li><a href=\"https:\/\/www.talmud.de\/tlmd\/vorschriften-fuer-erew-pessach\/\">Kapitel 113 &#8211; Vorschriften f\u00fcr Erew Pessach<\/a><\/li>\n<li><a href=\"https:\/\/www.talmud.de\/tlmd\/kitzur-schulchan-aruch-kapitel-119-die-ordnung-fuer-die-pessach-nacht\/\">Kapitel 119 &#8211; die Ordnung f\u00fcr die Pessach-Nacht<\/a><\/li>\n<\/ul>\n<h3><a href=\"https:\/\/www.talmud.de\/tlmd\/kitzur-schulchan-aruch-siman-123-vorschriften-fuer-erew-tischa-beaw\/\">Kapitel 123 &#8211; Vorschriften f\u00fcr Erew Tischa be\u2019Aw<\/a><\/h3>\n<h3><a href=\"https:\/\/www.talmud.de\/tlmd\/kitzur-schulchan-aruch-kapitel-128\/\">Kapitel 128. Vorschriften f\u00fcr den Monat Elul<\/a><\/h3>\n","protected":false},"excerpt":{"rendered":"<p>Der Kitzur Schulchan Aruch (zuweilen auch Kizzur) ist ein verdichtetes Kompendium des Schulchan Aruch. 1864 wurde er von Schlomo Ganzfried ver\u00f6ffentlicht. Die halachischen Entscheidungen in Ganzfrieds Werk basierten auf drei anderen aschkenasischen Gr\u00f6\u00dfen: Rabbi Yaakov Lorberbaum, Rabbi Schneur Zalman aus Liadi und Rabbi Abraham Danzig. Hier findet man die deutsche \u00dcbersetzung von Rabbiner Dr. Selig Pinchas Bamberger (1872 \u2013 1936). Er war Rabbiner in Hamburg und \u00dcbersetzer zahlreicher j\u00fcdischer Quelltexte ins Deutsche. Seine Einleitung in den Kitzur Schulchan Aruch: Der Kitzur Schulchan Aruch ist eine Vorschule f\u00fcr das Verst\u00e4ndnis der Quellen der Halacha. Weil er dem System des Schulchan Aruch folgt, nannte ihn sein Verfasser einen kurzen Schulchan Aruch. Er enth\u00e4lt aber &#8211; auch nicht gek\u00fcrzt nicht alle Teile des Schulchan Aruch, sondern nur diejenigen, die dem t\u00e4glichen Leben am n\u00e4chsten stehen und darum f\u00fcr die Einf\u00fchrung in die Quellen am geeignetsten und wichtigsten sind. Zur Hauptsache also finden wir im Kitzur den Orach Chajim (Gebete und geheiligte Zeiten), einen Teil des Jore Deah (verbotene Speisen, Reinheitsgesetze f\u00fcr die Ehe, Vorschriften f\u00fcr Trauernde) und kleinere &hellip;<\/p>\n","protected":false},"author":1,"featured_media":0,"parent":0,"menu_order":0,"comment_status":"closed","ping_status":"closed","template":"","meta":{"_themeisle_gutenberg_block_has_review":false,"footnotes":""},"class_list":["post-3048","page","type-page","status-publish","hentry"],"jetpack_sharing_enabled":true,"_links":{"self":[{"href":"https:\/\/www.talmud.de\/tlmd\/wp-json\/wp\/v2\/pages\/3048","targetHints":{"allow":["GET"]}}],"collection":[{"href":"https:\/\/www.talmud.de\/tlmd\/wp-json\/wp\/v2\/pages"}],"about":[{"href":"https:\/\/www.talmud.de\/tlmd\/wp-json\/wp\/v2\/types\/page"}],"author":[{"embeddable":true,"href":"https:\/\/www.talmud.de\/tlmd\/wp-json\/wp\/v2\/users\/1"}],"replies":[{"embeddable":true,"href":"https:\/\/www.talmud.de\/tlmd\/wp-json\/wp\/v2\/comments?post=3048"}],"version-history":[{"count":2,"href":"https:\/\/www.talmud.de\/tlmd\/wp-json\/wp\/v2\/pages\/3048\/revisions"}],"predecessor-version":[{"id":4363,"href":"https:\/\/www.talmud.de\/tlmd\/wp-json\/wp\/v2\/pages\/3048\/revisions\/4363"}],"wp:attachment":[{"href":"https:\/\/www.talmud.de\/tlmd\/wp-json\/wp\/v2\/media?parent=3048"}],"curies":[{"name":"wp","href":"https:\/\/api.w.org\/{rel}","templated":true}]}}