{"id":3353,"date":"2018-09-13T15:35:24","date_gmt":"2018-09-13T13:35:24","guid":{"rendered":"https:\/\/www.talmud.de\/tlmd\/?page_id=3353"},"modified":"2018-09-13T15:35:24","modified_gmt":"2018-09-13T13:35:24","slug":"textpflege","status":"publish","type":"page","link":"https:\/\/www.talmud.de\/tlmd\/creative-commons\/textpflege\/","title":{"rendered":"Textpflege"},"content":{"rendered":"\n<p>Grunds\u00e4tzlich kann jeder <em>motivierte <\/em>Nutzer einen Zugang zum Backend von talmud.de erhalten und Texte selber pflegen. Da das nicht immer selbsterkl\u00e4rend, deshalb zeigt diese Seite die Pflege von Texten.<\/p>\n<h2>Arbeiten mit dem Editor<\/h2>\n<div id=\"attachment_3370\" style=\"width: 656px\" class=\"wp-caption aligncenter\"><img data-recalc-dims=\"1\" loading=\"lazy\" decoding=\"async\" aria-describedby=\"caption-attachment-3370\" src=\"https:\/\/i0.wp.com\/www.talmud.de\/tlmd\/wp-content\/uploads\/2018\/09\/editor_einausJPG.jpg?resize=646%2C87&#038;ssl=1\" alt=\"\" width=\"646\" height=\"87\" class=\"size-full wp-image-3370\" srcset=\"https:\/\/i0.wp.com\/www.talmud.de\/tlmd\/wp-content\/uploads\/2018\/09\/editor_einausJPG.jpg?w=646&amp;ssl=1 646w, https:\/\/i0.wp.com\/www.talmud.de\/tlmd\/wp-content\/uploads\/2018\/09\/editor_einausJPG.jpg?resize=300%2C40&amp;ssl=1 300w\" sizes=\"auto, (max-width: 646px) 100vw, 646px\" \/><p id=\"caption-attachment-3370\" class=\"wp-caption-text\">Visueller Editor und Quelltexteditor &#8211; bitte den angezeigten Visuellen Editor nicht w\u00e4hlen<\/p><\/div>\n<p>Es sollte ausschlie\u00dflich mit dem Text.Editor gearbeitet werden. Der visuelle Editor formatiert den Text zuweilen um. <\/p>\n<p>Der Text-Editor erzeugt automatisch einen Zeilenumbruch &lt;br \/&gt;, wenn man die Enter-Taste einmal dr\u00fcckt.<\/p>\n<p>Wird nach einem Satz die Enter-Taste zwei Mal gedr\u00fcckt, erzeugt der Text-Editor in der Ausgabe einen Absatz (&lt;p&gt;&lt;\/p&gt;).<\/p>\n<p>Eine Strukturierung eines langen Textes durch Abs\u00e4tze empfiehlt sich.<\/p>\n<h2>Den Text formatieren<\/h2>\n<p>Oben im Editor, in der sog. Quicktag-Leiste, stehen die folgenden Formatierungen\/html-Tags zur Verf\u00fcgung. Man markiert den entsprechenden Text und w\u00e4hlt dann das Element aus der Quicktag-Leiste:<\/p>\n<div id=\"attachment_3373\" style=\"width: 510px\" class=\"wp-caption aligncenter\"><img data-recalc-dims=\"1\" loading=\"lazy\" decoding=\"async\" aria-describedby=\"caption-attachment-3373\" src=\"https:\/\/i0.wp.com\/www.talmud.de\/tlmd\/wp-content\/uploads\/2018\/09\/editor_elemente.jpg?resize=500%2C60&#038;ssl=1\" alt=\"\" width=\"500\" height=\"60\" class=\"size-full wp-image-3373\" srcset=\"https:\/\/i0.wp.com\/www.talmud.de\/tlmd\/wp-content\/uploads\/2018\/09\/editor_elemente.jpg?w=500&amp;ssl=1 500w, https:\/\/i0.wp.com\/www.talmud.de\/tlmd\/wp-content\/uploads\/2018\/09\/editor_elemente.jpg?resize=300%2C36&amp;ssl=1 300w\" sizes=\"auto, (max-width: 500px) 100vw, 500px\" \/><p id=\"caption-attachment-3373\" class=\"wp-caption-text\">Quick-Tag Elemente<\/p><\/div>\n<ol>\n<li><code>b<\/code> (steht f\u00fcr engl. bold) = Der mit diesem Tag ausgezeichnete Abschnitt wird fett formatiert.<\/li>\n<li><code>i<\/code> (engl. italic) = Der hiermit ausgezeichnete Abschnitt wird als wichtig hervorgehoben bzw. kursiv formatiert.<\/li>\n<li><code>link<\/code> = Hiermit f\u00fcgt man einen Link ein.<\/li>\n<li><code>b-quote<\/code> = Hiermit wird ein Abschnitt als Zitat ausgezeichnet.<\/li>\n<li><code>del<\/code> (delete) = \u00fcberholten bzw. alten Inhalt kennzeichnen<\/li>\n<li><code>ins<\/code> (insert) = neuen bzw. aktuellen Inhalt kennzeichnen (Gegenst\u00fcck zu del)<\/li>\n<li><code>img<\/code> (image) = Hiermit kann man ein Bild (image) einf\u00fcgen. Bitte Bilder \u00fcber den Knopf \u00bbMedien hinzuf\u00fcgen\u00ab in den Text einf\u00fcgen.<\/li>\n<li><code>ul<\/code> (unnumbered list) = eine Aufz\u00e4hlungsliste einleiten<\/li>\n<li><code>ol<\/code> (ordered list) = eine nummerierte Liste einleiten<\/li>\n<li><code>li<\/code> (list) = einen Listenpunkt innerhalb einer Aufz\u00e4hlungs- oder einer nummerierten Liste einf\u00fcgen<\/li>\n<li><code>code<\/code> = ein Code-Beispiel kennzeichnen<\/li>\n<li><code>more<\/code> = Der &#8222;weiterlesen\u2026&#8220;-Link trennt den Text in eine Einleitung (engl. Teaser) und den Rest.<\/li>\n<li><code>Tags schlie\u00dfen<\/code> = alle offenen Tags werden geschlossen<\/li>\n<\/ol>\n<p>Die \u00dcberschriften m\u00fcssen leider per Hand formatiert werden:<\/p>\n<p>\u00dcberschrift zweiter Ebene (die erste w\u00e4re die \u00dcberschrift der gesamten Seite):<br \/>\n<code>&lt;h2&gt; &lt;\/h2&gt;<\/code><\/p>\n<p>Eine Unterebene w\u00e4re<br \/>\n<code>&lt;h3&gt; &lt;\/h3&gt;<\/code><\/p>\n<p>Also<br \/>\n<code>&lt;h2&gt; \u00dcberschrift des Kapitels &lt;\/h2&gt;<\/code><\/p>\n<p>Auf den Artikelseiten kann (basierend auf den \u00dcberschriften) ein Inhaltsverzeichnis erstellt werden. Dazu f\u00fcgt man, in eckigen Klammern, den Tag <code>toc <\/code> hinzu:<\/p>\n<p><code>&#091;toc&#093;<\/code><\/p>\n<h3>Hebr\u00e4ischer Text<\/h3>\n<p>Hebr\u00e4ischer Text sollte mit Absatz-Tags eingegeben werden, die speziell f\u00fcr hebr\u00e4ischen Text angelegt wurden. Sie stellen sicher, dass der Text lesefreundlich und von Rechts-nach-Links dargestellt wird.<\/p>\n<p>Vor dem hebr\u00e4ischen Text<br \/>\n<code>&lt;p class=\"hetext\"&gt;<\/code><\/p>\n<p>Nach dem hebr\u00e4ischen Text<br \/>\n<code>&lt;\/p&gt;<\/code><\/p>\n<h2>Nach der Eingabe des Textes<\/h2>\n<p>F\u00fcr die Darstellung auf den \u00dcbersichtsseiten (und zum Teil auch in Suchmaschinen) sollte noch ein beschreibender Text\/Auszug gepflegt werden. Unter dem Fenster mit dem Editor muss dazu das Feld Auszug gepflegt werden:<br \/>\n<div id=\"attachment_3387\" style=\"width: 850px\" class=\"wp-caption aligncenter\"><img data-recalc-dims=\"1\" loading=\"lazy\" decoding=\"async\" aria-describedby=\"caption-attachment-3387\" src=\"https:\/\/i0.wp.com\/www.talmud.de\/tlmd\/wp-content\/uploads\/2018\/09\/auszug.png?resize=840%2C100&#038;ssl=1\" alt=\"\" width=\"840\" height=\"100\" class=\"size-large wp-image-3387\" srcset=\"https:\/\/i0.wp.com\/www.talmud.de\/tlmd\/wp-content\/uploads\/2018\/09\/auszug.png?resize=1024%2C122&amp;ssl=1 1024w, https:\/\/i0.wp.com\/www.talmud.de\/tlmd\/wp-content\/uploads\/2018\/09\/auszug.png?resize=300%2C36&amp;ssl=1 300w, https:\/\/i0.wp.com\/www.talmud.de\/tlmd\/wp-content\/uploads\/2018\/09\/auszug.png?resize=768%2C92&amp;ssl=1 768w, https:\/\/i0.wp.com\/www.talmud.de\/tlmd\/wp-content\/uploads\/2018\/09\/auszug.png?w=1424&amp;ssl=1 1424w\" sizes=\"auto, (max-width: 840px) 100vw, 840px\" \/><p id=\"caption-attachment-3387\" class=\"wp-caption-text\">Das Feld \u00bbAuszug\u00ab<\/p><\/div><\/p>\n<p>Ist dieses Feld nicht sichtbar, kann es oben \u00fcber \u00bbAnsicht anpassen\u00ab eingeblendet werden:<\/p>\n<div id=\"attachment_3389\" style=\"width: 823px\" class=\"wp-caption aligncenter\"><img data-recalc-dims=\"1\" loading=\"lazy\" decoding=\"async\" aria-describedby=\"caption-attachment-3389\" src=\"https:\/\/i0.wp.com\/www.talmud.de\/tlmd\/wp-content\/uploads\/2018\/09\/ansicht_anpassen.png?resize=813%2C49&#038;ssl=1\" alt=\"\" width=\"813\" height=\"49\" class=\"size-full wp-image-3389\" srcset=\"https:\/\/i0.wp.com\/www.talmud.de\/tlmd\/wp-content\/uploads\/2018\/09\/ansicht_anpassen.png?w=813&amp;ssl=1 813w, https:\/\/i0.wp.com\/www.talmud.de\/tlmd\/wp-content\/uploads\/2018\/09\/ansicht_anpassen.png?resize=300%2C18&amp;ssl=1 300w, https:\/\/i0.wp.com\/www.talmud.de\/tlmd\/wp-content\/uploads\/2018\/09\/ansicht_anpassen.png?resize=768%2C46&amp;ssl=1 768w\" sizes=\"auto, (max-width: 813px) 100vw, 813px\" \/><p id=\"caption-attachment-3389\" class=\"wp-caption-text\">Die Ansicht \u00e4ndern &#8211; den Dialog aktivieren<\/p><\/div>\n<p>Dann \u00bbAuszug\u00ab aktivieren:<br \/>\n<div id=\"attachment_3390\" style=\"width: 798px\" class=\"wp-caption aligncenter\"><img data-recalc-dims=\"1\" loading=\"lazy\" decoding=\"async\" aria-describedby=\"caption-attachment-3390\" src=\"https:\/\/i0.wp.com\/www.talmud.de\/tlmd\/wp-content\/uploads\/2018\/09\/ansicht_auszug.png?resize=788%2C295&#038;ssl=1\" alt=\"\" width=\"788\" height=\"295\" class=\"size-full wp-image-3390\" srcset=\"https:\/\/i0.wp.com\/www.talmud.de\/tlmd\/wp-content\/uploads\/2018\/09\/ansicht_auszug.png?w=788&amp;ssl=1 788w, https:\/\/i0.wp.com\/www.talmud.de\/tlmd\/wp-content\/uploads\/2018\/09\/ansicht_auszug.png?resize=300%2C112&amp;ssl=1 300w, https:\/\/i0.wp.com\/www.talmud.de\/tlmd\/wp-content\/uploads\/2018\/09\/ansicht_auszug.png?resize=768%2C288&amp;ssl=1 768w\" sizes=\"auto, (max-width: 788px) 100vw, 788px\" \/><p id=\"caption-attachment-3390\" class=\"wp-caption-text\">Auszug aktivieren.<\/p><\/div><\/p>\n<h2>Verwendung von Bildern<\/h2>\n<p>Es werden ausschlie\u00dflich <em>freie <\/em>Bilder verwendet. Das sollten immer Werke mit <em>Creative Commons Lizenz<\/em> sein. Dabei m\u00fcssen immer folgende Angaben zum Bild gemacht werden:<\/p>\n<ul>\n<li>Titel des Werks mit Link zur Quelle<\/li>\n<li>Name des Urhebers bzw. der Profilname auf dem Medienportal mit Link<\/li>\n<li>Die jeweilige CC-Lizenz und der Link auf die entsprechende Lizenzurkunde, wo die Lizenzbedingungen nachgelsen werden k\u00f6nnen<\/li>\n<li>Falls eine Bearbeitung des Bildes gemacht wurde, sollte dies ebenfalls angegeben werden.<\/li>\n<\/ul>\n<p>Bei der Auswahl muss darauf geachtet werden, dass das entsprechende Bild ggf. auch kommerziell genutzt werden d\u00fcrfte. <a href=\"https:\/\/commons.wikimedia.org\/\">Wikimedia Commons<\/a> w\u00e4re die pr\u00e4ferierte Quelle f\u00fcr derartige Bilder.<\/p>\n<p>Das Commons Bild kann in der gew\u00fcnschten Gr\u00f6\u00dfe (maximal 1200 Pixel auf talmud.de) heruntergeladen werden. Anschlie\u00dfend kann dort der Punkt \u00bbEinbinden in eine Website, die kein Wiki ist\u00ab ausgew\u00e4hlt werden:<br \/>\n<img data-recalc-dims=\"1\" loading=\"lazy\" decoding=\"async\" src=\"https:\/\/i0.wp.com\/www.talmud.de\/tlmd\/wp-content\/uploads\/2018\/09\/einbinden_nonwiki.png?resize=669%2C387&#038;ssl=1\" alt=\"\" width=\"669\" height=\"387\" class=\"aligncenter size-full wp-image-3380\" srcset=\"https:\/\/i0.wp.com\/www.talmud.de\/tlmd\/wp-content\/uploads\/2018\/09\/einbinden_nonwiki.png?w=669&amp;ssl=1 669w, https:\/\/i0.wp.com\/www.talmud.de\/tlmd\/wp-content\/uploads\/2018\/09\/einbinden_nonwiki.png?resize=300%2C174&amp;ssl=1 300w\" sizes=\"auto, (max-width: 669px) 100vw, 669px\" \/><\/p>\n<p>Dort \u00f6ffnet sich ein Dialog, der die Lizenz ausgibt. Hier bitte bei \u00bbNennung der Urheberschaft\u00ab html anklicken und die Angaben kopieren:<br \/>\n<img data-recalc-dims=\"1\" loading=\"lazy\" decoding=\"async\" src=\"https:\/\/i0.wp.com\/www.talmud.de\/tlmd\/wp-content\/uploads\/2018\/09\/nennung_urheberschaft.png?resize=629%2C352&#038;ssl=1\" alt=\"\" width=\"629\" height=\"352\" class=\"aligncenter size-full wp-image-3381\" srcset=\"https:\/\/i0.wp.com\/www.talmud.de\/tlmd\/wp-content\/uploads\/2018\/09\/nennung_urheberschaft.png?w=629&amp;ssl=1 629w, https:\/\/i0.wp.com\/www.talmud.de\/tlmd\/wp-content\/uploads\/2018\/09\/nennung_urheberschaft.png?resize=300%2C168&amp;ssl=1 300w\" sizes=\"auto, (max-width: 629px) 100vw, 629px\" \/><\/p>\n<p>Diese kann dann in das Feld \u00bbBeschriftung\u00ab mit aufgenommen werden:<br \/>\n<div id=\"attachment_3382\" style=\"width: 291px\" class=\"wp-caption aligncenter\"><img data-recalc-dims=\"1\" loading=\"lazy\" decoding=\"async\" aria-describedby=\"caption-attachment-3382\" src=\"https:\/\/i0.wp.com\/www.talmud.de\/tlmd\/wp-content\/uploads\/2018\/09\/beschriftung.png?resize=281%2C586&#038;ssl=1\" alt=\"\" width=\"281\" height=\"586\" class=\"size-full wp-image-3382\" srcset=\"https:\/\/i0.wp.com\/www.talmud.de\/tlmd\/wp-content\/uploads\/2018\/09\/beschriftung.png?w=281&amp;ssl=1 281w, https:\/\/i0.wp.com\/www.talmud.de\/tlmd\/wp-content\/uploads\/2018\/09\/beschriftung.png?resize=144%2C300&amp;ssl=1 144w\" sizes=\"auto, (max-width: 281px) 100vw, 281px\" \/><p id=\"caption-attachment-3382\" class=\"wp-caption-text\">Beschriftung &#8211; hier bitte auch Angaben zur Urheberschaft machen.<\/p><\/div><\/p>\n","protected":false},"excerpt":{"rendered":"<p>Grunds\u00e4tzlich kann jeder motivierte Nutzer einen Zugang zum Backend von talmud.de erhalten und Texte selber pflegen. Da das nicht immer selbsterkl\u00e4rend, deshalb zeigt diese Seite die Pflege von Texten. Arbeiten mit dem Editor Es sollte ausschlie\u00dflich mit dem Text.Editor gearbeitet werden. Der visuelle Editor formatiert den Text zuweilen um. Der Text-Editor erzeugt automatisch einen Zeilenumbruch &lt;br \/&gt;, wenn man die Enter-Taste einmal dr\u00fcckt. Wird nach einem Satz die Enter-Taste zwei Mal gedr\u00fcckt, erzeugt der Text-Editor in der Ausgabe einen Absatz (&lt;p&gt;&lt;\/p&gt;). Eine Strukturierung eines langen Textes durch Abs\u00e4tze empfiehlt sich. Den Text formatieren Oben im Editor, in der sog. Quicktag-Leiste, stehen die folgenden Formatierungen\/html-Tags zur Verf\u00fcgung. Man markiert den entsprechenden Text und w\u00e4hlt dann das Element aus der Quicktag-Leiste: b (steht f\u00fcr engl. bold) = Der mit diesem Tag ausgezeichnete Abschnitt wird fett formatiert. i (engl. italic) = Der hiermit ausgezeichnete Abschnitt wird als wichtig hervorgehoben bzw. kursiv formatiert. link = Hiermit f\u00fcgt man einen Link ein. b-quote = Hiermit wird ein Abschnitt als Zitat ausgezeichnet. del (delete) = \u00fcberholten bzw. alten Inhalt kennzeichnen ins &hellip;<\/p>\n","protected":false},"author":1,"featured_media":0,"parent":1458,"menu_order":0,"comment_status":"closed","ping_status":"closed","template":"","meta":{"_themeisle_gutenberg_block_has_review":false,"footnotes":""},"class_list":["post-3353","page","type-page","status-publish","hentry"],"jetpack_sharing_enabled":true,"_links":{"self":[{"href":"https:\/\/www.talmud.de\/tlmd\/wp-json\/wp\/v2\/pages\/3353","targetHints":{"allow":["GET"]}}],"collection":[{"href":"https:\/\/www.talmud.de\/tlmd\/wp-json\/wp\/v2\/pages"}],"about":[{"href":"https:\/\/www.talmud.de\/tlmd\/wp-json\/wp\/v2\/types\/page"}],"author":[{"embeddable":true,"href":"https:\/\/www.talmud.de\/tlmd\/wp-json\/wp\/v2\/users\/1"}],"replies":[{"embeddable":true,"href":"https:\/\/www.talmud.de\/tlmd\/wp-json\/wp\/v2\/comments?post=3353"}],"version-history":[{"count":2,"href":"https:\/\/www.talmud.de\/tlmd\/wp-json\/wp\/v2\/pages\/3353\/revisions"}],"predecessor-version":[{"id":4704,"href":"https:\/\/www.talmud.de\/tlmd\/wp-json\/wp\/v2\/pages\/3353\/revisions\/4704"}],"up":[{"embeddable":true,"href":"https:\/\/www.talmud.de\/tlmd\/wp-json\/wp\/v2\/pages\/1458"}],"wp:attachment":[{"href":"https:\/\/www.talmud.de\/tlmd\/wp-json\/wp\/v2\/media?parent=3353"}],"curies":[{"name":"wp","href":"https:\/\/api.w.org\/{rel}","templated":true}]}}