{"id":3395,"date":"2018-09-18T14:59:32","date_gmt":"2018-09-18T12:59:32","guid":{"rendered":"https:\/\/www.talmud.de\/tlmd\/?page_id=3395"},"modified":"2018-09-23T01:17:26","modified_gmt":"2018-09-22T23:17:26","slug":"siddur","status":"publish","type":"page","link":"https:\/\/www.talmud.de\/tlmd\/siddur\/","title":{"rendered":"Online-Siddur"},"content":{"rendered":"<p>Der Online Siddur von talmud.de (Nussach Aschkenaz)<\/p>\n<h2>Berachot &#8211; \u05d1\u05e8\u05db\u05d5\u05ea<\/h2>\n<ul>\n<li><a href=\"https:\/\/www.talmud.de\/tlmd\/siddur\/siddur-birkat-hamazon-das-tischgebet\/\">Birkat haMazon \u2013 das Tischgebet<\/a><\/li>\n<li><a href=\"https:\/\/www.talmud.de\/tlmd\/siddur\/siddur-berachot\/\">Berachot &#8211; Segensspr\u00fcche<\/a><\/li>\n<\/ul>\n<h2>Wochentage &#8211; \u05d9\u05de\u05d9 \u05d7\u05d5\u05dc<\/h2>\n<ul>\n<li><a href=\"https:\/\/www.talmud.de\/tlmd\/siddur\/siddur-minchah\/\">Minchah<\/a><\/li>\n<li><a href=\"https:\/\/www.talmud.de\/tlmd\/siddur\/siddur-nachtgebet\/\">Das Nachtgebet<\/a><\/li>\n<\/ul>\n<h2>Fest- und Fastentage &#8211; \u05d7\u05d2\u05d9\u05dd, \u05de\u05d5\u05e2\u05d3\u05d9\u05dd \u05d5\u05ea\u05e2\u05e0\u05d9\u05d5\u05ea<\/h2>\n<h3>Tischa beAw<\/h3>\n<ul>\n<li><a href=\"https:\/\/www.talmud.de\/tlmd\/siddur\/siddur-kinnot-fuer-den-abend-von-tischa-beaw\/\">Kinnot f\u00fcr den Abend von Tischa beAw<\/a><\/li>\n<li><a href=\"https:\/\/www.talmud.de\/tlmd\/siddur\/siddur-kinnot-fuer-den-morgen-von-tischa-beaw\/\">Kinnot f\u00fcr den Morgen von Tischa beAw<\/a><\/li>\n<\/ul>\n<p><strong>Ein Siddur f\u00fcr unterwegs. <\/strong><br \/>\nDurch das Onlineformat ist es m\u00f6glich, viele Varianten von Gebeten (mit Minjan, ohne Minjan) darzustellen. <\/p>\n<p><em>Diese Seite ist nicht f\u00fcr den Druck gedacht, deshalb ist der Gottesname hier stets ausgeschrieben.<\/em><\/p>\n","protected":false},"excerpt":{"rendered":"<p>Der Online Siddur von talmud.de (Nussach Aschkenaz) Berachot &#8211; \u05d1\u05e8\u05db\u05d5\u05ea Birkat haMazon \u2013 das Tischgebet Berachot &#8211; Segensspr\u00fcche Wochentage &#8211; \u05d9\u05de\u05d9 \u05d7\u05d5\u05dc Minchah Das Nachtgebet Fest- und Fastentage &#8211; \u05d7\u05d2\u05d9\u05dd, \u05de\u05d5\u05e2\u05d3\u05d9\u05dd \u05d5\u05ea\u05e2\u05e0\u05d9\u05d5\u05ea Tischa beAw Kinnot f\u00fcr den Abend von Tischa beAw Kinnot f\u00fcr den Morgen von Tischa beAw Ein Siddur f\u00fcr unterwegs. Durch das Onlineformat ist es m\u00f6glich, viele Varianten von Gebeten (mit Minjan, ohne Minjan) darzustellen. Diese Seite ist nicht f\u00fcr den Druck gedacht, deshalb ist der Gottesname hier stets ausgeschrieben.<\/p>\n","protected":false},"author":1,"featured_media":0,"parent":0,"menu_order":0,"comment_status":"closed","ping_status":"closed","template":"page-templates\/full-width.php","meta":{"_themeisle_gutenberg_block_has_review":false,"footnotes":""},"class_list":["post-3395","page","type-page","status-publish","hentry"],"jetpack_sharing_enabled":true,"_links":{"self":[{"href":"https:\/\/www.talmud.de\/tlmd\/wp-json\/wp\/v2\/pages\/3395","targetHints":{"allow":["GET"]}}],"collection":[{"href":"https:\/\/www.talmud.de\/tlmd\/wp-json\/wp\/v2\/pages"}],"about":[{"href":"https:\/\/www.talmud.de\/tlmd\/wp-json\/wp\/v2\/types\/page"}],"author":[{"embeddable":true,"href":"https:\/\/www.talmud.de\/tlmd\/wp-json\/wp\/v2\/users\/1"}],"replies":[{"embeddable":true,"href":"https:\/\/www.talmud.de\/tlmd\/wp-json\/wp\/v2\/comments?post=3395"}],"version-history":[{"count":2,"href":"https:\/\/www.talmud.de\/tlmd\/wp-json\/wp\/v2\/pages\/3395\/revisions"}],"predecessor-version":[{"id":3535,"href":"https:\/\/www.talmud.de\/tlmd\/wp-json\/wp\/v2\/pages\/3395\/revisions\/3535"}],"wp:attachment":[{"href":"https:\/\/www.talmud.de\/tlmd\/wp-json\/wp\/v2\/media?parent=3395"}],"curies":[{"name":"wp","href":"https:\/\/api.w.org\/{rel}","templated":true}]}}