{"id":3405,"date":"2018-09-18T15:06:15","date_gmt":"2018-09-18T13:06:15","guid":{"rendered":"https:\/\/www.talmud.de\/tlmd\/?page_id=3405"},"modified":"2018-09-20T09:31:28","modified_gmt":"2018-09-20T07:31:28","slug":"siddur-berachot","status":"publish","type":"page","link":"https:\/\/www.talmud.de\/tlmd\/siddur\/siddur-berachot\/","title":{"rendered":"Siddur \u2013 Berachot"},"content":{"rendered":"<p>[widgets_on_pages id=&#8220;onlinesiddur&#8220;]<\/p>\n<h2>Berachot<\/h2>\n<p>verschiedene Segensspr\u00fcche<\/p>\n<p><a name=\"anfang\"><\/a><\/p>\n<p style=\"text-align:center\">\u00dcber das H\u00e4ndewaschen<\/p>\n<p class=\"hetext\">\n\t\t\t\t\t\t\t\t\t\u05d1\u05bc\u05b8\u05e8\u05d5\u05bc\u05da\u05b0 \u05d0\u05b7\u05ea\u05bc\u05b8\u05d4 \u05d9\u05b0\u05d9\u05b8, \u05d0\u05b1\u05dc\u05b9\u05d4\u05b5\u05bd\u05d9\u05e0\u05d5\u05bc \u05de\u05b6\u05bd\u05dc\u05b6\u05da\u05b0 \u05d4\u05b8\u05e2\u05d5\u05b9\u05dc\u05b8\u05dd, \u05d0\u05b2\u05e9\u05c1\u05b6\u05e8 \u05e7\u05b4\u05d3\u05bc\u05b0\u05e9\u05c1\u05b8\u05bd\u05e0\u05d5\u05bc \u05d1\u05bc\u05b0\u05de\u05b4\u05e6\u05b0\u05d5\u05b9\u05ea\u05b8\u05d9\u05d5, \u05d5\u05b0\u05e6\u05b4\u05d5\u05bc\u05b8\u05bd\u05e0\u05d5\u05bc \u05e2\u05b7\u05dc \u05e0\u05b0\u05d8\u05b4\u05d9\u05dc\u05b7\u05ea \u05d9\u05b8\u05d3\u05b8\u05bd\u05d9\u05b4\u05dd.\n\t\t\t\t\t\t\t\t\t<\/p>\n<p><\/p>\n<p style=\"text-align:center\">\u00dcber Backwaren<\/p>\n<p class=\"hetext\">\n\t\t\t\t\t\t\t\t\t\u05d1\u05bc\u05b8\u05e8\u05d5\u05bc\u05da\u05b0 \u05d0\u05b7\u05ea\u05bc\u05b8\u05d4 \u05d9\u05b0\u05d9\u05b8, \u05d0\u05b1\u05dc\u05b9\u05d4\u05b5\u05bd\u05d9\u05e0\u05d5\u05bc \u05de\u05b6\u05bd\u05dc\u05b6\u05da\u05b0 \u05d4\u05b8\u05e2\u05d5\u05b9\u05dc\u05b8\u05dd, \u05d4\u05b7\u05de\u05bc\u05bd\u05d5\u05b9\u05e6\u05b4\u05d9\u05d0 \u05dc\u05b6\u05bd\u05d7\u05b6\u05dd \u05de\u05b4\u05df \u05d4\u05b8\u05d0\u05b8\u05bd\u05e8\u05b6\u05e5.\n\t\t\t\t\t\t\t\t\t<\/p>\n<p><\/p>\n<p style=\"text-align:center\">\u00dcber Wein oder Traubensaft<\/p>\n<p class=\"hetext\">\n\t\t\t\t\t\t\t\t\u05d1\u05bc\u05b8\u05e8\u05d5\u05bc\u05da\u05b0 \u05d0\u05b7\u05ea\u05bc\u05b8\u05d4 \u05d9\u05b0\u05d9\u05b8, \u05d0\u05b1\u05dc\u05b9\u05d4\u05b5\u05bd\u05d9\u05e0\u05d5\u05bc \u05de\u05b6\u05bd\u05dc\u05b6\u05da\u05b0 \u05d4\u05b8\u05e2\u05d5\u05b9\u05dc\u05b8\u05dd, \u05d1\u05bc\u05d5\u05b9\u05e8\u05b5\u05d0 \u05e4\u05bc\u05b0\u05e8\u05b4\u05d9 \u05d4\u05b7\u05d2\u05bc\u05b8\u05bd\u05e4\u05b6\u05df:\n\t\t\t\t\t\t\t\t\t<\/p>\n<p>\t\t\t\t<\/p>\n<p style=\"text-align:center\">\u00dcber Fr\u00fcchte die an einem Baum (pri ha&#8217;etz) wachsen. \u00dcber Erdbeeren  und Bananen wird der Segensspruch \u00fcber die \u201eErdfr\u00fcchte\u201c (pri ha&#8217;adamah) gesagt.<\/p>\n<p class=\"hetext\">\n\t\t\t\t\t\t\t\t\u05d1\u05bc\u05b8\u05e8\u05d5\u05bc\u05da\u05b0 \u05d0\u05b7\u05ea\u05bc\u05b8\u05d4 \u05d9\u05b0\u05d9\u05b8, \u05d0\u05b1\u05dc\u05b9\u05d4\u05b5\u05bd\u05d9\u05e0\u05d5\u05bc \u05de\u05b6\u05bd\u05dc\u05b6\u05da\u05b0 \u05d4\u05b8\u05e2\u05d5\u05b9\u05dc\u05b8\u05dd, \u05d1\u05bc\u05d5\u05b9\u05e8\u05b5\u05d0 \u05e4\u05bc\u05b0\u05e8\u05b4\u05d9 \u05d4\u05b8\u05e2\u05b5\u05e5:\n\t\t\t\t\t\t\t\t\t<\/p>\n<p>\t\t\t\t\t\t\t\t<\/p>\n<p style=\"text-align:center\">\u00dcber Gem\u00fcse, H\u00fclsenfr\u00fcchte, Erdbeeren, Bananen und Ananas. (pri ha&#8217;adamah)<\/p>\n<p class=\"hetext\">\n\t\t\t\t\u05d1\u05bc\u05b8\u05e8\u05d5\u05bc\u05da\u05b0 \u05d0\u05b7\u05ea\u05bc\u05b8\u05d4 \u05d9\u05b0\u05d9\u05b8, \u05d0\u05b1\u05dc\u05b9\u05d4\u05b5\u05bd\u05d9\u05e0\u05d5\u05bc \u05de\u05b6\u05bd\u05dc\u05b6\u05da\u05b0 \u05d4\u05b8\u05e2\u05d5\u05b9\u05dc\u05b8\u05dd, \u05d1\u05bc\u05d5\u05b9\u05e8\u05b5\u05d0 \u05e4\u05bc\u05b0\u05e8\u05b4\u05d9 \u05d4\u05b8\u05d0\u05b2\u05d3\u05b8\u05de\u05b8\u05d4:\n\t\t\t\t\t\t\t\t\t<\/p>\n<p>\t<\/p>\n<p style=\"text-align:center\">\u00dcber Speisen die aus  Getreide hergestellt wurden, aber kein Brot sind. Also Kuchen und Backwaren, Kekse, Nudeln und andere Getreideprodukte, wie etwa Couscous. (mezonot)<\/p>\n<p class=\"hetext\">\n\t\t\t\t\t\t\t\t\u05d1\u05bc\u05b8\u05e8\u05d5\u05bc\u05da\u05b0 \u05d0\u05b7\u05ea\u05bc\u05b8\u05d4 \u05d9\u05b0\u05d9\u05b8, \u05d0\u05b1\u05dc\u05b9\u05d4\u05b5\u05bd\u05d9\u05e0\u05d5\u05bc \u05de\u05b6\u05bd\u05dc\u05b6\u05da\u05b0 \u05d4\u05b8\u05e2\u05d5\u05b9\u05dc\u05b8\u05dd, \u05d1\u05bc\u05d5\u05b9\u05e8\u05b5\u05d0 \u05de\u05b4\u05d9\u05e0\u05b5\u05d9 \u05de\u05b0\u05d6\u05d5\u05b9\u05e0\u05d5\u05b9\u05ea:\n\t\t\t\t\t\t\t\t\t<\/p>\n<p>\t\t\t\t<\/p>\n<p style=\"text-align:center\">\u00dcber tierische Produkte, also Fleisch, H\u00fchnchen, Fisch und Eier. Aber auch \u00fcber Wasser und Erfrischungsgetr\u00e4nke die in keine andere Kategorie von Brachot fallen.<\/p>\n<p class=\"hetext\">\n\t\t\t\t\t\t\t\u05d1\u05bc\u05b8\u05e8\u05d5\u05bc\u05da\u05b0 \u05d0\u05b7\u05ea\u05bc\u05b8\u05d4 \u05d9\u05b0\u05d9\u05b8, \u05d0\u05b1\u05dc\u05b9\u05d4\u05b5\u05bd\u05d9\u05e0\u05d5\u05bc \u05de\u05b6\u05bd\u05dc\u05b6\u05da\u05b0 \u05d4\u05b8\u05e2\u05d5\u05b9\u05dc\u05b8\u05dd, \u05e9\u05c1\u05b6\u05d4\u05b7\u05db\u05bc\u05b9\u05dc \u05e0\u05b4\u05d4\u05b0\u05d9\u05b6\u05d4 \u05d1\u05bc\u05b4\u05d3\u05b0\u05d1\u05b8\u05e8\u05d5\u05b9:\n\t\t\t\t\t\t\t\t\t<\/p>\n<p>\t<\/p>\n<p style=\"text-align:center\">\u00dcber Gew\u00fcrze<\/p>\n<p class=\"hetext\">\n\t\u05d1\u05bc\u05b8\u05e8\u05d5\u05bc\u05da\u05b0 \u05d0\u05b7\u05ea\u05bc\u05b8\u05d4 \u05d9\u05b0\u05d9\u05b8 \u05d0\u05b1\u05dc\u05b9\u05d4\u05b5\u05bd\u05d9\u05e0\u05d5\u05bc \u05de\u05b6\u05bd\u05dc\u05b6\u05da\u05b0 \u05d4\u05b8\u05e2\u05d5\u05b9\u05dc\u05b8\u05dd, \u05d1\u05bc\u05d5\u05b9\u05e8\u05b5\u05d0 \u05de\u05b4\u05d9\u05e0\u05b5\u05d9 \u05d1\u05b0\u05e9\u05c2\u05b8\u05de\u05b4\u05d9\u05dd.\n\t\t\t\t\t\t\t\t\t<\/p>\n<p>[widgets_on_pages id=&#8220;onlinesiddur&#8220;]<\/p>\n","protected":false},"excerpt":{"rendered":"<p>[widgets_on_pages id=&#8220;onlinesiddur&#8220;] Berachot verschiedene Segensspr\u00fcche \u00dcber das H\u00e4ndewaschen \u05d1\u05bc\u05b8\u05e8\u05d5\u05bc\u05da\u05b0 \u05d0\u05b7\u05ea\u05bc\u05b8\u05d4 \u05d9\u05b0\u05d9\u05b8, \u05d0\u05b1\u05dc\u05b9\u05d4\u05b5\u05bd\u05d9\u05e0\u05d5\u05bc \u05de\u05b6\u05bd\u05dc\u05b6\u05da\u05b0 \u05d4\u05b8\u05e2\u05d5\u05b9\u05dc\u05b8\u05dd, \u05d0\u05b2\u05e9\u05c1\u05b6\u05e8 \u05e7\u05b4\u05d3\u05bc\u05b0\u05e9\u05c1\u05b8\u05bd\u05e0\u05d5\u05bc \u05d1\u05bc\u05b0\u05de\u05b4\u05e6\u05b0\u05d5\u05b9\u05ea\u05b8\u05d9\u05d5, \u05d5\u05b0\u05e6\u05b4\u05d5\u05bc\u05b8\u05bd\u05e0\u05d5\u05bc \u05e2\u05b7\u05dc \u05e0\u05b0\u05d8\u05b4\u05d9\u05dc\u05b7\u05ea \u05d9\u05b8\u05d3\u05b8\u05bd\u05d9\u05b4\u05dd. \u00dcber Backwaren \u05d1\u05bc\u05b8\u05e8\u05d5\u05bc\u05da\u05b0 \u05d0\u05b7\u05ea\u05bc\u05b8\u05d4 \u05d9\u05b0\u05d9\u05b8, \u05d0\u05b1\u05dc\u05b9\u05d4\u05b5\u05bd\u05d9\u05e0\u05d5\u05bc \u05de\u05b6\u05bd\u05dc\u05b6\u05da\u05b0 \u05d4\u05b8\u05e2\u05d5\u05b9\u05dc\u05b8\u05dd, \u05d4\u05b7\u05de\u05bc\u05bd\u05d5\u05b9\u05e6\u05b4\u05d9\u05d0 \u05dc\u05b6\u05bd\u05d7\u05b6\u05dd \u05de\u05b4\u05df \u05d4\u05b8\u05d0\u05b8\u05bd\u05e8\u05b6\u05e5. \u00dcber Wein oder Traubensaft \u05d1\u05bc\u05b8\u05e8\u05d5\u05bc\u05da\u05b0 \u05d0\u05b7\u05ea\u05bc\u05b8\u05d4 \u05d9\u05b0\u05d9\u05b8, \u05d0\u05b1\u05dc\u05b9\u05d4\u05b5\u05bd\u05d9\u05e0\u05d5\u05bc \u05de\u05b6\u05bd\u05dc\u05b6\u05da\u05b0 \u05d4\u05b8\u05e2\u05d5\u05b9\u05dc\u05b8\u05dd, \u05d1\u05bc\u05d5\u05b9\u05e8\u05b5\u05d0 \u05e4\u05bc\u05b0\u05e8\u05b4\u05d9 \u05d4\u05b7\u05d2\u05bc\u05b8\u05bd\u05e4\u05b6\u05df: \u00dcber Fr\u00fcchte die an einem Baum (pri ha&#8217;etz) wachsen. \u00dcber Erdbeeren und Bananen wird der Segensspruch \u00fcber die \u201eErdfr\u00fcchte\u201c (pri ha&#8217;adamah) gesagt. \u05d1\u05bc\u05b8\u05e8\u05d5\u05bc\u05da\u05b0 \u05d0\u05b7\u05ea\u05bc\u05b8\u05d4 \u05d9\u05b0\u05d9\u05b8, \u05d0\u05b1\u05dc\u05b9\u05d4\u05b5\u05bd\u05d9\u05e0\u05d5\u05bc \u05de\u05b6\u05bd\u05dc\u05b6\u05da\u05b0 \u05d4\u05b8\u05e2\u05d5\u05b9\u05dc\u05b8\u05dd, \u05d1\u05bc\u05d5\u05b9\u05e8\u05b5\u05d0 \u05e4\u05bc\u05b0\u05e8\u05b4\u05d9 \u05d4\u05b8\u05e2\u05b5\u05e5: \u00dcber Gem\u00fcse, H\u00fclsenfr\u00fcchte, Erdbeeren, Bananen und Ananas. (pri ha&#8217;adamah) \u05d1\u05bc\u05b8\u05e8\u05d5\u05bc\u05da\u05b0 \u05d0\u05b7\u05ea\u05bc\u05b8\u05d4 \u05d9\u05b0\u05d9\u05b8, \u05d0\u05b1\u05dc\u05b9\u05d4\u05b5\u05bd\u05d9\u05e0\u05d5\u05bc \u05de\u05b6\u05bd\u05dc\u05b6\u05da\u05b0 \u05d4\u05b8\u05e2\u05d5\u05b9\u05dc\u05b8\u05dd, \u05d1\u05bc\u05d5\u05b9\u05e8\u05b5\u05d0 \u05e4\u05bc\u05b0\u05e8\u05b4\u05d9 \u05d4\u05b8\u05d0\u05b2\u05d3\u05b8\u05de\u05b8\u05d4: \u00dcber Speisen die aus Getreide hergestellt wurden, aber kein Brot sind. Also Kuchen und Backwaren, Kekse, Nudeln und andere Getreideprodukte, wie etwa Couscous. (mezonot) \u05d1\u05bc\u05b8\u05e8\u05d5\u05bc\u05da\u05b0 \u05d0\u05b7\u05ea\u05bc\u05b8\u05d4 \u05d9\u05b0\u05d9\u05b8, \u05d0\u05b1\u05dc\u05b9\u05d4\u05b5\u05bd\u05d9\u05e0\u05d5\u05bc \u05de\u05b6\u05bd\u05dc\u05b6\u05da\u05b0 \u05d4\u05b8\u05e2\u05d5\u05b9\u05dc\u05b8\u05dd, \u05d1\u05bc\u05d5\u05b9\u05e8\u05b5\u05d0 \u05de\u05b4\u05d9\u05e0\u05b5\u05d9 \u05de\u05b0\u05d6\u05d5\u05b9\u05e0\u05d5\u05b9\u05ea: \u00dcber tierische Produkte, also Fleisch, H\u00fchnchen, Fisch und Eier. Aber auch \u00fcber Wasser und Erfrischungsgetr\u00e4nke die in keine andere Kategorie von Brachot fallen. \u05d1\u05bc\u05b8\u05e8\u05d5\u05bc\u05da\u05b0 \u05d0\u05b7\u05ea\u05bc\u05b8\u05d4 \u05d9\u05b0\u05d9\u05b8, \u05d0\u05b1\u05dc\u05b9\u05d4\u05b5\u05bd\u05d9\u05e0\u05d5\u05bc \u05de\u05b6\u05bd\u05dc\u05b6\u05da\u05b0 \u05d4\u05b8\u05e2\u05d5\u05b9\u05dc\u05b8\u05dd, \u05e9\u05c1\u05b6\u05d4\u05b7\u05db\u05bc\u05b9\u05dc \u05e0\u05b4\u05d4\u05b0\u05d9\u05b6\u05d4 \u05d1\u05bc\u05b4\u05d3\u05b0\u05d1\u05b8\u05e8\u05d5\u05b9: \u00dcber Gew\u00fcrze \u05d1\u05bc\u05b8\u05e8\u05d5\u05bc\u05da\u05b0 \u05d0\u05b7\u05ea\u05bc\u05b8\u05d4 \u05d9\u05b0\u05d9\u05b8 \u05d0\u05b1\u05dc\u05b9\u05d4\u05b5\u05bd\u05d9\u05e0\u05d5\u05bc \u05de\u05b6\u05bd\u05dc\u05b6\u05da\u05b0 \u05d4\u05b8\u05e2\u05d5\u05b9\u05dc\u05b8\u05dd, \u05d1\u05bc\u05d5\u05b9\u05e8\u05b5\u05d0 \u05de\u05b4\u05d9\u05e0\u05b5\u05d9 \u05d1\u05b0\u05e9\u05c2\u05b8\u05de\u05b4\u05d9\u05dd. [widgets_on_pages id=&#8220;onlinesiddur&#8220;]<\/p>\n","protected":false},"author":1,"featured_media":0,"parent":3395,"menu_order":0,"comment_status":"closed","ping_status":"closed","template":"","meta":{"_themeisle_gutenberg_block_has_review":false,"footnotes":""},"class_list":["post-3405","page","type-page","status-publish","hentry"],"jetpack_sharing_enabled":true,"_links":{"self":[{"href":"https:\/\/www.talmud.de\/tlmd\/wp-json\/wp\/v2\/pages\/3405","targetHints":{"allow":["GET"]}}],"collection":[{"href":"https:\/\/www.talmud.de\/tlmd\/wp-json\/wp\/v2\/pages"}],"about":[{"href":"https:\/\/www.talmud.de\/tlmd\/wp-json\/wp\/v2\/types\/page"}],"author":[{"embeddable":true,"href":"https:\/\/www.talmud.de\/tlmd\/wp-json\/wp\/v2\/users\/1"}],"replies":[{"embeddable":true,"href":"https:\/\/www.talmud.de\/tlmd\/wp-json\/wp\/v2\/comments?post=3405"}],"version-history":[{"count":2,"href":"https:\/\/www.talmud.de\/tlmd\/wp-json\/wp\/v2\/pages\/3405\/revisions"}],"predecessor-version":[{"id":3427,"href":"https:\/\/www.talmud.de\/tlmd\/wp-json\/wp\/v2\/pages\/3405\/revisions\/3427"}],"up":[{"embeddable":true,"href":"https:\/\/www.talmud.de\/tlmd\/wp-json\/wp\/v2\/pages\/3395"}],"wp:attachment":[{"href":"https:\/\/www.talmud.de\/tlmd\/wp-json\/wp\/v2\/media?parent=3405"}],"curies":[{"name":"wp","href":"https:\/\/api.w.org\/{rel}","templated":true}]}}