{"id":4137,"date":"2019-01-10T11:38:52","date_gmt":"2019-01-10T09:38:52","guid":{"rendered":"https:\/\/www.talmud.de\/tlmd\/?page_id=4137"},"modified":"2022-02-21T15:21:22","modified_gmt":"2022-02-21T13:21:22","slug":"purim-das-purimfest","status":"publish","type":"page","link":"https:\/\/www.talmud.de\/tlmd\/purim-das-purimfest\/","title":{"rendered":"Purim &#8211; das Purimfest"},"content":{"rendered":"\n<div class=\"wp-block-image\"><figure class=\"aligncenter\"><img data-recalc-dims=\"1\" loading=\"lazy\" decoding=\"async\" width=\"840\" height=\"560\" src=\"https:\/\/i0.wp.com\/www.talmud.de\/tlmd\/wp-content\/uploads\/2019\/01\/purim_uebersicht.jpg?resize=840%2C560&#038;ssl=1\" alt=\"\" class=\"wp-image-4138\" srcset=\"https:\/\/i0.wp.com\/www.talmud.de\/tlmd\/wp-content\/uploads\/2019\/01\/purim_uebersicht.jpg?w=1200&amp;ssl=1 1200w, https:\/\/i0.wp.com\/www.talmud.de\/tlmd\/wp-content\/uploads\/2019\/01\/purim_uebersicht.jpg?resize=300%2C200&amp;ssl=1 300w, https:\/\/i0.wp.com\/www.talmud.de\/tlmd\/wp-content\/uploads\/2019\/01\/purim_uebersicht.jpg?resize=768%2C512&amp;ssl=1 768w, https:\/\/i0.wp.com\/www.talmud.de\/tlmd\/wp-content\/uploads\/2019\/01\/purim_uebersicht.jpg?resize=1024%2C683&amp;ssl=1 1024w, https:\/\/i0.wp.com\/www.talmud.de\/tlmd\/wp-content\/uploads\/2019\/01\/purim_uebersicht.jpg?resize=840%2C560&amp;ssl=1 840w\" sizes=\"auto, (max-width: 840px) 100vw, 840px\" \/><\/figure><\/div>\n\n\n\n<blockquote class=\"wp-block-quote is-layout-flow wp-block-quote-is-layout-flow\"><p>Mordechai schrieb all diese Ereignisse auf und schickte Briefrollen an alle Juden in allen Provinzen des K\u00f6nigs Achaschwerosch [Xerxes I.], die in der N\u00e4he und Ferne wohnten. Er wollte ihnen als Satzung auferlegen, den 14. des Monats Adar und den 15. desselben Monats allj\u00e4hrlich zu feiern. Das waren die Tage, an denen die Juden von ihren Feinden Ruhe bekamen; das war der Monat, in dem sich ihre Betr\u00fcbnis zur Freude und die Trauer zu einem Festtag umgewandelt hatte. Sie sollten diese Tage als Zeit fr\u00f6hlicher Gelage, gegenseitigen Beschenkens und der Gabenspenden f\u00fcr die Armen begehen. Die Juden aber f\u00fchrten, was man bereits zu feiern begonnen, und was Mordechai an sie geschrieben hatte, als Brauch ein. Denn der Agagiter Haman, der Sohn des Hammedata, der Feind aller Juden, hatte den Plan ausgedacht, die Juden zu verderben. Er lie\u00df das Pur (Los) werfen, um sie zu vertilgen und zu vernichten. Da kam aber die Angelegenheit vor den K\u00f6nig: dieser befahl durch den Erla\u00df, sein b\u00f6swilliger Plan, den Haman gegen die Juden ausgeheckt hatte, solle auf dessen Haupt zur\u00fcckfallen. Man h\u00e4ngte ihn und seine S\u00f6hne an den Holzpfahl. Darum bezeichnet man diese Tage als \u201ePurim\u201d nach dem Worte \u201ePur\u201d gem\u00e4\u00df dem genauen Wortlaut des Briefes und nach dem, was sie erlebt hatten und was ihnen begegnet war. Deshalb erkl\u00e4rten die Juden es zum feststehenden Brauch und nahmen es an f\u00fcr sich und ihre Nachkommenschaft und alle, die zu ihnen \u00fcbertreten w\u00fcrden; es sollte nicht mehr in Wegfall kommen, da\u00df man diese beiden Tage halte nach ihren Vorschriften und zu der von ihnen festgesetzten Zeit, Jahr um Jahr. \u2026 Esters Entscheidung aber f\u00fchrte diese Purimtage als feststehendes Recht ein, und es wurde in eine Buchrolle niedergeschrieben.<\/p><cite>Ester 9, 20 \u2013 32<\/cite><\/blockquote>\n\n\n\n<h2 class=\"wp-block-heading\">\u00dcber das Purimfest<\/h2>\n\n\n\n<ul class=\"wp-block-list\"><li><strong><a href=\"https:\/\/www.talmud.de\/tlmd\/purim-fest-des-sieges-ueber-die-widersacher\/\">Purim \u2013 Fest des Sieges \u00fcber die Widersacher<\/a><\/strong><\/li><li><a href=\"https:\/\/www.talmud.de\/tlmd\/schlafen-und-purim\/\"><strong>Schlafen und Purim<\/strong><\/a> Schlafen an Purim ist keine Missachtung des Feiertags, sondern sogar eine Mizwa. Nicht gerade in der Synagoge und w\u00e4hrend der Megillah-Lesung soll man schlafen, aber die Halacha bestimmt, dass man an Purim etwas trinken und dann direkt ins Bett gehen sollte.<\/li><li><strong><a href=\"https:\/\/www.talmud.de\/tlmd\/bis-man-nicht-mehr-zu-unterscheiden-weiss-betrunken-an-purim\/\">Bis man nicht mehr zu unterscheiden wei\u00df\u2026 betrunken an Purim<\/a><\/strong> \u00dcber die Mitzwah, Alkohol an Purim zu trinken, bis man nicht mehr zwischen \u00bbverflucht sei Haman\u00ab und \u00bbGesegnet sei Mordechaj\u00ab unterscheiden kann.<\/li><\/ul>\n\n\n\n<h2 class=\"wp-block-heading\">Das Buch Esther<\/h2>\n\n\n\n<ul class=\"wp-block-list\"><li><strong><a href=\"https:\/\/www.talmud.de\/tlmd\/megillat-esther-das-buch-esther\/\">Megillat Esther \u2013 das Buch Esther<\/a><\/strong> \u2013 das Buch Esther im Volltext | <a href=\"https:\/\/www.talmud.de\/tlmd\/die-ganze-megillah\/\">als Download<\/a><\/li><li><strong><a href=\"https:\/\/www.talmud.de\/tlmd\/tanach\/megillat-esther-das-buch-esther\/\">Megillat Esther \u2013 das Buch Esther<\/a><\/strong> in der \u00dcbersetzung von Rabbiner Bernfeld<\/li><li><strong><a href=\"https:\/\/www.talmud.de\/tlmd\/das-buch-esther-fuer-kinder-erzaehlt\/\">Das Buch Esther f\u00fcr Kinder erz\u00e4hlt<\/a><\/strong> Einen Kompromiss aus kindgerechter Sprache und Textn\u00e4he versucht diese Nacherz\u00e4hlung des Buches Esther.<\/li><\/ul>\n\n\n\n<h2 class=\"wp-block-heading\">Mischna Megillah<\/h2>\n\n\n\n<ul class=\"wp-block-list\"><li><strong><a href=\"https:\/\/www.talmud.de\/tlmd\/die-mischnah-megillah\/\">Mischna Megilla(h)<\/a><\/strong> &#8211; Der Text der Mischna Megillah im Volltext<\/li><li><strong><a href=\"https:\/\/www.talmud.de\/tlmd\/talmud-uebersetzung\/megilla\/\">Massechet Megilla(h)<\/a> <\/strong>Der Text von Megilla im Talmud im Volltext<\/li><\/ul>\n\n\n\n<h2 class=\"wp-block-heading\">Texte<\/h2>\n\n\n\n<ul class=\"wp-block-list\"><li><strong><a href=\"https:\/\/www.talmud.de\/tlmd\/als-mein-wein-zu-ende-ging-baeche-stuerzten-aus-meinem-auge-ein-spanisches-spottlied-zu-purim\/\">Ein spanisches Spottlied zu Purim<\/a><\/strong> Als mein Wein zu Ende ging, B\u00e4che st\u00fcrzten aus meinem Auge. &#8211; von Schlomo Ibn Gabirol (1021- 1058)<\/li><\/ul>\n\n\n\n<h2 class=\"wp-block-heading\">Lokale Purimfeste<\/h2>\n\n\n\n<p>\u00dcberall dort, wo eine schwere Gefahr die j\u00fcdische Gemeinschaft drohte und oder auch eine einzelne j\u00fcdische Familie, die dann noch im letzten Augenblick abgewendet wurde, ist von den Betroffenen ein Sonder-Purimfest geschaffen und begangen worden. So gibt es etwa einen Purim von <em>Schiras<\/em>, von <em>Hebron <\/em>(Fensterpurim), von <em>Narbonne <\/em>(1236), von <em>Saragossa <\/em>(1380 oder 1420), von <em>Kairo <\/em>(Kahiranischer Purim),1524), einen Purim-Vincenz (Vincenz, Fettmilch, 1616; auch Purim Winz oder Purim Frankfurt genannt), von <em>Rhodos <\/em>(1840) einen Purim Buda in <em>Padua <\/em>(1683) und einige andere. Ferner mehrere Familien-Purimfeste, so am 1. Adar in der Familie Lipman-Heller (1644), am 10. Adar in der von David Brandeis in Jung-Bunzlau (1731).<\/p>\n\n\n\n<ul class=\"wp-block-list\"><li><a href=\"https:\/\/www.talmud.de\/tlmd\/purim-von-buda\/\"><strong>Purim von Buda<\/strong> \u2013 ein lokales Purim in Padua<\/a><\/li><li><strong><a href=\"https:\/\/www.talmud.de\/tlmd\/fensterpurim\/\">Fensterpurim<\/a><\/strong> \u2013 ein lokales Purim in Hebron<\/li><li><strong><a href=\"https:\/\/www.talmud.de\/tlmd\/purim-vincenz-in-frankfurt-am-main\/\">Purim-Vincenz (oder Purim-Vintz)<\/a><\/strong> \u2013 ein lokales Purim in Frankfurt am Main<\/li><li><strong><a href=\"https:\/\/www.talmud.de\/tlmd\/megillat-vintz\/\">Megillat-Vintz<\/a><\/strong> \u2013 der Text eines Liedes f\u00fcr Purim-Vincenz in deutscher \u00dcbersetzung<\/li><\/ul>\n","protected":false},"excerpt":{"rendered":"<p>Mordechai schrieb all diese Ereignisse auf und schickte Briefrollen an alle Juden in allen Provinzen des K\u00f6nigs Achaschwerosch [Xerxes I.], die in der N\u00e4he und Ferne wohnten. Er wollte ihnen als Satzung auferlegen, den 14. des Monats Adar und den 15. desselben Monats allj\u00e4hrlich zu feiern. Das waren die Tage, an denen die Juden von ihren Feinden Ruhe bekamen; das war der Monat, in dem sich ihre Betr\u00fcbnis zur Freude und die Trauer zu einem Festtag umgewandelt hatte. Sie sollten diese Tage als Zeit fr\u00f6hlicher Gelage, gegenseitigen Beschenkens und der Gabenspenden f\u00fcr die Armen begehen. Die Juden aber f\u00fchrten, was man bereits zu feiern begonnen, und was Mordechai an sie geschrieben hatte, als Brauch ein. Denn der Agagiter Haman, der Sohn des Hammedata, der Feind aller Juden, hatte den Plan ausgedacht, die Juden zu verderben. Er lie\u00df das Pur (Los) werfen, um sie zu vertilgen und zu vernichten. Da kam aber die Angelegenheit vor den K\u00f6nig: dieser befahl durch den Erla\u00df, sein b\u00f6swilliger Plan, den Haman gegen die Juden ausgeheckt hatte, solle auf dessen Haupt &hellip;<\/p>\n","protected":false},"author":1,"featured_media":0,"parent":0,"menu_order":0,"comment_status":"closed","ping_status":"closed","template":"","meta":{"_themeisle_gutenberg_block_has_review":false,"footnotes":""},"class_list":["post-4137","page","type-page","status-publish","hentry"],"jetpack_sharing_enabled":true,"_links":{"self":[{"href":"https:\/\/www.talmud.de\/tlmd\/wp-json\/wp\/v2\/pages\/4137","targetHints":{"allow":["GET"]}}],"collection":[{"href":"https:\/\/www.talmud.de\/tlmd\/wp-json\/wp\/v2\/pages"}],"about":[{"href":"https:\/\/www.talmud.de\/tlmd\/wp-json\/wp\/v2\/types\/page"}],"author":[{"embeddable":true,"href":"https:\/\/www.talmud.de\/tlmd\/wp-json\/wp\/v2\/users\/1"}],"replies":[{"embeddable":true,"href":"https:\/\/www.talmud.de\/tlmd\/wp-json\/wp\/v2\/comments?post=4137"}],"version-history":[{"count":2,"href":"https:\/\/www.talmud.de\/tlmd\/wp-json\/wp\/v2\/pages\/4137\/revisions"}],"predecessor-version":[{"id":8370,"href":"https:\/\/www.talmud.de\/tlmd\/wp-json\/wp\/v2\/pages\/4137\/revisions\/8370"}],"wp:attachment":[{"href":"https:\/\/www.talmud.de\/tlmd\/wp-json\/wp\/v2\/media?parent=4137"}],"curies":[{"name":"wp","href":"https:\/\/api.w.org\/{rel}","templated":true}]}}