{"id":4145,"date":"2019-01-10T17:32:29","date_gmt":"2019-01-10T15:32:29","guid":{"rendered":"https:\/\/www.talmud.de\/tlmd\/?page_id=4145"},"modified":"2022-02-15T15:19:50","modified_gmt":"2022-02-15T13:19:50","slug":"pessach","status":"publish","type":"page","link":"https:\/\/www.talmud.de\/tlmd\/pessach\/","title":{"rendered":"Pessach"},"content":{"rendered":"\n<div class=\"wp-block-image\"><figure class=\"aligncenter\"><img data-recalc-dims=\"1\" loading=\"lazy\" decoding=\"async\" width=\"840\" height=\"560\" src=\"https:\/\/i0.wp.com\/www.talmud.de\/tlmd\/wp-content\/uploads\/2019\/01\/pessach_header.jpg?resize=840%2C560&#038;ssl=1\" alt=\"\" class=\"wp-image-4143\" srcset=\"https:\/\/i0.wp.com\/www.talmud.de\/tlmd\/wp-content\/uploads\/2019\/01\/pessach_header.jpg?w=1200&amp;ssl=1 1200w, https:\/\/i0.wp.com\/www.talmud.de\/tlmd\/wp-content\/uploads\/2019\/01\/pessach_header.jpg?resize=300%2C200&amp;ssl=1 300w, https:\/\/i0.wp.com\/www.talmud.de\/tlmd\/wp-content\/uploads\/2019\/01\/pessach_header.jpg?resize=768%2C512&amp;ssl=1 768w, https:\/\/i0.wp.com\/www.talmud.de\/tlmd\/wp-content\/uploads\/2019\/01\/pessach_header.jpg?resize=1024%2C683&amp;ssl=1 1024w, https:\/\/i0.wp.com\/www.talmud.de\/tlmd\/wp-content\/uploads\/2019\/01\/pessach_header.jpg?resize=840%2C560&amp;ssl=1 840w\" sizes=\"auto, (max-width: 840px) 100vw, 840px\" \/><\/figure><\/div>\n\n\n\n\n\n\n<blockquote class=\"wp-block-quote is-layout-flow wp-block-quote-is-layout-flow\"><p>Pessach ist das erste der drei Feste und wird acht Tage (in der Diaspora) gefeiert vom 15. Nissan bis zum 22.; die vier mittleren Tage sind Halbfeiertage und werden <em>chol ha-moed<\/em> (\u201eWochentage des Festes\u201c) genannt. Der Name Pessach erinnert uns daran, wie sehr die Israeliten sich des g\u00f6ttlichen Schutzes erfreuten, bevor sie \u00c4gypten verlie\u00dfen. Pharao, der K\u00f6nig von \u00c4gypten, knechtete die Israeliten und als er im Namen G-ttes aufgefordert wurde, sie ziehen zu lassen, weigerte er sich zu gehorchen. Doch die zehn Plagen, welche infolgedessen sein Land heimsuchten, ohne den Israeliten zu schaden, belehrten ihn von dem Dasein einer h\u00f6heren Macht, deren Bestimmungen der Wille irdischer Herrscher sich zu unterwerfen hat. Es war besonders die zehnte Plage, das Sterben der Erstgeborenen, das den K\u00f6nig und sein Volk von dieser Wahrheit \u00fcberzeugte. Als G-tt alle Erstgeborenen im Lande \u00c4gypten schlug, \u201e\u00fcberschritt er die H\u00e4user der Kinder Israels\u201c (<a href=\"https:\/\/www.talmud.de\/tlmd\/die-torah-eine-deutsche-uebersetzung\/die-torah-bo\/#Kapitel_12\">Exod. 12:47<\/a>) Das Fest hat einen zweiten Namen \u201eFest der unges\u00e4uerten Brote\u201c \u2013 Chag ha-Mazzot -, nach dem Gebot Mazzah \u201eunges\u00e4uertes Brot\u201c w\u00e4hrend des Festes zu essen. Der Zweck dieses Gebotes ist, an die Befreiung der Israeliten aus \u00c4gypten zu erinnern und besonders an die Art ihres wirklichen Auszuges. Denn als die zehnte Plage, das Sterben der Erstgeborenen, die \u00c4gypter betroffen, da ergriff sie die Furcht: sie dr\u00e4ngten die Israeliten sofort das Land zu verlassen. So verlie\u00dfen die Israeliten \u00c4gypten in Eile und hatten keine Zeit, das gew\u00f6hnliche \u201eges\u00e4uerte Brot\u201c vorzubereiten und buken sich unges\u00e4uerte Kuchen (Mazzot) aus dem Teige, den sie vorbereitet hatten.<br><cite>Rabbiner Michael Friedl\u00e4nder \u2013 Die J\u00fcdische Religion<\/cite><\/p><\/blockquote>\n\n\n\n<h2 class=\"wp-block-heading\">\u00dcber das Fest Pessach<\/h2>\n\n\n\n<ul class=\"wp-block-list\"><li><strong><a href=\"https:\/\/www.talmud.de\/tlmd\/pessach-alles-was-man-wissen-sollte\/\">Pessach \u2013 alles was man wissen sollte<\/a><\/strong><\/li><li><strong><a href=\"https:\/\/www.talmud.de\/tlmd\/pessach-das-fest-des-neuen-menschen\/\">Pessach \u2013 das Fest des neuen Menschen<\/a><\/strong><\/li><\/ul>\n\n\n\n<h2 class=\"wp-block-heading\">Die Zeit kurz vor Pessach<\/h2>\n\n\n\n<ul class=\"wp-block-list\"><li><strong><a href=\"https:\/\/www.talmud.de\/tlmd\/die-vier-besonderen-schabbatot-vor-pessach\/\">Die vier besonderen Schabbatot vor Pessach<\/a><\/strong><\/li><li><a href=\"https:\/\/www.talmud.de\/tlmd\/vorschriften-fuer-erew-pessach\/\"><strong>Vorschriften f\u00fcr Erew Pessach &#8211; den Vorabend von Pessach<\/strong><\/a> Aus dem Kitzur Schulchan Aruch<\/li><\/ul>\n\n\n\n<h2 class=\"wp-block-heading\">Die Haggadah<\/h2>\n\n\n\n<ul class=\"wp-block-list\"><li><strong><a href=\"https:\/\/www.talmud.de\/tlmd\/die-online-haggadah\/\">Die Haggadah im Volltext<\/a><\/strong> Die gesamte Haggadah in hebr\u00e4ischer Sprache mit deutscher \u00dcbersetzung \u2013 zum Ausdrucken, Kopieren und Weiterverwenden.<\/li><li><strong><a href=\"https:\/\/www.talmud.de\/tlmd\/historische-haggadah-fuer-den-ausdruck\/\">Haggadah aus dem Jahr 1927 zum Ausdrucken<\/a><\/strong><\/li><li><a href=\"http:\/\/www.talmud.de\/sarajevo\/\"><strong>Die Sarajevo Haggadah<\/strong><\/a><\/li><\/ul>\n\n\n\n<h2 class=\"wp-block-heading\">Texte<\/h2>\n\n\n\n<ul class=\"wp-block-list\"><li><a href=\"https:\/\/www.talmud.de\/tlmd\/in-den-tagen-pessachs-%d7%91%d7%99%d7%9e%d7%99-%d7%97%d7%92-%d7%a4%d7%a1%d7%97\/\">Aus dem Abendgebet: <strong>In den Tagen Pessachs<\/strong><\/a><\/li><li><a href=\"https:\/\/www.talmud.de\/tlmd\/die-bewahrungsnacht-lejl-schimurim\/\">Aus dem Abendgebet: <strong>Die Bewahrungsnacht &#8211; Lejl Schimurim<\/strong><\/a><\/li><li><a href=\"https:\/\/www.talmud.de\/tlmd\/dem-fuehrer-und-erretter-der-redlichen-or-jescha\/\">Dem F\u00fchrer und Erretter der Redlichen &#8211; <strong>Or Jescha Jotzer f\u00fcr das Morgengebet am ersten Tag Pessach<\/strong><\/a><\/li><li><strong><a href=\"https:\/\/www.talmud.de\/tlmd\/talmud-uebersetzung\/pessachim\/\">Talmud: Massechet\/Traktat Pessachim<\/a><\/strong> im Volltext<\/li><\/ul>\n\n\n\n<h2 class=\"wp-block-heading\">Essen\/Speisen an Pessach<\/h2>\n\n\n\n<ul class=\"wp-block-list\"><li><strong><a href=\"https:\/\/www.talmud.de\/tlmd\/der-sedertisch\/\">Der Sedertisch<\/a><\/strong><\/li><li><strong><a href=\"https:\/\/www.talmud.de\/tlmd\/sattmacher\/\">Sattmacher<\/a><\/strong><\/li><\/ul>\n","protected":false},"excerpt":{"rendered":"<p>Pessach ist das erste der drei Feste und wird acht Tage (in der Diaspora) gefeiert vom 15. Nissan bis zum 22.; die vier mittleren Tage sind Halbfeiertage und werden chol ha-moed (\u201eWochentage des Festes\u201c) genannt. Der Name Pessach erinnert uns daran, wie sehr die Israeliten sich des g\u00f6ttlichen Schutzes erfreuten, bevor sie \u00c4gypten verlie\u00dfen. Pharao, der K\u00f6nig von \u00c4gypten, knechtete die Israeliten und als er im Namen G-ttes aufgefordert wurde, sie ziehen zu lassen, weigerte er sich zu gehorchen. Doch die zehn Plagen, welche infolgedessen sein Land heimsuchten, ohne den Israeliten zu schaden, belehrten ihn von dem Dasein einer h\u00f6heren Macht, deren Bestimmungen der Wille irdischer Herrscher sich zu unterwerfen hat. Es war besonders die zehnte Plage, das Sterben der Erstgeborenen, das den K\u00f6nig und sein Volk von dieser Wahrheit \u00fcberzeugte. Als G-tt alle Erstgeborenen im Lande \u00c4gypten schlug, \u201e\u00fcberschritt er die H\u00e4user der Kinder Israels\u201c (Exod. 12:47) Das Fest hat einen zweiten Namen \u201eFest der unges\u00e4uerten Brote\u201c \u2013 Chag ha-Mazzot -, nach dem Gebot Mazzah \u201eunges\u00e4uertes Brot\u201c w\u00e4hrend des Festes zu essen. Der Zweck &hellip;<\/p>\n","protected":false},"author":1,"featured_media":0,"parent":0,"menu_order":0,"comment_status":"closed","ping_status":"closed","template":"","meta":{"_themeisle_gutenberg_block_has_review":false,"footnotes":""},"class_list":["post-4145","page","type-page","status-publish","hentry"],"jetpack_sharing_enabled":true,"_links":{"self":[{"href":"https:\/\/www.talmud.de\/tlmd\/wp-json\/wp\/v2\/pages\/4145","targetHints":{"allow":["GET"]}}],"collection":[{"href":"https:\/\/www.talmud.de\/tlmd\/wp-json\/wp\/v2\/pages"}],"about":[{"href":"https:\/\/www.talmud.de\/tlmd\/wp-json\/wp\/v2\/types\/page"}],"author":[{"embeddable":true,"href":"https:\/\/www.talmud.de\/tlmd\/wp-json\/wp\/v2\/users\/1"}],"replies":[{"embeddable":true,"href":"https:\/\/www.talmud.de\/tlmd\/wp-json\/wp\/v2\/comments?post=4145"}],"version-history":[{"count":2,"href":"https:\/\/www.talmud.de\/tlmd\/wp-json\/wp\/v2\/pages\/4145\/revisions"}],"predecessor-version":[{"id":8256,"href":"https:\/\/www.talmud.de\/tlmd\/wp-json\/wp\/v2\/pages\/4145\/revisions\/8256"}],"wp:attachment":[{"href":"https:\/\/www.talmud.de\/tlmd\/wp-json\/wp\/v2\/media?parent=4145"}],"curies":[{"name":"wp","href":"https:\/\/api.w.org\/{rel}","templated":true}]}}