{"id":4215,"date":"2020-12-29T12:42:00","date_gmt":"2020-12-29T10:42:00","guid":{"rendered":"https:\/\/www.talmud.de\/tlmd\/?page_id=4215"},"modified":"2020-12-30T01:07:54","modified_gmt":"2020-12-29T23:07:54","slug":"megilla","status":"publish","type":"page","link":"https:\/\/www.talmud.de\/tlmd\/talmud-uebersetzung\/megilla\/","title":{"rendered":"Traktat Megilla \u2013 Massechet Megilla"},"content":{"rendered":"\n<p>In der deutschen <a href=\"https:\/\/www.talmud.de\/tlmd\/talmud-uebersetzung\/\"><strong>\u00dcbersetzung von Lazarus Goldschmidt<\/strong><\/a>.<\/p>\n\n\n\n\n\n\n<h2 class=\"wp-block-heading\">Bl\u00e4tter<\/h2>\n\n\n\n<h3 class=\"wp-block-heading\">Kapitel 1<\/h3>\n\n\n\n<a class=\"dafLink\" href=\"https:\/\/www.talmud.de\/tlmd\/talmud-uebersetzung\/megilla\/megilla-kapitel-1\/#blatt-2a\">2a<\/a> <a class=\"dafLink\" href=\"https:\/\/www.talmud.de\/tlmd\/talmud-uebersetzung\/megilla\/megilla-kapitel-1\/#blatt-2b\">2b<\/a> <a class=\"dafLink\" href=\"https:\/\/www.talmud.de\/tlmd\/talmud-uebersetzung\/megilla\/megilla-kapitel-1\/#blatt-3a\">3a<\/a> <a class=\"dafLink\" href=\"https:\/\/www.talmud.de\/tlmd\/talmud-uebersetzung\/megilla\/megilla-kapitel-1\/#blatt-3b\">3b<\/a> <a class=\"dafLink\" href=\"https:\/\/www.talmud.de\/tlmd\/talmud-uebersetzung\/megilla\/megilla-kapitel-1\/#blatt-4a\">4a<\/a> <a class=\"dafLink\" href=\"https:\/\/www.talmud.de\/tlmd\/talmud-uebersetzung\/megilla\/megilla-kapitel-1\/#blatt-4b\">4b<\/a> <a class=\"dafLink\" href=\"https:\/\/www.talmud.de\/tlmd\/talmud-uebersetzung\/megilla\/megilla-kapitel-1\/#blatt-5a\">5a<\/a> <a class=\"dafLink\" href=\"https:\/\/www.talmud.de\/tlmd\/talmud-uebersetzung\/megilla\/megilla-kapitel-1\/#blatt-5b\">5b<\/a> <a class=\"dafLink\" href=\"https:\/\/www.talmud.de\/tlmd\/talmud-uebersetzung\/megilla\/megilla-kapitel-1\/#blatt-6a\">6a<\/a> <a class=\"dafLink\" href=\"https:\/\/www.talmud.de\/tlmd\/talmud-uebersetzung\/megilla\/megilla-kapitel-1\/#blatt-6b\">6b<\/a> <a class=\"dafLink\" href=\"https:\/\/www.talmud.de\/tlmd\/talmud-uebersetzung\/megilla\/megilla-kapitel-1\/#blatt-7a\">7a<\/a> <a class=\"dafLink\" href=\"https:\/\/www.talmud.de\/tlmd\/talmud-uebersetzung\/megilla\/megilla-kapitel-1\/#blatt-7b\">7b<\/a> <a class=\"dafLink\" href=\"https:\/\/www.talmud.de\/tlmd\/talmud-uebersetzung\/megilla\/megilla-kapitel-1\/#blatt-8a\">8a<\/a> <a class=\"dafLink\" href=\"https:\/\/www.talmud.de\/tlmd\/talmud-uebersetzung\/megilla\/megilla-kapitel-1\/#blatt-8b\">8b<\/a> <a class=\"dafLink\" href=\"https:\/\/www.talmud.de\/tlmd\/talmud-uebersetzung\/megilla\/megilla-kapitel-1\/#blatt-9a\">9a<\/a> <a class=\"dafLink\" href=\"https:\/\/www.talmud.de\/tlmd\/talmud-uebersetzung\/megilla\/megilla-kapitel-1\/#blatt-9b\">9b<\/a> <a class=\"dafLink\" href=\"https:\/\/www.talmud.de\/tlmd\/talmud-uebersetzung\/megilla\/megilla-kapitel-1\/#blatt-10a\">10a<\/a> <a class=\"dafLink\" href=\"https:\/\/www.talmud.de\/tlmd\/talmud-uebersetzung\/megilla\/megilla-kapitel-1\/#blatt-10b\">10b<\/a> <a class=\"dafLink\" href=\"https:\/\/www.talmud.de\/tlmd\/talmud-uebersetzung\/megilla\/megilla-kapitel-1\/#blatt-11a\">11a<\/a> <a class=\"dafLink\" href=\"https:\/\/www.talmud.de\/tlmd\/talmud-uebersetzung\/megilla\/megilla-kapitel-1\/#blatt-11b\">11b<\/a> <a class=\"dafLink\" href=\"https:\/\/www.talmud.de\/tlmd\/talmud-uebersetzung\/megilla\/megilla-kapitel-1\/#blatt-12a\">12a<\/a> <a class=\"dafLink\" href=\"https:\/\/www.talmud.de\/tlmd\/talmud-uebersetzung\/megilla\/megilla-kapitel-1\/#blatt-12b\">12b<\/a> <a class=\"dafLink\" href=\"https:\/\/www.talmud.de\/tlmd\/talmud-uebersetzung\/megilla\/megilla-kapitel-1\/#blatt-13a\">13a<\/a> <a class=\"dafLink\" href=\"https:\/\/www.talmud.de\/tlmd\/talmud-uebersetzung\/megilla\/megilla-kapitel-1\/#blatt-13b\">13b<\/a> <a class=\"dafLink\" href=\"https:\/\/www.talmud.de\/tlmd\/talmud-uebersetzung\/megilla\/megilla-kapitel-1\/#blatt-14a\">14a<\/a> <a class=\"dafLink\" href=\"https:\/\/www.talmud.de\/tlmd\/talmud-uebersetzung\/megilla\/megilla-kapitel-1\/#blatt-14b\">14b<\/a> <a class=\"dafLink\" href=\"https:\/\/www.talmud.de\/tlmd\/talmud-uebersetzung\/megilla\/megilla-kapitel-1\/#blatt-15a\">15a<\/a> <a class=\"dafLink\" href=\"https:\/\/www.talmud.de\/tlmd\/talmud-uebersetzung\/megilla\/megilla-kapitel-1\/#blatt-15b\">15b<\/a> <a class=\"dafLink\" href=\"https:\/\/www.talmud.de\/tlmd\/talmud-uebersetzung\/megilla\/megilla-kapitel-1\/#blatt-16a\">16a<\/a> <a class=\"dafLink\" href=\"https:\/\/www.talmud.de\/tlmd\/talmud-uebersetzung\/megilla\/megilla-kapitel-1\/#blatt-16b\">16b<\/a> <a class=\"dafLink\" href=\"https:\/\/www.talmud.de\/tlmd\/talmud-uebersetzung\/megilla\/megilla-kapitel-1\/#blatt-17a\">17a<\/a>\n\n\n\n<h3 class=\"wp-block-heading\">Kapitel 2<\/h3>\n\n\n\n<a class=\"dafLink\" href=\"https:\/\/www.talmud.de\/tlmd\/talmud-uebersetzung\/megilla\/megilla-kapitel-2\/#blatt-17a\">17a<\/a> \n<a class=\"dafLink\" href=\"https:\/\/www.talmud.de\/tlmd\/talmud-uebersetzung\/megilla\/megilla-kapitel-2\/#blatt-17b\">17b<\/a> \n<a class=\"dafLink\" href=\"https:\/\/www.talmud.de\/tlmd\/talmud-uebersetzung\/megilla\/megilla-kapitel-2\/#blatt-18a\">18a<\/a> \n<a class=\"dafLink\" href=\"https:\/\/www.talmud.de\/tlmd\/talmud-uebersetzung\/megilla\/megilla-kapitel-2\/#blatt-18b\">18b<\/a> \n<a class=\"dafLink\" href=\"https:\/\/www.talmud.de\/tlmd\/talmud-uebersetzung\/megilla\/megilla-kapitel-2\/#blatt-19a\">19a<\/a> \n<a class=\"dafLink\" href=\"https:\/\/www.talmud.de\/tlmd\/talmud-uebersetzung\/megilla\/megilla-kapitel-2\/#blatt-19b\">19b<\/a> \n<a class=\"dafLink\" href=\"https:\/\/www.talmud.de\/tlmd\/talmud-uebersetzung\/megilla\/megilla-kapitel-2\/#blatt-20a\">20a<\/a> \n<a class=\"dafLink\" href=\"https:\/\/www.talmud.de\/tlmd\/talmud-uebersetzung\/megilla\/megilla-kapitel-2\/#blatt-20b\">20b<\/a> \n<a class=\"dafLink\" href=\"https:\/\/www.talmud.de\/tlmd\/talmud-uebersetzung\/megilla\/megilla-kapitel-2\/#blatt-21a\">21a<\/a>\n\n\n\n<h3 class=\"wp-block-heading\">Kapitel 3<\/h3>\n\n\n\n<a class=\"dafLink\" href=\"https:\/\/www.talmud.de\/tlmd\/talmud-uebersetzung\/megilla\/megilla-kapitel-3\/#blatt-21a\">21a<\/a> \n<a class=\"dafLink\" href=\"https:\/\/www.talmud.de\/tlmd\/talmud-uebersetzung\/megilla\/megilla-kapitel-3\/#blatt-21b\">21b<\/a> \n<a class=\"dafLink\" href=\"https:\/\/www.talmud.de\/tlmd\/talmud-uebersetzung\/megilla\/megilla-kapitel-3\/#blatt-22a\">22a<\/a> \n<a class=\"dafLink\" href=\"https:\/\/www.talmud.de\/tlmd\/talmud-uebersetzung\/megilla\/megilla-kapitel-3\/#blatt-22b\">22b<\/a> \n<a class=\"dafLink\" href=\"https:\/\/www.talmud.de\/tlmd\/talmud-uebersetzung\/megilla\/megilla-kapitel-3\/#blatt-23a\">23a<\/a> \n<a class=\"dafLink\" href=\"https:\/\/www.talmud.de\/tlmd\/talmud-uebersetzung\/megilla\/megilla-kapitel-3\/#blatt-23b\">23b<\/a> \n<a class=\"dafLink\" href=\"https:\/\/www.talmud.de\/tlmd\/talmud-uebersetzung\/megilla\/megilla-kapitel-3\/#blatt-24a\">24a<\/a> \n<a class=\"dafLink\" href=\"https:\/\/www.talmud.de\/tlmd\/talmud-uebersetzung\/megilla\/megilla-kapitel-3\/#blatt-24b\">24b<\/a> \n<a class=\"dafLink\" href=\"https:\/\/www.talmud.de\/tlmd\/talmud-uebersetzung\/megilla\/megilla-kapitel-3\/#blatt-25a\">25a<\/a> \n<a class=\"dafLink\" href=\"https:\/\/www.talmud.de\/tlmd\/talmud-uebersetzung\/megilla\/megilla-kapitel-3\/#blatt-25b\">25b<\/a>\n\n\n\n<h3 class=\"wp-block-heading\">Kapitel 4<\/h3>\n\n\n\n<a class=\"dafLink\" href=\"https:\/\/www.talmud.de\/tlmd\/talmud-uebersetzung\/megilla\/megilla-kapitel-4\/#blatt-25b\">25b<\/a> \n<a class=\"dafLink\" href=\"https:\/\/www.talmud.de\/tlmd\/talmud-uebersetzung\/megilla\/megilla-kapitel-4\/#blatt-26a\">26a<\/a> \n<a class=\"dafLink\" href=\"https:\/\/www.talmud.de\/tlmd\/talmud-uebersetzung\/megilla\/megilla-kapitel-4\/#blatt-26b\">26b<\/a> \n<a class=\"dafLink\" href=\"https:\/\/www.talmud.de\/tlmd\/talmud-uebersetzung\/megilla\/megilla-kapitel-4\/#blatt-27a\">27a<\/a> \n<a class=\"dafLink\" href=\"https:\/\/www.talmud.de\/tlmd\/talmud-uebersetzung\/megilla\/megilla-kapitel-4\/#blatt-27b\">27b<\/a> \n<a class=\"dafLink\" href=\"https:\/\/www.talmud.de\/tlmd\/talmud-uebersetzung\/megilla\/megilla-kapitel-4\/#blatt-28a\">28a<\/a> \n<a class=\"dafLink\" href=\"https:\/\/www.talmud.de\/tlmd\/talmud-uebersetzung\/megilla\/megilla-kapitel-4\/#blatt-28b\">28b<\/a> \n<a class=\"dafLink\" href=\"https:\/\/www.talmud.de\/tlmd\/talmud-uebersetzung\/megilla\/megilla-kapitel-4\/#blatt-29a\">29a<\/a> \n<a class=\"dafLink\" href=\"https:\/\/www.talmud.de\/tlmd\/talmud-uebersetzung\/megilla\/megilla-kapitel-4\/#blatt-29b\">29b<\/a> \n<a class=\"dafLink\" href=\"https:\/\/www.talmud.de\/tlmd\/talmud-uebersetzung\/megilla\/megilla-kapitel-4\/#blatt-30a\">30a<\/a> \n<a class=\"dafLink\" href=\"https:\/\/www.talmud.de\/tlmd\/talmud-uebersetzung\/megilla\/megilla-kapitel-4\/#blatt-30b\">30b<\/a> \n<a class=\"dafLink\" href=\"https:\/\/www.talmud.de\/tlmd\/talmud-uebersetzung\/megilla\/megilla-kapitel-4\/#blatt-31a\">31a<\/a> \n<a class=\"dafLink\" href=\"https:\/\/www.talmud.de\/tlmd\/talmud-uebersetzung\/megilla\/megilla-kapitel-4\/#blatt-31b\">31b<\/a> \n<a class=\"dafLink\" href=\"https:\/\/www.talmud.de\/tlmd\/talmud-uebersetzung\/megilla\/megilla-kapitel-4\/#blatt-32a\">32a<\/a>\n\n\n\n<h2 class=\"wp-block-heading\">Der Inhalt im Detail<\/h2>\n\n\n\n<p>Von der Esterrolle<\/p>\n\n\n\n<h3 class=\"wp-block-heading\" id=\"abschnitt.\">Kapitel 1<\/h3>\n\n\n\n<p><strong><a href=\"https:\/\/www.talmud.de\/tlmd\/talmud-uebersetzung\/megilla\/megilla-kapitel-1\/\">[2a\u201317a]<\/a><\/strong><\/p>\n\n\n\n<p>I\u2014II. An welchem Tag die Esterrolle gelesen wird.<\/p>\n\n\n\n<ul class=\"wp-block-list\"><li>Offene und ummauerte St\u00e4dte bezgl. des Lesens der Esterrolle.<\/li><li>Die Finalbuchstaben.<\/li><li>Die \u00dcbersetzungen des Pentateuchs durch Onkelos, den Proselyten, und der Propheten durch Jonathan ben Uziel.<\/li><li>Die drei M\u00e4nner bei Daniel.<\/li><li>Die Ahnung des menschlichen Geistes.<\/li><li>Unterbrechung des Gesetzesstudiums wegen des Lesens des Esterrolle.<\/li><li>Verbot des n\u00e4chtlichen Gru\u00dfes.<\/li><li>Hohe Bedeutung des Gesetzes- Studiums.<\/li><li>Die Ehre des Menschen verdr\u00e4ngt das biblische Gebot.<\/li><li>Das Weichbild der Grossstadt.<\/li><li>Aufz\u00e4hlung einiger seit den Tagen Jeho\u0161uas ummauerten St\u00e4dte.<\/li><li>Vortr\u00e4ge vor den Feiertagen.<\/li><li>Die Esterrolle wird zweimal gelesen.<\/li><li>Weshalb in D\u00f6rfern die Esterrolle fr\u00fcher gelesen wird.<\/li><li>Weshalb die Esterrolle am Schabbat nicht gelesen wird.<\/li><li>Das Purimfest am Freitag.<\/li><\/ul>\n\n\n\n<p>III. Welche Stadt als Grossstadt betrachtet wird.<\/p>\n\n\n\n<ul class=\"wp-block-list\"><li>In welchen F\u00e4llen das Lesen der Esterrolle verschoben wird.<\/li><li>Das Jahr wird aus vollst\u00e4ndigen Monaten und der Monat aus vollst\u00e4ndigen Tagen zusammengesetzt.<\/li><li>Die Darbringung von Friedensopfern an Festtagen.<\/li><li>Die Arbeit am Purimfest.<\/li><li>Tiberjas.<\/li><li>Aufz\u00e4hlung einiger ummauerten St\u00e4dte.<\/li><li>Produkte verschiedener Gebiete Pal\u00e4stinas.<\/li><li>C\u00e4sar\u00e4a und Jerusalem.<\/li><li>Die K\u00e4mpfe der Germanen.<\/li><li>Dass man mit dem vom Gl\u00fcck beg\u00fcnstigten Frevler keinen Streit f\u00fchre.<\/li><li>Die Gr\u00f6\u00dfe Roms.<\/li><\/ul>\n\n\n\n<p>IV. Der zweite Adar.<\/p>\n\n\n\n<ul class=\"wp-block-list\"><li>Wodurch sich der erste Adar vom zweiten unterscheidet.<\/li><li>Verewigung der K\u00f6nigin Ester in der Geschichte.<\/li><li>Heiligkeit der Esterrolle.<\/li><li>Heiligkeit des Buchs Kohelet.<\/li><li>Beweise f\u00fcr die hl. Inspiration des Buchs Ester.<\/li><li>Die Geschenke und die Armenspenden am Purimfest.<\/li><li>Die Belustigung am Purimfest.<\/li><\/ul>\n\n\n\n<p>V.l. Unterschied zwischen Schabbath und Festtag.<\/p>\n\n\n\n<p>V.2. Unterschied zwischen Schabbath und Vers\u00f6hnungstag. VI. Gel\u00fcbde und freiwillige Spenden.<\/p>\n\n\n\n<p>VII. 1. Der Flussbehaftete.<\/p>\n\n\n\n<p>VII. 2. Der Auss\u00e4tzige.<\/p>\n\n\n\n<p>VIII. Unterschied zwischen der Gesetzrolle und anderen rituellen Schriften.<\/p>\n\n\n\n<ul class=\"wp-block-list\"><li>Heiligkeit der hl. Schrift in fremder Sprache.<\/li><li>Die Abfassung der Septuaginta durch Ptolem\u00e4os und Varianten aus derselben.<\/li><li>Lobpreisung der griechischen Sprache.<\/li><\/ul>\n\n\n\n<p>IX. Der Hohepriester zur Zeit des ersten und zur Zeit des zweiten Tempels. &#8211; Der Stellvertreter des Hohenpriesters.<\/p>\n\n\n\n<p>X. Unterschied zwischen dem Hauptaltar und den Privataltaren.<\/p>\n\n\n\n<p>XI. Unterschied zwischen Schilo und Jerusalem.<\/p>\n\n\n\n<ul class=\"wp-block-list\"><li>Die Heiligkeit des Jisraelitischen Lands.<\/li><li>Die keusche Braut<\/li><li>Die Bedeutung des Worts Braut.<\/li><li>Haman, Mordechaj und Ester. Gott w\u00fcnscht das Ungl\u00fcck der Frevler nicht.<\/li><li>Gott verl\u00e4sst die Jisraeliten nicht.<\/li><li>Verfolger und Besch\u00fctzer der Jisraeliten.<\/li><li>Acha\u0161veros.<\/li><li>Drei Weltbeherrscher<\/li><li>Historische Daten \u00fcber die Vertreibung der Jisraeliten.<\/li><li>Befreiung der Jisraeliten durch Kores.<\/li><li>Charaktereigenschaft des Acha\u0161veros.<\/li><li>Weshalb die Jisraeliten unter diesem verfolgt wurden.<\/li><li>Die Festveranstaltung desselben.<\/li><li>Die Festlichkeiten der Jisraeliten und der \u00fcbrigen V\u00f6lker.<\/li><li>Die Hinrichtung der Wa\u0161ti.<\/li><li>Die R\u00e4te des K\u00f6nigs.<\/li><li>Mordekhaj und Haman.<\/li><li>Ester.<\/li><li>Die Pflege derselben.<\/li><li>Fr\u00f6mmigkeit der Rachel.<\/li><li>Fr\u00f6mmigkeit der Ester.<\/li><li>K\u00f6nigstreue des Mordekhaj.<\/li><li>Gott schafft das Heilmittel vor der Krankheit.<\/li><li>Der Monat Adar in der j\u00fcdischen Geschichte.<\/li><li>Die Verleumdung der Jisraeliten durch Haman.<\/li><li>Achtundvierzig Propheten und sieben Prophetinnen predigten Jisrael.<\/li><li>Die Loblieder au\u00dferhalb des jisraelitischen Lands.<\/li><li>Nicht alle Prophezeiungen wurden niedergeschrieben.<\/li><li>Aufz\u00e4hlung der sieben Prophetinnen.<\/li><li>Die Wunder Gottes.<\/li><li>Der Hochmut.<\/li><li>Abstammung der Prophetin Hulda.<\/li><li>Die sch\u00f6nsten Frauen der Welt.<\/li><li>Der Segen des Gemeinen.<\/li><li>Niedere Herkunft Hamans. Die Frommen und Bescheidenen.<\/li><li>Die K\u00f6nigin Ester wurde von drei Engeln begleitet.<\/li><li>Weshalb Ester den Haman zum Festmahl lud.<\/li><li>Die S\u00f6hne Hamans und deren Binde.<\/li><li>Wodurch sich Mordekhaj die Gunst des K\u00f6nigs erworben hatte.<\/li><li>Der Hass Hamans gegen Mordekhaj.<\/li><li>Die Dem\u00fctigung Hamans.<\/li><li>Tod der Tochter Hamans.<\/li><li>Der Sturz Hamans.<\/li><li>Haman wird auch von Engeln verfolgt.<\/li><li>Verbot der Bevorzugung des einen Kinds vor den anderen.<\/li><li>Joseph und Binjamin.<\/li><li>Joseph beruhigt seine Br\u00fcder.<\/li><li>Bedeutung der Tefillin.<\/li><li>Die Hinrichtung der zehn S\u00f6hne Hamans.<\/li><li>Schreibweise der Lieder in der Gesetzrolle.<\/li><li>Bedeutung des Gesetzes- Studiums.<\/li><li>Die Ehrung der Eltern<\/li><li>Die Wanderungen Jaakows.<\/li><\/ul>\n\n\n\n<h3 class=\"wp-block-heading\" id=\"abschnitt.-1\">Kapitel 2<\/h3>\n\n\n\n<p><strong><a href=\"https:\/\/www.talmud.de\/tlmd\/talmud-uebersetzung\/megilla\/megilla-kapitel-2\/\">[17a\u201321a]<\/a><\/strong><\/p>\n\n\n\n<p>I\u2014II. In welcher Weise und in welchen Sprachen man die Esterrolle lesen darf; welche Schreibmaterialien f\u00fcr diese zul\u00e4ssig sind.<\/p>\n\n\n\n<ul class=\"wp-block-list\"><li>H\u00f6rbares Lesen der Gebete.<\/li><li>In welchen Sprachen die Gesetzlehre gelesen werden darf.<\/li><li>Die Abfassung des Achtzehngebets.<\/li><li>Besprechung der einzelnen Gebete desselben.<\/li><li>Verbot der \u00fcberschw\u00e4nglichen Huldigung Gottes.<\/li><li>Verbot, die Esterrolle auswendig zu lesen.<\/li><li>Das Lesen der Esterrolle in fremden Sprachen.<\/li><li>Erkl\u00e4rung einiger biblischer W\u00f6rter.<\/li><li>Die fehlerhafte Esterrolle.<\/li><li>Verbot, die Esterrolle und die Gesetzlehre aus dem Ged\u00e4chtnis zu schreiben.<\/li><li>Das Schreiben von Tefillin und Mezuzot.<ol start=\"3\" type=\"I\">\n<li>Das Lesen der Esterrolle in einer fremden Stadt.<\/li>\n<\/ol><\/li><li>Wieviel man von der Esterrolle lesen muss.<\/li><li>Das Wesentlichste des Purimfestes.<\/li><li>Was alles Gott dem Mosel! mitgeteilt hat.<\/li><\/ul>\n\n\n\n<p>IV. 1. Wer die Esterrolle vorlesen darf.<\/p>\n\n\n\n<ul class=\"wp-block-list\"><li>Der Minderj\u00e4hrige bez\u00fcglich der Aus\u00fcbung der Gebote.<\/li><li>Die Andacht.<\/li><\/ul>\n\n\n\n<p>IV.2. Welche Gebote erst nach Sonnen- Untergang ausge\u00fcbt werden k\u00f6nnen.<\/p>\n\n\n\n<ul class=\"wp-block-list\"><li>Das Untertauchen des Flussbehafteten.<\/li><li>Der Tag beginnt erst nach Morgengrauen.<\/li><\/ul>\n\n\n\n<p>V\u2014VI. Welche Gebote w\u00e4hrend des ganzen Tags ausge\u00fcbt werden k\u00f6nnen. &#8211; Belege daf\u00fcr aus der hl. Schrift<\/p>\n\n\n\n<h3 class=\"wp-block-heading\" id=\"abschnitt\">Kapitel 3<\/h3>\n\n\n\n<p><strong><a href=\"https:\/\/www.talmud.de\/tlmd\/talmud-uebersetzung\/megilla\/megilla-kapitel-3\/\">[21a\u201325b]<\/a><\/strong><\/p>\n\n\n\n<p>I\u2014II. In welcher Position man die Esterrolle lese.<\/p>\n\n\n\n<ul class=\"wp-block-list\"><li>Die Segenspr\u00fcche \u00fcber dieselbe.<\/li><li>Die Rezitation der Gesetzlehre am Montag, Donnerstag, an Neumondstagen und Zwischentagen.<\/li><li>Die Gesetzrolle muss stehend vorgelesen werden.<\/li><li>Wieviel Personen aus der Gesetzrolle vorlesen.<\/li><li>Der Segenspruch bei Aus\u00fcbung von Geboten.<\/li><li>Wortlaut der Segenspr\u00fcche \u00fcber die Esterrolle.<\/li><li>Die zehn Schriftverse bei der Rezitation der Gesetzrolle.<\/li><li>Der Neumondabschnitt.<\/li><li>Die Teilung von Schriftversen bei der liturg. Rezitation und beim Unterricht.<\/li><li>Die Teilung eines kleineren Abschnitts.<\/li><li>Die liturg. Rezitation an Fasttagen.<\/li><li>In welchen Beth\u00e4usern das Niederfallen aufs Gesicht verboten ist.<\/li><li>Erkl\u00e4rung der Begriffe Sichniederstrecken. Knien und Sichniederwerfen<\/li><li>Der Aufenthalt im Bethaus am Schabbat, Fest und Vers\u00f6hnungstag.<\/li><li>Die Personenzahl bei der liturg. Rezitation.<\/li><li>Wer zur Rezitation aus der Gesetzrolle zul\u00e4ssig ist.<\/li><\/ul>\n\n\n\n<p>III. Erforderlichkeit von zehn Personen bei liturg. Handlungen.<\/p>\n\n\n\n<p>IV&nbsp;Man darf nicht weniger als drei Verse vorlesen.<\/p>\n\n\n\n<p>V\u2014VI. Der Vorbeter spreche zugleich den Priestersegen.<\/p>\n\n\n\n<ul class=\"wp-block-list\"><li>Zu welchen liturg. Handlungen der Minderj\u00e4hrige zul\u00e4ssig ist.<\/li><li>Nutzen des Lichts f\u00fcr Blinde.<\/li><\/ul>\n\n\n\n<p>VII. Wer zum Priestersegen die Estrade nicht betreten darf.<\/p>\n\n\n\n<p>VIII. Wer die Funktion eines Vorbeters nicht aus\u00fcben darf.<\/p>\n\n\n\n<p>IX. Verbot mancher Gebetsformeln; Verbot der Paraphrase bei der liturgischen Rezitation.<\/p>\n\n\n\n<ul class=\"wp-block-list\"><li>Verbot der \u00fcberm\u00e4\u00dfigen Lobpreisung Gottes.<\/li><li>Die Gottesfurcht.<\/li><\/ul>\n\n\n\n<p>X. Welche Bibelabschnitte nicht \u00fcbersetzt werden.<\/p>\n\n\n\n<ul class=\"wp-block-list\"><li>Welche Abschnitte \u00fcber- Spr\u00fcngen werden.<\/li><li>Vorsicht bei seiner Antwort.<\/li><li>Euphemistische Paraphrase mancher biblischen Ausdr\u00fccke.<\/li><li>Verbotene und erlaubte Verspottung.<\/li><\/ul>\n\n\n\n<h3 class=\"wp-block-heading\" id=\"abschnitt-1\">Kapitel 4<\/h3>\n\n\n\n<p><strong><a href=\"https:\/\/www.talmud.de\/tlmd\/talmud-uebersetzung\/megilla\/megilla-kapitel-4\/\">[25b\u201332a]<\/a><\/strong><\/p>\n\n\n\n<p>I. Was f\u00fcr den Erl\u00f6s heilige Gegenst\u00e4nde gekauft werden darf.<\/p>\n\n\n\n<ul class=\"wp-block-list\"><li>Zugeh\u00f6rigkeit Jerusalems.<\/li><li>In wessen Gebiet der Tempel gestanden hatte.<\/li><li>Die sieben Stadtrepr\u00e4sentanten.<\/li><li>Verbot, ein altes Bethaus niederzurei\u00dfen, bevor das neue erbaut ist.<\/li><li>Das Bethaus ist unpf\u00e4ndbar und unvermietbar.<\/li><li>Die Gebrauchsgegenst\u00e4nde zu rituellen Zwecken.<\/li><li>Unbewegliche Ger\u00e4te bez\u00fcglich der Unreinheit.<\/li><li>Verwendung abgen\u00fctzter H\u00fcllen von Wochenabschnitt am Schabbatnachmittag.<\/li><li>Der Segenspruch bei der liturg. Rezitation.<\/li><li>Das Aufrollen der Gesetzrolle.<\/li><li>Wer die Gesetzrolle aufrollt.<\/li><li>Der himmlische Widerhall.<\/li><li>Das melodische Lesen aus der Gesetzrolle.<\/li><li>Verbot, die blo\u00dfe Gesetzrolle anzufassen.<\/li><li>Die Vortr\u00e4ge vor den Festtagen.<\/li><\/ul>\n","protected":false},"excerpt":{"rendered":"<p>In der deutschen \u00dcbersetzung von Lazarus Goldschmidt. Bl\u00e4tter Kapitel 1 2a 2b 3a 3b 4a 4b 5a 5b 6a 6b 7a 7b 8a 8b 9a 9b 10a 10b 11a 11b 12a 12b 13a 13b 14a 14b 15a 15b 16a 16b 17a Kapitel 2 17a 17b 18a 18b 19a 19b 20a 20b 21a Kapitel 3 21a 21b 22a 22b 23a 23b 24a 24b 25a 25b Kapitel 4 25b 26a 26b 27a 27b 28a 28b 29a 29b 30a 30b 31a 31b 32a Der Inhalt im Detail Von der Esterrolle Kapitel 1 [2a\u201317a] I\u2014II. An welchem Tag die Esterrolle gelesen wird. Offene und ummauerte St\u00e4dte bezgl. des Lesens der Esterrolle. Die Finalbuchstaben. Die \u00dcbersetzungen des Pentateuchs durch Onkelos, den Proselyten, und der Propheten durch Jonathan ben Uziel. Die drei M\u00e4nner bei Daniel. Die Ahnung des menschlichen Geistes. Unterbrechung des Gesetzesstudiums wegen des Lesens des Esterrolle. Verbot des n\u00e4chtlichen Gru\u00dfes. Hohe Bedeutung des Gesetzes- Studiums. Die Ehre des Menschen verdr\u00e4ngt das biblische Gebot. Das Weichbild der Grossstadt. Aufz\u00e4hlung einiger seit den Tagen Jeho\u0161uas ummauerten St\u00e4dte. Vortr\u00e4ge vor den Feiertagen. &hellip;<\/p>\n","protected":false},"author":1,"featured_media":6668,"parent":4213,"menu_order":0,"comment_status":"closed","ping_status":"closed","template":"","meta":{"_themeisle_gutenberg_block_has_review":false,"footnotes":""},"class_list":["post-4215","page","type-page","status-publish","has-post-thumbnail","hentry"],"jetpack_sharing_enabled":true,"_links":{"self":[{"href":"https:\/\/www.talmud.de\/tlmd\/wp-json\/wp\/v2\/pages\/4215","targetHints":{"allow":["GET"]}}],"collection":[{"href":"https:\/\/www.talmud.de\/tlmd\/wp-json\/wp\/v2\/pages"}],"about":[{"href":"https:\/\/www.talmud.de\/tlmd\/wp-json\/wp\/v2\/types\/page"}],"author":[{"embeddable":true,"href":"https:\/\/www.talmud.de\/tlmd\/wp-json\/wp\/v2\/users\/1"}],"replies":[{"embeddable":true,"href":"https:\/\/www.talmud.de\/tlmd\/wp-json\/wp\/v2\/comments?post=4215"}],"version-history":[{"count":1,"href":"https:\/\/www.talmud.de\/tlmd\/wp-json\/wp\/v2\/pages\/4215\/revisions"}],"predecessor-version":[{"id":6699,"href":"https:\/\/www.talmud.de\/tlmd\/wp-json\/wp\/v2\/pages\/4215\/revisions\/6699"}],"up":[{"embeddable":true,"href":"https:\/\/www.talmud.de\/tlmd\/wp-json\/wp\/v2\/pages\/4213"}],"wp:featuredmedia":[{"embeddable":true,"href":"https:\/\/www.talmud.de\/tlmd\/wp-json\/wp\/v2\/media\/6668"}],"wp:attachment":[{"href":"https:\/\/www.talmud.de\/tlmd\/wp-json\/wp\/v2\/media?parent=4215"}],"curies":[{"name":"wp","href":"https:\/\/api.w.org\/{rel}","templated":true}]}}