{"id":4374,"date":"2019-04-29T16:07:45","date_gmt":"2019-04-29T14:07:45","guid":{"rendered":"https:\/\/www.talmud.de\/tlmd\/?page_id=4374"},"modified":"2020-04-30T08:48:56","modified_gmt":"2020-04-30T06:48:56","slug":"kontakt-chajm-guski","status":"publish","type":"page","link":"https:\/\/www.talmud.de\/tlmd\/kontakt\/kontakt-chajm-guski\/","title":{"rendered":"Kontakt Chajm Guski"},"content":{"rendered":"<p><img data-recalc-dims=\"1\" loading=\"lazy\" decoding=\"async\" src=\"https:\/\/i0.wp.com\/www.talmud.de\/tlmd\/wp-content\/uploads\/2019\/04\/chajm_talmudde.jpg?resize=300%2C300&#038;ssl=1\" alt=\"\" width=\"300\" height=\"300\" class=\"alignleft size-medium wp-image-4376\" srcset=\"https:\/\/i0.wp.com\/www.talmud.de\/tlmd\/wp-content\/uploads\/2019\/04\/chajm_talmudde.jpg?resize=300%2C300&amp;ssl=1 300w, https:\/\/i0.wp.com\/www.talmud.de\/tlmd\/wp-content\/uploads\/2019\/04\/chajm_talmudde.jpg?resize=150%2C150&amp;ssl=1 150w, https:\/\/i0.wp.com\/www.talmud.de\/tlmd\/wp-content\/uploads\/2019\/04\/chajm_talmudde.jpg?resize=120%2C120&amp;ssl=1 120w, https:\/\/i0.wp.com\/www.talmud.de\/tlmd\/wp-content\/uploads\/2019\/04\/chajm_talmudde.jpg?w=500&amp;ssl=1 500w\" sizes=\"auto, (max-width: 300px) 100vw, 300px\" \/> Chajm ist Herausgeber von talmud.de, Organisator des Minchah-Schiurs im Ruhrgebiet und Autor f\u00fcr diverse Medien. In <a href=\"https:\/\/www.sprachkasse.de\/blog\/\">seinem Blog<\/a> gibt es aktuelle Informationen \u00fcber das, was sich in der j\u00fcdischen Welt so tut.<br \/>\nMan kann\/soll Chajm auch bei twitter folgen: <a href=\"https:\/\/twitter.com\/chajmke\">@chajmke<\/a>.<br \/>\n\u00dcber telegram kann man Chajm ebenfalls erreichen: <a href=\"https:\/\/t.me\/chajmke\">t.me\/chajmke<\/a><br \/>\n<em>F\u00fcr alle F\u00e4lle:<\/em> <a href=\"https:\/\/www.amazon.de\/registry\/wishlist\/1TXS2HSIXQEJA\">Wunschliste bei amazon<\/a>.<\/p>\n<p><a href=\"https:\/\/www.talmud.de\/tlmd\/author\/chajm\/\">Alle Beitr\u00e4ge von Chajm auf talmud.de<\/a><\/p>\n<p>Hier kann man Chajm eine Nachricht hinterlassen.<\/p>\n\n<div class=\"wpcf7 no-js\" id=\"wpcf7-f4373-o1\" lang=\"de-DE\" dir=\"ltr\" data-wpcf7-id=\"4373\">\n<div class=\"screen-reader-response\"><p role=\"status\" aria-live=\"polite\" aria-atomic=\"true\"><\/p> <ul><\/ul><\/div>\n<form action=\"\/tlmd\/wp-json\/wp\/v2\/pages\/4374#wpcf7-f4373-o1\" method=\"post\" class=\"wpcf7-form init\" aria-label=\"Kontaktformular\" novalidate=\"novalidate\" data-status=\"init\">\n<fieldset class=\"hidden-fields-container\"><input type=\"hidden\" name=\"_wpcf7\" value=\"4373\" \/><input type=\"hidden\" name=\"_wpcf7_version\" value=\"6.1.3\" \/><input type=\"hidden\" name=\"_wpcf7_locale\" value=\"de_DE\" \/><input type=\"hidden\" name=\"_wpcf7_unit_tag\" value=\"wpcf7-f4373-o1\" \/><input type=\"hidden\" name=\"_wpcf7_container_post\" value=\"0\" \/><input type=\"hidden\" name=\"_wpcf7_posted_data_hash\" value=\"\" \/>\n<\/fieldset>\n<p>Ihr Name (Pflichtfeld)\n<\/p>\n<p><span class=\"wpcf7-form-control-wrap\" data-name=\"your-name\"><input size=\"40\" maxlength=\"400\" class=\"wpcf7-form-control wpcf7-text wpcf7-validates-as-required\" aria-required=\"true\" aria-invalid=\"false\" value=\"\" type=\"text\" name=\"your-name\" \/><\/span>\n<\/p>\n<p>Ihre E-Mail-Adresse (Pflichtfeld)\n<\/p>\n<p><span class=\"wpcf7-form-control-wrap\" data-name=\"your-email\"><input size=\"40\" maxlength=\"400\" class=\"wpcf7-form-control wpcf7-email wpcf7-validates-as-required wpcf7-text wpcf7-validates-as-email\" aria-required=\"true\" aria-invalid=\"false\" value=\"\" type=\"email\" name=\"your-email\" \/><\/span>\n<\/p>\n<p>Ihre Nachricht\n<\/p>\n<p><span class=\"wpcf7-form-control-wrap\" data-name=\"your-message\"><textarea cols=\"40\" rows=\"10\" maxlength=\"2000\" class=\"wpcf7-form-control wpcf7-textarea\" aria-invalid=\"false\" name=\"your-message\"><\/textarea><\/span>\n<\/p>\n<p><span id=\"wpcf7-69e3453c2d6a6-wrapper\" class=\"wpcf7-form-control-wrap email-239-wrap\" style=\"display:none !important; visibility:hidden !important;\"><label for=\"wpcf7-69e3453c2d6a6-field\" class=\"hp-message\">Bitte lasse dieses Feld leer.<\/label><input id=\"wpcf7-69e3453c2d6a6-field\"  class=\"wpcf7-form-control wpcf7-text\" type=\"text\" name=\"email-239\" value=\"\" size=\"40\" tabindex=\"-1\" autocomplete=\"new-password\" \/><\/span>\n<\/p>\n<p><input class=\"wpcf7-form-control wpcf7-submit has-spinner\" type=\"submit\" value=\"Senden\" \/>\n<\/p><p style=\"display: none !important;\" class=\"akismet-fields-container\" data-prefix=\"_wpcf7_ak_\"><label>&#916;<textarea name=\"_wpcf7_ak_hp_textarea\" cols=\"45\" rows=\"8\" maxlength=\"100\"><\/textarea><\/label><input type=\"hidden\" id=\"ak_js_1\" name=\"_wpcf7_ak_js\" value=\"195\"\/><script>document.getElementById( \"ak_js_1\" ).setAttribute( \"value\", ( new Date() ).getTime() );<\/script><\/p><div class=\"wpcf7-response-output\" aria-hidden=\"true\"><\/div>\n<\/form>\n<\/div>\n\n","protected":false},"excerpt":{"rendered":"<p>Chajm ist Herausgeber von talmud.de, Organisator des Minchah-Schiurs im Ruhrgebiet und Autor f\u00fcr diverse Medien. In seinem Blog gibt es aktuelle Informationen \u00fcber das, was sich in der j\u00fcdischen Welt so tut. Man kann\/soll Chajm auch bei twitter folgen: @chajmke. \u00dcber telegram kann man Chajm ebenfalls erreichen: t.me\/chajmke F\u00fcr alle F\u00e4lle: Wunschliste bei amazon. Alle Beitr\u00e4ge von Chajm auf talmud.de Hier kann man Chajm eine Nachricht hinterlassen.<\/p>\n","protected":false},"author":1,"featured_media":0,"parent":201,"menu_order":0,"comment_status":"closed","ping_status":"closed","template":"","meta":{"_themeisle_gutenberg_block_has_review":false,"footnotes":""},"class_list":["post-4374","page","type-page","status-publish","hentry"],"jetpack_sharing_enabled":true,"_links":{"self":[{"href":"https:\/\/www.talmud.de\/tlmd\/wp-json\/wp\/v2\/pages\/4374","targetHints":{"allow":["GET"]}}],"collection":[{"href":"https:\/\/www.talmud.de\/tlmd\/wp-json\/wp\/v2\/pages"}],"about":[{"href":"https:\/\/www.talmud.de\/tlmd\/wp-json\/wp\/v2\/types\/page"}],"author":[{"embeddable":true,"href":"https:\/\/www.talmud.de\/tlmd\/wp-json\/wp\/v2\/users\/1"}],"replies":[{"embeddable":true,"href":"https:\/\/www.talmud.de\/tlmd\/wp-json\/wp\/v2\/comments?post=4374"}],"version-history":[{"count":1,"href":"https:\/\/www.talmud.de\/tlmd\/wp-json\/wp\/v2\/pages\/4374\/revisions"}],"predecessor-version":[{"id":5569,"href":"https:\/\/www.talmud.de\/tlmd\/wp-json\/wp\/v2\/pages\/4374\/revisions\/5569"}],"up":[{"embeddable":true,"href":"https:\/\/www.talmud.de\/tlmd\/wp-json\/wp\/v2\/pages\/201"}],"wp:attachment":[{"href":"https:\/\/www.talmud.de\/tlmd\/wp-json\/wp\/v2\/media?parent=4374"}],"curies":[{"name":"wp","href":"https:\/\/api.w.org\/{rel}","templated":true}]}}