{"id":4496,"date":"2019-05-23T15:01:09","date_gmt":"2019-05-23T13:01:09","guid":{"rendered":"https:\/\/www.talmud.de\/tlmd\/?page_id=4496"},"modified":"2023-05-11T20:50:33","modified_gmt":"2023-05-11T18:50:33","slug":"schawuot","status":"publish","type":"page","link":"https:\/\/www.talmud.de\/tlmd\/schawuot\/","title":{"rendered":"Schawuot"},"content":{"rendered":"<div class=\"wp-block-image\">\n<figure class=\"aligncenter\"><img data-recalc-dims=\"1\" loading=\"lazy\" decoding=\"async\" width=\"840\" height=\"560\" src=\"https:\/\/i0.wp.com\/www.talmud.de\/tlmd\/wp-content\/uploads\/2013\/11\/schawuot.jpg?resize=840%2C560&#038;ssl=1\" alt=\"\" class=\"wp-image-2389\" srcset=\"https:\/\/i0.wp.com\/www.talmud.de\/tlmd\/wp-content\/uploads\/2013\/11\/schawuot.jpg?w=1200&amp;ssl=1 1200w, https:\/\/i0.wp.com\/www.talmud.de\/tlmd\/wp-content\/uploads\/2013\/11\/schawuot.jpg?resize=300%2C200&amp;ssl=1 300w, https:\/\/i0.wp.com\/www.talmud.de\/tlmd\/wp-content\/uploads\/2013\/11\/schawuot.jpg?resize=768%2C512&amp;ssl=1 768w, https:\/\/i0.wp.com\/www.talmud.de\/tlmd\/wp-content\/uploads\/2013\/11\/schawuot.jpg?resize=1024%2C683&amp;ssl=1 1024w, https:\/\/i0.wp.com\/www.talmud.de\/tlmd\/wp-content\/uploads\/2013\/11\/schawuot.jpg?resize=840%2C560&amp;ssl=1 840w\" sizes=\"auto, (max-width: 840px) 100vw, 840px\" \/><\/figure><\/div>\n\n\n<p>Schawuot (Hebr\u00e4isch \u05e9\u05b8\u05c1\u05d1\u05d5\u05bc\u05e2\u05d5\u05b9\u05ea) ist nicht nur das \u201e<em>Fest der Erstlingsfr\u00fcchte<\/em>\u201d, wie es in der Torah genannt wird, sondern auch das \u201eFest der Torah-Gebung\u201c \u2013 <em>Mattan Torah<\/em> -, denn an Schawuot wurde die Torah von G\u2019tt durch Mosche an das Volk gegeben.<br>Die Israeliten vollenden nun die physische Freiheit von Pessach durch die geistige von Schawuot \u2013 die Torah wird ohne Bedingungen angenommen.<br>Schawu&#8217;ot wird mit festlichen Mahlzeiten, mit n\u00e4chtlichem Torastudium (<em>Tikkun<\/em>) und dem Sprechen von <em>Akdamut <\/em>(in aschkenasischen Synagogen) begangen. Das Buches Ruth wird gelesen, Milcherzeugnisse verzehrt und die Synagogen werden mit Pflanzen geschm\u00fcckt (siehe dazu <a href=\"https:\/\/www.talmud.de\/tlmd\/schulchan-aruch-orach-chajim-abschnitt-494-ordnung-der-gebete-an-schawuot\/\">Schulchan Aruch Orach Chayim, 494<\/a>).<\/p>\n\n\n\n<ul class=\"wp-block-list\">\n<li><strong><a href=\"https:\/\/www.talmud.de\/tlmd\/schawuot-hochzeit-des-volkes-israel\/\">Schawuot \u2013 Hochzeit des Volkes Israel<\/a><\/strong> Schawuot ist nicht nur das \u00bbFest der Erstlingsfr\u00fcchte\u00ab wie es in der Torah genannt wird, sondern auch das \u00bbFest der Torah-Gebung\u00ab \u2013 Mattan Torah -, denn an Schawuot wurde die Torah von G-tt durch Mosche an das Volk gegeben. Die Israeliten vollendeten nun die physische Freiheit von Pessach durch die geistige von Schawuot \u2013 die Torah wird ohne Bedingungen angenommen. <a href=\"https:\/\/www.talmud.de\/tlmd\/schawuot-hochzeit-des-volkes-israel\/\">mehr\u2026<\/a><\/li>\n\n\n\n<li><strong><a href=\"https:\/\/www.talmud.de\/tlmd\/schawuot-fest-der-torahgebung\/\">Schawuot \u2013 Fest der Torahgebung<\/a><\/strong> Schawuot, das Wochenfest, ist das zweite der drei Wallfahrtsfeste, an dem die Menschen zur Zeit des Tempels in Jeruschalajim dorthin pilgerten um die erste Ernte zu opfern. <a href=\"https:\/\/www.talmud.de\/tlmd\/schawuot-fest-der-torahgebung\/\">mehr\u2026<\/a><\/li>\n\n\n\n<li><strong><a href=\"https:\/\/www.talmud.de\/tlmd\/saadia\/\">Das Argument Saadias Gaons gegen die Kar\u00e4er \u00fcber das Omer-Opfer in Joschua 5,11<\/a><\/strong> Ab wann soll das Omeropfer dargebracht werden? Da das Datum von Schawuot davon abh\u00e4ngig ist, ist diese Diskussion \u00fcber die Vorschrift aus dem 3. Buch Mosche 23,15 keine unwichtige. Die Kar\u00e4er haben hier eine andere Auffassung als das rabbinische Judentum. <a href=\"https:\/\/www.talmud.de\/tlmd\/saadia\/\">mehr\u2026<\/a><\/li>\n<\/ul>\n\n\n\n<h2 class=\"wp-block-heading\">Texte<\/h2>\n\n\n\n<ul class=\"wp-block-list\">\n<li><a href=\"https:\/\/www.talmud.de\/tlmd\/tanach\/megillat-ruth\/\"><strong>Das Buch Ruth in deutscher \u00dcbersetzung<\/strong><\/a><\/li>\n\n\n\n<li><strong><a href=\"https:\/\/www.talmud.de\/tlmd\/schulchan-aruch-orach-chajim-abschnitt-494-ordnung-der-gebete-an-schawuot\/\">Schawuot im Schulchan Aruch<\/a><\/strong> (Orach Chajim 494)<\/li>\n\n\n\n<li><strong><a href=\"https:\/\/www.talmud.de\/tlmd\/akdamut\/\">Akdamut <\/a><\/strong>in deutscher \u00dcbersetzung<\/li>\n\n\n\n<li><strong><a href=\"https:\/\/www.talmud.de\/tlmd\/adon-imnani\/\">Adon Imnani<\/a><\/strong> in deutscher \u00dcbersetzung<\/li>\n<\/ul>\n","protected":false},"excerpt":{"rendered":"<p>Schawuot (Hebr\u00e4isch \u05e9\u05b8\u05c1\u05d1\u05d5\u05bc\u05e2\u05d5\u05b9\u05ea) ist nicht nur das \u201eFest der Erstlingsfr\u00fcchte\u201d, wie es in der Torah genannt wird, sondern auch das \u201eFest der Torah-Gebung\u201c \u2013 Mattan Torah -, denn an Schawuot wurde die Torah von G\u2019tt durch Mosche an das Volk gegeben.Die Israeliten vollenden nun die physische Freiheit von Pessach durch die geistige von Schawuot \u2013 die Torah wird ohne Bedingungen angenommen.Schawu&#8217;ot wird mit festlichen Mahlzeiten, mit n\u00e4chtlichem Torastudium (Tikkun) und dem Sprechen von Akdamut (in aschkenasischen Synagogen) begangen. Das Buches Ruth wird gelesen, Milcherzeugnisse verzehrt und die Synagogen werden mit Pflanzen geschm\u00fcckt (siehe dazu Schulchan Aruch Orach Chayim, 494). Texte<\/p>\n","protected":false},"author":1,"featured_media":0,"parent":0,"menu_order":0,"comment_status":"closed","ping_status":"closed","template":"","meta":{"_themeisle_gutenberg_block_has_review":false,"footnotes":""},"class_list":["post-4496","page","type-page","status-publish","hentry"],"jetpack_sharing_enabled":true,"_links":{"self":[{"href":"https:\/\/www.talmud.de\/tlmd\/wp-json\/wp\/v2\/pages\/4496","targetHints":{"allow":["GET"]}}],"collection":[{"href":"https:\/\/www.talmud.de\/tlmd\/wp-json\/wp\/v2\/pages"}],"about":[{"href":"https:\/\/www.talmud.de\/tlmd\/wp-json\/wp\/v2\/types\/page"}],"author":[{"embeddable":true,"href":"https:\/\/www.talmud.de\/tlmd\/wp-json\/wp\/v2\/users\/1"}],"replies":[{"embeddable":true,"href":"https:\/\/www.talmud.de\/tlmd\/wp-json\/wp\/v2\/comments?post=4496"}],"version-history":[{"count":2,"href":"https:\/\/www.talmud.de\/tlmd\/wp-json\/wp\/v2\/pages\/4496\/revisions"}],"predecessor-version":[{"id":9559,"href":"https:\/\/www.talmud.de\/tlmd\/wp-json\/wp\/v2\/pages\/4496\/revisions\/9559"}],"wp:attachment":[{"href":"https:\/\/www.talmud.de\/tlmd\/wp-json\/wp\/v2\/media?parent=4496"}],"curies":[{"name":"wp","href":"https:\/\/api.w.org\/{rel}","templated":true}]}}