{"id":4500,"date":"2019-05-23T15:23:08","date_gmt":"2019-05-23T13:23:08","guid":{"rendered":"https:\/\/www.talmud.de\/tlmd\/?page_id=4500"},"modified":"2023-12-12T00:43:37","modified_gmt":"2023-12-11T22:43:37","slug":"chanukkah","status":"publish","type":"page","link":"https:\/\/www.talmud.de\/tlmd\/chanukkah\/","title":{"rendered":"Chanukkah"},"content":{"rendered":"<div class=\"wp-block-image\">\n<figure class=\"aligncenter\"><img data-recalc-dims=\"1\" loading=\"lazy\" decoding=\"async\" width=\"280\" height=\"283\" src=\"https:\/\/i0.wp.com\/www.talmud.de\/tlmd\/wp-content\/uploads\/2013\/11\/minhagim_chanukkah.gif?resize=280%2C283&#038;ssl=1\" alt=\"\" class=\"wp-image-151\"\/><\/figure><\/div>\n\n\n<p>Am 25. Kislew beginnen wir das achtt\u00e4gige Chanukah oder Weihefest zur Erinnerung an die Siege der Makkab\u00e4er \u00fcber Antiochus Epiphanes, den K\u00f6nig von Syrien. Antiochus hatte versucht, die Juden zum G\u00f6tzendienst zu zwingen und sie zum Abfall von der Verehrung des wahren G-ttes zu n\u00f6tigen. Die Juden, von den Makkab\u00e4ern gef\u00fchrt, leisteten Widerstand und ausger\u00fcstet mit dem Glauben an G-tt, errangen sie den Sieg \u00fcber gro\u00dfe feindliche Heer. Der Tempel, der von heidnischen Soldaten verunreinigt war, wurde wieder ges\u00e4ubert und der G-ttesdienst wiederhergestellt. F\u00fcr die ewige Lampe (Ner Tamid) fehlte es an reinem von Heiden nicht ber\u00fchrtem \u00d6le. Nur ein kleines Fl\u00e4schchen wurde vorgefunden, das, wie man glaubte, nur eine Nacht ausreichen w\u00fcrde; aber es gen\u00fcgte acht Tage; inzwischen konnte man sich wieder frisches \u00d6l verschaffen.<br>(<em>Rabbiner Michael Friedl\u00e4nder \u2013 Die J\u00fcdische Religion<\/em>)<\/p>\n\n\n\n<h2 class=\"wp-block-heading\">\u00dcber Chanukkah<\/h2>\n\n\n\n<ul class=\"wp-block-list\">\n<li><strong><a href=\"https:\/\/www.talmud.de\/tlmd\/der-sieg-ueber-unsere-geistige-ausloeschung\/\">Der Sieg \u00fcber unsere geistige Ausl\u00f6schung<\/a><\/strong> Chanukkah ist das Fest des neuen, wachsenden Lichtes zu einer Zeit gro\u00dfer Finsternis. Obwohl es nicht zu den Feiertagen geh\u00f6rt, die G\u2019tt uns mit der Torah gegeben hat, so ist es doch ein Fest, das uns f\u00fcr uns um der Torah willen sehr gro\u00dfe Bedeutung erhalten hat. <a href=\"https:\/\/www.talmud.de\/tlmd\/der-sieg-ueber-unsere-geistige-ausloeschung\/\">mehr\u2026<\/a><\/li>\n\n\n\n<li><strong><a href=\"https:\/\/www.talmud.de\/tlmd\/das-fest-der-tempelwiedereinweihung\/\">Das Fest der Tempelwiedereinweihung<\/a><\/strong> Am 25. Tag des j\u00fcdischen Monats Kislev feiern wir Chanukah. Das ist in der dunkelsten Zeit des Jahres, wenn es die Sonne kaum noch schafft den Tag zu erhellen, wenn die Nacht unertr\u00e4glich lang ist, wenn K\u00e4lte und N\u00e4sse uns bedr\u00e4ngen, und Niedergeschlagenheit uns zu lahmen droht. Dann entz\u00fcnden wir ein neues Licht und am n\u00e4chsten Tag ein weiteres, und das Licht w\u00e4chst, und mit ihm die W\u00e4rme <a href=\"https:\/\/www.talmud.de\/tlmd\/das-fest-der-tempelwiedereinweihung\/\">weiter\u2026<\/a><\/li>\n\n\n\n<li><strong><a href=\"https:\/\/www.talmud.de\/tlmd\/was-ist-chanukkah-mai-chanukkah\/\">Was ist Chanukkah? Mai Chanukkah?<\/a><\/strong> \u201eMai Channuka?\u201c fragt der Talmud. \u201eWas ist Channuka?\u201c Dies ist vordergr\u00fcndig leicht erkl\u00e4rt; zum Beispiel, indem man mit dem historischen Hintergrund der Feier beginnt: Im zweiten Jahrhundert vor unserer Zeitrechnung siegten die Makkab\u00e4er gegen die griechische Besatzung und reinigten den Tempel von fremden Kulten. <a href=\"https:\/\/www.talmud.de\/tlmd\/was-ist-chanukkah-mai-chanukkah\/\">mehr\u2026<\/a><\/li>\n<\/ul>\n\n\n\n<h2 class=\"wp-block-heading\">Hilfen \u2013 So geht&#8217;s<\/h2>\n\n\n\n<ul class=\"wp-block-list\">\n<li><strong><a href=\"https:\/\/www.talmud.de\/tlmd\/chanukka-madrich-der-chanukkah-helfer-zum-download\/\">Chanukka-Madrich \u2013 der Chanukkah Helfer zum Download<\/a><\/strong> Der kleine (vierseitige) Chanukka-Madrich mit kurzen Vorschriften zum Lichterz\u00fcnden und den Gebeten hebr\u00e4isch, deutsch und transliteriert. Der Madrich darf frei kopiert und verteilt werden. <a href=\"https:\/\/www.talmud.de\/tlmd\/chanukka-madrich-der-chanukkah-helfer-zum-download\/\">mehr\u2026<\/a><\/li>\n\n\n\n<li><strong><a href=\"https:\/\/www.talmud.de\/tlmd\/kerzenzuenden-an-chanukkah-so-gehts\/\">Kerzenz\u00fcnden an Chanukkah \u2013 so geht\u2019s<\/a><\/strong> Am Abend des 24. Kislew, beim Sichtbarwerden der Sterne, nach dem Abendgebet (Ma\u2019ariv), wird ein Licht, und zwar das auf der \u00e4u\u00dfersten Rechten des Leuchters angez\u00fcndet. <a href=\"https:\/\/www.talmud.de\/tlmd\/kerzenzuenden-an-chanukkah-so-gehts\/\">Weiter und mehr\u2026<\/a><\/li>\n\n\n\n<li><strong><a href=\"https:\/\/www.talmud.de\/tlmd\/elektrische-lichter-statt-echte-kerzen\/\">Elektrische Kerzen statt echter Kerzen?<\/a><\/strong> Es hat sich die g\u00e4ngige Praxis entwickelt, keine elektrischen Menorot als Chanukka-Kerzen anzuz\u00fcnden. Dieser Text konzentriert sich auf die Gr\u00fcnde f\u00fcr diese heutige Praxis. Von Rabbiner Chaim Jachter.<\/li>\n<\/ul>\n\n\n\n<h2 class=\"wp-block-heading\">Texte zu Chanukkah<\/h2>\n\n\n\n<ul class=\"wp-block-list\">\n<li><a href=\"https:\/\/www.talmud.de\/tlmd\/megillat-antiochus\/\"><strong>Megillat Antiochus<\/strong><\/a> Gibt es tats\u00e4chlich eine Megillah f\u00fcr Chanukkah? Alle Hintergrundinformationen und die \u00dcbersetzung, aber auch einen hebr\u00e4ischen Text zum Download gibt es hier. <a href=\"https:\/\/www.talmud.de\/tlmd\/megillat-antiochus\/\">mehr\u2026<\/a><\/li>\n\n\n\n<li><strong><a href=\"https:\/\/www.talmud.de\/tlmd\/zur-torahlesung-an-chanukkah\/\">Zur Torahlesung an Chanukkah<\/a><\/strong> Aus den Legenden zur Schriftvorlesung am Chanukkahfest <a href=\"https:\/\/www.talmud.de\/tlmd\/zur-torahlesung-an-chanukkah\/\">mehr\u2026<\/a><\/li>\n\n\n\n<li><strong><a href=\"https:\/\/www.talmud.de\/tlmd\/talmud-uebersetzung\/schabbat\/schabbat-kapitel-2\/#blatt-21b\">Chanukkah im Talmud<\/a><\/strong> <img data-recalc-dims=\"1\" loading=\"lazy\" decoding=\"async\" width=\"25\" height=\"15\" class=\"wp-image-3543\" style=\"width: 25px;\" src=\"https:\/\/i0.wp.com\/www.talmud.de\/tlmd\/wp-content\/uploads\/2018\/09\/hand_talmudde_klein.png?resize=25%2C15&#038;ssl=1\" alt=\"\"> <a href=\"https:\/\/www.talmud.de\/tlmd\/talmud-uebersetzung\/schabbat\/schabbat-kapitel-2\/#blatt-21b\">Schabbat 21b<\/a><\/li>\n\n\n\n<li><strong><a href=\"https:\/\/www.talmud.de\/tlmd\/das-zweite-buch-der-makkabaeer\/\">Das Zweite Buch der Makkab\u00e4er<\/a><\/strong> in deutscher \u00dcbersetzung<\/li>\n<\/ul>\n","protected":false},"excerpt":{"rendered":"<p>Am 25. Kislew beginnen wir das achtt\u00e4gige Chanukah oder Weihefest zur Erinnerung an die Siege der Makkab\u00e4er \u00fcber Antiochus Epiphanes, den K\u00f6nig von Syrien. Antiochus hatte versucht, die Juden zum G\u00f6tzendienst zu zwingen und sie zum Abfall von der Verehrung des wahren G-ttes zu n\u00f6tigen. Die Juden, von den Makkab\u00e4ern gef\u00fchrt, leisteten Widerstand und ausger\u00fcstet mit dem Glauben an G-tt, errangen sie den Sieg \u00fcber gro\u00dfe feindliche Heer. Der Tempel, der von heidnischen Soldaten verunreinigt war, wurde wieder ges\u00e4ubert und der G-ttesdienst wiederhergestellt. F\u00fcr die ewige Lampe (Ner Tamid) fehlte es an reinem von Heiden nicht ber\u00fchrtem \u00d6le. Nur ein kleines Fl\u00e4schchen wurde vorgefunden, das, wie man glaubte, nur eine Nacht ausreichen w\u00fcrde; aber es gen\u00fcgte acht Tage; inzwischen konnte man sich wieder frisches \u00d6l verschaffen.(Rabbiner Michael Friedl\u00e4nder \u2013 Die J\u00fcdische Religion) \u00dcber Chanukkah Hilfen \u2013 So geht&#8217;s Texte zu Chanukkah<\/p>\n","protected":false},"author":1,"featured_media":0,"parent":0,"menu_order":0,"comment_status":"closed","ping_status":"closed","template":"","meta":{"_themeisle_gutenberg_block_has_review":false,"footnotes":""},"class_list":["post-4500","page","type-page","status-publish","hentry"],"jetpack_sharing_enabled":true,"_links":{"self":[{"href":"https:\/\/www.talmud.de\/tlmd\/wp-json\/wp\/v2\/pages\/4500","targetHints":{"allow":["GET"]}}],"collection":[{"href":"https:\/\/www.talmud.de\/tlmd\/wp-json\/wp\/v2\/pages"}],"about":[{"href":"https:\/\/www.talmud.de\/tlmd\/wp-json\/wp\/v2\/types\/page"}],"author":[{"embeddable":true,"href":"https:\/\/www.talmud.de\/tlmd\/wp-json\/wp\/v2\/users\/1"}],"replies":[{"embeddable":true,"href":"https:\/\/www.talmud.de\/tlmd\/wp-json\/wp\/v2\/comments?post=4500"}],"version-history":[{"count":2,"href":"https:\/\/www.talmud.de\/tlmd\/wp-json\/wp\/v2\/pages\/4500\/revisions"}],"predecessor-version":[{"id":9861,"href":"https:\/\/www.talmud.de\/tlmd\/wp-json\/wp\/v2\/pages\/4500\/revisions\/9861"}],"wp:attachment":[{"href":"https:\/\/www.talmud.de\/tlmd\/wp-json\/wp\/v2\/media?parent=4500"}],"curies":[{"name":"wp","href":"https:\/\/api.w.org\/{rel}","templated":true}]}}