{"id":4584,"date":"2019-06-03T15:24:03","date_gmt":"2019-06-03T13:24:03","guid":{"rendered":"https:\/\/www.talmud.de\/tlmd\/?page_id=4584"},"modified":"2023-09-06T16:31:46","modified_gmt":"2023-09-06T14:31:46","slug":"rosch-haschanah","status":"publish","type":"page","link":"https:\/\/www.talmud.de\/tlmd\/rosch-haschanah\/","title":{"rendered":"Rosch haSchanah"},"content":{"rendered":"\n<p><strong>Rosch haSchanah<\/strong>, w\u00f6rtlich \u00bbHaupt des Jahres\u00ab, ist das j\u00fcdische \u00bbNeujahrsfest\u00ab.<br>Es wird am Herbstbeginn am 1. und 2. Tischri gefeiert und er\u00f6ffnet die \u00bbzehn Bu\u00dftage\u00ab, die mit <em>Jom Kippur<\/em> schlie\u00dfen.<br>An Rosch haSchanah, das auch als Tag der Sch\u00f6pfung gilt, gedenkt G-tt alles Geschaffenen und bestimmt die Lose der Menschen. Er h\u00e4lt Gericht (<em>Jom haDin<\/em> &#8211; \u00bbTag des Gerichts\u00ab). Die Menschen werden zu einem Selbstgericht, zur Bu\u00dfe und Besserung aufgerufen durch den Ton des Schofars. Deshalb hei\u00dft der Tag auch \u00bb<em>Jom Teruah<\/em> &#8211; Tag des Schofartons\u00ab.<\/p>\n\n\n\n<p>Man begl\u00fcckw\u00fcnscht sich gegenseitig mit \u00bb<em>leschana towa tikkatew<\/em> \u2013 zu einem guten Jahr m\u00f6gest Du eingeschrieben sein.\u00ab<\/p>\n\n\n<div class=\"wp-block-image\">\n<figure class=\"aligncenter size-large\"><img data-recalc-dims=\"1\" loading=\"lazy\" decoding=\"async\" width=\"505\" height=\"541\" src=\"https:\/\/i0.wp.com\/www.talmud.de\/tlmd\/wp-content\/uploads\/2013\/11\/schofar.gif?resize=505%2C541&#038;ssl=1\" alt=\"\" class=\"wp-image-150\"\/><figcaption class=\"wp-element-caption\">Aus einem mittelalterlichen Minhagim-Buch<\/figcaption><\/figure><\/div>\n\n\n<h2 class=\"wp-block-heading\">Artikel \u00fcber Rosch haSchanah:<\/h2>\n\n\n\n<ul class=\"wp-block-list\">\n<li><strong><a href=\"https:\/\/www.talmud.de\/tlmd\/tag-des-schofarblasens-tag-der-rueckbesinnung-tag-des-gerichtes-und-beginn-des-neuen-jahres\/\">Tag des Schofarblasens Tag der R\u00fcckbesinnung, Tag des Gerichtes und Beginn des neuen Jahres<\/a><\/strong> Dr. Michael Rosenkranz erkl\u00e4rt den Feiertag und seine Aspekte.<\/li>\n\n\n\n<li><strong><a href=\"https:\/\/www.talmud.de\/tlmd\/die-zeit-der-besinnung-der-tag-des-gerichts-und-der-versoehnungstag\/\">Die Zeit der Besinnung, der Tag des Gerichts und der Vers\u00f6hnungstag<\/a><\/strong> Ein weiterer einf\u00fchrender Artikel von Dr. Michael Rosenkranz zu Rosch haSchanah<\/li>\n\n\n\n<li><strong><a href=\"https:\/\/www.talmud.de\/tlmd\/den-prozess-verlieren-franz-kafka-und-der-schabbat-schuwah\/\">Den Prozess verlieren \u2013 Franz Kafka und der Schabbat Schuwah<\/a><\/strong> Der Schabbat Schuwah liegt zwischen Rosch haSchanah und Jom Kippur. Was passiert, wenn der Prozess nachteilig ausgeht? Ist es das, was Franz Kafka in seinem Roman \u00bbDer Proce\u00df\u00ab beschrieb?<\/li>\n<\/ul>\n\n\n\n<h2 class=\"wp-block-heading\">Gebete<\/h2>\n\n\n\n<ul class=\"wp-block-list\">\n<li><strong><a href=\"https:\/\/www.talmud.de\/tlmd\/slichot-erste-nacht\/\">Slichot vor Rosch haSchanah<\/a><\/strong><\/li>\n\n\n\n<li><strong><a href=\"https:\/\/www.talmud.de\/tlmd\/rosch-haschanah-seder-simanim\/\">Rosch haSchanah Seder \u2013 Simanim <\/a><\/strong>&#8211; die symbolischen Speisen am Abend von Rosch haSchanah<\/li>\n\n\n\n<li><strong><a href=\"https:\/\/www.talmud.de\/tlmd\/pijut-fuer-rosch-haschanah\/\" target=\"_blank\" rel=\"noreferrer noopener\">Pijut (modern) f\u00fcr Rosch haSchanah &#8211; Channah<\/a><\/strong><\/li>\n<\/ul>\n\n\n\n<h2 class=\"wp-block-heading\">Quelltexte:<\/h2>\n\n\n\n<ul class=\"wp-block-list\">\n<li><a href=\"https:\/\/www.talmud.de\/tlmd\/torahlesung-fuer-den-ersten-tag-rosch-haschanah\/\"><strong>Die Torahlesung f\u00fcr den ersten Tag Rosch haSchanah<\/strong><\/a><\/li>\n\n\n\n<li><a href=\"https:\/\/www.talmud.de\/tlmd\/avinu-malkenu\/\"><strong>Das Gebet Avinu Malkenu in deutscher \u00dcbersetzung<\/strong><\/a><\/li>\n\n\n\n<li><strong><a href=\"https:\/\/www.talmud.de\/tlmd\/hilchot-teschuwah\/\">Hilchot Teschuwah (die Regeln der Umkehr) von Maimonides in deutscher \u00dcbersetzung<\/a><\/strong><\/li>\n\n\n\n<li><strong><a href=\"https:\/\/www.talmud.de\/tlmd\/talmud-uebersetzung\/rosch-haschanah\/\" data-type=\"page\" data-id=\"7395\">Talmud: Traktat\/Massechet Rosch haSchanah<\/a><\/strong><\/li>\n<\/ul>\n\n\n\n<p><\/p>\n","protected":false},"excerpt":{"rendered":"<p>Rosch haSchanah, w\u00f6rtlich \u00bbHaupt des Jahres\u00ab, ist das j\u00fcdische \u00bbNeujahrsfest\u00ab.Es wird am Herbstbeginn am 1. und 2. Tischri gefeiert und er\u00f6ffnet die \u00bbzehn Bu\u00dftage\u00ab, die mit Jom Kippur schlie\u00dfen.An Rosch haSchanah, das auch als Tag der Sch\u00f6pfung gilt, gedenkt G-tt alles Geschaffenen und bestimmt die Lose der Menschen. Er h\u00e4lt Gericht (Jom haDin &#8211; \u00bbTag des Gerichts\u00ab). Die Menschen werden zu einem Selbstgericht, zur Bu\u00dfe und Besserung aufgerufen durch den Ton des Schofars. Deshalb hei\u00dft der Tag auch \u00bbJom Teruah &#8211; Tag des Schofartons\u00ab. Man begl\u00fcckw\u00fcnscht sich gegenseitig mit \u00bbleschana towa tikkatew \u2013 zu einem guten Jahr m\u00f6gest Du eingeschrieben sein.\u00ab Artikel \u00fcber Rosch haSchanah: Gebete Quelltexte:<\/p>\n","protected":false},"author":1,"featured_media":0,"parent":0,"menu_order":0,"comment_status":"closed","ping_status":"closed","template":"","meta":{"_themeisle_gutenberg_block_has_review":false,"footnotes":""},"class_list":["post-4584","page","type-page","status-publish","hentry"],"jetpack_sharing_enabled":true,"_links":{"self":[{"href":"https:\/\/www.talmud.de\/tlmd\/wp-json\/wp\/v2\/pages\/4584","targetHints":{"allow":["GET"]}}],"collection":[{"href":"https:\/\/www.talmud.de\/tlmd\/wp-json\/wp\/v2\/pages"}],"about":[{"href":"https:\/\/www.talmud.de\/tlmd\/wp-json\/wp\/v2\/types\/page"}],"author":[{"embeddable":true,"href":"https:\/\/www.talmud.de\/tlmd\/wp-json\/wp\/v2\/users\/1"}],"replies":[{"embeddable":true,"href":"https:\/\/www.talmud.de\/tlmd\/wp-json\/wp\/v2\/comments?post=4584"}],"version-history":[{"count":2,"href":"https:\/\/www.talmud.de\/tlmd\/wp-json\/wp\/v2\/pages\/4584\/revisions"}],"predecessor-version":[{"id":9768,"href":"https:\/\/www.talmud.de\/tlmd\/wp-json\/wp\/v2\/pages\/4584\/revisions\/9768"}],"wp:attachment":[{"href":"https:\/\/www.talmud.de\/tlmd\/wp-json\/wp\/v2\/media?parent=4584"}],"curies":[{"name":"wp","href":"https:\/\/api.w.org\/{rel}","templated":true}]}}