{"id":4605,"date":"2019-06-04T13:34:30","date_gmt":"2019-06-04T11:34:30","guid":{"rendered":"https:\/\/www.talmud.de\/tlmd\/?page_id=4605"},"modified":"2022-02-15T17:23:47","modified_gmt":"2022-02-15T15:23:47","slug":"rosch-chodesch","status":"publish","type":"page","link":"https:\/\/www.talmud.de\/tlmd\/rosch-chodesch\/","title":{"rendered":"Rosch Chodesch"},"content":{"rendered":"\n<p><em>Rosch Chodesch<\/em> \u263d \u2013 der Neumond, das ist der Beginn des neuen j\u00fcdischen Monats.<\/p>\n\n\n\n<div class=\"wp-block-image size-full wp-image-31\"><figure class=\"aligncenter\"><img data-recalc-dims=\"1\" loading=\"lazy\" decoding=\"async\" width=\"157\" height=\"160\" src=\"https:\/\/i0.wp.com\/www.talmud.de\/tlmd\/wp-content\/uploads\/2013\/09\/kidlevu_01.gif?resize=157%2C160&#038;ssl=1\" alt=\"\" class=\"wp-image-31\"\/><figcaption>Kiddusch Levanah in einem mittelalterlichen Minhag-Buch<\/figcaption><\/figure><\/div>\n\n\n\n<h2 class=\"wp-block-heading\">Artikel \u00fcber Rosch Chodesch<\/h2>\n\n\n\n<ul class=\"wp-block-list\"><li><strong><a href=\"https:\/\/www.talmud.de\/tlmd\/rosch-chodesch-neumond-und-monatsbeginn\/\">Rosch Chodesch \u2013 Neumond und Monatsbeginn<\/a><\/strong> Dr. Michael Rosenkranz erkl\u00e4rt, was Rosch Chodesch ist.<\/li><li><a href=\"https:\/\/www.talmud.de\/tlmd\/jom-kippur-katan\/\"><strong>\u00dcber Jom Kippur Katan &#8211; den <em>kleinen Jom Kippur<\/em> vor Rosch Chodesch<\/strong><\/a> Jom Kippur Katan geh\u00f6rt zu den Festen, denen auch in der orthodoxen Welt recht wenig Aufmerksamkeit geschenkt wurde. Der spezielle Ritus und der eigene Charakter des Tages vor Rosch Chodesch geraten langsam in Vergessenheit. Der kleine Vers\u00f6hnungstag wurde erst im 16. Jahrhundert von den Kabbalisten in Safed eingef\u00fchrt (die \u00fcbrigens auch Kabbalat Schabbat einf\u00fchrten).<\/li><\/ul>\n\n\n\n<h2 class=\"wp-block-heading\">Texte oder Gebete<\/h2>\n\n\n\n<ul class=\"wp-block-list\"><li><a href=\"https:\/\/www.talmud.de\/tlmd\/mussaf-fuer-rosch-chodesch\/\">Das\u00a0<strong>Mussaf-Gebet f\u00fcr Rosch Chodesch (Werktage) im Volltext<\/strong>\u00a0(Hebr\u00e4isch und Deutsch)<\/a><\/li><li><strong><a href=\"https:\/\/www.talmud.de\/tlmd\/gebet-fuer-jom-kippur-katan\/\">Die Gebete f\u00fcr Jom Kippur Katan<\/a><\/strong> (Deutsche \u00dcbersetzung)<\/li><li><strong><a href=\"https:\/\/www.talmud.de\/tlmd\/zum-schabbat-rosch-chodesch\/\">Schabbat Rosch Chodesch<\/a><\/strong> (Torahlesung und Haftarah)<\/li><\/ul>\n","protected":false},"excerpt":{"rendered":"<p>Rosch Chodesch \u263d \u2013 der Neumond, das ist der Beginn des neuen j\u00fcdischen Monats. Artikel \u00fcber Rosch Chodesch Rosch Chodesch \u2013 Neumond und Monatsbeginn Dr. Michael Rosenkranz erkl\u00e4rt, was Rosch Chodesch ist. \u00dcber Jom Kippur Katan &#8211; den kleinen Jom Kippur vor Rosch Chodesch Jom Kippur Katan geh\u00f6rt zu den Festen, denen auch in der orthodoxen Welt recht wenig Aufmerksamkeit geschenkt wurde. Der spezielle Ritus und der eigene Charakter des Tages vor Rosch Chodesch geraten langsam in Vergessenheit. Der kleine Vers\u00f6hnungstag wurde erst im 16. Jahrhundert von den Kabbalisten in Safed eingef\u00fchrt (die \u00fcbrigens auch Kabbalat Schabbat einf\u00fchrten). Texte oder Gebete Das\u00a0Mussaf-Gebet f\u00fcr Rosch Chodesch (Werktage) im Volltext\u00a0(Hebr\u00e4isch und Deutsch) Die Gebete f\u00fcr Jom Kippur Katan (Deutsche \u00dcbersetzung) Schabbat Rosch Chodesch (Torahlesung und Haftarah)<\/p>\n","protected":false},"author":1,"featured_media":0,"parent":0,"menu_order":0,"comment_status":"closed","ping_status":"closed","template":"","meta":{"_themeisle_gutenberg_block_has_review":false,"footnotes":""},"class_list":["post-4605","page","type-page","status-publish","hentry"],"jetpack_sharing_enabled":true,"_links":{"self":[{"href":"https:\/\/www.talmud.de\/tlmd\/wp-json\/wp\/v2\/pages\/4605","targetHints":{"allow":["GET"]}}],"collection":[{"href":"https:\/\/www.talmud.de\/tlmd\/wp-json\/wp\/v2\/pages"}],"about":[{"href":"https:\/\/www.talmud.de\/tlmd\/wp-json\/wp\/v2\/types\/page"}],"author":[{"embeddable":true,"href":"https:\/\/www.talmud.de\/tlmd\/wp-json\/wp\/v2\/users\/1"}],"replies":[{"embeddable":true,"href":"https:\/\/www.talmud.de\/tlmd\/wp-json\/wp\/v2\/comments?post=4605"}],"version-history":[{"count":2,"href":"https:\/\/www.talmud.de\/tlmd\/wp-json\/wp\/v2\/pages\/4605\/revisions"}],"predecessor-version":[{"id":8289,"href":"https:\/\/www.talmud.de\/tlmd\/wp-json\/wp\/v2\/pages\/4605\/revisions\/8289"}],"wp:attachment":[{"href":"https:\/\/www.talmud.de\/tlmd\/wp-json\/wp\/v2\/media?parent=4605"}],"curies":[{"name":"wp","href":"https:\/\/api.w.org\/{rel}","templated":true}]}}