{"id":4643,"date":"2019-06-12T13:47:28","date_gmt":"2019-06-12T11:47:28","guid":{"rendered":"https:\/\/www.talmud.de\/tlmd\/?page_id=4643"},"modified":"2021-04-19T14:00:06","modified_gmt":"2021-04-19T12:00:06","slug":"sukkot","status":"publish","type":"page","link":"https:\/\/www.talmud.de\/tlmd\/sukkot\/","title":{"rendered":"Sukkot"},"content":{"rendered":"\n<p><em>Sukkot<\/em> \u2013 Das Fest der Laubh\u00fctten \u2013 Am f\u00fcnfzehnten Tage dieses siebenten Monats soll das H\u00fcttenfest sein sieben Tage dem Ewigen, hei\u00dft es in Leviticus 23,24. Der Name findet seine Erkl\u00e4rung in der Mitzwah Ihr sollt in H\u00fctten wohnen sieben Tage, damit Eure Nachkommen wissen, dass ich die Kinder Jisrael in H\u00fctten wohnen lie\u00df, als ich sie aus dem Lande \u00c4gypten herausf\u00fchrte. (23,42-43). Uns ist dementsprechend geboten, der Wanderung Israels durch die W\u00fcste zu gedenken. Sie wohnten in Zelten, die ihnen bis zu einem gewissen Grad Schutz boten. Doch ohne g\u00f6ttlichen Beistand w\u00e4re dieser Schutz unzul\u00e4nglich gewesen. An diesen doppelten Schirm und Schutz erinnert uns die H\u00fctte, in der wir nach dem Gesetz w\u00e4hrend des Festes wohnen sollen.<br>\u2013 (<em>Rabbiner Michael Friedl\u00e4nder<\/em>)<\/p>\n\n\n\n<h2 class=\"wp-block-heading\">Artikel zu und \u00fcber Sukkot:<\/h2>\n\n\n\n<ul class=\"wp-block-list\"><li><a href=\"https:\/\/www.talmud.de\/tlmd\/ueber-sukkot\/\"><strong>\u00dcber das Fest Sukkot<\/strong><\/a> &#8211; Dr. Michael Rosenkranz \u00fcber das Sukkot-Fest, seine Bedeutung und seine Symbole. <a href=\"https:\/\/www.talmud.de\/tlmd\/ueber-sukkot\/\">Mehr\u2026<\/a><\/li><li><a href=\"https:\/\/www.talmud.de\/tlmd\/sukkot-aber-wie-selber-machen\/\"><strong>Sukkot \u2013 aber wie selber machen?<\/strong><\/a> Eine Einf\u00fchrung, wie man Sukkot recht einfach selber machen bzw. feiern kann. <a href=\"https:\/\/www.talmud.de\/tlmd\/sukkot-aber-wie-selber-machen\/\">mehr\u2026<\/a><\/li><li><a href=\"https:\/\/www.talmud.de\/tlmd\/wie-baut-man-eine-sukkah\/\"><strong>Wie baut man eine Sukkah?<\/strong><\/a> Dr. Michael Rosenkranz gibt einen kurzen \u00dcberblick \u00fcber die Sukkah<\/li><li><a href=\"https:\/\/www.talmud.de\/tlmd\/uschpisin-gaeste-in-der-sukkah\/\"><strong>Uschpisin \u2013 G\u00e4ste in der Sukkah<\/strong><\/a> &#8211; \u00dcber den Brauch, G\u00e4ste in die Sukkah einzuladen, insbesondere die Vorv\u00e4ter Awraham, Jitzchak, Jakow, Mosche, Aharon, Josef und David. <a href=\"https:\/\/www.talmud.de\/tlmd\/uschpisin-gaeste-in-der-sukkah\/\">mehr\u2026<\/a><\/li><li><strong><a href=\"https:\/\/www.talmud.de\/tlmd\/der-sinn-der-sukkah\/\">Der Sinn der Sukkah<\/a><\/strong> Rabbiner Arthur Cohen \u00fcber den Sinn der Sukkah.<\/li><li><strong><a href=\"https:\/\/www.talmud.de\/tlmd\/die-vier-pflanzenarten\/\">Die vier Pflanzenarten von Sukkot<\/a><\/strong> Dr. Michael Rosenkranz \u00fcber die vier Pflanzenarten von Sukkot. <a href=\"https:\/\/www.talmud.de\/tlmd\/die-vier-pflanzenarten\/\">Mehr\u2026<\/a><\/li><li><strong><a href=\"https:\/\/www.talmud.de\/tlmd\/hoschannah-rabbah-und-das-schicksal-des-menschen\/\">Hoschannah Rabbah und das Schicksal des Menschen<\/a><\/strong> Zu Hoschannah Rabbah, den siebten Tag Sukkot gibt es einen alten aschkenasischen Brauch. Er ist l\u00e4ngst vergessen, aber im Minhagim Buch, welches Jitzchak von Tyrnau (lebte im 14. Jahrhundert) zugeschrieben wird, findet man diesen noch. <a href=\"https:\/\/www.talmud.de\/tlmd\/hoschannah-rabbah-und-das-schicksal-des-menschen\/\">Mehr\u2026<\/a><\/li><\/ul>\n\n\n\n<h2 class=\"wp-block-heading\">Texte<\/h2>\n\n\n\n<ul class=\"wp-block-list\"><li><a href=\"https:\/\/www.talmud.de\/tlmd\/talmud-uebersetzung\/sukka\/\" data-type=\"page\" data-id=\"7334\"><strong>Talmud: Traktat\/Massechet Sukka<\/strong><\/a><\/li><\/ul>\n\n\n\n<div class=\"wp-block-image size-full wp-image-262\"><figure class=\"aligncenter\"><img data-recalc-dims=\"1\" loading=\"lazy\" decoding=\"async\" width=\"500\" height=\"375\" src=\"https:\/\/i0.wp.com\/www.talmud.de\/tlmd\/wp-content\/uploads\/2013\/11\/sukkah.jpg?resize=500%2C375&#038;ssl=1\" alt=\"\" class=\"wp-image-262\" srcset=\"https:\/\/i0.wp.com\/www.talmud.de\/tlmd\/wp-content\/uploads\/2013\/11\/sukkah.jpg?w=500&amp;ssl=1 500w, https:\/\/i0.wp.com\/www.talmud.de\/tlmd\/wp-content\/uploads\/2013\/11\/sukkah.jpg?resize=300%2C225&amp;ssl=1 300w\" sizes=\"auto, (max-width: 500px) 100vw, 500px\" \/><figcaption>Eine Sukkah<\/figcaption><\/figure><\/div>\n","protected":false},"excerpt":{"rendered":"<p>Sukkot \u2013 Das Fest der Laubh\u00fctten \u2013 Am f\u00fcnfzehnten Tage dieses siebenten Monats soll das H\u00fcttenfest sein sieben Tage dem Ewigen, hei\u00dft es in Leviticus 23,24. Der Name findet seine Erkl\u00e4rung in der Mitzwah Ihr sollt in H\u00fctten wohnen sieben Tage, damit Eure Nachkommen wissen, dass ich die Kinder Jisrael in H\u00fctten wohnen lie\u00df, als ich sie aus dem Lande \u00c4gypten herausf\u00fchrte. (23,42-43). Uns ist dementsprechend geboten, der Wanderung Israels durch die W\u00fcste zu gedenken. Sie wohnten in Zelten, die ihnen bis zu einem gewissen Grad Schutz boten. Doch ohne g\u00f6ttlichen Beistand w\u00e4re dieser Schutz unzul\u00e4nglich gewesen. An diesen doppelten Schirm und Schutz erinnert uns die H\u00fctte, in der wir nach dem Gesetz w\u00e4hrend des Festes wohnen sollen.\u2013 (Rabbiner Michael Friedl\u00e4nder) Artikel zu und \u00fcber Sukkot: \u00dcber das Fest Sukkot &#8211; Dr. Michael Rosenkranz \u00fcber das Sukkot-Fest, seine Bedeutung und seine Symbole. Mehr\u2026 Sukkot \u2013 aber wie selber machen? Eine Einf\u00fchrung, wie man Sukkot recht einfach selber machen bzw. feiern kann. mehr\u2026 Wie baut man eine Sukkah? Dr. Michael Rosenkranz gibt einen kurzen \u00dcberblick \u00fcber &hellip;<\/p>\n","protected":false},"author":1,"featured_media":0,"parent":0,"menu_order":0,"comment_status":"closed","ping_status":"closed","template":"","meta":{"_themeisle_gutenberg_block_has_review":false,"footnotes":""},"class_list":["post-4643","page","type-page","status-publish","hentry"],"jetpack_sharing_enabled":true,"_links":{"self":[{"href":"https:\/\/www.talmud.de\/tlmd\/wp-json\/wp\/v2\/pages\/4643","targetHints":{"allow":["GET"]}}],"collection":[{"href":"https:\/\/www.talmud.de\/tlmd\/wp-json\/wp\/v2\/pages"}],"about":[{"href":"https:\/\/www.talmud.de\/tlmd\/wp-json\/wp\/v2\/types\/page"}],"author":[{"embeddable":true,"href":"https:\/\/www.talmud.de\/tlmd\/wp-json\/wp\/v2\/users\/1"}],"replies":[{"embeddable":true,"href":"https:\/\/www.talmud.de\/tlmd\/wp-json\/wp\/v2\/comments?post=4643"}],"version-history":[{"count":2,"href":"https:\/\/www.talmud.de\/tlmd\/wp-json\/wp\/v2\/pages\/4643\/revisions"}],"predecessor-version":[{"id":7408,"href":"https:\/\/www.talmud.de\/tlmd\/wp-json\/wp\/v2\/pages\/4643\/revisions\/7408"}],"wp:attachment":[{"href":"https:\/\/www.talmud.de\/tlmd\/wp-json\/wp\/v2\/media?parent=4643"}],"curies":[{"name":"wp","href":"https:\/\/api.w.org\/{rel}","templated":true}]}}