{"id":4684,"date":"2019-06-14T11:06:34","date_gmt":"2019-06-14T09:06:34","guid":{"rendered":"https:\/\/www.talmud.de\/tlmd\/?page_id=4684"},"modified":"2019-06-14T11:06:34","modified_gmt":"2019-06-14T09:06:34","slug":"owadjah-das-buch-owadjah","status":"publish","type":"page","link":"https:\/\/www.talmud.de\/tlmd\/tanach\/owadjah-das-buch-owadjah\/","title":{"rendered":"Owadjah \u2013 Das Buch Owadjah"},"content":{"rendered":"<p>Das Buch Owadjah in der (angepassten) \u00dcbertragung von Rabbiner Dr. Simon Bernfeld.<\/p>\n<h2>Kapitel 1<\/h2>\n<p><strong>Weissagung \u00fcber Edom.   <\/strong><br \/>\n<sup class=\"Vers\">1.<\/sup> Eine Weissagung Owadjahs: So spricht Gott, der Herr, \u00fcber Edom: Eine   Kunde haben wir vom Herrn vernommen und ein Bote ist unter die V\u00f6lker gesandt: Auf! da\u00df wir es mit Krieg \u00fcberziehen.<br \/>\n<sup class=\"Vers\">2.<\/sup> Denn klein habe ich dich unter den V\u00f6lkern gemacht, sehr verachtet bist du.<sup class=\"modern-footnotes-footnote modern-footnotes-footnote--expands-on-desktop \" data-mfn=\"1\" data-mfn-post-scope=\"00000000000005fa0000000000000000_4684\"><a href=\"javascript:void(0)\"  role=\"button\" aria-pressed=\"false\" aria-describedby=\"mfn-content-00000000000005fa0000000000000000_4684-1\">1<\/a><\/sup><span id=\"mfn-content-00000000000005fa0000000000000000_4684-1\" role=\"tooltip\" class=\"modern-footnotes-footnote__note\" tabindex=\"0\" data-mfn=\"1\">Diese und noch einige andere Redewendungen gebraucht auch Jeremia 49, 14 ff. <\/span><br \/>\n<sup class=\"Vers\">3.<\/sup> Aber dein trotziger Sinn hat dich verleitet. [Edom] weilt auf hohen Bergfelsen, in der H\u00f6he seines Sitzes, deshalb dachte es: Wer k\u00f6nnte mich zur Erde herabst\u00fcrzen?<br \/>\n<sup class=\"Vers\">4.<\/sup> Magst du hoch wie der Adler steigen und zwischen Sterne dein Nest anbringen, von da st\u00fcrze ich dich herab, spricht der Herr.<br \/>\n<sup class=\"Vers\">5.<\/sup> Wie bist du zu Grunde gerichtet worden! Sind Diebe zu dir gekommen, n\u00e4chtliche Einbrecher \u2014 sie h\u00e4tten ja nur so viel gestohlen, als sie davontragen k\u00f6nnen! Sind Winzer \u00fcber dich gekommen, lie\u00dfen sie keine Nachlese?<br \/>\n<sup class=\"Vers\">6.<\/sup> Wie wurden Esaus Sch\u00e4tze entdeckt und erforscht!<br \/>\n<sup class=\"Vers\">7.<\/sup> Bis an die Grenze haben dich geleitet all deine Bundesfreunde; verleitet und dann \u00fcberw\u00e4ltigt haben dich deine Freunde; deine S\u00f6ldlinge legten dir Fallen unter. Keine Einsicht war in ihm!<br \/>\n<sup class=\"Vers\">8.<\/sup> Denn an jenem Tage, spricht der Herr, vernichte ich die Weisen aus Edom und die Einsicht vom Berge Esau.<br \/>\n<sup class=\"Vers\">9.<\/sup> Deine Helden werden zagen, Teman, damit jeglicher ausgerottet werde vom Berge Esau, bei der Niedermetzlung.<br \/>\n<sup class=\"Vers\">10.<\/sup> Ob der Gewalttat gegen deinen Bruder Jakob wird dich Schande bedecken; du wirst ausgerottet sein f\u00fcr ewig:<br \/>\n<sup class=\"Vers\">11.<\/sup> Am Tage, da du ruhig zusahst, am Tage, da Fremde seinen Erwerb pl\u00fcnderten, als Fremde in seine Tore drangen und um Jerusalem das Loos warfen, da warst auch du wie einer von jenen.<br \/>\n<sup class=\"Vers\">12.<\/sup> Du h\u00e4ttest nicht ruhig mit ansehen sollen an dem Tage deines Bruders, am   Tage seines Elends, und dich nicht freuen \u00fcber die S\u00f6hne Jehuda am Tage ihres Untergangs, und nicht hochm\u00fctige Reden f\u00fchren am Tage der Not.<br \/>\n<sup class=\"Vers\">13.<\/sup> Du h\u00e4ttest nicht dringen sollen in das Tor meines Volkes am Tage seines Sturzes, nicht ruhig mit ansehen sein Ungl\u00fcck am Tage seines Sturzes und nicht Hand legen an sein Gut am Tage seines Sturzes.<br \/>\n<sup class=\"Vers\">14.<\/sup> Du durftest nicht an der Wegescheide halten, seine Fl\u00fcchtlinge niederzumachen, und nicht ausliefern seine Uebriggebliebenen am Tage der Not.<br \/>\n<sup class=\"Vers\">15.<\/sup> Denn nah ist der Tag des Herrn \u00fcber alle V\u00f6lker, so wie du gethan, wird dir gethan, dein Werk kehrt zur\u00fcck auf dein Haupt.<br \/>\n<sup class=\"Vers\">16.<\/sup> Denn so wie ihr getrunken habt auf meinem heiligen Berge, werden alle V\u00f6lker immer trinken; sie werden trinken und taumeln und werden, als ob sie niemals gewesen w\u00e4ren.<br \/>\n<sup class=\"Vers\">17.<\/sup> Aber auf dem Berge Zijon wird eine Zufluchtsst\u00e4tte, er wird heilig sein, und das Haus Jakob wird sein Erbe in Besitz nehmen.<br \/>\n<sup class=\"Vers\">18.<\/sup> Das Haus Jakob wird wie Feuer und das Haus Josef eine Flamme, aber das Haus Esau zu Stoppeln, und jene z\u00fcnden sie an und verzehren sie, und es bleibt keiner \u00fcbrig dem Hause Esau, denn der Herr hat es verhei\u00dfen.<br \/>\n<sup class=\"Vers\">19.<\/sup> Im S\u00fcden werden sie in Besitz nehmen den Berg Esau, und die in der Niederung Philist\u00e4a; auch das Gefilde Efraim und das Gefilde Schomron und Benjamin mitsamt dem Gilead werden sie in Besitz nehmen.<br \/>\n<sup class=\"Vers\">20.<\/sup> Und die Verbannten dieses Heeres von den Kindern Israel, die unter den Kanaanitern bis Zarfat, und die Verbannten Jerusalems, die in Sefarad [wohnen], sollen die St\u00e4tte des S\u00fcdens in Besitz nehmen.<br \/>\n<sup class=\"Vers\">21.<\/sup> Es kommen die Sieger auf den Berg Zijon, zu richten den Berg Esau, und des Herrn wird sein das Reich.<\/p>\n<p>[widgets_on_pages id=&#8220;tanach&#8220;]<\/p>\n<p>[widgets_on_pages id=&#8220;bernfeld&#8220;]<\/p>\n<ul class=\"modern-footnotes-list \"><li><span>1<\/span><div>Diese und noch einige andere Redewendungen gebraucht auch Jeremia 49, 14 ff. <\/div><\/li><\/ul>","protected":false},"excerpt":{"rendered":"<p>Das Buch Owadjah in der (angepassten) \u00dcbertragung von Rabbiner Dr. Simon Bernfeld. Kapitel 1 Weissagung \u00fcber Edom. 1. Eine Weissagung Owadjahs: So spricht Gott, der Herr, \u00fcber Edom: Eine Kunde haben wir vom Herrn vernommen und ein Bote ist unter die V\u00f6lker gesandt: Auf! da\u00df wir es mit Krieg \u00fcberziehen. 2. Denn klein habe ich dich unter den V\u00f6lkern gemacht, sehr verachtet bist du. 3. Aber dein trotziger Sinn hat dich verleitet. [Edom] weilt auf hohen Bergfelsen, in der H\u00f6he seines Sitzes, deshalb dachte es: Wer k\u00f6nnte mich zur Erde herabst\u00fcrzen? 4. Magst du hoch wie der Adler steigen und zwischen Sterne dein Nest anbringen, von da st\u00fcrze ich dich herab, spricht der Herr. 5. Wie bist du zu Grunde gerichtet worden! Sind Diebe zu dir gekommen, n\u00e4chtliche Einbrecher \u2014 sie h\u00e4tten ja nur so viel gestohlen, als sie davontragen k\u00f6nnen! Sind Winzer \u00fcber dich gekommen, lie\u00dfen sie keine Nachlese? 6. Wie wurden Esaus Sch\u00e4tze entdeckt und erforscht! 7. Bis an die Grenze haben dich geleitet all deine Bundesfreunde; verleitet und dann \u00fcberw\u00e4ltigt haben dich &hellip;<\/p>\n","protected":false},"author":1,"featured_media":0,"parent":3661,"menu_order":0,"comment_status":"closed","ping_status":"closed","template":"","meta":{"_themeisle_gutenberg_block_has_review":false,"footnotes":""},"class_list":["post-4684","page","type-page","status-publish","hentry"],"jetpack_sharing_enabled":true,"_links":{"self":[{"href":"https:\/\/www.talmud.de\/tlmd\/wp-json\/wp\/v2\/pages\/4684","targetHints":{"allow":["GET"]}}],"collection":[{"href":"https:\/\/www.talmud.de\/tlmd\/wp-json\/wp\/v2\/pages"}],"about":[{"href":"https:\/\/www.talmud.de\/tlmd\/wp-json\/wp\/v2\/types\/page"}],"author":[{"embeddable":true,"href":"https:\/\/www.talmud.de\/tlmd\/wp-json\/wp\/v2\/users\/1"}],"replies":[{"embeddable":true,"href":"https:\/\/www.talmud.de\/tlmd\/wp-json\/wp\/v2\/comments?post=4684"}],"version-history":[{"count":2,"href":"https:\/\/www.talmud.de\/tlmd\/wp-json\/wp\/v2\/pages\/4684\/revisions"}],"predecessor-version":[{"id":4686,"href":"https:\/\/www.talmud.de\/tlmd\/wp-json\/wp\/v2\/pages\/4684\/revisions\/4686"}],"up":[{"embeddable":true,"href":"https:\/\/www.talmud.de\/tlmd\/wp-json\/wp\/v2\/pages\/3661"}],"wp:attachment":[{"href":"https:\/\/www.talmud.de\/tlmd\/wp-json\/wp\/v2\/media?parent=4684"}],"curies":[{"name":"wp","href":"https:\/\/api.w.org\/{rel}","templated":true}]}}