{"id":4866,"date":"2019-10-04T10:25:44","date_gmt":"2019-10-04T08:25:44","guid":{"rendered":"https:\/\/www.talmud.de\/tlmd\/?page_id=4866"},"modified":"2021-09-14T08:39:17","modified_gmt":"2021-09-14T06:39:17","slug":"jom-kippur","status":"publish","type":"page","link":"https:\/\/www.talmud.de\/tlmd\/jom-kippur\/","title":{"rendered":"Jom Kippur"},"content":{"rendered":"\n<p>Zehn Tage nach Rosch haSchanah begehen wir den Tag der Vers\u00f6hnung, <em>Jom Kippur<\/em>, der auch Schabbat der Schabbate genannt wird, der h\u00f6chste der Feiertage. Er steht am Ende einer 40-t\u00e4gigen Zeit der Reue und der Bu\u00dfe, nachdem unsere Vorfahren das Goldene Kalb am Fu\u00df des Berges Sinai gemacht und angebetet hatten, \u2013 eine der schwersten Verfehlungen Israels in seiner Beziehung zu G\u2019tt. G\u2019tt hatte dem Volk nach dieser Zeit der Umkehr verziehen und Seinen Bund mit Israel erneuert und diesen Tag f\u00fcr alle Zeiten zum Tag der Vers\u00f6hnung bestimmt. Aber, wie jede Generation ihre Beziehung zu G\u2019tt neu bestimmen und finden muss so auch wir, und Voraussetzung f\u00fcr G\u2019ttes Erneuerung Seines Bundes mit uns ist auch unsere Umkehr vom falschen Weg.<\/p>\n\n\n\n<div class=\"wp-block-image\"><figure class=\"aligncenter\"><img data-recalc-dims=\"1\" loading=\"lazy\" decoding=\"async\" width=\"840\" height=\"560\" src=\"https:\/\/i0.wp.com\/www.talmud.de\/tlmd\/wp-content\/uploads\/2019\/10\/jom_kippur_talmudde.jpg?resize=840%2C560&#038;ssl=1\" alt=\"\" class=\"wp-image-4867\" srcset=\"https:\/\/i0.wp.com\/www.talmud.de\/tlmd\/wp-content\/uploads\/2019\/10\/jom_kippur_talmudde.jpg?w=1200&amp;ssl=1 1200w, https:\/\/i0.wp.com\/www.talmud.de\/tlmd\/wp-content\/uploads\/2019\/10\/jom_kippur_talmudde.jpg?resize=300%2C200&amp;ssl=1 300w, https:\/\/i0.wp.com\/www.talmud.de\/tlmd\/wp-content\/uploads\/2019\/10\/jom_kippur_talmudde.jpg?resize=768%2C512&amp;ssl=1 768w, https:\/\/i0.wp.com\/www.talmud.de\/tlmd\/wp-content\/uploads\/2019\/10\/jom_kippur_talmudde.jpg?resize=1024%2C683&amp;ssl=1 1024w, https:\/\/i0.wp.com\/www.talmud.de\/tlmd\/wp-content\/uploads\/2019\/10\/jom_kippur_talmudde.jpg?resize=840%2C560&amp;ssl=1 840w\" sizes=\"auto, (max-width: 840px) 100vw, 840px\" \/><\/figure><\/div>\n\n\n\n<h2 class=\"wp-block-heading\">\u00dcber Jom Kippur<\/h2>\n\n\n\n<ul class=\"wp-block-list\"><li><strong><a href=\"https:\/\/www.talmud.de\/tlmd\/zeit-der-besinnung-die-40-tage-vor-jom-kippur\/\">Zeit der Besinnung \u2013 Die 40 Tage vor Jom Kippur<\/a><\/strong> <em>von Dr. Michael Rosenkranz<\/em><\/li><li><strong><a href=\"https:\/\/www.talmud.de\/tlmd\/die-versoehnung-als-grundlage-fuer-das-fortbestehen\/\">Die Vers\u00f6hnung als Grundlage f\u00fcr das Fortbestehen<\/a><\/strong> <em>von Dr. Michael Rosenkranz<\/em><\/li><li><strong><strong><a href=\"https:\/\/www.talmud.de\/tlmd\/jom-kippur-der-tag-der-versoehnung\/\">Jom Kippur \u2013 der Tag der Vers\u00f6hnung<\/a><\/strong><\/strong> <em>von Dr. Michael Rosenkranz<\/em><\/li><li><strong><a href=\"https:\/\/www.talmud.de\/tlmd\/die-zeit-der-besinnung-der-tag-des-gerichts-und-der-versoehnungstag\/\">Die Zeit der Besinnung, der Tag des Gerichts und der Vers\u00f6hnungstag<\/a> <\/strong><em>von Dr. Michael Rosenkranz<\/em><\/li><li><strong><a href=\"https:\/\/www.talmud.de\/tlmd\/ueber-kol-nidrej\/\">\u00dcber Kol Nidrej<\/a> <\/strong><em>von Chajm Guski<\/em><\/li><\/ul>\n\n\n\n<h2 class=\"wp-block-heading\">Texte, Schriften, Quellen<\/h2>\n\n\n\n<ul class=\"wp-block-list\"><li><strong><a href=\"https:\/\/www.talmud.de\/tlmd\/das-kol-nidrej-gebet\/\">Das Kol Nidrej<\/a><\/strong> mit deutscher \u00dcbersetzung und H\u00f6rbeispielen<\/li><li><strong><a href=\"https:\/\/www.talmud.de\/tlmd\/das-suendenbekenntnis-al-chet-an-jom-kippur\/\">Das S\u00fcndenbekenntnis Al Chet an Jom Kippur<\/a><\/strong> in deutscher \u00dcbersetzung<\/li><li><strong><a href=\"https:\/\/www.talmud.de\/tlmd\/ki-anu-wir-sind-dein-volk-ein-gebet-von-jom-kippur\/\">Ki Anu \u2013 Wir sind Deine Nation<\/a><\/strong> \u2013 ein Gebet von Jom Kippur in deutscher \u00dcbersetzung<\/li><li><strong><a href=\"https:\/\/www.talmud.de\/tlmd\/avinu-malkenu\/\">Avinu Malkenu<\/a><\/strong> in deutscher \u00dcbersetzung<\/li><li><strong><a href=\"https:\/\/www.talmud.de\/tlmd\/gebete-von-jom-kippur\/\">Die Gebete von Jom Kippur<\/a><\/strong> in deutscher \u00dcbersetzung<\/li><li><strong><a href=\"https:\/\/www.talmud.de\/tlmd\/das-buch-jonah\/\">Das Buch Jonah, \u00fcbersetzt und kommentiert<\/a> <\/strong>&#8211; Das Buch Jonah ist die Haftarah des Minchah-Gebets an Jom Kippur<\/li><li><strong><a href=\"https:\/\/www.talmud.de\/tlmd\/gebete-von-jom-kippur\/\">Die Gebete von Jom Kippur in deutscher \u00dcbersetzung<\/a><\/strong><\/li><li><strong><a href=\"https:\/\/www.talmud.de\/tlmd\/kitzur-schulchan-aruch-kapitel-128\/\">Die Vorschriften f\u00fcr den Monat Elul<\/a><\/strong> (der Rosch haSchanah vorausgeht) aus dem Kitzur Schulchan Aruch<\/li><li><strong><a href=\"https:\/\/www.talmud.de\/tlmd\/hilchot-teschuwah\/\">Hilchot Teschuwah des Maimonides<\/a><\/strong> in deutscher \u00dcbersetzung<\/li><li><strong><a href=\"https:\/\/www.talmud.de\/tlmd\/talmud-uebersetzung\/joma\/\">Traktat\/Massechet Joma<\/a><\/strong> aus dem Talmud (Volltext) in deutscher \u00dcbersetzung<\/li><\/ul>\n","protected":false},"excerpt":{"rendered":"<p>Zehn Tage nach Rosch haSchanah begehen wir den Tag der Vers\u00f6hnung, Jom Kippur, der auch Schabbat der Schabbate genannt wird, der h\u00f6chste der Feiertage. Er steht am Ende einer 40-t\u00e4gigen Zeit der Reue und der Bu\u00dfe, nachdem unsere Vorfahren das Goldene Kalb am Fu\u00df des Berges Sinai gemacht und angebetet hatten, \u2013 eine der schwersten Verfehlungen Israels in seiner Beziehung zu G\u2019tt. G\u2019tt hatte dem Volk nach dieser Zeit der Umkehr verziehen und Seinen Bund mit Israel erneuert und diesen Tag f\u00fcr alle Zeiten zum Tag der Vers\u00f6hnung bestimmt. Aber, wie jede Generation ihre Beziehung zu G\u2019tt neu bestimmen und finden muss so auch wir, und Voraussetzung f\u00fcr G\u2019ttes Erneuerung Seines Bundes mit uns ist auch unsere Umkehr vom falschen Weg. \u00dcber Jom Kippur Zeit der Besinnung \u2013 Die 40 Tage vor Jom Kippur von Dr. Michael Rosenkranz Die Vers\u00f6hnung als Grundlage f\u00fcr das Fortbestehen von Dr. Michael Rosenkranz Jom Kippur \u2013 der Tag der Vers\u00f6hnung von Dr. Michael Rosenkranz Die Zeit der Besinnung, der Tag des Gerichts und der Vers\u00f6hnungstag von Dr. Michael Rosenkranz &hellip;<\/p>\n","protected":false},"author":1,"featured_media":4867,"parent":0,"menu_order":0,"comment_status":"closed","ping_status":"closed","template":"","meta":{"_themeisle_gutenberg_block_has_review":false,"footnotes":""},"class_list":["post-4866","page","type-page","status-publish","has-post-thumbnail","hentry"],"jetpack_sharing_enabled":true,"_links":{"self":[{"href":"https:\/\/www.talmud.de\/tlmd\/wp-json\/wp\/v2\/pages\/4866","targetHints":{"allow":["GET"]}}],"collection":[{"href":"https:\/\/www.talmud.de\/tlmd\/wp-json\/wp\/v2\/pages"}],"about":[{"href":"https:\/\/www.talmud.de\/tlmd\/wp-json\/wp\/v2\/types\/page"}],"author":[{"embeddable":true,"href":"https:\/\/www.talmud.de\/tlmd\/wp-json\/wp\/v2\/users\/1"}],"replies":[{"embeddable":true,"href":"https:\/\/www.talmud.de\/tlmd\/wp-json\/wp\/v2\/comments?post=4866"}],"version-history":[{"count":2,"href":"https:\/\/www.talmud.de\/tlmd\/wp-json\/wp\/v2\/pages\/4866\/revisions"}],"predecessor-version":[{"id":7836,"href":"https:\/\/www.talmud.de\/tlmd\/wp-json\/wp\/v2\/pages\/4866\/revisions\/7836"}],"wp:featuredmedia":[{"embeddable":true,"href":"https:\/\/www.talmud.de\/tlmd\/wp-json\/wp\/v2\/media\/4867"}],"wp:attachment":[{"href":"https:\/\/www.talmud.de\/tlmd\/wp-json\/wp\/v2\/media?parent=4866"}],"curies":[{"name":"wp","href":"https:\/\/api.w.org\/{rel}","templated":true}]}}