{"id":4978,"date":"2019-12-25T21:34:42","date_gmt":"2019-12-25T19:34:42","guid":{"rendered":"https:\/\/www.talmud.de\/tlmd\/?page_id=4978"},"modified":"2025-07-03T16:07:42","modified_gmt":"2025-07-03T14:07:42","slug":"der-schabbat","status":"publish","type":"page","link":"https:\/\/www.talmud.de\/tlmd\/der-schabbat\/","title":{"rendered":"Der Schabbat"},"content":{"rendered":"<div class=\"wp-block-image\">\n<figure class=\"alignleft\"><img data-recalc-dims=\"1\" loading=\"lazy\" decoding=\"async\" width=\"100\" height=\"100\" src=\"https:\/\/i0.wp.com\/www.talmud.de\/tlmd\/wp-content\/uploads\/2014\/05\/tal_shbbtkerzen.jpg?resize=100%2C100&#038;ssl=1\" alt=\"\" class=\"wp-image-743\"\/><\/figure><\/div>\n\n\n<p>Rabbiner Michael Friedl\u00e4nder schreibt: Die t\u00e4gliche Arbeit, deren Ziel in der Hauptsache das Wohl des K\u00f6rpers ist, muss an gewissen Tagen, die Gott zur F\u00f6rderung des geistigen Wohles bestimmt hat, unterbrochen werden. Der Schabbat und die Festtage sind solche Tage und hei\u00dfen deshalb \u00bb<em>Mo&#8217;adej HaSchem<\/em> &#8211; Zeiten HaSchems\u00ab und \u00bb<em>Mikraej Kodesch<\/em> &#8211; heilige Versammlungen\u00ab. Der Segen, der aus der richtigen Beachtung der heiligen Tage entspringt, wird von den Propheten folgenderma\u00dfen beschrieben: \u00bbWenn du vom Entheiligen des Schabbats deinen Fu\u00df fernh\u00e4lst, dass du nicht Gesch\u00e4fte an heiligen Tagen verrichtest; wenn du den Schabbat eine Wonne nennst, den heiligen Tag HaSchems verehrungsw\u00fcrdig und du ihn ehrst, so dass du nicht deinem Tagewerk nachgehst, deine Gesch\u00e4fte versiehst und Geschw\u00e4tz f\u00fchrst: dann wirst du an HaSchem deine Wonne haben: und ich werde dich f\u00fchren auf die H\u00f6hen der Erde und dich genie\u00dfen lassen das Erbe Ja&#8217;akows, deines Vaters.\u00ab (Jeschajahu 58,13-14)<\/p>\n\n\n\n<h2 class=\"wp-block-heading\">Einf\u00fchrende Artikel zum Schabbat<\/h2>\n\n\n\n<div class=\"wp-block-columns is-layout-flex wp-container-core-columns-is-layout-1 wp-block-columns-is-layout-flex\">\n<div class=\"wp-block-column is-layout-flow wp-block-column-is-layout-flow\">\n<p><img data-recalc-dims=\"1\" loading=\"lazy\" decoding=\"async\" width=\"25\" height=\"15\" class=\"wp-image-3543\" style=\"width: 25px;\" src=\"https:\/\/i0.wp.com\/www.talmud.de\/tlmd\/wp-content\/uploads\/2018\/09\/hand_talmudde_klein.png?resize=25%2C15&#038;ssl=1\" alt=\"\"> <strong><a href=\"https:\/\/www.talmud.de\/tlmd\/was-geschieht-eigentlich-am-schabbat\/\">Was geschieht eigentlich am Schabbat?<\/a><\/strong><br>Was geschieht eigentlich am Schabbat, wenn an ihm doch alles ruht? Dr. Michael Rosenkranz erkl\u00e4rt den Schabbat f\u00fcr Nichtjuden und Juden.<\/p>\n<\/div>\n\n\n\n<div class=\"wp-block-column is-layout-flow wp-block-column-is-layout-flow\">\n<p><img data-recalc-dims=\"1\" loading=\"lazy\" decoding=\"async\" width=\"25\" height=\"15\" class=\"wp-image-3543\" style=\"width: 25px;\" src=\"https:\/\/i0.wp.com\/www.talmud.de\/tlmd\/wp-content\/uploads\/2018\/09\/hand_talmudde_klein.png?resize=25%2C15&#038;ssl=1\" alt=\"\"> <strong><strong><a href=\"https:\/\/www.talmud.de\/tlmd\/der-schabbat-das-geschenk-der-liebe-g-ttes\/\">Der Schabbat \u2013 Das Geschenk der Liebe G-ttes<\/a><\/strong><\/strong> <br>Der Schabbat, seine wichtigsten Merkmale, wie er begangen wird, wo er herkommt.<\/p>\n<\/div>\n<\/div>\n\n\n\n<h2 class=\"wp-block-heading\">Anleitungen und Hilfen<\/h2>\n\n\n\n<ul class=\"wp-block-list\">\n<li><strong><a href=\"https:\/\/www.talmud.de\/tlmd\/kerzenzuenden-am-schabbat\/\">Kerzenz\u00fcnden am Schabbat<\/a><\/strong><\/li>\n\n\n\n<li><strong><a href=\"https:\/\/www.talmud.de\/tlmd\/kiddusch-am-freitagabend-so-geht-es-einfach\/\">Kiddusch am Freitagabend \u2013 so geht es einfach<\/a><\/strong><\/li>\n\n\n\n<li><strong><a href=\"https:\/\/www.talmud.de\/tlmd\/hawdalah-so-geht-es-einfach\/\">Hawdalah \u2013 so geht es einfach<\/a><\/strong><\/li>\n<\/ul>\n\n\n\n<h2 class=\"wp-block-heading\">Texte<\/h2>\n\n\n\n<ul class=\"wp-block-list\">\n<li><strong><a href=\"https:\/\/www.talmud.de\/tlmd\/haeusliche-gebete-am-schabbat-abend-poetische-uebersetzung\/\">H\u00e4usliche Gebete am Schabbat-Abend<\/a><\/strong> \u2013 poetische \u00dcbersetzung von Franz Rosenzweig<\/li>\n\n\n\n<li><a href=\"https:\/\/www.talmud.de\/tlmd\/kabbalat-schabbat\/\"><strong>Kabbalat Schabbat<\/strong><\/a> &#8211; Das Gebet f\u00fcr den Beginn des Schabbat (Hebr\u00e4isch-Deutsch)<\/li>\n\n\n\n<li><strong><a href=\"https:\/\/www.talmud.de\/tlmd\/talmud-uebersetzung\/schabbat\/\" data-type=\"page\" data-id=\"5020\">Talmud: Traktat\/Massechet Schabbat<\/a><\/strong><\/li>\n\n\n\n<li><strong><a href=\"https:\/\/www.talmud.de\/tlmd\/zum-wochenabschnitt\/\">Zum Wochenabschnitt<\/a><\/strong><\/li>\n<\/ul>\n\n\n\n<h2 class=\"wp-block-heading\">Halachisches<\/h2>\n\n\n\n<ul class=\"wp-block-list\">\n<li><strong><a href=\"https:\/\/www.talmud.de\/tlmd\/was-ist-ein-eruw\/\">Was ist ein Eruw?<\/a><\/strong> Wie ist er aufgebaut? Was sind <em>Eruw chazerot<\/em> und <em>Eruw techumim<\/em>?<\/li>\n\n\n\n<li><strong><a href=\"https:\/\/www.talmud.de\/tlmd\/responsum-64-des-rabbi-jaakow-emden-1697-1776-zum-mischeberach-am-schabbat\/\">Responsum des Rabbi Ja&#8217;akow Emden (1697 \u2013 1776) zum MiScheberach am Schabbat<\/a><\/strong><\/li>\n<\/ul>\n","protected":false},"excerpt":{"rendered":"<p>Rabbiner Michael Friedl\u00e4nder schreibt: Die t\u00e4gliche Arbeit, deren Ziel in der Hauptsache das Wohl des K\u00f6rpers ist, muss an gewissen Tagen, die Gott zur F\u00f6rderung des geistigen Wohles bestimmt hat, unterbrochen werden. Der Schabbat und die Festtage sind solche Tage und hei\u00dfen deshalb \u00bbMo&#8217;adej HaSchem &#8211; Zeiten HaSchems\u00ab und \u00bbMikraej Kodesch &#8211; heilige Versammlungen\u00ab. Der Segen, der aus der richtigen Beachtung der heiligen Tage entspringt, wird von den Propheten folgenderma\u00dfen beschrieben: \u00bbWenn du vom Entheiligen des Schabbats deinen Fu\u00df fernh\u00e4lst, dass du nicht Gesch\u00e4fte an heiligen Tagen verrichtest; wenn du den Schabbat eine Wonne nennst, den heiligen Tag HaSchems verehrungsw\u00fcrdig und du ihn ehrst, so dass du nicht deinem Tagewerk nachgehst, deine Gesch\u00e4fte versiehst und Geschw\u00e4tz f\u00fchrst: dann wirst du an HaSchem deine Wonne haben: und ich werde dich f\u00fchren auf die H\u00f6hen der Erde und dich genie\u00dfen lassen das Erbe Ja&#8217;akows, deines Vaters.\u00ab (Jeschajahu 58,13-14) Einf\u00fchrende Artikel zum Schabbat Was geschieht eigentlich am Schabbat?Was geschieht eigentlich am Schabbat, wenn an ihm doch alles ruht? Dr. Michael Rosenkranz erkl\u00e4rt den Schabbat f\u00fcr Nichtjuden und Juden. &hellip;<\/p>\n","protected":false},"author":1,"featured_media":0,"parent":0,"menu_order":0,"comment_status":"closed","ping_status":"closed","template":"","meta":{"_themeisle_gutenberg_block_has_review":false,"footnotes":""},"class_list":["post-4978","page","type-page","status-publish","hentry"],"jetpack_sharing_enabled":true,"_links":{"self":[{"href":"https:\/\/www.talmud.de\/tlmd\/wp-json\/wp\/v2\/pages\/4978","targetHints":{"allow":["GET"]}}],"collection":[{"href":"https:\/\/www.talmud.de\/tlmd\/wp-json\/wp\/v2\/pages"}],"about":[{"href":"https:\/\/www.talmud.de\/tlmd\/wp-json\/wp\/v2\/types\/page"}],"author":[{"embeddable":true,"href":"https:\/\/www.talmud.de\/tlmd\/wp-json\/wp\/v2\/users\/1"}],"replies":[{"embeddable":true,"href":"https:\/\/www.talmud.de\/tlmd\/wp-json\/wp\/v2\/comments?post=4978"}],"version-history":[{"count":1,"href":"https:\/\/www.talmud.de\/tlmd\/wp-json\/wp\/v2\/pages\/4978\/revisions"}],"predecessor-version":[{"id":10197,"href":"https:\/\/www.talmud.de\/tlmd\/wp-json\/wp\/v2\/pages\/4978\/revisions\/10197"}],"wp:attachment":[{"href":"https:\/\/www.talmud.de\/tlmd\/wp-json\/wp\/v2\/media?parent=4978"}],"curies":[{"name":"wp","href":"https:\/\/api.w.org\/{rel}","templated":true}]}}