{"id":5585,"date":"2020-05-06T14:17:21","date_gmt":"2020-05-06T12:17:21","guid":{"rendered":"https:\/\/www.talmud.de\/tlmd\/?page_id=5585"},"modified":"2020-05-06T14:17:21","modified_gmt":"2020-05-06T12:17:21","slug":"erzaehlungen-des-talmuds-ejn-jaakow-sanhedrin","status":"publish","type":"page","link":"https:\/\/www.talmud.de\/tlmd\/talmud-uebersetzung\/erzaehlungen-des-talmuds-ejn-jaakow\/erzaehlungen-des-talmuds-ejn-jaakow-sanhedrin\/","title":{"rendered":"Erz\u00e4hlungen des Talmuds &#8211; Ejn Ja\u2019akow &#8211; Sanhedrin"},"content":{"rendered":"\n<p>Die Erz\u00e4hlungen\/<em>Aggadah<\/em> des Traktats <em>Sanhedrin<\/em>:<\/p>\n<p>[<a href=\"https:\/\/www.talmud.de\/tlmd\/talmud-uebersetzung\/erzaehlungen-des-talmuds-ejn-jaakow\/\"><img data-recalc-dims=\"1\" decoding=\"async\" src=\"https:\/\/i0.wp.com\/www.talmud.de\/tlmd\/wp-content\/uploads\/2018\/09\/hand_talmudde_klein.png?w=840&#038;ssl=1\"> Inhaltsverzeichnis von Ejn Ja&#8217;akow &#8211; die Erz\u00e4hlungen des Talmuds<\/a>]<\/p>\n<p><a class=\"dafLink\" href=\"#37a\">37a<\/a><\/p>\n<h2 id=\"37a\">37a<\/h2>\n<h3>Wer einen einzigen Menschen\u2026<\/h3>\n<p>Warum wurde ein einziger Mensch geschaffen um Vater aller Familien der Erde zu sein?<br \/>\nUm uns zu lehren, dass, wer einen Menschen t\u00f6tet, es ist, als wenn er eine Welt zerst\u00f6rte.<!--more--><\/p>\n<p>Wer einen Menschen rettet ist es, als w\u00fcrde er eine Welt erretten.<br \/>\nEs wurde ein einziger Mensch geschaffen, f\u00fcr den Frieden der menschlichen Gesellschaft, damit eine Generation nicht zur anderen sagen k\u00f6nne, mein Vater war gr\u00f6\u00dfer als der deinige.<br \/>\nEs wurde ein einziger Mensch geschaffen, um dem Irrtum der Unwissenden zu begegnen, die an zwei Urheber der Sch\u00f6pfung h\u00e4tten glauben k\u00f6nnen.<br \/>\nEs wurde ein einziger Mensch geschaffen, um von der g\u00f6ttlichen Macht Zeugnis zu geben.<br \/>\nIn der Tat: Ein menschlicher K\u00fcnstler bringt mit einer einzigen Form, die er in tausend Gegenst\u00e4nde eindr\u00fcckt, immer diese Form hervor. Aber von der ersten Form Adams r\u00fchrt eine unbegrenzte Anzahl unendlich verschiedener Formen her.<\/p>\n","protected":false},"excerpt":{"rendered":"<p>Die Erz\u00e4hlungen\/Aggadah des Traktats Sanhedrin: [ Inhaltsverzeichnis von Ejn Ja&#8217;akow &#8211; die Erz\u00e4hlungen des Talmuds] 37a 37a Wer einen einzigen Menschen\u2026 Warum wurde ein einziger Mensch geschaffen um Vater aller Familien der Erde zu sein? Um uns zu lehren, dass, wer einen Menschen t\u00f6tet, es ist, als wenn er eine Welt zerst\u00f6rte.<\/p>\n","protected":false},"author":1,"featured_media":1163,"parent":5125,"menu_order":0,"comment_status":"closed","ping_status":"closed","template":"","meta":{"_themeisle_gutenberg_block_has_review":false,"footnotes":""},"class_list":["post-5585","page","type-page","status-publish","has-post-thumbnail","hentry"],"jetpack_sharing_enabled":true,"_links":{"self":[{"href":"https:\/\/www.talmud.de\/tlmd\/wp-json\/wp\/v2\/pages\/5585","targetHints":{"allow":["GET"]}}],"collection":[{"href":"https:\/\/www.talmud.de\/tlmd\/wp-json\/wp\/v2\/pages"}],"about":[{"href":"https:\/\/www.talmud.de\/tlmd\/wp-json\/wp\/v2\/types\/page"}],"author":[{"embeddable":true,"href":"https:\/\/www.talmud.de\/tlmd\/wp-json\/wp\/v2\/users\/1"}],"replies":[{"embeddable":true,"href":"https:\/\/www.talmud.de\/tlmd\/wp-json\/wp\/v2\/comments?post=5585"}],"version-history":[{"count":2,"href":"https:\/\/www.talmud.de\/tlmd\/wp-json\/wp\/v2\/pages\/5585\/revisions"}],"predecessor-version":[{"id":5589,"href":"https:\/\/www.talmud.de\/tlmd\/wp-json\/wp\/v2\/pages\/5585\/revisions\/5589"}],"up":[{"embeddable":true,"href":"https:\/\/www.talmud.de\/tlmd\/wp-json\/wp\/v2\/pages\/5125"}],"wp:featuredmedia":[{"embeddable":true,"href":"https:\/\/www.talmud.de\/tlmd\/wp-json\/wp\/v2\/media\/1163"}],"wp:attachment":[{"href":"https:\/\/www.talmud.de\/tlmd\/wp-json\/wp\/v2\/media?parent=5585"}],"curies":[{"name":"wp","href":"https:\/\/api.w.org\/{rel}","templated":true}]}}