{"id":5704,"date":"2020-05-13T23:05:24","date_gmt":"2020-05-13T21:05:24","guid":{"rendered":"https:\/\/www.talmud.de\/tlmd\/?page_id=5704"},"modified":"2025-11-24T00:32:40","modified_gmt":"2025-11-23T22:32:40","slug":"orte","status":"publish","type":"page","link":"https:\/\/www.talmud.de\/tlmd\/orte\/","title":{"rendered":"Orte"},"content":{"rendered":"<div class=\"wp-block-image\">\n<figure class=\"aligncenter size-large\"><img data-recalc-dims=\"1\" loading=\"lazy\" decoding=\"async\" width=\"840\" height=\"560\" src=\"https:\/\/i0.wp.com\/www.talmud.de\/tlmd\/wp-content\/uploads\/2020\/05\/orte_synagoge.jpg?resize=840%2C560&#038;ssl=1\" alt=\"\" class=\"wp-image-5705\" srcset=\"https:\/\/i0.wp.com\/www.talmud.de\/tlmd\/wp-content\/uploads\/2020\/05\/orte_synagoge.jpg?resize=1024%2C683&amp;ssl=1 1024w, https:\/\/i0.wp.com\/www.talmud.de\/tlmd\/wp-content\/uploads\/2020\/05\/orte_synagoge.jpg?resize=300%2C200&amp;ssl=1 300w, https:\/\/i0.wp.com\/www.talmud.de\/tlmd\/wp-content\/uploads\/2020\/05\/orte_synagoge.jpg?resize=768%2C512&amp;ssl=1 768w, https:\/\/i0.wp.com\/www.talmud.de\/tlmd\/wp-content\/uploads\/2020\/05\/orte_synagoge.jpg?resize=840%2C560&amp;ssl=1 840w, https:\/\/i0.wp.com\/www.talmud.de\/tlmd\/wp-content\/uploads\/2020\/05\/orte_synagoge.jpg?w=1200&amp;ssl=1 1200w\" sizes=\"auto, (max-width: 840px) 100vw, 840px\" \/><figcaption class=\"wp-element-caption\">Inneres einer Synagoge. Bild von Johannes Bosboom<\/figcaption><\/figure><\/div>\n\n\n<p>Was ist eine Synagoge? Was wird dort gemacht? Wer trifft sich dort? Wer darf dort hinein? <br>Und eine Mikweh? Ist sie nur ein \u00bbTauchbad\u00ab? Antworten auf diese Fragen gibt es auf diesen Seiten.<\/p>\n\n\n\n<h2 class=\"wp-block-heading\">Die Synagoge<\/h2>\n\n\n\n<ul class=\"wp-block-list\">\n<li><a href=\"https:\/\/www.talmud.de\/tlmd\/die-synagoge\/\"><strong>Was ist die Synagoge?<\/strong><\/a> Dr. Michael Rosenkranz erkl\u00e4rt, was sie ist und wie sie entstand.<\/li>\n\n\n\n<li><strong><a href=\"https:\/\/www.talmud.de\/tlmd\/alles-ueber-die-synagoge\/\">Alles \u00fcber die Synagoge<\/a><\/strong> Alles \u00fcber die Synagoge, ihre Einrichtung und ihre Funktion<\/li>\n\n\n\n<li><strong><a href=\"https:\/\/www.talmud.de\/tlmd\/ner-tamid-und-menorah\/\" data-type=\"post\" data-id=\"10412\">Ner Tamid und Menorah<\/a><\/strong><\/li>\n\n\n\n<li><strong><a href=\"https:\/\/www.talmud.de\/tlmd\/synagogen-in-deutschland\/\">Synagogen in Deutschland<\/a><\/strong> &#8211; Eine Liste mit allen aktiven Synagogen in Deutschland. Die Liste zeigt den Nussach\/Ritus der Synagoge und das Jahr des Baus.<\/li>\n\n\n\n<li><strong><a href=\"https:\/\/www.talmud.de\/tlmd\/zu-gast-in-der-synagoge\/\">Gast in der Synagoge?<\/a><\/strong> Eine kleine Hilfe f\u00fcr nichtj\u00fcdische Besucher einer Synagoge.<\/li>\n<\/ul>\n\n\n\n<h2 class=\"wp-block-heading\">Die Mikwe<\/h2>\n\n\n<div class=\"wp-block-image\">\n<figure class=\"aligncenter size-large\"><a href=\"https:\/\/i0.wp.com\/www.talmud.de\/tlmd\/wp-content\/uploads\/2022\/04\/mikve_Enschede.jpg?ssl=1\"><img data-recalc-dims=\"1\" loading=\"lazy\" decoding=\"async\" width=\"476\" height=\"480\" src=\"https:\/\/i0.wp.com\/www.talmud.de\/tlmd\/wp-content\/uploads\/2022\/04\/mikve_Enschede.jpg?resize=476%2C480&#038;ssl=1\" alt=\"\" class=\"wp-image-8510\" srcset=\"https:\/\/i0.wp.com\/www.talmud.de\/tlmd\/wp-content\/uploads\/2022\/04\/mikve_Enschede.jpg?w=476&amp;ssl=1 476w, https:\/\/i0.wp.com\/www.talmud.de\/tlmd\/wp-content\/uploads\/2022\/04\/mikve_Enschede.jpg?resize=298%2C300&amp;ssl=1 298w, https:\/\/i0.wp.com\/www.talmud.de\/tlmd\/wp-content\/uploads\/2022\/04\/mikve_Enschede.jpg?resize=150%2C150&amp;ssl=1 150w, https:\/\/i0.wp.com\/www.talmud.de\/tlmd\/wp-content\/uploads\/2022\/04\/mikve_Enschede.jpg?resize=120%2C120&amp;ssl=1 120w\" sizes=\"auto, (max-width: 476px) 100vw, 476px\" \/><\/a><figcaption class=\"wp-element-caption\">Die Mikwe von Enschede \u2013 Von <a href=\"https:\/\/commons.wikimedia.org\/wiki\/File:Het_mikwe_(ritueel_bad)_van_de_synagoge_te_Enschede_-_Enschede_-_20338383_-_RCE.jpg\">Rijksdienst voor het Cultureel Erfgoed<\/a>, <a href=\"https:\/\/creativecommons.org\/licenses\/by-sa\/4.0\">CC BY-SA 4.0<\/a>, via Wikimedia Commons<\/figcaption><\/figure><\/div>\n\n\n<ul class=\"wp-block-list\">\n<li><a href=\"https:\/\/www.talmud.de\/tlmd\/was-ist-eine-mikwe\/\"><strong>Die Mikwe  Was ist eine Mikwe?<\/strong><\/a> Ein schneller \u00dcberblick \u00fcber die Mikwe &#8211; wo kommt sie her und was bedeutet sie heute? Was ist mit historischen Mikwaot in Deutschland geschehen?<\/li>\n\n\n\n<li><a href=\"https:\/\/www.talmud.de\/tlmd\/mikwe-das-eintauchen-in-lebendiges-wasser\/\"><strong>Das Eintauchen in lebendiges Wasser<\/strong><\/a> Dr. Michael Rosenkranz wird h\u00e4ufig nach dem Zusammenhang von Taufe und dem Untertauchen in der Mikwe gefragt. Oder gar, ob es im Judentum auch eine Taufe g\u00e4be. Um dies aus j\u00fcdischer Sicht zu beantworten, erkl\u00e4rt er, was eine Mikwe ist und wie sie heute genutzt wird.<\/li>\n\n\n\n<li><a href=\"https:\/\/www.talmud.de\/tlmd\/die-mikweh\/\"><strong>Die Mikwe(h)<\/strong> <strong>Das rituelle Bad<\/strong><\/a>, das mit <em>mayim chaim<\/em> [&#8222;lebendiges&#8220;, nicht-stehendes Wasser] gef\u00fcllt ist, hat sogar f\u00fcr die meisten J\u00fcdinnen und Juden heute etwas R\u00e4tselhaftes. Denn \u00fcber die Mikve spricht man nicht. Das gilt zumindest, sofern man sie erstens ausschlie\u00dflich als Instrument ehelicher Reinheit versteht \u2013 und sie zweitens \u00fcberwiegend mit der Frau in Verbindung bringt.<\/li>\n<\/ul>\n\n\n\n<h2 class=\"wp-block-heading\">Geographische Orte<\/h2>\n\n\n\n<ul class=\"wp-block-list\">\n<li><strong><a href=\"https:\/\/www.talmud.de\/tlmd\/die-bedeutung-von-tiberias-in-der-juedischen-geschichte\/\">Der Ort Tiberias in der j\u00fcdischen Geschichte<\/a><\/strong><\/li>\n<\/ul>\n","protected":false},"excerpt":{"rendered":"<p>Was ist eine Synagoge? Was wird dort gemacht? Wer trifft sich dort? Wer darf dort hinein? Und eine Mikweh? Ist sie nur ein \u00bbTauchbad\u00ab? Antworten auf diese Fragen gibt es auf diesen Seiten. Die Synagoge Die Mikwe Geographische Orte<\/p>\n","protected":false},"author":1,"featured_media":0,"parent":0,"menu_order":0,"comment_status":"closed","ping_status":"closed","template":"","meta":{"_themeisle_gutenberg_block_has_review":false,"footnotes":""},"class_list":["post-5704","page","type-page","status-publish","hentry"],"jetpack_sharing_enabled":true,"_links":{"self":[{"href":"https:\/\/www.talmud.de\/tlmd\/wp-json\/wp\/v2\/pages\/5704","targetHints":{"allow":["GET"]}}],"collection":[{"href":"https:\/\/www.talmud.de\/tlmd\/wp-json\/wp\/v2\/pages"}],"about":[{"href":"https:\/\/www.talmud.de\/tlmd\/wp-json\/wp\/v2\/types\/page"}],"author":[{"embeddable":true,"href":"https:\/\/www.talmud.de\/tlmd\/wp-json\/wp\/v2\/users\/1"}],"replies":[{"embeddable":true,"href":"https:\/\/www.talmud.de\/tlmd\/wp-json\/wp\/v2\/comments?post=5704"}],"version-history":[{"count":2,"href":"https:\/\/www.talmud.de\/tlmd\/wp-json\/wp\/v2\/pages\/5704\/revisions"}],"predecessor-version":[{"id":10414,"href":"https:\/\/www.talmud.de\/tlmd\/wp-json\/wp\/v2\/pages\/5704\/revisions\/10414"}],"wp:attachment":[{"href":"https:\/\/www.talmud.de\/tlmd\/wp-json\/wp\/v2\/media?parent=5704"}],"curies":[{"name":"wp","href":"https:\/\/api.w.org\/{rel}","templated":true}]}}