{"id":5929,"date":"2020-06-10T09:48:03","date_gmt":"2020-06-10T07:48:03","guid":{"rendered":"https:\/\/www.talmud.de\/tlmd\/?page_id=5929"},"modified":"2020-06-10T09:48:05","modified_gmt":"2020-06-10T07:48:05","slug":"tikkun","status":"publish","type":"page","link":"https:\/\/www.talmud.de\/tlmd\/tikkun\/","title":{"rendered":"Tikkun online"},"content":{"rendered":"\n<p>Hier geht es <span style=\"text-decoration: underline;\">nicht<\/span> um <em>Tikkun Olam<\/em> &#8211; auf dieser Seite findet Ihr einen <em>Tikkun<\/em>, der bei der Vorbereitung auf die Torahlesung behilflich sein soll. \u00dcber einen Klick auf \u05d1\u05e8\u05d0\u05e9\u05d9\u05ea \u00f6ffnet sich das Men\u00fc f\u00fcr alle Torahabschnitte (und <em>Megillat Esther<\/em>).<br>Ein Klick auf <img data-recalc-dims=\"1\" loading=\"lazy\" decoding=\"async\" width=\"35\" height=\"24\" class=\"wp-image-5932\" style=\"width: 35px;\" src=\"https:\/\/i0.wp.com\/www.talmud.de\/tlmd\/wp-content\/uploads\/2020\/06\/tikkun_online_schriftwechsel.png?resize=35%2C24&#038;ssl=1\" alt=\"\"> wechselt zwischen Text mit Nikkud und dem Text, wie er in der Torah steht (wie in einem klassischen Tikkun).<\/p>\n\n\n\n<iframe loading=\"lazy\" id=\"tikkun\" src=\"https:\/\/www.tikkun.io\/\" name=\"tikkun\" frameborder=\"0\" marginwidth=\"0\" marginheight=\"0\" width=\"100%\" height=\"800\">\n            <\/iframe>\n\n\n\n<p><br>Wer sich f\u00fcr die deutsche \u00dcbersetzung der Torah interessiert, <a href=\"https:\/\/www.talmud.de\/tlmd\/tanach\/\">wird hier f\u00fcndig<\/a>.<\/p>\n\n\n\n<p><em><span class=\"has-inline-color has-cyan-bluish-gray-color\">Powered by <a href=\"https:\/\/www.tikkun.io\/\">tikkun.io<\/a><\/span><\/em><\/p>\n","protected":false},"excerpt":{"rendered":"<p>Hier geht es nicht um Tikkun Olam &#8211; auf dieser Seite findet Ihr einen Tikkun, der bei der Vorbereitung auf die Torahlesung behilflich sein soll. \u00dcber einen Klick auf \u05d1\u05e8\u05d0\u05e9\u05d9\u05ea \u00f6ffnet sich das Men\u00fc f\u00fcr alle Torahabschnitte (und Megillat Esther).Ein Klick auf wechselt zwischen Text mit Nikkud und dem Text, wie er in der Torah steht (wie in einem klassischen Tikkun). Wer sich f\u00fcr die deutsche \u00dcbersetzung der Torah interessiert, wird hier f\u00fcndig. Powered by tikkun.io<\/p>\n","protected":false},"author":1,"featured_media":5936,"parent":0,"menu_order":0,"comment_status":"closed","ping_status":"closed","template":"page-templates\/full-width.php","meta":{"_themeisle_gutenberg_block_has_review":false,"footnotes":""},"class_list":["post-5929","page","type-page","status-publish","has-post-thumbnail","hentry"],"jetpack_sharing_enabled":true,"_links":{"self":[{"href":"https:\/\/www.talmud.de\/tlmd\/wp-json\/wp\/v2\/pages\/5929","targetHints":{"allow":["GET"]}}],"collection":[{"href":"https:\/\/www.talmud.de\/tlmd\/wp-json\/wp\/v2\/pages"}],"about":[{"href":"https:\/\/www.talmud.de\/tlmd\/wp-json\/wp\/v2\/types\/page"}],"author":[{"embeddable":true,"href":"https:\/\/www.talmud.de\/tlmd\/wp-json\/wp\/v2\/users\/1"}],"replies":[{"embeddable":true,"href":"https:\/\/www.talmud.de\/tlmd\/wp-json\/wp\/v2\/comments?post=5929"}],"version-history":[{"count":3,"href":"https:\/\/www.talmud.de\/tlmd\/wp-json\/wp\/v2\/pages\/5929\/revisions"}],"predecessor-version":[{"id":7869,"href":"https:\/\/www.talmud.de\/tlmd\/wp-json\/wp\/v2\/pages\/5929\/revisions\/7869"}],"wp:featuredmedia":[{"embeddable":true,"href":"https:\/\/www.talmud.de\/tlmd\/wp-json\/wp\/v2\/media\/5936"}],"wp:attachment":[{"href":"https:\/\/www.talmud.de\/tlmd\/wp-json\/wp\/v2\/media?parent=5929"}],"curies":[{"name":"wp","href":"https:\/\/api.w.org\/{rel}","templated":true}]}}