{"id":6140,"date":"2020-08-13T17:20:26","date_gmt":"2020-08-13T15:20:26","guid":{"rendered":"https:\/\/www.talmud.de\/tlmd\/?page_id=6140"},"modified":"2025-09-12T14:05:45","modified_gmt":"2025-09-12T12:05:45","slug":"geschichte-des-judentums-themen","status":"publish","type":"page","link":"https:\/\/www.talmud.de\/tlmd\/geschichte-des-judentums-themen\/","title":{"rendered":"Geschichte des Judentums"},"content":{"rendered":"\n\n\n\n<h2 class=\"wp-block-heading\">Einzelthemen<\/h2>\n\n\n\n<ul class=\"wp-block-list\">\n<li><a href=\"https:\/\/www.talmud.de\/tlmd\/die-torah-und-das-juedische-volk-die-entstehung-des-juedischen-volkes\/\"><strong>Die Torah und das j\u00fcdische Volk<\/strong><\/a> \u2013 die Entstehung des j\u00fcdischen Volkes <\/li>\n\n\n\n<li><a href=\"https:\/\/www.talmud.de\/tlmd\/joseph-karo-und-der-schulchan-aruch\/\"><strong>Joseph Karo und der Schulchan Aruch<\/strong><\/a> &#8211; Simon Dubnow beschreibt die Entstehung des Schulchan Aruch und die Zeit, in der er entstand.<\/li>\n\n\n\n<li><strong><a href=\"https:\/\/www.talmud.de\/tlmd\/die-hebraeischen-inkunabeln\/\">Die hebr\u00e4ischen Inkunabeln<\/a><\/strong> &#8211; der fr\u00fche Druck hebr\u00e4ischer Schriften<\/li>\n\n\n\n<li><strong><a href=\"https:\/\/www.talmud.de\/tlmd\/die-schoah-der-holocaust\/\">Die Schoah \u2013 Der Holocaust <\/a><\/strong><\/li>\n\n\n\n<li><strong><a href=\"https:\/\/www.talmud.de\/tlmd\/die-neueste-geschichte-des-juedischen-volkes-1789-1914\/\">Die neueste Geschichte des J\u00fcdischen Volkes 1789 \u2013 1914<\/a><\/strong> von Simon Dubnow<\/li>\n<\/ul>\n\n\n\n<h2 class=\"wp-block-heading\">Quelltexte<\/h2>\n\n\n\n<ul class=\"wp-block-list\">\n<li><strong><a href=\"https:\/\/www.talmud.de\/tlmd\/der-brief-des-aristeas\/\">Der Brief des Aristeas<\/a><\/strong> &#8211; die angebliche Entstehungsgeschichte der Septuaginta<\/li>\n\n\n\n<li><a href=\"https:\/\/www.talmud.de\/tlmd\/1096-die-ermordung-der-juden-im-rheinland-koln-und-umgebung\/\"><strong>1096 \u2013 Die Ermordung der Juden im Rheinland \u2013 K\u00f6ln und Umgebung <\/strong><\/a>von Schlomoh bar Schimon (ca. 1140)<\/li>\n\n\n\n<li><a href=\"https:\/\/www.talmud.de\/tlmd\/unabhaengigkeitserklaerung-des-staates-israel-von-1948\/\"><strong>Unabh\u00e4ngigkeitserkl\u00e4rung des Staates Israel von 1948<\/strong> <\/a><\/li>\n\n\n\n<li><strong><a href=\"https:\/\/www.talmud.de\/tlmd\/zur-eroeffnung-der-synagoge-reichenbachstrasse\/\" data-type=\"post\" data-id=\"10350\">Zur Er\u00f6ffnung der Synagoge Reichenbachstra\u00dfe<\/a><\/strong> Zur Wiederer\u00f6ffnung der Synagoge Reichenbachstra\u00dfe am 15. September 2025 eine Sammlung von Texten zur urspr\u00fcnglichen Einweihung 1931<\/li>\n<\/ul>\n\n\n\n<h2 class=\"wp-block-heading\">Personen<\/h2>\n\n\n\n<h3 class=\"wp-block-heading\">B<\/h3>\n\n\n\n<ul class=\"wp-block-list\">\n<li><strong><a href=\"https:\/\/www.talmud.de\/tlmd\/seligmann-baer-bamberger\/\">Seligmann B\u00e4r Bamberger<\/a><\/strong><\/li>\n\n\n\n<li><strong><a href=\"https:\/\/www.talmud.de\/tlmd\/simon-bernfeld\/\">Simon Bernfeld<\/a><\/strong><\/li>\n<\/ul>\n\n\n\n<h3 class=\"wp-block-heading\">E<\/h3>\n\n\n\n<ul class=\"wp-block-list\">\n<li><strong><a href=\"https:\/\/www.talmud.de\/tlmd\/einstein-und-sein-judentum\/\">Einstein<\/a><\/strong> und sein Judentum<\/li>\n<\/ul>\n\n\n\n<h3 class=\"wp-block-heading\">K<\/h3>\n\n\n\n<ul class=\"wp-block-list\">\n<li><strong><a href=\"https:\/\/www.talmud.de\/tlmd\/vom-baum-des-lebens-essen-franz-kafka-und-sein-judentum\/\">Franz Kafka<\/a><\/strong> und sein Judentum<\/li>\n\n\n\n<li><a href=\"https:\/\/www.talmud.de\/tlmd\/den-prozess-verlieren-franz-kafka-und-der-schabbat-schuwah\/\"><strong>Franz Kafka<\/strong> und der Schabbat Schuwah<\/a> &#8211; Den Prozess verlieren<\/li>\n<\/ul>\n\n\n\n<h3 class=\"wp-block-heading\">M<\/h3>\n\n\n\n<ul class=\"wp-block-list\">\n<li><strong><a href=\"https:\/\/www.talmud.de\/tlmd\/leben-und-werk-des-mosche-ben-maimon-maimonides\/\">Maimonides<\/a><\/strong> &#8211; sein Leben und Werk<\/li>\n<\/ul>\n\n\n\n<h3 class=\"wp-block-heading\">R<\/h3>\n\n\n\n<ul class=\"wp-block-list\">\n<li><strong><a href=\"https:\/\/www.talmud.de\/tlmd\/rabbenu-tam\/\">Rabbenu Tam<\/a><\/strong><\/li>\n\n\n\n<li><a href=\"https:\/\/www.talmud.de\/tlmd\/raschi\/\"><strong>Raschi <\/strong>&#8211; Wer war Raschi?<\/a><\/li>\n<\/ul>\n\n\n\n<h3 class=\"wp-block-heading\">S<\/h3>\n\n\n\n<ul class=\"wp-block-list\">\n<li><strong><a href=\"https:\/\/www.talmud.de\/tlmd\/menachem-mendel-schneerson\/\">Menachem Mendel Schneerson<\/a><\/strong> &#8211; \u00dcber den <em>Rebben von Lubawitsch<\/em><\/li>\n<\/ul>\n\n\n\n<h2 class=\"wp-block-heading\">\u00dcbersetzer der hebr\u00e4ischen Bibel<\/h2>\n\n\n\n<h3 class=\"wp-block-heading\">A<\/h3>\n\n\n\n<ul class=\"wp-block-list\">\n<li><strong><a href=\"https:\/\/www.talmud.de\/tlmd\/jakob-auerbach\/\">Jakob Auerbach<\/a><\/strong><\/li>\n<\/ul>\n\n\n\n<h3 class=\"wp-block-heading\">B<\/h3>\n\n\n\n<ul class=\"wp-block-list\">\n<li><strong><a href=\"https:\/\/www.talmud.de\/tlmd\/schimon-bar-efrat\/\">Schimon Bar-Efrat<\/a><\/strong><\/li>\n\n\n\n<li><strong><a href=\"https:\/\/www.talmud.de\/tlmd\/simon-bernfeld-uebersetzer-des-tanach\/\">Simon Bernfeld<\/a><\/strong> (als \u00dcbersetzer)<\/li>\n<\/ul>\n\n\n\n<h3 class=\"wp-block-heading\">C<\/h3>\n\n\n\n<ul class=\"wp-block-list\">\n<li><strong><a href=\"https:\/\/www.talmud.de\/tlmd\/schalom-cohen\/\">Schalom Cohen<\/a><\/strong><\/li>\n<\/ul>\n\n\n\n<h3 class=\"wp-block-heading\">G<\/h3>\n\n\n\n<ul class=\"wp-block-list\">\n<li><strong><a href=\"https:\/\/www.talmud.de\/tlmd\/lazarus-goldschmidt\/\">Lazarus Goldschmidt<\/a><\/strong><\/li>\n<\/ul>\n","protected":false},"excerpt":{"rendered":"<p>Einzelthemen Quelltexte Personen B E K M R S \u00dcbersetzer der hebr\u00e4ischen Bibel A B C G<\/p>\n","protected":false},"author":1,"featured_media":0,"parent":0,"menu_order":0,"comment_status":"closed","ping_status":"closed","template":"","meta":{"_themeisle_gutenberg_block_has_review":false,"footnotes":""},"class_list":["post-6140","page","type-page","status-publish","hentry"],"jetpack_sharing_enabled":true,"_links":{"self":[{"href":"https:\/\/www.talmud.de\/tlmd\/wp-json\/wp\/v2\/pages\/6140","targetHints":{"allow":["GET"]}}],"collection":[{"href":"https:\/\/www.talmud.de\/tlmd\/wp-json\/wp\/v2\/pages"}],"about":[{"href":"https:\/\/www.talmud.de\/tlmd\/wp-json\/wp\/v2\/types\/page"}],"author":[{"embeddable":true,"href":"https:\/\/www.talmud.de\/tlmd\/wp-json\/wp\/v2\/users\/1"}],"replies":[{"embeddable":true,"href":"https:\/\/www.talmud.de\/tlmd\/wp-json\/wp\/v2\/comments?post=6140"}],"version-history":[{"count":2,"href":"https:\/\/www.talmud.de\/tlmd\/wp-json\/wp\/v2\/pages\/6140\/revisions"}],"predecessor-version":[{"id":10360,"href":"https:\/\/www.talmud.de\/tlmd\/wp-json\/wp\/v2\/pages\/6140\/revisions\/10360"}],"wp:attachment":[{"href":"https:\/\/www.talmud.de\/tlmd\/wp-json\/wp\/v2\/media?parent=6140"}],"curies":[{"name":"wp","href":"https:\/\/api.w.org\/{rel}","templated":true}]}}