{"id":6186,"date":"2020-09-04T12:27:49","date_gmt":"2020-09-04T10:27:49","guid":{"rendered":"https:\/\/www.talmud.de\/tlmd\/?page_id=6186"},"modified":"2024-09-20T13:57:30","modified_gmt":"2024-09-20T11:57:30","slug":"zum-wochenabschnitt-ki-tawo","status":"publish","type":"page","link":"https:\/\/www.talmud.de\/tlmd\/zum-wochenabschnitt-ki-tawo\/","title":{"rendered":"Zum Wochenabschnitt Ki Tawo"},"content":{"rendered":"<div class=\"wp-block-image\">\n<figure class=\"aligncenter size-large\"><img data-recalc-dims=\"1\" loading=\"lazy\" decoding=\"async\" width=\"640\" height=\"536\" src=\"https:\/\/i0.wp.com\/www.talmud.de\/tlmd\/wp-content\/uploads\/2020\/09\/Northrop_A_Land_Flowing_with_Milk_and_Honey1.jpg?resize=640%2C536&#038;ssl=1\" alt=\"\" class=\"wp-image-6189\" srcset=\"https:\/\/i0.wp.com\/www.talmud.de\/tlmd\/wp-content\/uploads\/2020\/09\/Northrop_A_Land_Flowing_with_Milk_and_Honey1.jpg?w=640&amp;ssl=1 640w, https:\/\/i0.wp.com\/www.talmud.de\/tlmd\/wp-content\/uploads\/2020\/09\/Northrop_A_Land_Flowing_with_Milk_and_Honey1.jpg?resize=300%2C251&amp;ssl=1 300w\" sizes=\"auto, (max-width: 640px) 100vw, 640px\" \/><figcaption class=\"wp-element-caption\"><em>Das Land in dem Milch und Honig flie\u00dfen<\/em><\/figcaption><\/figure><\/div>\n\n\n<h2 class=\"wp-block-heading\">Zusammenfassung<\/h2>\n\n\n\n<p>Dewarim 26\u201329,8<br>In dem Abschnitt dieser Woche werden die Israeliten dazu aufgefordert, ihre Dankbarkeit f\u00fcr die reiche Ernte und die Befreiung aus der Sklaverei durch die Gabe von einem Zehntel der Erstlingsfr\u00fcchte auszudr\u00fccken. Die Gebote Gottes sollen auf gro\u00dfen Steinen ausgestellt werden, so dass alle sie sehen k\u00f6nnen. Dem schlie\u00dfen sich Fluchandrohungen gegen bestimmte Vergehen durch die Leviten an. Den Fl\u00fcchen folgt die Aussicht auf Segen, sollten die Mitzwot eingehalten werden. Wieder werden Fl\u00fcche geschildert, die auf die Nichtbeachtung folgen. Zum Abschluss erinnert Moses die Israeliten an die vielen Wunder in der Wildnis und dass sie den Bund mit Gott beachten sollen.<\/p>\n\n\n\n<h2 class=\"wp-block-heading\">Torahabschnitt<\/h2>\n\n\n\n<p><strong><a href=\"https:\/\/www.talmud.de\/tlmd\/die-torah-eine-deutsche-uebersetzung\/die-torah-ki-tawo\/\" data-type=\"page\" data-id=\"2946\">Text des Abschnitts Ki Tawo<\/a><\/strong> (Deutsch)<br><a rel=\"noreferrer noopener\" href=\"https:\/\/www.sefaria.org\/Deuteronomy.26.1-11?ven=Die_Heilige_Schrift,_trans._Dr._Simon_Bernfeld,_Berlin,_1902_-_German_[de]&amp;lang=bi&amp;aliyot=1\" target=\"_blank\"><strong>Text des Abschnitts Ki Tawo<\/strong><\/a> (Deutsch-Hebr\u00e4isch), talmud.de \u00dcbersetzung auf <em>Sefaria<\/em> <img data-recalc-dims=\"1\" loading=\"lazy\" decoding=\"async\" width=\"20\" height=\"24\" class=\"wp-image-7704\" style=\"width: 20px;\" src=\"https:\/\/i0.wp.com\/www.talmud.de\/tlmd\/wp-content\/uploads\/2021\/08\/sefaria_klein.png?resize=20%2C24&#038;ssl=1\" alt=\"Sefaria Logo\"><\/p>\n\n\n\n<h2 class=\"wp-block-heading\">Zum Wochenabschnitt<\/h2>\n\n\n\n<ul class=\"wp-block-list\">\n<li><a href=\"https:\/\/www.talmud.de\/tlmd\/ki-tawo\/\"><strong>Machon Me&#8217;ir<\/strong> (auf talmud.de)<\/a><\/li>\n\n\n\n<li><strong>J\u00fcdische Allgemeine<\/strong>\n<ul class=\"wp-block-list\">\n<li><a href=\"https:\/\/www.juedische-allgemeine.de\/religion\/segen-oder-fluch\/\" target=\"_blank\" rel=\"noreferrer noopener\"><strong>Segen oder Fluch<\/strong><\/a> von Vyacheslav Dobrovych<\/li>\n\n\n\n<li><strong><a href=\"https:\/\/www.juedische-allgemeine.de\/religion\/von-lego-lernen\/\" data-type=\"link\" data-id=\"https:\/\/www.juedische-allgemeine.de\/religion\/von-lego-lernen\/\" target=\"_blank\" rel=\"noreferrer noopener\">Von Lego lernen<\/a><\/strong> Die Geschichte des Spielwarenherstellers lehrt, dass der Lohn unserer M\u00fchen manchmal nicht auf den ersten Blick zu erkennen ist. Gerade R\u00fcckschl\u00e4ge k\u00f6nnen zum Erfolg f\u00fchren Von Rabbiner Bryan Weisz<\/li>\n\n\n\n<li><a href=\"https:\/\/www.juedische-allgemeine.de\/religion\/das-gefuehl-dazuzugehoeren\/\" target=\"_blank\" rel=\"noreferrer noopener\"><strong>Das Gef\u00fchl, dazuzugeh\u00f6ren<\/strong><\/a> von Rabbiner Jaron Engelmayer<\/li>\n\n\n\n<li><a href=\"https:\/\/www.juedische-allgemeine.de\/religion\/das-gefuehl-dazuzugehoeren\/\" target=\"_blank\" rel=\"noreferrer noopener\"><strong>\u00bbDas dir der Ewige geschenkt hat\u00ab<\/strong><\/a> von Rabbiner Walter Rothschild<\/li>\n\n\n\n<li><a href=\"https:\/\/www.juedische-allgemeine.de\/religion\/ehrlich-waehrt-am-laengsten-2\/\" target=\"_blank\" rel=\"noreferrer noopener\"><strong>Ehrlich w\u00e4hrt am L\u00e4ngsten<\/strong><\/a> von Marcus Schroll (sel. Ang.)<\/li>\n\n\n\n<li><a href=\"https:\/\/www.juedische-allgemeine.de\/religion\/der-weg-zum-glueck\/\" target=\"_blank\" rel=\"noreferrer noopener\"><strong>Der Weg zum Gl\u00fcck<\/strong>,<\/a> warum es eine Mizwa ist, mit dem zufrieden zu sein, was man hat, von Rabbiner Avraham Radbil<\/li>\n\n\n\n<li><a href=\"https:\/\/www.juedische-allgemeine.de\/religion\/tribut-an-fremde-priester\/\" target=\"_blank\" rel=\"noreferrer noopener\"><strong>Tribut an fremde Priester<\/strong><\/a>, G\u00f6tzendienst kann eine Strafe G\u2019ttes sein. Sie trifft den Menschen als finanzielle Belastung Von Alexander Krimhand<\/li>\n\n\n\n<li><strong><a href=\"https:\/\/www.juedische-allgemeine.de\/allgemein\/blick-aufs-ganze\/\" target=\"_blank\" rel=\"noreferrer noopener\">Blick aufs Ganze<\/a><\/strong>, Warum der j\u00fcdische Landwirt den Segen nicht f\u00fcr sich, sondern f\u00fcr das Volk erbittet. Von Rabbiner Joel Berger<\/li>\n<\/ul>\n<\/li>\n\n\n\n<li><strong>Chabad<\/strong>\n<ul class=\"wp-block-list\">\n<li><strong><a href=\"https:\/\/de.chabad.org\/parshah\/article_cdo\/aid\/703366\/jewish\/Zwei-wesentliche-Wunder.htm\" target=\"_blank\" rel=\"noreferrer noopener\">Zwei wesentliche Wunder<\/a><\/strong> von Dr. William Stern <em>Chabad<\/em><\/li>\n<\/ul>\n<\/li>\n<\/ul>\n\n\n\n<h2 class=\"wp-block-heading\">Haftarah<\/h2>\n\n\n\n<p><em>Nach den meisten Minhagim:<\/em> <a href=\"https:\/\/www.talmud.de\/tlmd\/tanach\/jeschajahu-das-buch-jesaja\/#Kapitel60\">Jeschajahu 60,1\u201322<\/a><br><em>Nach dem italienischen:<\/em> <a href=\"https:\/\/www.talmud.de\/tlmd\/tanach\/jehoschua-das-buch-josua\/#Kapitel8\">Jehoschua 8,30\u20139,27<\/a><\/p>\n\n\n\n<div class=\"wp-block-group\"><div class=\"wp-block-group__inner-container is-layout-flow wp-block-group-is-layout-flow\">\n<div class=\"wp-block-columns is-layout-flex wp-container-core-columns-is-layout-1 wp-block-columns-is-layout-flex\">\n<div class=\"wp-block-column is-layout-flow wp-block-column-is-layout-flow\" style=\"flex-basis:33.33%\">\n<figure class=\"wp-block-image size-large\"><a href=\"https:\/\/www.talmud.de\/tlmd\/zum-wochenabschnitt\/\"><img data-recalc-dims=\"1\" loading=\"lazy\" decoding=\"async\" width=\"89\" height=\"81\" src=\"https:\/\/i0.wp.com\/www.talmud.de\/tlmd\/wp-content\/uploads\/2021\/03\/torah_rolle_80.png?resize=89%2C81&#038;ssl=1\" alt=\"\" class=\"wp-image-7253\"\/><\/a><\/figure>\n<\/div>\n\n\n\n<div class=\"wp-block-column is-layout-flow wp-block-column-is-layout-flow\" style=\"flex-basis:66.66%\">\n<p><a href=\"https:\/\/www.talmud.de\/tlmd\/zum-wochenabschnitt\/\"><img data-recalc-dims=\"1\" loading=\"lazy\" decoding=\"async\" width=\"33\" height=\"20\" class=\"wp-image-1962\" style=\"width: 33px;\" src=\"https:\/\/i0.wp.com\/www.talmud.de\/tlmd\/wp-content\/uploads\/2016\/02\/hand_talmudde.png?resize=33%2C20&#038;ssl=1\" alt=\"\"> <strong>Zur \u00dcbersicht \u00fcber die Wochenabschnitte<\/strong><\/a><\/p>\n<\/div>\n<\/div>\n\n\n\n<p><\/p>\n<\/div><\/div>\n","protected":false},"excerpt":{"rendered":"<p>Zusammenfassung Dewarim 26\u201329,8In dem Abschnitt dieser Woche werden die Israeliten dazu aufgefordert, ihre Dankbarkeit f\u00fcr die reiche Ernte und die Befreiung aus der Sklaverei durch die Gabe von einem Zehntel der Erstlingsfr\u00fcchte auszudr\u00fccken. Die Gebote Gottes sollen auf gro\u00dfen Steinen ausgestellt werden, so dass alle sie sehen k\u00f6nnen. Dem schlie\u00dfen sich Fluchandrohungen gegen bestimmte Vergehen durch die Leviten an. Den Fl\u00fcchen folgt die Aussicht auf Segen, sollten die Mitzwot eingehalten werden. Wieder werden Fl\u00fcche geschildert, die auf die Nichtbeachtung folgen. Zum Abschluss erinnert Moses die Israeliten an die vielen Wunder in der Wildnis und dass sie den Bund mit Gott beachten sollen. Torahabschnitt Text des Abschnitts Ki Tawo (Deutsch)Text des Abschnitts Ki Tawo (Deutsch-Hebr\u00e4isch), talmud.de \u00dcbersetzung auf Sefaria Zum Wochenabschnitt Haftarah Nach den meisten Minhagim: Jeschajahu 60,1\u201322Nach dem italienischen: Jehoschua 8,30\u20139,27<\/p>\n","protected":false},"author":1,"featured_media":0,"parent":0,"menu_order":0,"comment_status":"closed","ping_status":"closed","template":"","meta":{"_themeisle_gutenberg_block_has_review":false,"footnotes":""},"class_list":["post-6186","page","type-page","status-publish","hentry"],"jetpack_sharing_enabled":true,"_links":{"self":[{"href":"https:\/\/www.talmud.de\/tlmd\/wp-json\/wp\/v2\/pages\/6186","targetHints":{"allow":["GET"]}}],"collection":[{"href":"https:\/\/www.talmud.de\/tlmd\/wp-json\/wp\/v2\/pages"}],"about":[{"href":"https:\/\/www.talmud.de\/tlmd\/wp-json\/wp\/v2\/types\/page"}],"author":[{"embeddable":true,"href":"https:\/\/www.talmud.de\/tlmd\/wp-json\/wp\/v2\/users\/1"}],"replies":[{"embeddable":true,"href":"https:\/\/www.talmud.de\/tlmd\/wp-json\/wp\/v2\/comments?post=6186"}],"version-history":[{"count":1,"href":"https:\/\/www.talmud.de\/tlmd\/wp-json\/wp\/v2\/pages\/6186\/revisions"}],"predecessor-version":[{"id":10083,"href":"https:\/\/www.talmud.de\/tlmd\/wp-json\/wp\/v2\/pages\/6186\/revisions\/10083"}],"wp:attachment":[{"href":"https:\/\/www.talmud.de\/tlmd\/wp-json\/wp\/v2\/media?parent=6186"}],"curies":[{"name":"wp","href":"https:\/\/api.w.org\/{rel}","templated":true}]}}