{"id":6844,"date":"2021-01-21T10:56:41","date_gmt":"2021-01-21T08:56:41","guid":{"rendered":"https:\/\/www.talmud.de\/tlmd\/?page_id=6844"},"modified":"2022-02-18T11:21:53","modified_gmt":"2022-02-18T09:21:53","slug":"zum-wochenabschnitt-beschallach","status":"publish","type":"page","link":"https:\/\/www.talmud.de\/tlmd\/zum-wochenabschnitt-beschallach\/","title":{"rendered":"Zum Wochenabschnitt Beschallach"},"content":{"rendered":"\n<div class=\"wp-block-image\"><figure class=\"aligncenter size-large\"><a href=\"#\"><img data-recalc-dims=\"1\" loading=\"lazy\" decoding=\"async\" width=\"512\" height=\"285\" src=\"https:\/\/i0.wp.com\/www.talmud.de\/tlmd\/wp-content\/uploads\/2021\/01\/image.jpeg?resize=512%2C285&#038;ssl=1\" alt=\"\" class=\"wp-image-6847\" srcset=\"https:\/\/i0.wp.com\/www.talmud.de\/tlmd\/wp-content\/uploads\/2021\/01\/image.jpeg?w=512&amp;ssl=1 512w, https:\/\/i0.wp.com\/www.talmud.de\/tlmd\/wp-content\/uploads\/2021\/01\/image.jpeg?resize=300%2C167&amp;ssl=1 300w\" sizes=\"auto, (max-width: 512px) 100vw, 512px\" \/><\/a><\/figure><\/div>\n\n\n\n<h2 class=\"wp-block-heading\">Zusammenfassung<\/h2>\n\n\n\n<p><em>Ein anderer Name des Schabbats an dem Beschallach gelesen wird, ist Schabbat Schirah.<\/em><br>Schemot 13,17\u201317,16<br>Der Torahabschnitt dieser Woche erz\u00e4hlt davon, dass die Kinder Israels trockenen Fu\u00dfes, auf der Flucht vor dem Pharao und seinen Truppen, das Schilfmeer durchquerten. Es \u00f6ffnete sich vor ihnen schloss sich hinter ihnen und so ertranken die M\u00e4nner des Pharao in den Fluten. Der eigentliche Weg Israels durch die W\u00fcste beginnt. Es wird berichtet, dass Gott die Menschen mit Manna und Wachteln versorgt und sie auffordert, Manna und Wachteln f\u00fcr den Schabbat beiseite zu legen. Dennoch fehlt es an Wasser, die Kinder Israels beschweren sich bei Moses, der Wasser aus einem Felsen hervorquellen l\u00e4sst. Israel wird von Amalek angegriffen, aber er wird geschlagen.<\/p>\n\n\n\n<h2 class=\"wp-block-heading\">Torahabschnitt<\/h2>\n\n\n\n<ul class=\"wp-block-list\"><li><strong><a href=\"https:\/\/www.talmud.de\/tlmd\/die-torah-eine-deutsche-uebersetzung\/die-torah-beschallach\/\">Text des Wochenabschnitts Beschallach (Deutsch)<\/a><\/strong><\/li><li><strong><a href=\"https:\/\/www.sefaria.org\/Exodus.13.17?ven=Die_Heilige_Schrift,_trans._Dr._Simon_Bernfeld,_Berlin,_1902_-_German_[de]&amp;lang=bi&amp;aliyot=1\">Text des Wochenabschnitts Beschallach<\/a><\/strong>, talmud.de \u00dcbersetzung auf <em>Sefaria<\/em><\/li><li><a href=\"https:\/\/tikkun.io\/#\/p\/beshalach\" target=\"_blank\" rel=\"noreferrer noopener\"><strong>Abschnitt im Tikkun<\/strong>&nbsp;<\/a><img data-recalc-dims=\"1\" decoding=\"async\" src=\"https:\/\/i0.wp.com\/www.talmud.de\/tlmd\/wp-content\/uploads\/2020\/06\/tikkun_online_schriftwechsel.png?w=840&#038;ssl=1\" alt=\"\"><\/li><\/ul>\n\n\n\n<h2 class=\"wp-block-heading\">Zum Wochenabschnitt<\/h2>\n\n\n\n<ul class=\"wp-block-list\"><li><strong><a rel=\"noreferrer noopener\" href=\"https:\/\/www.juedische-allgemeine.de\/religion\/warnung-nicht-strafe\/\" target=\"_blank\">Warnung, nicht Strafe<\/a><\/strong> Durch Krankheit und Leid will der Ewige uns Menschen auf Fehler hinweisen von Rabbiner Avichai Apel <em>J\u00fcdische Allgemeine<\/em><\/li><li><strong><a rel=\"noreferrer noopener\" href=\"https:\/\/www.juedische-allgemeine.de\/religion\/ladies-first\/\" target=\"_blank\">Ladies First<\/a><\/strong> Warum Mosche die Tora zuerst den Frauen und erst dann den M\u00e4nnern nahelegen sollte Rabbiner Yehuda Teichtal <em>J\u00fcdische Allgemeine<\/em><\/li><li><strong><a href=\"https:\/\/www.talmud.de\/tlmd\/zur-paraschah-beschallach\/\">Vorreiter gesucht<\/a><\/strong><a rel=\"noreferrer noopener\" href=\"https:\/\/www.juedische-allgemeine.de\/allgemein\/vorreiter-gesucht\/\" target=\"_blank\"> <\/a>Jede Generation braucht Menschen, die f\u00fcr alle mutig den ersten Schritt gehen. Chajm Guski <em>talmud.de<\/em><\/li><li><strong><a rel=\"noreferrer noopener\" href=\"https:\/\/www.juedische-allgemeine.de\/religion\/der-lange-weg\/\" target=\"_blank\">Der lange Weg<\/a><\/strong> Es ist die Lebensaufgabe eines jeden Einzelnen, aus seinem individuellen \u00c4gypten auszuziehen. Von Shimon Lang <em>J\u00fcdische Allgemeine<\/em><\/li><li><strong><a rel=\"noreferrer noopener\" href=\"https:\/\/www.juedische-allgemeine.de\/religion\/vergiss-dies-nicht\/\" target=\"_blank\">\u00bbVergiss dies nicht!\u00ab<\/a><\/strong> Warum wir die Geschichte von Amalek ewig in Erinnerung behalten sollen Von Yizhak Ahren <em>J\u00fcdische Allgemeine<\/em><\/li><li><strong><a rel=\"noreferrer noopener\" href=\"https:\/\/www.juedische-allgemeine.de\/religion\/himmlisches-brot\/\" target=\"_blank\">Himmlisches Brot<\/a><\/strong> Weil das Volk G\u2019tt als Versorger anerkennt, erh\u00e4lt es jeden Tag gen\u00fcgend Nahrung. Von Rabbiner Israel Meir Levinger. <em>J\u00fcdische Allgemeine<\/em><\/li><li><strong><a rel=\"noreferrer noopener\" href=\"https:\/\/www.juedische-allgemeine.de\/religion\/die-erste-astronautennahrung\/\" target=\"_blank\">Die erste Astronautennahrung<\/a><\/strong> Was die Schriften \u00fcber das biblische Himmelsbrot verraten. Von Rabbiner Reuven Konnik. <em>J\u00fcdische Allgemeine<\/em><\/li><li><strong><a rel=\"noreferrer noopener\" href=\"https:\/\/www.juedische-allgemeine.de\/religion\/das-starke-geschlecht-2\/\" target=\"_blank\">Das starke Geschlecht<\/a><\/strong> Der Tanach erz\u00e4hlt von Prophetinnen, Richterinnen und Heerf\u00fchrerinnen. Von Rabbiner Walter Rothschild <em>J\u00fcdische Allgemeine<\/em><\/li><li><strong><a rel=\"noreferrer noopener\" href=\"https:\/\/www.juedische-allgemeine.de\/allgemein\/falsches-lied-zur-falschen-zeit\/\" target=\"_blank\">Falsches Lied zur falschen Zeit<\/a><\/strong> Warum Gott die Schadenfreude der Israeliten \u00fcber den Tod der \u00c4gypter im Roten Meer nicht gef\u00e4llt. Von Benjamin Jacobs <em>J\u00fcdische Allgemeine<\/em><\/li><li><strong><a href=\"https:\/\/judentum.hagalil.com\/sidra-beschalach\/\">Und du sollst auf den Felsen schlagen<\/a><\/strong> Von Nechama Leibowitz\u00a0<em>hagalil.com<\/em><\/li><li><strong><a rel=\"noreferrer noopener\" href=\"https:\/\/www.hagalil.com\/judentum\/torah\/lauder\/beschalach.htm\" target=\"_blank\">Zum Wochenabschnitt<\/a><\/strong> BEIT MIDRASCH D\u2019BERLIN. <em>hagalil.com<\/em><\/li><li><strong><a rel=\"noreferrer noopener\" href=\"https:\/\/rabbisacks.org\/wp-content\/uploads\/2021\/01\/German-Beshallach-5781.pdf\" target=\"_blank\">Der Blick in die H\u00f6he <img data-recalc-dims=\"1\" loading=\"lazy\" decoding=\"async\" width=\"24\" height=\"24\" class=\"wp-image-7992\" style=\"width: 24px;\" src=\"https:\/\/i0.wp.com\/www.talmud.de\/tlmd\/wp-content\/uploads\/2021\/10\/outline_picture_as_pdf_black_24dp.png?resize=24%2C24&#038;ssl=1\" alt=\"\"><\/a><\/strong> Rabbiner Lord Jonathan Sacks (z&#8220;l) <em>rabbisacks.org<\/em><\/li><li><a rel=\"noreferrer noopener\" href=\"https:\/\/rabbisacks.org\/wp-content\/uploads\/2022\/01\/GERMAN-Beshallach.pdf\" target=\"_blank\"><strong>Das Gesicht des B\u00f6sen<\/strong> <img data-recalc-dims=\"1\" loading=\"lazy\" decoding=\"async\" width=\"24\" height=\"24\" class=\"wp-image-7992\" style=\"width: 24px;\" src=\"https:\/\/i0.wp.com\/www.talmud.de\/tlmd\/wp-content\/uploads\/2021\/10\/outline_picture_as_pdf_black_24dp.png?resize=24%2C24&#038;ssl=1\" alt=\"\"><\/a> Rabbiner Lord Jonathan Sacks (z&#8220;l) <em>rabbisacks.org<\/em><\/li><li><a rel=\"noreferrer noopener\" href=\"https:\/\/de.chabad.org\/parshah\/article_cdo\/aid\/717961\/jewish\/Pharaos-Dekret-die-tiefere-Bedeutung.htm\" target=\"_blank\"><strong>Pharaos Dekret \u2013 die tiefere Bedeutung<\/strong><\/a>. Von Dr. William Stern. <em>Chabad<\/em><\/li><\/ul>\n\n\n\n<h2 class=\"wp-block-heading\">Haftarah<\/h2>\n\n\n\n<ul class=\"wp-block-list\"><li><a href=\"https:\/\/www.talmud.de\/tlmd\/tanach\/schoftim-das-buch-der-richter\/#Kapitel4\">Schoftim 4,4\u20135,31<\/a> <em>Aschkenasisch, Chabad<\/em><\/li><li><a href=\"https:\/\/www.talmud.de\/tlmd\/tanach\/schoftim-das-buch-der-richter\/#Kapitel4\">Schoftim 4,4\u20135,3<\/a> <em>Italienisch<\/em><\/li><li><a href=\"https:\/\/www.talmud.de\/tlmd\/tanach\/schoftim-das-buch-der-richter\/#Kapitel4\">Schoftim 4,23\u20135,31<\/a> <em>Fez, Istanbul<\/em><\/li><li><a href=\"https:\/\/www.talmud.de\/tlmd\/tanach\/schoftim-das-buch-der-richter\/#Kapitel5\">Schoftim 5,1\u20135,31<\/a> <em>Sefardisch<\/em><\/li><li><a href=\"https:\/\/www.talmud.de\/tlmd\/tanach\/jehoschua-das-buch-josua\/#Kapitel24\">Jehoschua 24,7\u201324,26<\/a> <em>Romaniotisch<\/em><\/li><\/ul>\n\n\n\n<div class=\"wp-block-group\"><div class=\"wp-block-group__inner-container is-layout-flow wp-block-group-is-layout-flow\">\n<div class=\"wp-block-columns is-layout-flex wp-container-core-columns-is-layout-1 wp-block-columns-is-layout-flex\">\n<div class=\"wp-block-column is-layout-flow wp-block-column-is-layout-flow\" style=\"flex-basis:33.33%\">\n<figure class=\"wp-block-image size-large\"><a href=\"https:\/\/www.talmud.de\/tlmd\/zum-wochenabschnitt\/\"><img data-recalc-dims=\"1\" loading=\"lazy\" decoding=\"async\" width=\"89\" height=\"81\" src=\"https:\/\/i0.wp.com\/www.talmud.de\/tlmd\/wp-content\/uploads\/2021\/03\/torah_rolle_80.png?resize=89%2C81&#038;ssl=1\" alt=\"\" class=\"wp-image-7253\"\/><\/a><\/figure>\n<\/div>\n\n\n\n<div class=\"wp-block-column is-layout-flow wp-block-column-is-layout-flow\" style=\"flex-basis:66.66%\">\n<p><a href=\"https:\/\/www.talmud.de\/tlmd\/zum-wochenabschnitt\/\"><img data-recalc-dims=\"1\" loading=\"lazy\" decoding=\"async\" width=\"33\" height=\"20\" class=\"wp-image-1962\" style=\"width: 33px;\" src=\"https:\/\/i0.wp.com\/www.talmud.de\/tlmd\/wp-content\/uploads\/2016\/02\/hand_talmudde.png?resize=33%2C20&#038;ssl=1\" alt=\"\"> <strong>Zur \u00dcbersicht \u00fcber die Wochenabschnitte<\/strong><\/a><\/p>\n<\/div>\n<\/div>\n\n\n\n<p><\/p>\n<\/div><\/div>\n","protected":false},"excerpt":{"rendered":"<p>Zusammenfassung Ein anderer Name des Schabbats an dem Beschallach gelesen wird, ist Schabbat Schirah.Schemot 13,17\u201317,16Der Torahabschnitt dieser Woche erz\u00e4hlt davon, dass die Kinder Israels trockenen Fu\u00dfes, auf der Flucht vor dem Pharao und seinen Truppen, das Schilfmeer durchquerten. Es \u00f6ffnete sich vor ihnen schloss sich hinter ihnen und so ertranken die M\u00e4nner des Pharao in den Fluten. Der eigentliche Weg Israels durch die W\u00fcste beginnt. Es wird berichtet, dass Gott die Menschen mit Manna und Wachteln versorgt und sie auffordert, Manna und Wachteln f\u00fcr den Schabbat beiseite zu legen. Dennoch fehlt es an Wasser, die Kinder Israels beschweren sich bei Moses, der Wasser aus einem Felsen hervorquellen l\u00e4sst. Israel wird von Amalek angegriffen, aber er wird geschlagen. Torahabschnitt Text des Wochenabschnitts Beschallach (Deutsch) Text des Wochenabschnitts Beschallach, talmud.de \u00dcbersetzung auf Sefaria Abschnitt im Tikkun&nbsp; Zum Wochenabschnitt Warnung, nicht Strafe Durch Krankheit und Leid will der Ewige uns Menschen auf Fehler hinweisen von Rabbiner Avichai Apel J\u00fcdische Allgemeine Ladies First Warum Mosche die Tora zuerst den Frauen und erst dann den M\u00e4nnern nahelegen sollte Rabbiner Yehuda &hellip;<\/p>\n","protected":false},"author":1,"featured_media":0,"parent":0,"menu_order":0,"comment_status":"closed","ping_status":"closed","template":"","meta":{"_themeisle_gutenberg_block_has_review":false,"footnotes":""},"class_list":["post-6844","page","type-page","status-publish","hentry"],"jetpack_sharing_enabled":true,"_links":{"self":[{"href":"https:\/\/www.talmud.de\/tlmd\/wp-json\/wp\/v2\/pages\/6844","targetHints":{"allow":["GET"]}}],"collection":[{"href":"https:\/\/www.talmud.de\/tlmd\/wp-json\/wp\/v2\/pages"}],"about":[{"href":"https:\/\/www.talmud.de\/tlmd\/wp-json\/wp\/v2\/types\/page"}],"author":[{"embeddable":true,"href":"https:\/\/www.talmud.de\/tlmd\/wp-json\/wp\/v2\/users\/1"}],"replies":[{"embeddable":true,"href":"https:\/\/www.talmud.de\/tlmd\/wp-json\/wp\/v2\/comments?post=6844"}],"version-history":[{"count":2,"href":"https:\/\/www.talmud.de\/tlmd\/wp-json\/wp\/v2\/pages\/6844\/revisions"}],"predecessor-version":[{"id":8345,"href":"https:\/\/www.talmud.de\/tlmd\/wp-json\/wp\/v2\/pages\/6844\/revisions\/8345"}],"wp:attachment":[{"href":"https:\/\/www.talmud.de\/tlmd\/wp-json\/wp\/v2\/media?parent=6844"}],"curies":[{"name":"wp","href":"https:\/\/api.w.org\/{rel}","templated":true}]}}