{"id":6912,"date":"2021-02-05T09:22:10","date_gmt":"2021-02-05T07:22:10","guid":{"rendered":"https:\/\/www.talmud.de\/tlmd\/?page_id=6912"},"modified":"2022-01-28T16:27:54","modified_gmt":"2022-01-28T14:27:54","slug":"zum-wochenabschnitt-mischpatim","status":"publish","type":"page","link":"https:\/\/www.talmud.de\/tlmd\/zum-wochenabschnitt-mischpatim\/","title":{"rendered":"Zum Wochenabschnitt Mischpatim"},"content":{"rendered":"\n<figure class=\"wp-block-image size-large\"><a href=\"https:\/\/i0.wp.com\/www.talmud.de\/tlmd\/wp-content\/uploads\/2020\/02\/ajin_tachat_ajin_tal.jpg?ssl=1\"><img data-recalc-dims=\"1\" loading=\"lazy\" decoding=\"async\" width=\"840\" height=\"560\" src=\"https:\/\/i0.wp.com\/www.talmud.de\/tlmd\/wp-content\/uploads\/2020\/02\/ajin_tachat_ajin_tal.jpg?resize=840%2C560&#038;ssl=1\" alt=\"\" class=\"wp-image-5170\" srcset=\"https:\/\/i0.wp.com\/www.talmud.de\/tlmd\/wp-content\/uploads\/2020\/02\/ajin_tachat_ajin_tal.jpg?resize=1024%2C683&amp;ssl=1 1024w, https:\/\/i0.wp.com\/www.talmud.de\/tlmd\/wp-content\/uploads\/2020\/02\/ajin_tachat_ajin_tal.jpg?resize=300%2C200&amp;ssl=1 300w, https:\/\/i0.wp.com\/www.talmud.de\/tlmd\/wp-content\/uploads\/2020\/02\/ajin_tachat_ajin_tal.jpg?resize=768%2C512&amp;ssl=1 768w, https:\/\/i0.wp.com\/www.talmud.de\/tlmd\/wp-content\/uploads\/2020\/02\/ajin_tachat_ajin_tal.jpg?resize=840%2C560&amp;ssl=1 840w, https:\/\/i0.wp.com\/www.talmud.de\/tlmd\/wp-content\/uploads\/2020\/02\/ajin_tachat_ajin_tal.jpg?w=1200&amp;ssl=1 1200w\" sizes=\"auto, (max-width: 840px) 100vw, 840px\" \/><\/a><\/figure>\n\n\n\n<h2 class=\"wp-block-heading\">Zusammenfassung<\/h2>\n\n\n\n<p><em>Schemot 21,1\u201324,18<\/em><br>Dieser Abschnitt wird auch als \u201e<em>Sefer haBrit<\/em> \u2013 Buch des Bundes\u201c bezeichnet. Hier geht es zun\u00e4chst um Gesetze, die das Zusammenleben regeln. Der erste Teil teilt Bestimmungen bez\u00fcglich der Sklaverei mit, der zweite Teil besteht aus Regelungen zur K\u00f6rperverletzung, daran schlie\u00dfen sich Gesetze zum Eigentum und \u00fcber das Zusammenleben. Hier geht es unter anderem um den richtigen Umgang mit Fremden, Witwen und Waisen, Laschon HaRa oder den Umgang mit Feinden. Den Abschluss des bildet die Best\u00e4tigung des Bundes. Moses, Aaron, Nadav, Abihu und die siebzig \u00c4ltesten Israel steigen den Berg hinauf um Gott zu sehen. Sp\u00e4ter geht Moses allein hinauf und bleibt 40 Tage und N\u00e4chte dort.<\/p>\n\n\n\n<h2 class=\"wp-block-heading\">Torahabschnitt<\/h2>\n\n\n\n<ul class=\"wp-block-list\"><li><a href=\"https:\/\/www.talmud.de\/tlmd\/die-torah-eine-deutsche-uebersetzung\/die-torah-mischpatim\/\"><strong>Text des Wochenabschnitts Mischpatim (Deutsch)<\/strong><\/a><\/li><li><a rel=\"noreferrer noopener\" href=\"https:\/\/www.sefaria.org\/Exodus.21.1?ven=Die_Heilige_Schrift,_trans._Dr._Simon_Bernfeld,_Berlin,_1902_-_German_[de]&amp;lang=bi&amp;aliyot=1\" target=\"_blank\"><strong>Text des Wochenabschnitts Mischpatim<\/strong><\/a>, <a rel=\"noreferrer noopener\" href=\"https:\/\/www.sefaria.org\/Exodus.21.1?ven=Die_Heilige_Schrift,_trans._Dr._Simon_Bernfeld,_Berlin,_1902_-_German_[de]&amp;lang=bi&amp;aliyot=1\" target=\"_blank\">talmud.de \u00dcbersetzung auf Sefaria<\/a> Hebr\u00e4isch-Deutsch<\/li><\/ul>\n\n\n\n<h2 class=\"wp-block-heading\">Zum Wochenabschnitt<\/h2>\n\n\n\n<ul class=\"wp-block-list\"><li><strong><a rel=\"noreferrer noopener\" href=\"https:\/\/www.juedische-allgemeine.de\/religion\/die-macht-der-gedanken\/\" target=\"_blank\">Die Macht der Gedanken<\/a><\/strong>. Schon die Tora wusste, dass sich das H\u00f6ren auf die Gef\u00fchle und damit auf das Handeln auswirkt. Shimon Lang, <em>J\u00fcdische Allgemeine<\/em><\/li><li><strong><a href=\"https:\/\/www.talmud.de\/tlmd\/auge-fuer-auge\/\">Auge f\u00fcr Auge?<\/a><\/strong> Chajm Guski, <em>talmud.de<\/em><\/li><li><strong><a rel=\"noreferrer noopener\" href=\"https:\/\/www.juedische-allgemeine.de\/religion\/im-zweifel-fuer-den-angeklagten-2\/\" target=\"_blank\">Im Zweifel f\u00fcr den Angeklagten<\/a><\/strong>. Es ist besser, einen Schuldigen laufen zu lassen, als den Unschuldigen zu bestrafen. Von Rabbiner Zsolt Balla. <em>J\u00fcdische Allgemeine<\/em><\/li><li><strong><a rel=\"noreferrer noopener\" href=\"https:\/\/www.juedische-allgemeine.de\/religion\/keine-krummen-dinger\/\" target=\"_blank\">Keine krummen Dinger<\/a><\/strong>. Warum ein religi\u00f6ser Mensch unbedingt auch rechtschaffen sein muss. Von Rabbiner Jaron Engelmayer. <em>J\u00fcdische Allgemeine<\/em><\/li><li><strong><a rel=\"noreferrer noopener\" href=\"https:\/\/www.juedische-allgemeine.de\/religion\/falsche-bescheidenheit\/\" target=\"_blank\">Falsche Bescheidenheit.<\/a><\/strong> Unsere Weisen lehren, dass \u00fcbertriebene Demut b\u00f6se Folgen haben kann. Von Rabbiner Avichai Apel. <em>J\u00fcdische Allgemeine<\/em><\/li><li><strong><a href=\"https:\/\/www.juedische-allgemeine.de\/religion\/learning-by-doing\/\" target=\"_blank\" rel=\"noreferrer noopener\">Learning by doing<\/a><\/strong> Das Erf\u00fcllen der Gebote f\u00fchrt dazu, dass wir sie verstehen \u2013 nicht umgekehrt von Rabbiner Salomon Almekias-Siegl <em>J\u00fcdische Allgemeine<\/em><\/li><li><strong><a rel=\"noreferrer noopener\" href=\"https:\/\/www.hagalil.com\/judentum\/torah\/leibowitz\/mischpatim.htm\" target=\"_blank\">Zwei Hilfstaten<\/a><\/strong>. Von Nechama Leibowitz\u00a0<em>hagalil.com<\/em><\/li><li><strong><a rel=\"noreferrer noopener\" href=\"https:\/\/www.hagalil.com\/judentum\/torah\/lauder\/mishpatim.htm\" target=\"_blank\">Zum Wochenabschnitt<\/a><\/strong> BEIT MIDRASCH D\u2019BERLIN. hagalil.com<\/li><li><strong><a rel=\"noreferrer noopener\" href=\"https:\/\/de.chabad.org\/parshah\/article_cdo\/aid\/718806\/jewish\/Jenseits-von-Vernunft.htm\" target=\"_blank\">Jenseits von Vernunft<\/a><\/strong>. Von Dr. William Stern. <em>Chabad<\/em><\/li><li><strong><a rel=\"noreferrer noopener\" href=\"https:\/\/de.chabad.org\/parshah\/article_cdo\/aid\/718808\/jewish\/ber-das-Schaltjahr.htm\" target=\"_blank\">\u00dcber das Schaltjahr.<\/a><\/strong> Von Dr. William Stern. <em>Chabad<\/em><\/li><li><a rel=\"noreferrer noopener\" href=\"https:\/\/rabbisacks.org\/wp-content\/uploads\/2021\/02\/GERMAN-Mishpatim-5781.pdf\" target=\"_blank\"><strong>Vision und Detail<\/strong> <\/a>Von Rabbiner Lord Jonathan Sacks. <em>rabbisacks.org<\/em><\/li><\/ul>\n\n\n\n<h3 class=\"wp-block-heading\">Videos<\/h3>\n\n\n\n<ul class=\"wp-block-list\"><li><strong><a rel=\"noreferrer noopener\" href=\"https:\/\/www.youtube.com\/watch?v=wqrq3aEeM0U\" target=\"_blank\">Rabbiner Avraham Yitzchak Radbil<\/a><\/strong>, <em>YouTube<\/em><\/li><li><a href=\"https:\/\/www.youtube.com\/watch?v=AsRH28AW_wY\" target=\"_blank\" rel=\"noreferrer noopener\"><strong>Die Himmel auf die Erde Bringen. Kurze Gedanken zur Paraschat \u00bbMischpatim\u00ab<\/strong><\/a> Von Rabbiner Schneur Trebnik <em>YouTube<\/em><\/li><li><strong><a rel=\"noreferrer noopener\" href=\"https:\/\/www.youtube.com\/watch?v=HFgWvKQrsww\" target=\"_blank\">Rabbiner Dr. <\/a><a rel=\"noreferrer noopener\" href=\"https:\/\/www.youtube.com\/watch?v=C17UciDRsrE\" target=\"_blank\">Mosche Baumel<\/a><\/strong>, <em>YouTube<\/em><\/li><li><strong><a rel=\"noreferrer noopener\" href=\"https:\/\/youtu.be\/zLCrdTyhR58\" target=\"_blank\">Rabbiner Noam Hertig, Z\u00fcrich<\/a><\/strong>, <em>YouTube<\/em><\/li><\/ul>\n\n\n\n<h2 class=\"wp-block-heading\">Haftarah<\/h2>\n\n\n\n<p><em>W\u00e4hrend eines gew\u00f6hnlichen Jahres wird am Schabbat in der Woche vor Rosch Chodesch die Haftarah f\u00fcr den Schabbat Schekalim gelesen. Wenn Rosch Chodesch Adar mit diesem Schabbat zusammenf\u00e4llt, wird ebenfalls die Haftarah f\u00fcr den Schabbat Schekalim gelesen. In vielen Gemeinden mit einer Hinzuf\u00fcgung am Ende der Haftarah. W\u00e4hrend eines Schaltjahres kann es vorkommen, dass Rosch Chodesch Adar 1 mit dem Schabbat Mischpatim zusammenf\u00e4llt. Dann wird die Haftarah f\u00fcr den Schabbat Rosch Chodesch gelesen. Wenn am n\u00e4chsten Tag Rosch Chodesch ist, wird die Haftarah Machar Rosch Chodesch gelesen.<\/em><\/p>\n\n\n\n<p>Jiremjahu 34,8\u201334,22; 33,25\u201326; <em>Aschkenasisch, Sefardisch<\/em><br>Jiremjahu 34,8\u201335,19 <em>Italienisch<\/em><br>Jiremjahu 34,8\u201335,19; 33,25\u201326; <em>Jemenitisch<\/em><br><a href=\"https:\/\/www.talmud.de\/tlmd\/tanach\/jeschajahu-das-buch-jesaja\/#Kapitel56\">Jeschajahu 56,1\u201357,10<\/a> <em>Romaniotisch<\/em><\/p>\n\n\n\n<div class=\"wp-block-group\"><div class=\"wp-block-group__inner-container is-layout-flow wp-block-group-is-layout-flow\">\n<div class=\"wp-block-columns is-layout-flex wp-container-core-columns-is-layout-1 wp-block-columns-is-layout-flex\">\n<div class=\"wp-block-column is-layout-flow wp-block-column-is-layout-flow\" style=\"flex-basis:33.33%\">\n<figure class=\"wp-block-image size-large\"><a href=\"https:\/\/www.talmud.de\/tlmd\/zum-wochenabschnitt\/\"><img data-recalc-dims=\"1\" loading=\"lazy\" decoding=\"async\" width=\"89\" height=\"81\" src=\"https:\/\/i0.wp.com\/www.talmud.de\/tlmd\/wp-content\/uploads\/2021\/03\/torah_rolle_80.png?resize=89%2C81&#038;ssl=1\" alt=\"\" class=\"wp-image-7253\"\/><\/a><\/figure>\n<\/div>\n\n\n\n<div class=\"wp-block-column is-layout-flow wp-block-column-is-layout-flow\" style=\"flex-basis:66.66%\">\n<p><a href=\"https:\/\/www.talmud.de\/tlmd\/zum-wochenabschnitt\/\"><img data-recalc-dims=\"1\" loading=\"lazy\" decoding=\"async\" width=\"33\" height=\"20\" class=\"wp-image-1962\" style=\"width: 33px;\" src=\"https:\/\/i0.wp.com\/www.talmud.de\/tlmd\/wp-content\/uploads\/2016\/02\/hand_talmudde.png?resize=33%2C20&#038;ssl=1\" alt=\"\"> <strong>Zur \u00dcbersicht \u00fcber die Wochenabschnitte<\/strong><\/a><\/p>\n<\/div>\n<\/div>\n\n\n\n<p><\/p>\n<\/div><\/div>\n","protected":false},"excerpt":{"rendered":"<p>Zusammenfassung Schemot 21,1\u201324,18Dieser Abschnitt wird auch als \u201eSefer haBrit \u2013 Buch des Bundes\u201c bezeichnet. Hier geht es zun\u00e4chst um Gesetze, die das Zusammenleben regeln. Der erste Teil teilt Bestimmungen bez\u00fcglich der Sklaverei mit, der zweite Teil besteht aus Regelungen zur K\u00f6rperverletzung, daran schlie\u00dfen sich Gesetze zum Eigentum und \u00fcber das Zusammenleben. Hier geht es unter anderem um den richtigen Umgang mit Fremden, Witwen und Waisen, Laschon HaRa oder den Umgang mit Feinden. Den Abschluss des bildet die Best\u00e4tigung des Bundes. Moses, Aaron, Nadav, Abihu und die siebzig \u00c4ltesten Israel steigen den Berg hinauf um Gott zu sehen. Sp\u00e4ter geht Moses allein hinauf und bleibt 40 Tage und N\u00e4chte dort. Torahabschnitt Text des Wochenabschnitts Mischpatim (Deutsch) Text des Wochenabschnitts Mischpatim, talmud.de \u00dcbersetzung auf Sefaria Hebr\u00e4isch-Deutsch Zum Wochenabschnitt Die Macht der Gedanken. Schon die Tora wusste, dass sich das H\u00f6ren auf die Gef\u00fchle und damit auf das Handeln auswirkt. Shimon Lang, J\u00fcdische Allgemeine Auge f\u00fcr Auge? Chajm Guski, talmud.de Im Zweifel f\u00fcr den Angeklagten. Es ist besser, einen Schuldigen laufen zu lassen, als den Unschuldigen zu bestrafen. &hellip;<\/p>\n","protected":false},"author":1,"featured_media":5170,"parent":0,"menu_order":0,"comment_status":"closed","ping_status":"closed","template":"","meta":{"_themeisle_gutenberg_block_has_review":false,"footnotes":""},"class_list":["post-6912","page","type-page","status-publish","has-post-thumbnail","hentry"],"jetpack_sharing_enabled":true,"_links":{"self":[{"href":"https:\/\/www.talmud.de\/tlmd\/wp-json\/wp\/v2\/pages\/6912","targetHints":{"allow":["GET"]}}],"collection":[{"href":"https:\/\/www.talmud.de\/tlmd\/wp-json\/wp\/v2\/pages"}],"about":[{"href":"https:\/\/www.talmud.de\/tlmd\/wp-json\/wp\/v2\/types\/page"}],"author":[{"embeddable":true,"href":"https:\/\/www.talmud.de\/tlmd\/wp-json\/wp\/v2\/users\/1"}],"replies":[{"embeddable":true,"href":"https:\/\/www.talmud.de\/tlmd\/wp-json\/wp\/v2\/comments?post=6912"}],"version-history":[{"count":2,"href":"https:\/\/www.talmud.de\/tlmd\/wp-json\/wp\/v2\/pages\/6912\/revisions"}],"predecessor-version":[{"id":8225,"href":"https:\/\/www.talmud.de\/tlmd\/wp-json\/wp\/v2\/pages\/6912\/revisions\/8225"}],"wp:featuredmedia":[{"embeddable":true,"href":"https:\/\/www.talmud.de\/tlmd\/wp-json\/wp\/v2\/media\/5170"}],"wp:attachment":[{"href":"https:\/\/www.talmud.de\/tlmd\/wp-json\/wp\/v2\/media?parent=6912"}],"curies":[{"name":"wp","href":"https:\/\/api.w.org\/{rel}","templated":true}]}}