{"id":6933,"date":"2021-02-08T16:56:02","date_gmt":"2021-02-08T14:56:02","guid":{"rendered":"https:\/\/www.talmud.de\/tlmd\/?page_id=6933"},"modified":"2023-01-10T14:52:56","modified_gmt":"2023-01-10T12:52:56","slug":"zum-wochenabschnitt-trumah","status":"publish","type":"page","link":"https:\/\/www.talmud.de\/tlmd\/zum-wochenabschnitt-trumah\/","title":{"rendered":"Zum Wochenabschnitt Trumah"},"content":{"rendered":"\n<figure class=\"wp-block-image size-large\"><a href=\"https:\/\/i0.wp.com\/www.talmud.de\/tlmd\/wp-content\/uploads\/2020\/09\/mischkan_sprachkasse1.jpg?ssl=1\"><img data-recalc-dims=\"1\" loading=\"lazy\" decoding=\"async\" width=\"840\" height=\"611\" src=\"https:\/\/i0.wp.com\/www.talmud.de\/tlmd\/wp-content\/uploads\/2020\/09\/mischkan_sprachkasse1.jpg?resize=840%2C611&#038;ssl=1\" alt=\"\" class=\"wp-image-6219\" srcset=\"https:\/\/i0.wp.com\/www.talmud.de\/tlmd\/wp-content\/uploads\/2020\/09\/mischkan_sprachkasse1.jpg?resize=1024%2C745&amp;ssl=1 1024w, https:\/\/i0.wp.com\/www.talmud.de\/tlmd\/wp-content\/uploads\/2020\/09\/mischkan_sprachkasse1.jpg?resize=300%2C218&amp;ssl=1 300w, https:\/\/i0.wp.com\/www.talmud.de\/tlmd\/wp-content\/uploads\/2020\/09\/mischkan_sprachkasse1.jpg?resize=768%2C559&amp;ssl=1 768w, https:\/\/i0.wp.com\/www.talmud.de\/tlmd\/wp-content\/uploads\/2020\/09\/mischkan_sprachkasse1.jpg?w=1100&amp;ssl=1 1100w\" sizes=\"auto, (max-width: 840px) 100vw, 840px\" \/><\/a><\/figure>\n\n\n\n<h2 class=\"wp-block-heading\">Zusammenfassung<\/h2>\n\n\n\n<p><em>Schemot 25,1\u201327,19<\/em><br>In der Paraschah dieser Woche fordert G-tt die Kinder Israels dazu auf, Gaben f\u00fcr das Stiftszelt zusammenzutragen, so \u201edass ich mitten unter ihnen wohne\u201c. Um dieses bauen zu k\u00f6nnen, enth\u00e4lt der Wochenabschnitt detaillierte Anweisungen zum Bau der Bundeslade, des Tisches im Stiftszelt, des Zeltes selbst und der Menorah. Die Torah erkl\u00e4rt genau, wie das Stiftszelt aufzubauen ist, mit den Alt\u00e4ren und dazugeh\u00f6rigen Ger\u00e4tschaften. Den Abschluss bilden Anweisungen f\u00fcr die Wand, die das Stiftszelt umgeben soll, um das Heilige vom Profanen zu trennen.<\/p>\n\n\n\n<h2 class=\"wp-block-heading\">Torahabschnitt<\/h2>\n\n\n\n<ul class=\"wp-block-list\"><li><a href=\"https:\/\/www.talmud.de\/tlmd\/die-torah-eine-deutsche-uebersetzung\/die-torah-trumah\/\"><strong>Text des Wochenabschnitts Trumah (Deutsch)<\/strong><\/a><\/li><li><strong><a rel=\"noreferrer noopener\" href=\"https:\/\/www.sefaria.org\/Exodus.25.1?ven=Die_Heilige_Schrift,_trans._Dr._Simon_Bernfeld,_Berlin,_1902_-_German_[de]&amp;lang=bi&amp;aliyot=1\" target=\"_blank\">Text des Wochenabschnitts Trumah<\/a>,<\/strong> talmud.de \u00dcbersetzung auf Sefaria Hebr\u00e4isch-Deutsch<\/li><li><img data-recalc-dims=\"1\" loading=\"lazy\" decoding=\"async\" width=\"20\" height=\"14\" class=\"wp-image-5932\" style=\"width: 20px;\" src=\"https:\/\/i0.wp.com\/www.talmud.de\/tlmd\/wp-content\/uploads\/2020\/06\/tikkun_online_schriftwechsel.png?resize=20%2C14&#038;ssl=1\" alt=\"\"><a href=\"https:\/\/tikkun.io\/#\/p\/terumah\" target=\"_blank\" rel=\"noreferrer noopener\"><strong>Abschnitt im Tikkun<\/strong><\/a><\/li><\/ul>\n\n\n\n<h2 class=\"wp-block-heading\">Zum Wochenabschnitt<\/h2>\n\n\n\n<ul class=\"wp-block-list\"><li><strong><a rel=\"noreferrer noopener\" href=\"https:\/\/www.juedische-allgemeine.de\/religion\/nimm-fuer-mich-einen-beitrag\/\" target=\"_blank\">\u00bbNimm f\u00fcr Mich einen Beitrag\u00ab<\/a><\/strong> Die Steuer, die die Israeliten f\u00fcr das Heiligtum gaben, war keine Spende, sondern eine Investition. Von Rabbiner Zsolt Balla, <em>J\u00fcdische Allgemeine<\/em><\/li><li><strong><a rel=\"noreferrer noopener\" href=\"https:\/\/www.juedische-allgemeine.de\/religion\/wo-der-ewige-wohnt\/\" target=\"_blank\">Wo der Ewige wohnt<\/a><\/strong> Das Stiftszelt symbolisiert das Ereignis vom Sinai. Von Chajm Guski, <em>J\u00fcdische Allgemeine<\/em><\/li><li><strong><a rel=\"noreferrer noopener\" href=\"https:\/\/www.juedische-allgemeine.de\/religion\/das-prinzip-hoffnung\/\" target=\"_blank\">Das Prinzip Hoffnung.<\/a><\/strong> Seit biblischen Zeiten steht das Pflanzen von B\u00e4umen f\u00fcr das Vertrauen in die Zukunft. Von Rabbiner Baruch Babaev <em>J\u00fcdische Allgemeine<\/em><\/li><li><strong><a rel=\"noreferrer noopener\" href=\"https:\/\/www.juedische-allgemeine.de\/religion\/inhalt-bestimmt-form\/\" target=\"_blank\">Inhalt bestimmt Form<\/a><\/strong> Warum die Tora zuerst das Innere des Stiftszelts beschreibt und erst danach das \u00c4u\u00dfere. Von Rabbiner Alexander Kahanovsky. <em>J\u00fcdische Allgemeine<\/em><\/li><li><strong><a rel=\"noreferrer noopener\" href=\"https:\/\/www.hagalil.com\/judentum\/torah\/leibowitz\/trumah.htm\" target=\"_blank\">Die Bundeslade und ihre Stangen<\/a><\/strong> Von Nechama Leibowitz\u00a0<em>hagalil.com<\/em><\/li><li><strong><a rel=\"noreferrer noopener\" href=\"https:\/\/de.chabad.org\/parshah\/article_cdo\/aid\/720140\/jewish\/Abweichung-und-Durchbruch.htm\" target=\"_blank\">Abweichung und Durchbruch<\/a><\/strong>. Von Dr. William Stern. <em>Chabad<\/em><\/li><li><strong><a rel=\"noreferrer noopener\" href=\"https:\/\/de.chabad.org\/parshah\/article_cdo\/aid\/720141\/jewish\/Drei-Abgaben.htm\" target=\"_blank\">Drei Abgaben<\/a><\/strong> Von Dr. William Stern. <em>Chabad<\/em><\/li><li><strong><a rel=\"noreferrer noopener\" href=\"https:\/\/de.chabad.org\/parshah\/article_cdo\/aid\/720142\/jewish\/Eine-Mnze-aus-Feuer.htm\" target=\"_blank\">Eine M\u00fcnze aus Feuer<\/a> <\/strong>Von Dr. William Stern. <em>Chabad<\/em><\/li><li><strong><a rel=\"noreferrer noopener\" href=\"http:\/\/beerot.de\/artikel\/wochenabschnitte\/wochenabschnitt-teruma-die-torah-kann-nur-durch-achdut-bestehen\/\" target=\"_blank\">Die Torah kann nur durch \u2018Achdut\u2018 bestehen.<\/a><\/strong> Von Rabbiner Chaim Gr\u00fcnfeld. <em>Beerot Izchak<\/em><\/li><li><strong><a rel=\"noreferrer noopener\" href=\"https:\/\/rabbisacks.org\/wp-content\/uploads\/2021\/02\/German-Terumah-5781.pdf\" target=\"_blank\">Das Haus, das wir gemeinsam bauen<\/a><\/strong> Von Rabbiner Lord Jonathan Sacks (sel. Ang.) <em>rabbisacks.org<\/em><\/li><\/ul>\n\n\n\n<h2 class=\"wp-block-heading\">Zahlen<\/h2>\n\n\n\n<p>In einer Torahrolle hat der Abschnitt 4.692 Buchstaben, 1.145 W\u00f6rter, 96 Verse und 155 Zeilen.<\/p>\n\n\n\n<h2 class=\"wp-block-heading\">Haftarah<\/h2>\n\n\n\n<p><em>W\u00e4hrend eines gew\u00f6hnlichen Jahres kann es vorkommen, dass Rosch Chodesch Adar mit dem Schabbat Trumah zusammenf\u00e4llt. Dann wird die Haftarah f\u00fcr den <a href=\"https:\/\/www.talmud.de\/tlmd\/zum-schabbat-schekalim\/\" data-type=\"page\" data-id=\"8310\">Schabbat Schekalim<\/a>  gelesen. In vielen Gemeinden mit einer Hinzuf\u00fcgung am Ende der Haftarah. Wenn in die folgende Woche Purim f\u00e4llt, dann wird die Haftarah Sachor  gelesen.<\/em><\/p>\n\n\n\n<p><em>W\u00e4hrend eines Schaltjahres kann es vorkommen, dass Rosch Chodesch Adar 1 mit dem Schabbat Trumah zusammenf\u00e4llt. Dann wird die Haftarah f\u00fcr den <a href=\"https:\/\/www.talmud.de\/tlmd\/zum-schabbat-rosch-chodesch\/\" data-type=\"page\" data-id=\"8284\">Schabbat Rosch Chodesch<\/a> gelesen.<\/em><\/p>\n\n\n\n<p><a href=\"https:\/\/www.talmud.de\/tlmd\/tanach\/das-buch-der-koenige-melachim-1-alef\/#kapitel-5\">1. Melachim 5,26\u20136,13<\/a> <em>Nahezu alle Minhagim<\/em><br><a href=\"https:\/\/www.talmud.de\/tlmd\/tanach\/jeschajahu-das-buch-jesaja\/#Kapitel60\">Jeschajahu 60,17\u201362,3<\/a> <em>Romaniotisch<\/em><\/p>\n\n\n\n<div class=\"wp-block-group\"><div class=\"wp-block-group__inner-container is-layout-flow wp-block-group-is-layout-flow\">\n<div class=\"wp-block-columns is-layout-flex wp-container-core-columns-is-layout-1 wp-block-columns-is-layout-flex\">\n<div class=\"wp-block-column is-layout-flow wp-block-column-is-layout-flow\" style=\"flex-basis:33.33%\">\n<figure class=\"wp-block-image size-large\"><a href=\"https:\/\/www.talmud.de\/tlmd\/zum-wochenabschnitt\/\"><img data-recalc-dims=\"1\" loading=\"lazy\" decoding=\"async\" width=\"89\" height=\"81\" src=\"https:\/\/i0.wp.com\/www.talmud.de\/tlmd\/wp-content\/uploads\/2021\/03\/torah_rolle_80.png?resize=89%2C81&#038;ssl=1\" alt=\"\" class=\"wp-image-7253\"\/><\/a><\/figure>\n<\/div>\n\n\n\n<div class=\"wp-block-column is-layout-flow wp-block-column-is-layout-flow\" style=\"flex-basis:66.66%\">\n<p><a href=\"https:\/\/www.talmud.de\/tlmd\/zum-wochenabschnitt\/\"><img data-recalc-dims=\"1\" loading=\"lazy\" decoding=\"async\" width=\"33\" height=\"20\" class=\"wp-image-1962\" style=\"width: 33px;\" src=\"https:\/\/i0.wp.com\/www.talmud.de\/tlmd\/wp-content\/uploads\/2016\/02\/hand_talmudde.png?resize=33%2C20&#038;ssl=1\" alt=\"\"> <strong>Zur \u00dcbersicht \u00fcber die Wochenabschnitte<\/strong><\/a><\/p>\n<\/div>\n<\/div>\n\n\n\n<p><\/p>\n<\/div><\/div>\n","protected":false},"excerpt":{"rendered":"<p>Zusammenfassung Schemot 25,1\u201327,19In der Paraschah dieser Woche fordert G-tt die Kinder Israels dazu auf, Gaben f\u00fcr das Stiftszelt zusammenzutragen, so \u201edass ich mitten unter ihnen wohne\u201c. Um dieses bauen zu k\u00f6nnen, enth\u00e4lt der Wochenabschnitt detaillierte Anweisungen zum Bau der Bundeslade, des Tisches im Stiftszelt, des Zeltes selbst und der Menorah. Die Torah erkl\u00e4rt genau, wie das Stiftszelt aufzubauen ist, mit den Alt\u00e4ren und dazugeh\u00f6rigen Ger\u00e4tschaften. Den Abschluss bilden Anweisungen f\u00fcr die Wand, die das Stiftszelt umgeben soll, um das Heilige vom Profanen zu trennen. Torahabschnitt Text des Wochenabschnitts Trumah (Deutsch) Text des Wochenabschnitts Trumah, talmud.de \u00dcbersetzung auf Sefaria Hebr\u00e4isch-Deutsch Abschnitt im Tikkun Zum Wochenabschnitt \u00bbNimm f\u00fcr Mich einen Beitrag\u00ab Die Steuer, die die Israeliten f\u00fcr das Heiligtum gaben, war keine Spende, sondern eine Investition. Von Rabbiner Zsolt Balla, J\u00fcdische Allgemeine Wo der Ewige wohnt Das Stiftszelt symbolisiert das Ereignis vom Sinai. Von Chajm Guski, J\u00fcdische Allgemeine Das Prinzip Hoffnung. Seit biblischen Zeiten steht das Pflanzen von B\u00e4umen f\u00fcr das Vertrauen in die Zukunft. Von Rabbiner Baruch Babaev J\u00fcdische Allgemeine Inhalt bestimmt Form Warum die Tora &hellip;<\/p>\n","protected":false},"author":1,"featured_media":0,"parent":0,"menu_order":0,"comment_status":"closed","ping_status":"closed","template":"","meta":{"_themeisle_gutenberg_block_has_review":false,"footnotes":""},"class_list":["post-6933","page","type-page","status-publish","hentry"],"jetpack_sharing_enabled":true,"_links":{"self":[{"href":"https:\/\/www.talmud.de\/tlmd\/wp-json\/wp\/v2\/pages\/6933","targetHints":{"allow":["GET"]}}],"collection":[{"href":"https:\/\/www.talmud.de\/tlmd\/wp-json\/wp\/v2\/pages"}],"about":[{"href":"https:\/\/www.talmud.de\/tlmd\/wp-json\/wp\/v2\/types\/page"}],"author":[{"embeddable":true,"href":"https:\/\/www.talmud.de\/tlmd\/wp-json\/wp\/v2\/users\/1"}],"replies":[{"embeddable":true,"href":"https:\/\/www.talmud.de\/tlmd\/wp-json\/wp\/v2\/comments?post=6933"}],"version-history":[{"count":2,"href":"https:\/\/www.talmud.de\/tlmd\/wp-json\/wp\/v2\/pages\/6933\/revisions"}],"predecessor-version":[{"id":9327,"href":"https:\/\/www.talmud.de\/tlmd\/wp-json\/wp\/v2\/pages\/6933\/revisions\/9327"}],"wp:attachment":[{"href":"https:\/\/www.talmud.de\/tlmd\/wp-json\/wp\/v2\/media?parent=6933"}],"curies":[{"name":"wp","href":"https:\/\/api.w.org\/{rel}","templated":true}]}}