{"id":7395,"date":"2021-04-19T13:53:20","date_gmt":"2021-04-19T11:53:20","guid":{"rendered":"https:\/\/www.talmud.de\/tlmd\/?page_id=7395"},"modified":"2021-04-20T08:33:20","modified_gmt":"2021-04-20T06:33:20","slug":"rosch-haschanah","status":"publish","type":"page","link":"https:\/\/www.talmud.de\/tlmd\/talmud-uebersetzung\/rosch-haschanah\/","title":{"rendered":"Traktat Rosch haSchanah \u2013 Massechet Rosch haSchanah"},"content":{"rendered":"\n<div class=\"wp-block-image\"><figure class=\"aligncenter size-large\"><a href=\"https:\/\/i0.wp.com\/www.talmud.de\/tlmd\/wp-content\/uploads\/2021\/04\/Rosh_Hashanah_2a.jpg?ssl=1\"><img data-recalc-dims=\"1\" loading=\"lazy\" decoding=\"async\" width=\"840\" height=\"400\" src=\"https:\/\/i0.wp.com\/www.talmud.de\/tlmd\/wp-content\/uploads\/2021\/04\/Rosh_Hashanah_2a.jpg?resize=840%2C400&#038;ssl=1\" alt=\"\" class=\"wp-image-7397\" srcset=\"https:\/\/i0.wp.com\/www.talmud.de\/tlmd\/wp-content\/uploads\/2021\/04\/Rosh_Hashanah_2a.jpg?resize=1024%2C488&amp;ssl=1 1024w, https:\/\/i0.wp.com\/www.talmud.de\/tlmd\/wp-content\/uploads\/2021\/04\/Rosh_Hashanah_2a.jpg?resize=300%2C143&amp;ssl=1 300w, https:\/\/i0.wp.com\/www.talmud.de\/tlmd\/wp-content\/uploads\/2021\/04\/Rosh_Hashanah_2a.jpg?resize=768%2C366&amp;ssl=1 768w, https:\/\/i0.wp.com\/www.talmud.de\/tlmd\/wp-content\/uploads\/2021\/04\/Rosh_Hashanah_2a.jpg?w=1100&amp;ssl=1 1100w\" sizes=\"auto, (max-width: 840px) 100vw, 840px\" \/><\/a><\/figure><\/div>\n\n\n\n<p class=\"has-drop-cap\">Rosch haSchanah (\u00bbDas Haupt des Jahres\u00ab \u05de\u05b7\u05e1\u05b6\u05bc\u05db\u05b6\u05ea \u05e8\u05b9\u05d0\u05e9\u05c1 \u05d4\u05b7\u05e9\u05b8\u05bc\u05c1\u05e0\u05b8\u05d4) behandelt die Regulierung des Kalenders durch den Neumond (<em>Rosch Chodesch<\/em>) und mit die G-ttesdienste von <em>Rosch HaSchana<\/em> (etwa die Ordnung der Lobspr\u00fcche an <em>Rosch haSchanah<\/em>, zehn <em>Malchijjot<\/em>, etc.). Es besteht aus vier Kapiteln. Hier in der deutschen&nbsp;<a href=\"https:\/\/www.talmud.de\/tlmd\/talmud-uebersetzung\/\"><strong>\u00dcbersetzung von Lazarus Goldschmidt<\/strong><\/a>.<\/p>\n\n\n\n<h2 class=\"wp-block-heading\">Bl\u00e4tter<\/h2>\n\n\n\n<h3 class=\"wp-block-heading\">Kapitel 1<\/h3>\n\n\n\n<a class=\"dafLink\" href=\"https:\/\/www.talmud.de\/tlmd\/talmud-uebersetzung\/rosch-haschanah\/rosch-haschanah-kapitel-1\/#blatt-2a\">2a<\/a> \n<a class=\"dafLink\" href=\"https:\/\/www.talmud.de\/tlmd\/talmud-uebersetzung\/rosch-haschanah\/rosch-haschanah-kapitel-1\/#blatt-2b\">2b<\/a> \n<a class=\"dafLink\" href=\"https:\/\/www.talmud.de\/tlmd\/talmud-uebersetzung\/rosch-haschanah\/rosch-haschanah-kapitel-1\/#blatt-3a\">3a<\/a> \n<a class=\"dafLink\" href=\"https:\/\/www.talmud.de\/tlmd\/talmud-uebersetzung\/rosch-haschanah\/rosch-haschanah-kapitel-1\/#blatt-3b\">3b<\/a> \n<a class=\"dafLink\" href=\"https:\/\/www.talmud.de\/tlmd\/talmud-uebersetzung\/rosch-haschanah\/rosch-haschanah-kapitel-1\/#blatt-4a\">4a<\/a> \n<a class=\"dafLink\" href=\"https:\/\/www.talmud.de\/tlmd\/talmud-uebersetzung\/rosch-haschanah\/rosch-haschanah-kapitel-1\/#blatt-4b\">4b<\/a> \n<a class=\"dafLink\" href=\"https:\/\/www.talmud.de\/tlmd\/talmud-uebersetzung\/rosch-haschanah\/rosch-haschanah-kapitel-1\/#blatt-5a\">5a<\/a> \n<a class=\"dafLink\" href=\"https:\/\/www.talmud.de\/tlmd\/talmud-uebersetzung\/rosch-haschanah\/rosch-haschanah-kapitel-1\/#blatt-5b\">5b<\/a> \n<a class=\"dafLink\" href=\"https:\/\/www.talmud.de\/tlmd\/talmud-uebersetzung\/rosch-haschanah\/rosch-haschanah-kapitel-1\/#blatt-6a\">6a<\/a> \n<a class=\"dafLink\" href=\"https:\/\/www.talmud.de\/tlmd\/talmud-uebersetzung\/rosch-haschanah\/rosch-haschanah-kapitel-1\/#blatt-6b\">6b<\/a> \n<a class=\"dafLink\" href=\"https:\/\/www.talmud.de\/tlmd\/talmud-uebersetzung\/rosch-haschanah\/rosch-haschanah-kapitel-1\/#blatt-7a\">7a<\/a> \n<a class=\"dafLink\" href=\"https:\/\/www.talmud.de\/tlmd\/talmud-uebersetzung\/rosch-haschanah\/rosch-haschanah-kapitel-1\/#blatt-7b\">7b<\/a> \n<a class=\"dafLink\" href=\"https:\/\/www.talmud.de\/tlmd\/talmud-uebersetzung\/rosch-haschanah\/rosch-haschanah-kapitel-1\/#blatt-8a\">8a<\/a> \n<a class=\"dafLink\" href=\"https:\/\/www.talmud.de\/tlmd\/talmud-uebersetzung\/rosch-haschanah\/rosch-haschanah-kapitel-1\/#blatt-8b\">8b<\/a> \n<a class=\"dafLink\" href=\"https:\/\/www.talmud.de\/tlmd\/talmud-uebersetzung\/rosch-haschanah\/rosch-haschanah-kapitel-1\/#blatt-9a\">9a<\/a> \n<a class=\"dafLink\" href=\"https:\/\/www.talmud.de\/tlmd\/talmud-uebersetzung\/rosch-haschanah\/rosch-haschanah-kapitel-1\/#blatt-9b\">9b<\/a> \n<a class=\"dafLink\" href=\"https:\/\/www.talmud.de\/tlmd\/talmud-uebersetzung\/rosch-haschanah\/rosch-haschanah-kapitel-1\/#blatt-10a\">10a<\/a> \n<a class=\"dafLink\" href=\"https:\/\/www.talmud.de\/tlmd\/talmud-uebersetzung\/rosch-haschanah\/rosch-haschanah-kapitel-1\/#blatt-10b\">10b<\/a> \n<a class=\"dafLink\" href=\"https:\/\/www.talmud.de\/tlmd\/talmud-uebersetzung\/rosch-haschanah\/rosch-haschanah-kapitel-1\/#blatt-11a\">11a<\/a> \n<a class=\"dafLink\" href=\"https:\/\/www.talmud.de\/tlmd\/talmud-uebersetzung\/rosch-haschanah\/rosch-haschanah-kapitel-1\/#blatt-11b\">11b<\/a> \n<a class=\"dafLink\" href=\"https:\/\/www.talmud.de\/tlmd\/talmud-uebersetzung\/rosch-haschanah\/rosch-haschanah-kapitel-1\/#blatt-12a\">12a<\/a> \n<a class=\"dafLink\" href=\"https:\/\/www.talmud.de\/tlmd\/talmud-uebersetzung\/rosch-haschanah\/rosch-haschanah-kapitel-1\/#blatt-12b\">12b<\/a> \n<a class=\"dafLink\" href=\"https:\/\/www.talmud.de\/tlmd\/talmud-uebersetzung\/rosch-haschanah\/rosch-haschanah-kapitel-1\/#blatt-13a\">13a<\/a> \n<a class=\"dafLink\" href=\"https:\/\/www.talmud.de\/tlmd\/talmud-uebersetzung\/rosch-haschanah\/rosch-haschanah-kapitel-1\/#blatt-13b\">13b<\/a> \n<a class=\"dafLink\" href=\"https:\/\/www.talmud.de\/tlmd\/talmud-uebersetzung\/rosch-haschanah\/rosch-haschanah-kapitel-1\/#blatt-14a\">14a<\/a> \n<a class=\"dafLink\" href=\"https:\/\/www.talmud.de\/tlmd\/talmud-uebersetzung\/rosch-haschanah\/rosch-haschanah-kapitel-1\/#blatt-14b\">14b<\/a> \n<a class=\"dafLink\" href=\"https:\/\/www.talmud.de\/tlmd\/talmud-uebersetzung\/rosch-haschanah\/rosch-haschanah-kapitel-1\/#blatt-15a\">15a<\/a> \n<a class=\"dafLink\" href=\"https:\/\/www.talmud.de\/tlmd\/talmud-uebersetzung\/rosch-haschanah\/rosch-haschanah-kapitel-1\/#blatt-15b\">15b<\/a> \n<a class=\"dafLink\" href=\"https:\/\/www.talmud.de\/tlmd\/talmud-uebersetzung\/rosch-haschanah\/rosch-haschanah-kapitel-1\/#blatt-16a\">16a<\/a> \n<a class=\"dafLink\" href=\"https:\/\/www.talmud.de\/tlmd\/talmud-uebersetzung\/rosch-haschanah\/rosch-haschanah-kapitel-1\/#blatt-16b\">16b<\/a> \n<a class=\"dafLink\" href=\"https:\/\/www.talmud.de\/tlmd\/talmud-uebersetzung\/rosch-haschanah\/rosch-haschanah-kapitel-1\/#blatt-17a\">17a<\/a> \n<a class=\"dafLink\" href=\"https:\/\/www.talmud.de\/tlmd\/talmud-uebersetzung\/rosch-haschanah\/rosch-haschanah-kapitel-1\/#blatt-17b\">17b<\/a> \n<a class=\"dafLink\" href=\"https:\/\/www.talmud.de\/tlmd\/talmud-uebersetzung\/rosch-haschanah\/rosch-haschanah-kapitel-1\/#blatt-18a\">18a<\/a> \n<a class=\"dafLink\" href=\"https:\/\/www.talmud.de\/tlmd\/talmud-uebersetzung\/rosch-haschanah\/rosch-haschanah-kapitel-1\/#blatt-18b\">18b<\/a> \n<a class=\"dafLink\" href=\"https:\/\/www.talmud.de\/tlmd\/talmud-uebersetzung\/rosch-haschanah\/rosch-haschanah-kapitel-1\/#blatt-19a\">19a<\/a> \n<a class=\"dafLink\" href=\"https:\/\/www.talmud.de\/tlmd\/talmud-uebersetzung\/rosch-haschanah\/rosch-haschanah-kapitel-1\/#blatt-19b\">19b<\/a> \n<a class=\"dafLink\" href=\"https:\/\/www.talmud.de\/tlmd\/talmud-uebersetzung\/rosch-haschanah\/rosch-haschanah-kapitel-1\/#blatt-20a\">20a<\/a> \n<a class=\"dafLink\" href=\"https:\/\/www.talmud.de\/tlmd\/talmud-uebersetzung\/rosch-haschanah\/rosch-haschanah-kapitel-1\/#blatt-20b\">20b<\/a> \n<a class=\"dafLink\" href=\"https:\/\/www.talmud.de\/tlmd\/talmud-uebersetzung\/rosch-haschanah\/rosch-haschanah-kapitel-1\/#blatt-21a\">21a<\/a> \n<a class=\"dafLink\" href=\"https:\/\/www.talmud.de\/tlmd\/talmud-uebersetzung\/rosch-haschanah\/rosch-haschanah-kapitel-1\/#blatt-21b\">21b<\/a> \n<a class=\"dafLink\" href=\"https:\/\/www.talmud.de\/tlmd\/talmud-uebersetzung\/rosch-haschanah\/rosch-haschanah-kapitel-1\/#blatt-22a\">22a<\/a>\n\n\n\n<h3 class=\"wp-block-heading\">Kapitel 2<\/h3>\n\n\n\n<a class=\"dafLink\" href=\"https:\/\/www.talmud.de\/tlmd\/talmud-uebersetzung\/rosch-haschanah\/rosch-haschanah-kapitel-2\/#blatt-22a\">22a<\/a> \n<a class=\"dafLink\" href=\"https:\/\/www.talmud.de\/tlmd\/talmud-uebersetzung\/rosch-haschanah\/rosch-haschanah-kapitel-2\/#blatt-22b\">22b<\/a> \n<a class=\"dafLink\" href=\"https:\/\/www.talmud.de\/tlmd\/talmud-uebersetzung\/rosch-haschanah\/rosch-haschanah-kapitel-2\/#blatt-23a\">23a<\/a> \n<a class=\"dafLink\" href=\"https:\/\/www.talmud.de\/tlmd\/talmud-uebersetzung\/rosch-haschanah\/rosch-haschanah-kapitel-2\/#blatt-23b\">23b<\/a> \n<a class=\"dafLink\" href=\"https:\/\/www.talmud.de\/tlmd\/talmud-uebersetzung\/rosch-haschanah\/rosch-haschanah-kapitel-2\/#blatt-24a\">24a<\/a> \n<a class=\"dafLink\" href=\"https:\/\/www.talmud.de\/tlmd\/talmud-uebersetzung\/rosch-haschanah\/rosch-haschanah-kapitel-2\/#blatt-24b\">24b<\/a> \n<a class=\"dafLink\" href=\"https:\/\/www.talmud.de\/tlmd\/talmud-uebersetzung\/rosch-haschanah\/rosch-haschanah-kapitel-2\/#blatt-25a\">25a<\/a> \n<a class=\"dafLink\" href=\"https:\/\/www.talmud.de\/tlmd\/talmud-uebersetzung\/rosch-haschanah\/rosch-haschanah-kapitel-2\/#blatt-25b\">25b<\/a>\n\n\n\n<h3 class=\"wp-block-heading\">Kapitel 3<\/h3>\n\n\n\n<a class=\"dafLink\" href=\"https:\/\/www.talmud.de\/tlmd\/talmud-uebersetzung\/rosch-haschanah\/rosch-haschanah-kapitel-3\/#blatt-25b\">25b<\/a> \n<a class=\"dafLink\" href=\"https:\/\/www.talmud.de\/tlmd\/talmud-uebersetzung\/rosch-haschanah\/rosch-haschanah-kapitel-3\/#blatt-26a\">26a<\/a> \n<a class=\"dafLink\" href=\"https:\/\/www.talmud.de\/tlmd\/talmud-uebersetzung\/rosch-haschanah\/rosch-haschanah-kapitel-3\/#blatt-26b\">26b<\/a> \n<a class=\"dafLink\" href=\"https:\/\/www.talmud.de\/tlmd\/talmud-uebersetzung\/rosch-haschanah\/rosch-haschanah-kapitel-3\/#blatt-27a\">27a<\/a> \n<a class=\"dafLink\" href=\"https:\/\/www.talmud.de\/tlmd\/talmud-uebersetzung\/rosch-haschanah\/rosch-haschanah-kapitel-3\/#blatt-27b\">27b<\/a> \n<a class=\"dafLink\" href=\"https:\/\/www.talmud.de\/tlmd\/talmud-uebersetzung\/rosch-haschanah\/rosch-haschanah-kapitel-3\/#blatt-28a\">28a<\/a> \n<a class=\"dafLink\" href=\"https:\/\/www.talmud.de\/tlmd\/talmud-uebersetzung\/rosch-haschanah\/rosch-haschanah-kapitel-3\/#blatt-28b\">28b<\/a> \n<a class=\"dafLink\" href=\"https:\/\/www.talmud.de\/tlmd\/talmud-uebersetzung\/rosch-haschanah\/rosch-haschanah-kapitel-3\/#blatt-29a\">29a<\/a> \n<a class=\"dafLink\" href=\"https:\/\/www.talmud.de\/tlmd\/talmud-uebersetzung\/rosch-haschanah\/rosch-haschanah-kapitel-3\/#blatt-29b\">29b<\/a>\n\n\n\n<h3 class=\"wp-block-heading\">Kapitel 4<\/h3>\n\n\n\n<a class=\"dafLink\" href=\"https:\/\/www.talmud.de\/tlmd\/talmud-uebersetzung\/rosch-haschanah\/rosch-haschanah-kapitel-4\/#blatt-29b\">29b<\/a> \n<a class=\"dafLink\" href=\"https:\/\/www.talmud.de\/tlmd\/talmud-uebersetzung\/rosch-haschanah\/rosch-haschanah-kapitel-4\/#blatt-30a\">30a<\/a> \n<a class=\"dafLink\" href=\"https:\/\/www.talmud.de\/tlmd\/talmud-uebersetzung\/rosch-haschanah\/rosch-haschanah-kapitel-4\/#blatt-30b\">30b<\/a> \n<a class=\"dafLink\" href=\"https:\/\/www.talmud.de\/tlmd\/talmud-uebersetzung\/rosch-haschanah\/rosch-haschanah-kapitel-4\/#blatt-31a\">31a<\/a> \n<a class=\"dafLink\" href=\"https:\/\/www.talmud.de\/tlmd\/talmud-uebersetzung\/rosch-haschanah\/rosch-haschanah-kapitel-4\/#blatt-31b\">31b<\/a> \n<a class=\"dafLink\" href=\"https:\/\/www.talmud.de\/tlmd\/talmud-uebersetzung\/rosch-haschanah\/rosch-haschanah-kapitel-4\/#blatt-32a\">32a<\/a> \n<a class=\"dafLink\" href=\"https:\/\/www.talmud.de\/tlmd\/talmud-uebersetzung\/rosch-haschanah\/rosch-haschanah-kapitel-4\/#blatt-32b\">32b<\/a> \n<a class=\"dafLink\" href=\"https:\/\/www.talmud.de\/tlmd\/talmud-uebersetzung\/rosch-haschanah\/rosch-haschanah-kapitel-4\/#blatt-33a\">33a<\/a> \n<a class=\"dafLink\" href=\"https:\/\/www.talmud.de\/tlmd\/talmud-uebersetzung\/rosch-haschanah\/rosch-haschanah-kapitel-4\/#blatt-33b\">33b<\/a> \n<a class=\"dafLink\" href=\"https:\/\/www.talmud.de\/tlmd\/talmud-uebersetzung\/rosch-haschanah\/rosch-haschanah-kapitel-4\/#blatt-34a\">34a<\/a> \n<a class=\"dafLink\" href=\"https:\/\/www.talmud.de\/tlmd\/talmud-uebersetzung\/rosch-haschanah\/rosch-haschanah-kapitel-4\/#blatt-34b\">34b<\/a> \n<a class=\"dafLink\" href=\"https:\/\/www.talmud.de\/tlmd\/talmud-uebersetzung\/rosch-haschanah\/rosch-haschanah-kapitel-4\/#blatt-35a\">35a<\/a>\n\n\n\n<h2 class=\"wp-block-heading\">Inhalt im Detail<\/h2>\n\n\n\n<h3 class=\"wp-block-heading\" id=\"kapitel-1\">Kapitel 1 [2a \u2013 22a]<\/h3>\n\n\n\n<ul class=\"wp-block-list\"><li><strong>I<\/strong>. Die vier Jahresanf\u00e4nge.<\/li><li>Das Regierungsjahr.<\/li><li>Der Jahresanfang der Feste; die drei Feste; die Darbringung verschiedener Opfer an den Festen.<\/li><li>Das Versammlungsfest.<\/li><li>Gel\u00fcbde und freiwillige Opfer.<\/li><li>Das Nachholen schuldiger Opfer.<\/li><li>Die Einl\u00f6sung von Gel\u00fcbden.<\/li><li>Die Verantwortlichkeit der Erben f\u00fcr Gel\u00fcbde des Verstorbenen.<\/li><li>Der <em>Nisan<\/em> als Beginn des Kalenderjahrs.<\/li><li>Die Interkalation.<\/li><li>Die Schekalimhebe.<\/li><li>Die Gemeindeopfer.<\/li><li>Das Mietsjahr.<\/li><li>Das Zehntjahr.<\/li><li>Beginn des Kalenderjahrs.<\/li><li>Vor- und nachdatierte Schuldscheine.<\/li><li>Das Erlass- und das Jobeljahr.<\/li><li>Die Freilassung der Sklaven.<\/li><li>Die Feldarbeit an der Wende des Erlassjahrs.<\/li><li>Das Fasten am Vers\u00f6hnungstag.<\/li><li>Pflanzen, Senken und Pfropfen im Vorjahr des Brachjahrs.<\/li><li>Der Tischri in der j\u00fcdischen Geschichte.<\/li><li>In welchem Monat die Welt erschaffen wurde.<\/li><li>Der Fr\u00fchling.<\/li><li>Die Geburt Jitzchaks.<\/li><li>Der Monat der Sintflut.<\/li><li>Das Zeitalter der Sintflut (Mawul).<\/li><li>Der Kr\u00e4uterzehnt.<\/li><li>Die Gel\u00fcbde.<\/li><li>Das Erntefest.<\/li><li>Das Neujahr bez\u00fcgl. der Verzehntung.<\/li><li>Das Baumbl\u00fctenjahr.<\/li><li>Der Etrog.<\/li><li>\u00dcber die Festsetzung der Halacha zweier Streitenden.<\/li><li>Der Etrog bez\u00fcgl. der Verzehntung.<\/li><li>Die Baumbl\u00fcte bez\u00fcgl. der Verzehntung.<\/li><li><strong>II<\/strong>. An vier Zeiten wird die Welt gerichtet.<\/li><li>Der Vers\u00f6hnungstag (Jom Kippur) als Gerichtstag.<\/li><li>Die Webegarbe.<\/li><li>Das Schofarblasen am Neujahr.<\/li><li>Dinge, die die S\u00fcnden des Menschen in Erinnerung bringen.<\/li><li>Dinge, die das Unheil vom Menschen abwenden.<\/li><li>Pflicht, seinen Lehrer am Fest zu besuchen.<\/li><li>Pflicht, am Fest ein Reinigungsbad zu nehmen.<\/li><li>Drei B\u00fccher werden am Neujahr aufgeschlagen.<\/li><li>Die drei Klassen am Gerichtstag.<\/li><li>Die Frevler und Uebelth\u00e4ter im Fegefeuer.<\/li><li>Die Gebete der Jisraeliten.<\/li><li>Die Barmherzigkeit G-ttes.<\/li><li>Die Vers\u00f6hnlichkeit.<\/li><li>Die dreizehn Atributen G-ttes.<\/li><li>Die Bussfertigkeit.<\/li><li>Der Regen als Segen und als Fluch.<\/li><li>Die Urteilsbesiegelung.<\/li><li>Das Gebet wendet das Verh\u00e4ngnis ab.<\/li><li>Die Nachkommen Elis.<\/li><li>Die zehn Busstage.<\/li><li><strong>III<\/strong>. Die Aussendung von Boten zu kalendarischen Zwecken.<\/li><li>Die Fasttage.<\/li><li>Die Rechtsg\u00fcltigkeit der Fastenrolle.<\/li><li>Die Nennung des G-ttesnamens in b\u00fcrgerlichen Urkunden.<\/li><li>Geschichtliche Nachrichten aus der Fastenrolle.<\/li><li>Die Interkalation des Monats Ellul.<\/li><li>Der zweite Adar.<\/li><li>Die Entweihung des Schabbats wegen der Festsetzung des Neumonds.<\/li><li>Verh\u00f6r der Neumond-Zeugen.<\/li><li>Die Konjunktion.<\/li><li><strong>IV<\/strong>. Monate, derentwegen die Boten den Schabbat entweihen.<\/li><li><strong>V\u2014VI<\/strong>. Schabbatentweihung der Neumond-Zeugen.<\/li><li><strong>VII<\/strong>. Die Zul\u00e4ssigkeit von Ver- wandten und Sklaven als Zeugen.<\/li><li><strong>VIII<\/strong>. Unzul\u00e4ssige Zeugen.<\/li><li><strong>IX<\/strong>. Hilfe und Schutzleistung f\u00fcr die Neumond-Zeugen.<\/li><\/ul>\n\n\n\n<h3 class=\"wp-block-heading\" id=\"kapitel-2\">Kapitel 2 [22a \u2013 25b]<\/h3>\n\n\n\n<ul class=\"wp-block-list\"><li><strong>I<\/strong>. Anerkennung der Zeugen.<\/li><li>Die Boethos\u00e4er wollten die Weisen irref\u00fchren.<\/li><li><strong>II\u2014IV<\/strong>. Wie die Festsetzung des Neumonds ausw\u00e4rts verk\u00fcndet wurde.<\/li><li>Aufz\u00e4hlung verschiedener Zedernarten.<\/li><li>Gewinnung der Korallen.<\/li><li><strong>V<\/strong>. Der Zeugenhof in Jerusalem.<\/li><li><strong>VI<\/strong>. Vernehmung der Neumond-Zeugen.<\/li><li>Einander widersprechende Zeugen.<\/li><li><strong>VII<\/strong>. Verk\u00fcndigung der Neumondsweihe.<\/li><li><strong>VIII<\/strong>,1. Kalendarische Tabellen R. Gamaliels.<\/li><li>Verbot der Anfertigung plastischer Figuren.<\/li><li><strong>VIII<\/strong>,2. \u2013 IX. Einander widersprechende Zeugen.<\/li><li>Streit zwischen R. Gamliel und R. Jehoschua.<\/li><li>Die Erscheinung des Monds.<\/li><li>Die Autorit\u00e4t des Gerichtshofs.<\/li><li>Vertr\u00e4glichkeit der Gelehrten.<\/li><\/ul>\n\n\n\n<h3 class=\"wp-block-heading\" id=\"kapitel-3\">Kapitel 3 [25b \u2013 29b]<\/h3>\n\n\n\n<ul class=\"wp-block-list\"><li><strong>I<\/strong>. Festsetzung des Neumonds.<\/li><li>Die Gerichtssitzung w\u00e4hrend der Nacht.<\/li><li>Der Zeuge kann nicht als Richter fungiren.<\/li><li><strong>II<\/strong>. Der Schofar<\/li><li>Das Widderhorn.<\/li><li>Erkl\u00e4rung einiger biblischer W\u00f6rter.<\/li><li><strong>III\u2014 V<\/strong>. Form und Beschaffenheit verschiedener Schofararten.<\/li><li>Unterschiede zwischen der Jobelfeier und der Neujahrsfeier.<\/li><li>Das Blasen des Schofar.<\/li><li>Das Neujahrsfest.<\/li><li><strong>VI\u2014VII<\/strong>. Der besch\u00e4digte Schofar.<\/li><li>Das Blasen des Schofar.<\/li><li>Der reparirte oder verkleidete Schofar.<\/li><li>Das Schofarblasen in einer Grube oder in einem Fass.<\/li><li>Die zwangsweise Aus\u00fcbung eines Gebots.<\/li><li>Das Blutsprengen auf den Altar.<\/li><li>Das Gebot der Hinzuf\u00fcgung.<\/li><li>Die Absicht bei der Aus\u00fcbung eines Gebots.<\/li><li><strong>VIII<\/strong>. Das Denken an G-tt.<\/li><li>Wer dem Gebot des Schofarblasens nicht unterworfen ist.<\/li><li>Die Entledigung von Segenspr\u00fcchen durch andere.<\/li><\/ul>\n\n\n\n<h3 class=\"wp-block-heading\" id=\"kapitel-4\">Kapitel 4 [29b \u2013 35a]<\/h3>\n\n\n\n<ul class=\"wp-block-list\"><li><strong>I\u2014II<\/strong>. Das Neujahrsfest am Schabbat.<\/li><li>Verbot, den Schofar am Schabbat umherzutragen.<\/li><li>Das Schofarblasen in Jerusalem und in der Provinz.<\/li><li><strong>III<\/strong>. Die Festpalme im Tempel und in der Provinz. Die Webegarbe.<\/li><li><strong>IV,1<\/strong>. Bis wann die Zeugen empfangen werden.<\/li><li>Das Lied bei der Darbringung des t\u00e4glichen Opfers.<\/li><li>Dauer des Weltalls.<\/li><li>Die Wanderungen des Sanhedrins.<\/li><li><strong>IV, 2<\/strong>. An wen sich die Zeugen zu wenden haben.<\/li><li>Die Priester d\u00fcrfen die Estrade nicht mit Sandalen betreten.<\/li><li>Die Vierjahrsfr\u00fcchte.<\/li><li>Der Streifen des S\u00fcndenbocks.<\/li><li>Das Leben des R. Jochanan b. Zakkaj.<\/li><li><strong>V<\/strong>. Die Gebete und das Posaunenblasen am Neujahr.<\/li><li><strong>VI<\/strong>. Die zehn Loblieder Davids.<\/li><li>Bibelverse \u00fcber das K\u00f6nigtum -ttes und \u00fcber das Schofarblasen.<\/li><li><strong>VII<\/strong>. Das Vorbeten und das Vorsagen beim Posaunenblasen.<\/li><li><strong>VIII<\/strong>. Arbeiten, die zur Erlangung des Schofars am Fest verboten sind.<\/li><li>Frauen und Kinder bez\u00fcgl. einiger Gebote.<\/li><li>Die Absicht beim Schofarblasen.<\/li><li><strong>IX<\/strong>. Schofart\u00f6ne und deren Reihenfolge.<\/li><li>Der Segenspruch beim Schofarblasen.<\/li><\/ul>\n","protected":false},"excerpt":{"rendered":"<p>Rosch haSchanah (\u00bbDas Haupt des Jahres\u00ab \u05de\u05b7\u05e1\u05b6\u05bc\u05db\u05b6\u05ea \u05e8\u05b9\u05d0\u05e9\u05c1 \u05d4\u05b7\u05e9\u05b8\u05bc\u05c1\u05e0\u05b8\u05d4) behandelt die Regulierung des Kalenders durch den Neumond (Rosch Chodesch) und mit die G-ttesdienste von Rosch HaSchana (etwa die Ordnung der Lobspr\u00fcche an Rosch haSchanah, zehn Malchijjot, etc.). Es besteht aus vier Kapiteln. Hier in der deutschen&nbsp;\u00dcbersetzung von Lazarus Goldschmidt. Bl\u00e4tter Kapitel 1 2a 2b 3a 3b 4a 4b 5a 5b 6a 6b 7a 7b 8a 8b 9a 9b 10a 10b 11a 11b 12a 12b 13a 13b 14a 14b 15a 15b 16a 16b 17a 17b 18a 18b 19a 19b 20a 20b 21a 21b 22a Kapitel 2 22a 22b 23a 23b 24a 24b 25a 25b Kapitel 3 25b 26a 26b 27a 27b 28a 28b 29a 29b Kapitel 4 29b 30a 30b 31a 31b 32a 32b 33a 33b 34a 34b 35a Inhalt im Detail Kapitel 1 [2a \u2013 22a] I. Die vier Jahresanf\u00e4nge. Das Regierungsjahr. Der Jahresanfang der Feste; die drei Feste; die Darbringung verschiedener Opfer an den Festen. Das Versammlungsfest. Gel\u00fcbde und freiwillige Opfer. Das Nachholen schuldiger Opfer. Die Einl\u00f6sung von Gel\u00fcbden. Die Verantwortlichkeit der Erben f\u00fcr &hellip;<\/p>\n","protected":false},"author":1,"featured_media":0,"parent":4213,"menu_order":0,"comment_status":"closed","ping_status":"closed","template":"","meta":{"_themeisle_gutenberg_block_has_review":false,"footnotes":""},"class_list":["post-7395","page","type-page","status-publish","hentry"],"jetpack_sharing_enabled":true,"_links":{"self":[{"href":"https:\/\/www.talmud.de\/tlmd\/wp-json\/wp\/v2\/pages\/7395","targetHints":{"allow":["GET"]}}],"collection":[{"href":"https:\/\/www.talmud.de\/tlmd\/wp-json\/wp\/v2\/pages"}],"about":[{"href":"https:\/\/www.talmud.de\/tlmd\/wp-json\/wp\/v2\/types\/page"}],"author":[{"embeddable":true,"href":"https:\/\/www.talmud.de\/tlmd\/wp-json\/wp\/v2\/users\/1"}],"replies":[{"embeddable":true,"href":"https:\/\/www.talmud.de\/tlmd\/wp-json\/wp\/v2\/comments?post=7395"}],"version-history":[{"count":2,"href":"https:\/\/www.talmud.de\/tlmd\/wp-json\/wp\/v2\/pages\/7395\/revisions"}],"predecessor-version":[{"id":7429,"href":"https:\/\/www.talmud.de\/tlmd\/wp-json\/wp\/v2\/pages\/7395\/revisions\/7429"}],"up":[{"embeddable":true,"href":"https:\/\/www.talmud.de\/tlmd\/wp-json\/wp\/v2\/pages\/4213"}],"wp:attachment":[{"href":"https:\/\/www.talmud.de\/tlmd\/wp-json\/wp\/v2\/media?parent=7395"}],"curies":[{"name":"wp","href":"https:\/\/api.w.org\/{rel}","templated":true}]}}