{"id":7432,"date":"2021-04-22T09:39:38","date_gmt":"2021-04-22T07:39:38","guid":{"rendered":"https:\/\/www.talmud.de\/tlmd\/?page_id=7432"},"modified":"2021-04-22T10:52:55","modified_gmt":"2021-04-22T08:52:55","slug":"taanit","status":"publish","type":"page","link":"https:\/\/www.talmud.de\/tlmd\/talmud-uebersetzung\/taanit\/","title":{"rendered":"Traktat Ta&#8217;anit \u2013 Massechet Ta&#8217;anit"},"content":{"rendered":"\n<figure class=\"wp-block-image size-large\"><a href=\"https:\/\/i0.wp.com\/www.talmud.de\/tlmd\/wp-content\/uploads\/2021\/04\/Taanit_titel.jpg?ssl=1\"><img data-recalc-dims=\"1\" loading=\"lazy\" decoding=\"async\" width=\"840\" height=\"436\" src=\"https:\/\/i0.wp.com\/www.talmud.de\/tlmd\/wp-content\/uploads\/2021\/04\/Taanit_titel.jpg?resize=840%2C436&#038;ssl=1\" alt=\"\" class=\"wp-image-7434\" srcset=\"https:\/\/i0.wp.com\/www.talmud.de\/tlmd\/wp-content\/uploads\/2021\/04\/Taanit_titel.jpg?resize=1024%2C531&amp;ssl=1 1024w, https:\/\/i0.wp.com\/www.talmud.de\/tlmd\/wp-content\/uploads\/2021\/04\/Taanit_titel.jpg?resize=300%2C155&amp;ssl=1 300w, https:\/\/i0.wp.com\/www.talmud.de\/tlmd\/wp-content\/uploads\/2021\/04\/Taanit_titel.jpg?resize=768%2C398&amp;ssl=1 768w, https:\/\/i0.wp.com\/www.talmud.de\/tlmd\/wp-content\/uploads\/2021\/04\/Taanit_titel.jpg?w=1100&amp;ssl=1 1100w\" sizes=\"auto, (max-width: 840px) 100vw, 840px\" \/><\/a><\/figure>\n\n\n\n<p class=\"has-drop-cap\">Ta&#8217;anit (\u00bbFasten\u00ab \u05de\u05b7\u05e1\u05b6\u05bc\u05db\u05b6\u05ea \u05ea\u05b7\u05bc\u05e2\u05b2\u05e0\u05b6\u05d9\u05ea) behandelt die Regelung besonderer Fastentage in Zeiten der D\u00fcrre (etwa: wann beginnt man um Regen zu beten) oder anderer unvorhergesehener Ereignisse. Es besteht aus vier Kapiteln. Hier in der deutschen&nbsp;<a href=\"https:\/\/www.talmud.de\/tlmd\/talmud-uebersetzung\/\"><strong>\u00dcbersetzung von Lazarus Goldschmidt<\/strong><\/a>.<\/p>\n\n\n\n<h2 class=\"wp-block-heading\">Bl\u00e4tter<\/h2>\n\n\n\n<h3 class=\"wp-block-heading\">Kapitel 1<\/h3>\n\n\n\n<a class=\"dafLink\" href=\"https:\/\/www.talmud.de\/tlmd\/talmud-uebersetzung\/taanit\/taanit-kapitel-1\/#blatt-2a\">2a<\/a> \n<a class=\"dafLink\" href=\"https:\/\/www.talmud.de\/tlmd\/talmud-uebersetzung\/taanit\/taanit-kapitel-1\/#blatt-2b\">2b<\/a> \n<a class=\"dafLink\" href=\"https:\/\/www.talmud.de\/tlmd\/talmud-uebersetzung\/taanit\/taanit-kapitel-1\/#blatt-3a\">3a<\/a> \n<a class=\"dafLink\" href=\"https:\/\/www.talmud.de\/tlmd\/talmud-uebersetzung\/taanit\/taanit-kapitel-1\/#blatt-3b\">3b<\/a> \n<a class=\"dafLink\" href=\"https:\/\/www.talmud.de\/tlmd\/talmud-uebersetzung\/taanit\/taanit-kapitel-1\/#blatt-4a\">4a<\/a> \n<a class=\"dafLink\" href=\"https:\/\/www.talmud.de\/tlmd\/talmud-uebersetzung\/taanit\/taanit-kapitel-1\/#blatt-4b\">4b<\/a> \n<a class=\"dafLink\" href=\"https:\/\/www.talmud.de\/tlmd\/talmud-uebersetzung\/taanit\/taanit-kapitel-1\/#blatt-5a\">5a<\/a> \n<a class=\"dafLink\" href=\"https:\/\/www.talmud.de\/tlmd\/talmud-uebersetzung\/taanit\/taanit-kapitel-1\/#blatt-5b\">5b<\/a> \n<a class=\"dafLink\" href=\"https:\/\/www.talmud.de\/tlmd\/talmud-uebersetzung\/taanit\/taanit-kapitel-1\/#blatt-6a\">6a<\/a> \n<a class=\"dafLink\" href=\"https:\/\/www.talmud.de\/tlmd\/talmud-uebersetzung\/taanit\/taanit-kapitel-1\/#blatt-6b\">6b<\/a> \n<a class=\"dafLink\" href=\"https:\/\/www.talmud.de\/tlmd\/talmud-uebersetzung\/taanit\/taanit-kapitel-1\/#blatt-7a\">7a<\/a> \n<a class=\"dafLink\" href=\"https:\/\/www.talmud.de\/tlmd\/talmud-uebersetzung\/taanit\/taanit-kapitel-1\/#blatt-7b\">7b<\/a> \n<a class=\"dafLink\" href=\"https:\/\/www.talmud.de\/tlmd\/talmud-uebersetzung\/taanit\/taanit-kapitel-1\/#blatt-8a\">8a<\/a> \n<a class=\"dafLink\" href=\"https:\/\/www.talmud.de\/tlmd\/talmud-uebersetzung\/taanit\/taanit-kapitel-1\/#blatt-8b\">8b<\/a> \n<a class=\"dafLink\" href=\"https:\/\/www.talmud.de\/tlmd\/talmud-uebersetzung\/taanit\/taanit-kapitel-1\/#blatt-9a\">9a<\/a> \n<a class=\"dafLink\" href=\"https:\/\/www.talmud.de\/tlmd\/talmud-uebersetzung\/taanit\/taanit-kapitel-1\/#blatt-9b\">9b<\/a> \n<a class=\"dafLink\" href=\"https:\/\/www.talmud.de\/tlmd\/talmud-uebersetzung\/taanit\/taanit-kapitel-1\/#blatt-10a\">10a<\/a> \n<a class=\"dafLink\" href=\"https:\/\/www.talmud.de\/tlmd\/talmud-uebersetzung\/taanit\/taanit-kapitel-1\/#blatt-10b\">10b<\/a> \n<a class=\"dafLink\" href=\"https:\/\/www.talmud.de\/tlmd\/talmud-uebersetzung\/taanit\/taanit-kapitel-1\/#blatt-11a\">11a<\/a> \n<a class=\"dafLink\" href=\"https:\/\/www.talmud.de\/tlmd\/talmud-uebersetzung\/taanit\/taanit-kapitel-1\/#blatt-11b\">11b<\/a> \n<a class=\"dafLink\" href=\"https:\/\/www.talmud.de\/tlmd\/talmud-uebersetzung\/taanit\/taanit-kapitel-1\/#blatt-12a\">12a<\/a> \n<a class=\"dafLink\" href=\"https:\/\/www.talmud.de\/tlmd\/talmud-uebersetzung\/taanit\/taanit-kapitel-1\/#blatt-12b\">12b<\/a> \n<a class=\"dafLink\" href=\"https:\/\/www.talmud.de\/tlmd\/talmud-uebersetzung\/taanit\/taanit-kapitel-1\/#blatt-13a\">13a<\/a> \n<a class=\"dafLink\" href=\"https:\/\/www.talmud.de\/tlmd\/talmud-uebersetzung\/taanit\/taanit-kapitel-1\/#blatt-13b\">13b<\/a> \n<a class=\"dafLink\" href=\"https:\/\/www.talmud.de\/tlmd\/talmud-uebersetzung\/taanit\/taanit-kapitel-1\/#blatt-14a\">14a<\/a> \n<a class=\"dafLink\" href=\"https:\/\/www.talmud.de\/tlmd\/talmud-uebersetzung\/taanit\/taanit-kapitel-1\/#blatt-14b\">14b<\/a> \n<a class=\"dafLink\" href=\"https:\/\/www.talmud.de\/tlmd\/talmud-uebersetzung\/taanit\/taanit-kapitel-1\/#blatt-15a\">15a<\/a>\n\n\n\n<h3 class=\"wp-block-heading\">Kapitel 2<\/h3>\n\n\n\n<a class=\"dafLink\" href=\"https:\/\/www.talmud.de\/tlmd\/talmud-uebersetzung\/taanit\/taanit-kapitel-2\/#blatt-15a\">15a<\/a> \n<a class=\"dafLink\" href=\"https:\/\/www.talmud.de\/tlmd\/talmud-uebersetzung\/taanit\/taanit-kapitel-2\/#blatt-15b\">15b<\/a> \n<a class=\"dafLink\" href=\"https:\/\/www.talmud.de\/tlmd\/talmud-uebersetzung\/taanit\/taanit-kapitel-2\/#blatt-16a\">16a<\/a> \n<a class=\"dafLink\" href=\"https:\/\/www.talmud.de\/tlmd\/talmud-uebersetzung\/taanit\/taanit-kapitel-2\/#blatt-16b\">16b<\/a> \n<a class=\"dafLink\" href=\"https:\/\/www.talmud.de\/tlmd\/talmud-uebersetzung\/taanit\/taanit-kapitel-2\/#blatt-17a\">17a<\/a> \n<a class=\"dafLink\" href=\"https:\/\/www.talmud.de\/tlmd\/talmud-uebersetzung\/taanit\/taanit-kapitel-2\/#blatt-17b\">17b<\/a> \n<a class=\"dafLink\" href=\"https:\/\/www.talmud.de\/tlmd\/talmud-uebersetzung\/taanit\/taanit-kapitel-2\/#blatt-18a\">18a<\/a> \n<a class=\"dafLink\" href=\"https:\/\/www.talmud.de\/tlmd\/talmud-uebersetzung\/taanit\/taanit-kapitel-2\/#blatt-18b\">18b<\/a>\n\n\n\n<h3 class=\"wp-block-heading\">Kapitel 3<\/h3>\n\n\n\n<a class=\"dafLink\" href=\"https:\/\/www.talmud.de\/tlmd\/talmud-uebersetzung\/taanit\/taanit-kapitel-3\/#blatt-18b\">18b<\/a> \n<a class=\"dafLink\" href=\"https:\/\/www.talmud.de\/tlmd\/talmud-uebersetzung\/taanit\/taanit-kapitel-3\/#blatt-19a\">19a<\/a> \n<a class=\"dafLink\" href=\"https:\/\/www.talmud.de\/tlmd\/talmud-uebersetzung\/taanit\/taanit-kapitel-3\/#blatt-19b\">19b<\/a> \n<a class=\"dafLink\" href=\"https:\/\/www.talmud.de\/tlmd\/talmud-uebersetzung\/taanit\/taanit-kapitel-3\/#blatt-20a\">20a<\/a> \n<a class=\"dafLink\" href=\"https:\/\/www.talmud.de\/tlmd\/talmud-uebersetzung\/taanit\/taanit-kapitel-3\/#blatt-20b\">20b<\/a> \n<a class=\"dafLink\" href=\"https:\/\/www.talmud.de\/tlmd\/talmud-uebersetzung\/taanit\/taanit-kapitel-3\/#blatt-21a\">21a<\/a> \n<a class=\"dafLink\" href=\"https:\/\/www.talmud.de\/tlmd\/talmud-uebersetzung\/taanit\/taanit-kapitel-3\/#blatt-21b\">21b<\/a> \n<a class=\"dafLink\" href=\"https:\/\/www.talmud.de\/tlmd\/talmud-uebersetzung\/taanit\/taanit-kapitel-3\/#blatt-22a\">22a<\/a> \n<a class=\"dafLink\" href=\"https:\/\/www.talmud.de\/tlmd\/talmud-uebersetzung\/taanit\/taanit-kapitel-3\/#blatt-22b\">22b<\/a> \n<a class=\"dafLink\" href=\"https:\/\/www.talmud.de\/tlmd\/talmud-uebersetzung\/taanit\/taanit-kapitel-3\/#blatt-23a\">23a<\/a> \n<a class=\"dafLink\" href=\"https:\/\/www.talmud.de\/tlmd\/talmud-uebersetzung\/taanit\/taanit-kapitel-3\/#blatt-23b\">23b<\/a> \n<a class=\"dafLink\" href=\"https:\/\/www.talmud.de\/tlmd\/talmud-uebersetzung\/taanit\/taanit-kapitel-3\/#blatt-24a\">24a<\/a> \n<a class=\"dafLink\" href=\"https:\/\/www.talmud.de\/tlmd\/talmud-uebersetzung\/taanit\/taanit-kapitel-3\/#blatt-24b\">24b<\/a> \n<a class=\"dafLink\" href=\"https:\/\/www.talmud.de\/tlmd\/talmud-uebersetzung\/taanit\/taanit-kapitel-3\/#blatt-25a\">25a<\/a> \n<a class=\"dafLink\" href=\"https:\/\/www.talmud.de\/tlmd\/talmud-uebersetzung\/taanit\/taanit-kapitel-3\/#blatt-25b\">25b<\/a> \n<a class=\"dafLink\" href=\"https:\/\/www.talmud.de\/tlmd\/talmud-uebersetzung\/taanit\/taanit-kapitel-3\/#blatt-26a\">26a<\/a>\n\n\n\n<h3 class=\"wp-block-heading\">Kapitel 4<\/h3>\n\n\n\n<a class=\"dafLink\" href=\"https:\/\/www.talmud.de\/tlmd\/talmud-uebersetzung\/erzaehlungen-des-talmuds-ejn-jaakow\/taanit-kapitel-4\/#blatt-26a\">26a<\/a> \n<a class=\"dafLink\" href=\"https:\/\/www.talmud.de\/tlmd\/talmud-uebersetzung\/erzaehlungen-des-talmuds-ejn-jaakow\/taanit-kapitel-4\/#blatt-26b\">26b<\/a> \n<a class=\"dafLink\" href=\"https:\/\/www.talmud.de\/tlmd\/talmud-uebersetzung\/erzaehlungen-des-talmuds-ejn-jaakow\/taanit-kapitel-4\/#blatt-27a\">27a<\/a> \n<a class=\"dafLink\" href=\"https:\/\/www.talmud.de\/tlmd\/talmud-uebersetzung\/erzaehlungen-des-talmuds-ejn-jaakow\/taanit-kapitel-4\/#blatt-27b\">27b<\/a> \n<a class=\"dafLink\" href=\"https:\/\/www.talmud.de\/tlmd\/talmud-uebersetzung\/erzaehlungen-des-talmuds-ejn-jaakow\/taanit-kapitel-4\/#blatt-28a\">28a<\/a> \n<a class=\"dafLink\" href=\"https:\/\/www.talmud.de\/tlmd\/talmud-uebersetzung\/erzaehlungen-des-talmuds-ejn-jaakow\/taanit-kapitel-4\/#blatt-28b\">28b<\/a> \n<a class=\"dafLink\" href=\"https:\/\/www.talmud.de\/tlmd\/talmud-uebersetzung\/erzaehlungen-des-talmuds-ejn-jaakow\/taanit-kapitel-4\/#blatt-29a\">29a<\/a> \n<a class=\"dafLink\" href=\"https:\/\/www.talmud.de\/tlmd\/talmud-uebersetzung\/erzaehlungen-des-talmuds-ejn-jaakow\/taanit-kapitel-4\/#blatt-29b\">29b<\/a> \n<a class=\"dafLink\" href=\"https:\/\/www.talmud.de\/tlmd\/talmud-uebersetzung\/erzaehlungen-des-talmuds-ejn-jaakow\/taanit-kapitel-4\/#blatt-30a\">30a<\/a> \n<a class=\"dafLink\" href=\"https:\/\/www.talmud.de\/tlmd\/talmud-uebersetzung\/erzaehlungen-des-talmuds-ejn-jaakow\/taanit-kapitel-4\/#blatt-30b\">30b<\/a> \n<a class=\"dafLink\" href=\"https:\/\/www.talmud.de\/tlmd\/talmud-uebersetzung\/erzaehlungen-des-talmuds-ejn-jaakow\/taanit-kapitel-4\/#blatt-31a\">31a<\/a> \n\n\n\n<h2 class=\"wp-block-heading\">Inhalt im Detail<\/h2>\n\n\n\n<h3 class=\"wp-block-heading\" id=\"kapitel-1.\">Kapitel 1. [2a \u2013 15a]<\/h3>\n\n\n\n<h4 class=\"wp-block-heading\" id=\"iii1\">I\u2014II,1<\/h4>\n\n\n\n<ul class=\"wp-block-list\"><li>Wann man um Regen zu bitten beginnt.<\/li><li>Die drei Schl\u00fcssel, die Gott selbst verwahrt.<\/li><li>Die Bedeutung des Regens.<\/li><li>Die Prozession des Wassergiessens in der Gesetzesehre.<\/li><li>Tau, Wind und Regen.<\/li><li>Der Wind vor und nach dem Regen.<\/li><li>Der Zorn des Gelehrten.<\/li><li>Drei Personen \u00e4usserten ihre W\u00fcnsche unrichtig.<\/li><li>Bis wann man um Regen bittet.<\/li><\/ul>\n\n\n\n<h4 class=\"wp-block-heading\" id=\"ii2.\">II,2.<\/h4>\n\n\n\n<ul class=\"wp-block-list\"><li>Fr\u00fch- und Sp\u00e4tregen.<\/li><li>Die sieben Hungerjahre zur Zeit Elisas.<\/li><li>Der G\u00f6tzenkult.<\/li><li>Das Alter des Propheten Schmuel<\/li><li>Verbot des Sprechens beim Essen.<\/li><li>Der Fr\u00fchregen.<\/li><li>Der Sp\u00e4tregen.<\/li><li>Gute und schlechte Wirkungen des Regens.<\/li><li>Danksegen f\u00fcr den Regen.<\/li><li>Hohe Bedeutung des Regens.<\/li><li>Die Befassung mit der Gesetzlehre.<\/li><li>Der Schriftgelehrte; die Gesetzlehre.<\/li><li>Das h\u00e4ssliche Aussehen von Gelehrten.<\/li><li>S\u00fcnden, derentwegen der Regen vorenthalten wird.<\/li><li>Vertr\u00e4glichkeit der Gelehrten unter einander.<\/li><li>Das Gebet.<\/li><li>Hohe Bedeutung der Treue.<\/li><li>Segensreiche Wirkung des Regens.<\/li><li>Der Regen am Vorabend des Schabbats.<\/li><li>Die Sonne am Schabbat.<\/li><li>Der Segen ist nur bei unsichtbaren Gegenst\u00e4nden zu finden.<\/li><li>Die Versuchung Gottes.<\/li><li>Drei Gaben, die Jisrael verliehen wurden.<\/li><li>Die Wolken als Vorboten des Regens.<\/li><li>Die ganze Welt wird vom Ocean gespeist.<\/li><li>Die Bevorzugung des Jisraellands vor allen anderen L\u00e4ndern.<\/li><li>Gr\u00f6sse des Paradieses und des Fegefeuers.<\/li><\/ul>\n\n\n\n<h4 class=\"wp-block-heading\" id=\"iii.\">III.<\/h4>\n\n\n\n<ul class=\"wp-block-list\"><li>Tag, an dem man um Regen zu bitten beginnt.<\/li><\/ul>\n\n\n\n<h4 class=\"wp-block-heading\" id=\"ivv.\">IV\u2014V.<\/h4>\n\n\n\n<ul class=\"wp-block-list\"><li>Das Fasten beim Ausbleiben des Regens.<\/li><li>Jeder betrachte sich als Gelehrter, um die einem solchen obliegenden Pflichten auszu\u00fcben .<\/li><li>Das Verhalten des Fastenden.<\/li><li>Schriftgelehrte m\u00fcssen sich auf der Reise mit der Gesetzlehre befassen.<\/li><li>Verhaltungsmassregeln auf der Reise .<\/li><li>Einschr\u00e4nkung pers\u00f6nlicher Bed\u00fcrfnisse in Hungerjahren.<\/li><li>Teilnahme am Schmerz der Gemeinde.<\/li><li>Die Vergeltung der Frommen und der Frevler.<\/li><li>Die Kasteiung.<\/li><li>Das Fasten an einzelnen Stunden.<\/li><li>Die Auferlegung eines Fasttags.<\/li><li>Bis wann das Essen am Vorabend des Fasttags erlaubt ist.<\/li><li>Leihen und Bezahlen eines Fastens.<\/li><li>Das Fasten wegen eines b\u00f6sen Traums.<\/li><\/ul>\n\n\n\n<h4 class=\"wp-block-heading\" id=\"vi.\">VI.<\/h4>\n\n\n\n<ul class=\"wp-block-list\"><li>Die anderen Fasttage bei Wirkungslosigkeit der ersten; Verbot jeglicher Lustbarkeit und Einschr\u00e4nkung gesellschaftlichen Verkehrs an solchen Tagen.<\/li><li>Das Arbeiten an einem Fasttag.<\/li><li>Womit der Fasttag verbracht werde.<\/li><li>Verbotenes und Erlaubtes an Fasttagen.<\/li><li>Das Baden an Fasttagen und am Veis\u00f6hnungstag.<\/li><li>Baden und Waschen an Trauertagen.<\/li><li>Das Fastengebet.<\/li><li>Das t\u00e4gliche Gebet an Fasttagen.<\/li><li>Oeffentliche Prozessionen an Fasttagen.<\/li><li>Schwangere und S\u00e4ugende bez\u00fcgl. des Fastens.<\/li><li>Das L\u00e4rmblasen an Fasttagen.<\/li><li>Das L\u00e4rmblasen wegen verschiedener anderer Plagen.<\/li><li>Wie lange das Fasten fortgesetzt werde.<\/li><li>Einschaltung des Fastengebets.<\/li><li>Ladenschluss an Fasttagen.<\/li><li>Verminderung von Festlichkeiten an Fasttagen.<\/li><li>Das Verhalten an Fasttagen.<\/li><li>Das Niederknien und das B\u00fccken.<\/li><\/ul>\n\n\n\n<h3 class=\"wp-block-heading\" id=\"kapitel-2\">Kapitel 2 [15a \u2013 18b]<\/h3>\n\n\n\n<h4 class=\"wp-block-heading\" id=\"i.\">I.<\/h4>\n\n\n\n<ul class=\"wp-block-list\"><li>\u00d6ffentliche Prozessionen an den Fasttagen.<\/li><li>Gebete und Segenspr\u00fcche beim L\u00e4rmblasen.<\/li><li>Die Priesterwachen und die Tageswachen an den Fasttagen.<\/li><li>Auf welche Tage keine Fasten angesetzt werden und an welchen das Fasten verboten ist.<\/li><li>Die W\u00fcrdigung beginnt mit dem Gr\u00f6ssten und das Verderben mit dem Kleinsten.<\/li><li>Das Str\u00e4uen von Asche aufs Haupt.<\/li><li>Erkl\u00e4rung mancher Trauerzeremonien.<\/li><li>Bussvortrag an Fasttagen.<\/li><li>Die Trauer der Einwohner von Ninveh.<\/li><li>Die Busse.<\/li><li>Der Vorbeter an den Fasttagen.<\/li><li>Die vierundzwanzig Segenspr\u00fcche an den Fasttagen.<\/li><li>Die Priesterwachen an den Fasttagen.<\/li><li>Wie oft W\u00fcrdentr\u00e4ger sich das Haar schneiden m\u00fcssen.<\/li><li>Dauer des Nazir\u00e4ertums.<\/li><li>Das Weintrinken der Priester.<\/li><li>Tage, an welchen das Fasten verboten ist.<\/li><li>Biblische und rabbinische Feiertage.<\/li><li>Die Tage vor und nach den Feiertagen.<\/li><li>Religionsverfolgungen in Rom.<\/li><li>Die Tage zwischen dem Pessach und Schawuot.<\/li><li>Das Nikanor- und das Trajanfest.<\/li><\/ul>\n\n\n\n<h3 class=\"wp-block-heading\" id=\"kapitel-3\">Kapitel 3 [18b \u2013 26a]<\/h3>\n\n\n\n<h4 class=\"wp-block-heading\" id=\"iix.\">I\u2014IX.<\/h4>\n\n\n\n<ul class=\"wp-block-list\"><li>Der mangelhafte Regen.<\/li><li>Plagen, derentwegen man fasten muss.<\/li><li>Honi der Kreiszeichner als Regenspender.<\/li><li>Unterbrechung des Fastens wenn Regen kommt.<\/li><li>Die D\u00fcrre.<\/li><li>Regen f\u00fcr B\u00e4ume, f\u00fcr Pflanzen und als Trinkwasser.<\/li><li>Der st\u00fcrmische und der gelinde Regen.<\/li><li>Erz\u00e4hlung von Nikodemon b. Gorjon.<\/li><li>Drei M\u00e4nner, denen die Sonne schien.<\/li><li>Fl\u00fcche, die zum Segen werden.<\/li><li>Bescheidenheit und Hochmut.<\/li><li>Verbot, sich mutwillig in eine Gefahr zu begeben.<\/li><li>Fromme Handlungen des R. Zera.<\/li><li>Fromme Handlungen des R. Hona.<\/li><li>Erz\u00e4hlung von Upha und R. Jochanan.<\/li><li>Die Seuchenerz\u00e4hlungen von Nachum.<\/li><li>Das Verdienst einzelner Personen sch\u00fctzen ganze Gemeinden.<\/li><li>Verschleppung der Seuche von einer Tiergattung auf eine andere und aus einer Ortschaft nach einer anderen.<\/li><li>Die Verdienste Abba des Baders.<\/li><li>Die Verdienste eines Kerkermeisters.<\/li><li>Plage durch wilde Tiere.<\/li><li>Plage durch Kriegsz\u00fcge.<\/li><li>Der Tod des Josijahu.<\/li><li>Was als D\u00fcrre betrachtet wird.<\/li><li>Verbot der Kasteiung.<\/li><li>Verbot \u00fcber Regenf\u00fclle zu klagen.<\/li><li>Der \u00fcberm\u00e4ssige Regen.<\/li><li>Honi der Kreiszeichner als Regenspender.<\/li><li>Honi der Kreiszeichner im siebzigj\u00e4hrigen Schlaf.<\/li><li>Abba-Hilqija als Regenspender.<\/li><li>Hanan der Versteckte als Regenspender.<\/li><li>Die Frommen Pal\u00e4stinas und die Babyloniens.<\/li><li>Die Wundertaten des R. Jona nach dessen Tod.<\/li><li>Die Wundertaten des R. Jitzchak b. Eljasib.<\/li><li>Derselbe t\u00f6tet seinen Sohn und seine Tochter.<\/li><li>Dessen Esel.<\/li><li>Eleasar aus Birath.<\/li><li>Einige Erz\u00e4hlungen von Regenspendern.<\/li><li>Verbot mit Brot Missbrauch zu treiben.<\/li><li>Raba und Iphra-Hormez.<\/li><li>Die Gebete des R. Chanina b. Dosa.<\/li><li>Die Verdienste desselben und seiner Frau; einige Anekdoten diese betreffend.<\/li><li>Die Verdienste des R. Eleasar b. Pedath.<\/li><li>Regenspende durch R. Hama b\u05be Hanina, durch Levi und durch R. Chija b. Luljani.<\/li><li>Vergleich des Frommen mit einer Zeder.<\/li><li>R. Eliezer als Regenspender.<\/li><li>Bei welchem Regen man das Fasten einstelle.<\/li><li>Ridja, Engel des Regens.<\/li><li>In welchem Fall das Fasten unterbrochen werde.<\/li><\/ul>\n\n\n\n<h3 class=\"wp-block-heading\" id=\"kapitel-4\">Kapitel 4 [26a \u2013 31a]<\/h3>\n\n\n\n<h4 class=\"wp-block-heading\" id=\"iviii.\">I\u2014VIII.<\/h4>\n\n\n\n<ul class=\"wp-block-list\"><li>Der Priestersegen; die Beist\u00e4nde.<\/li><li>Die Holzspende.<\/li><li>Der 17. Tamuz als Ungl\u00fcckstag.<\/li><li>Zusammenfallen des Neunten Ab mit einem Schabbat.<\/li><li>Der 15. Ab und der Vers\u00f6hnungstag als Heiratstage.<\/li><li>Bei welchen Gebeten der Priestersegen gesprochen wird.<\/li><li>Der Betrunkene darf den Priestersegen nicht sprechen.<\/li><li>Die 24 Priesterwachen.<\/li><li>Institution der Priesterwachen.<\/li><li>Hohe Bedeutung der Opfer.<\/li><li>Die vier Fasttage des Beistands.<\/li><li>Die Teilung von Bibelversen bei der Recitation.<\/li><li>Geschiehtliches \u00fcber die Holzspende.<\/li><li>Tage, an denen das Loblied gelesen wird.<\/li><li>Die Verleihung der Gesetzlehre.<\/li><li>Der Neunte Ab; historische Daten \u00fcber die Zerst\u00f6rung des Tempels.<\/li><li>Verfolgung und Rettung des R. Gamaliel.<\/li><li>Heldenmutiger Tod der priesterlichen J\u00fcnglinge.<\/li><li>Waschen und Haarschneiden in der Woche des Neunten Ab.<\/li><li>Bis wann das Essen am Vorabend des Neunten Ab erlaubt ist.<\/li><li>Welche Speisen und welche Lekt\u00fcre an diesem Tag erlaubt sind.<\/li><li>Die Arbeit am Neunten Ab.<\/li><li>Die Bedeutung des 15. Ab.<\/li><li>Die Brautwerbung am 15. Ab.<\/li><\/ul>\n","protected":false},"excerpt":{"rendered":"<p>Ta&#8217;anit (\u00bbFasten\u00ab \u05de\u05b7\u05e1\u05b6\u05bc\u05db\u05b6\u05ea \u05ea\u05b7\u05bc\u05e2\u05b2\u05e0\u05b6\u05d9\u05ea) behandelt die Regelung besonderer Fastentage in Zeiten der D\u00fcrre (etwa: wann beginnt man um Regen zu beten) oder anderer unvorhergesehener Ereignisse. Es besteht aus vier Kapiteln. Hier in der deutschen&nbsp;\u00dcbersetzung von Lazarus Goldschmidt. Bl\u00e4tter Kapitel 1 2a 2b 3a 3b 4a 4b 5a 5b 6a 6b 7a 7b 8a 8b 9a 9b 10a 10b 11a 11b 12a 12b 13a 13b 14a 14b 15a Kapitel 2 15a 15b 16a 16b 17a 17b 18a 18b Kapitel 3 18b 19a 19b 20a 20b 21a 21b 22a 22b 23a 23b 24a 24b 25a 25b 26a Kapitel 4 26a 26b 27a 27b 28a 28b 29a 29b 30a 30b 31a Inhalt im Detail Kapitel 1. [2a \u2013 15a] I\u2014II,1 Wann man um Regen zu bitten beginnt. Die drei Schl\u00fcssel, die Gott selbst verwahrt. Die Bedeutung des Regens. Die Prozession des Wassergiessens in der Gesetzesehre. Tau, Wind und Regen. Der Wind vor und nach dem Regen. Der Zorn des Gelehrten. Drei Personen \u00e4usserten ihre W\u00fcnsche unrichtig. Bis wann man um Regen bittet. II,2. Fr\u00fch- und Sp\u00e4tregen. Die sieben &hellip;<\/p>\n","protected":false},"author":1,"featured_media":0,"parent":4213,"menu_order":0,"comment_status":"closed","ping_status":"closed","template":"","meta":{"_themeisle_gutenberg_block_has_review":false,"footnotes":""},"class_list":["post-7432","page","type-page","status-publish","hentry"],"jetpack_sharing_enabled":true,"_links":{"self":[{"href":"https:\/\/www.talmud.de\/tlmd\/wp-json\/wp\/v2\/pages\/7432","targetHints":{"allow":["GET"]}}],"collection":[{"href":"https:\/\/www.talmud.de\/tlmd\/wp-json\/wp\/v2\/pages"}],"about":[{"href":"https:\/\/www.talmud.de\/tlmd\/wp-json\/wp\/v2\/types\/page"}],"author":[{"embeddable":true,"href":"https:\/\/www.talmud.de\/tlmd\/wp-json\/wp\/v2\/users\/1"}],"replies":[{"embeddable":true,"href":"https:\/\/www.talmud.de\/tlmd\/wp-json\/wp\/v2\/comments?post=7432"}],"version-history":[{"count":2,"href":"https:\/\/www.talmud.de\/tlmd\/wp-json\/wp\/v2\/pages\/7432\/revisions"}],"predecessor-version":[{"id":7456,"href":"https:\/\/www.talmud.de\/tlmd\/wp-json\/wp\/v2\/pages\/7432\/revisions\/7456"}],"up":[{"embeddable":true,"href":"https:\/\/www.talmud.de\/tlmd\/wp-json\/wp\/v2\/pages\/4213"}],"wp:attachment":[{"href":"https:\/\/www.talmud.de\/tlmd\/wp-json\/wp\/v2\/media?parent=7432"}],"curies":[{"name":"wp","href":"https:\/\/api.w.org\/{rel}","templated":true}]}}