{"id":7748,"date":"2021-08-23T20:44:04","date_gmt":"2021-08-23T18:44:04","guid":{"rendered":"https:\/\/www.talmud.de\/tlmd\/?page_id=7748"},"modified":"2021-08-23T20:44:06","modified_gmt":"2021-08-23T18:44:06","slug":"joel-das-buch-joel","status":"publish","type":"page","link":"https:\/\/www.talmud.de\/tlmd\/tanach\/joel-das-buch-joel\/","title":{"rendered":"Joel \u2013 das Buch Joel"},"content":{"rendered":"\n<p>Das Buch\u00a0<em>Joel<\/em> in der (angepassten) \u00dcbersetzung von Rabbiner Dr. Simon Bernfeld.<\/p>\n\n\n\n\n\n\n<p><a class=\"dafLink\" href=\"#kapitel-1\">1<\/a> <a class=\"dafLink\" href=\"#kapitel-2\">2<\/a> <a class=\"dafLink\" href=\"#kapitel-3\">3<\/a> <a class=\"dafLink\" href=\"#kapitel-4\">4<\/a><\/p>\n\n\n\n\n<h2 id=\"kapitel-1\">Kapitel 1<\/h2>\n<p><em>Die Heuschreckenplage.<\/em><\/p>\n<p><sup>1<\/sup>Das Wort des Herrn, welches an Joel, Sohn Petu\u00ebls, erging.<\/p>\n<p><sup>2<\/sup>H\u00f6ret dieses, ihr Greise, und horchet auf, all ihr Bewohner des Landes! Ist solches geschehen in euren Tagen oder in den Tagen eurer V\u00e4ter?<\/p>\n<p><sup>3<\/sup>Davon werdet ihr euren Kindern erz\u00e4hlen, und eure Kinder ihren Kindern, und ihre Kinder dem sp\u00e4teren Geschlechte.<\/p>\n<p><sup>4<\/sup>Was die Raupe gelassen, fra\u00df die Heuschrecke, und was die Heuschrecke gelassen, fra\u00df der K\u00e4fer, was der K\u00e4fer gelassen, fra\u00df der Schroter.<\/p>\n<p><sup>5<\/sup>Wachet auf, ihr Trunkenen, und weinet und heulet, alle Weinzecher, ob dem Moste, dass er entrissen worden von eurem Munde.<\/p>\n<p><sup>6<\/sup>Denn ein Volk ist herangezogen \u00fcber mein Land, m\u00e4chtig und sonder Zahl; seine Z\u00e4hne sind wie die des L\u00f6wen, und Gebi\u00df der L\u00f6win hat es.<\/p>\n<p><sup>7<\/sup>Es verw\u00fcstet meinen Weinstock und zerknickt meinen Feigenbaum; es sch\u00e4lte ihn blo\u00df und warf alles weg, bleich sind seine Ranken.<\/p>\n<p><sup>8<\/sup>Wehklage wie eine Jungfrau, die sich den Sack umg\u00fcrtet [in der Trauer] um den Gemahl ihrer Jugend.<\/p>\n<p><sup>9<\/sup>Dahin ist Speiseopfer und Spende aus dem Hause des Herrn. Es trauern die Priester, die Diener des Herrn.<\/p>\n<p><sup>10<\/sup>Verheert ist das Gefilde, der Boden trauert; denn verheert ist das Getreide, vernichtet der Most, verwelkt der \u00d6lbaum.<\/p>\n<p><sup>11<\/sup>Best\u00fcrzt stehen die Ackerleute; es heulen die Winzer um den Weizen und um die Gerste; denn dahin ist die Ernte des Feldes.<\/p>\n<p><sup>12<\/sup>Der Weinstock ist zu Schanden und der Feigenbaum verwelkt; Granate samt Palme und Apfelbaum, alle B\u00e4ume des Feldes sind vertrocknet; geschwunden ist die Lust von den Menschenkindern.<\/p>\n<p><sup>13<\/sup>Umg\u00fcrtet euch [mit S\u00e4cken] und trauert, ihr Priester; heulet ihr Diener des Altars; kommet, \u00fcbernachtet in S\u00e4ckken Diener meines Gottes; denn es fehlt dem Hause eures Gottes Speiseopfer und Spende.<\/p>\n<p><sup>14<\/sup>Haltet ein Fasten, verk\u00fcndet eine Volksversammlung, versammelt die \u00c4ltesten, all die Bewohner des Landes in das Haus des Herrn eures Gottes und schreiet zum Herrn.<\/p>\n<p><sup>15<\/sup>Ach, \u00fcber den Tag! denn nah ist der Tag des Herrn; er kommt wie ein m\u00e4chtiger Wolkenbruch.<\/p>\n<p><sup>16<\/sup>Vor unseren Augen wird die Speise hinweggerafft, aus dem Hause unseres Gottes weicht Freude und Wonne.<\/p>\n<p><sup>17<\/sup>Die K\u00f6rner faulen unter ihren Schollen, ver\u00f6det sind die Vorratskammern, zerst\u00f6rt die Speicher, denn vernichtet ist das Getreide.<\/p>\n<p><sup>18<\/sup>Wie \u00e4chzet das Vieh, sind versch\u00fcchtert die Rinderheerden, denn sie haben keinen Weideplatz; auch die Schafheerden leiden.<\/p>\n<p><sup>19<\/sup>Zu dir, o Herr, rufe ich, denn Feuer verzehrt die Auen der Weide und Flamme verbrennt all die B\u00e4ume des Feldes.<\/p>\n<p><sup>20<\/sup>Auch das Vieh des Feldes jammert empor zu dir; denn vertrocknet sind die Wasserquellen, und Feuer hat verzehrt die Auen der Weide.<\/p>\n<h2 id=\"kapitel-2\">Kapitel 2<\/h2>\n<p><em>Nach der eingetretenen Verw\u00fcstung.<\/em><\/p>\n<p><sup>1<\/sup>Sto\u00dfet in die Posaune zu Zijon, und blaset L\u00e4rm auf meinem heiligen Berg; es erbeben all die Bewohner des Landes, denn es kommt der Tag des Herrn, er ist nahe.<\/p>\n<p><sup>2<\/sup>Ein Tag der Finsternis und des D\u00fcsters, ein Tag des Gew\u00f6lks und des Wetterdunkels, schwarz bedeckt sind die Berge; ein Volk, zahlreich und m\u00e4chtig, desgleichen noch niemals gewesen und nicht wieder sein wird bis in die Jahre der sp\u00e4testen Geschlechter.<\/p>\n<p><sup>3<\/sup>Vor ihm her zehrt Feuer und hinter ihm her brennt die Flamme; wie ein Garten Eden ist das Land vor ihm, und hinter ihm eine \u00f6de W\u00fcste; keine Rettung ist vor ihm.<\/p>\n<p><sup>4<\/sup>Wie Rosse sehen sie aus und wie Reiter rennen sie.<\/p>\n<p><sup>5<\/sup>Wie Wagengerassel auf den Spitzen der Berge sprengen sie einher, wie das Knistern der die Stoppeln verzehrenden Feuerflamme, wie ein m\u00e4chtiges, kampfger\u00fcstetes Volk.<\/p>\n<p><sup>6<\/sup>Vor ihm erzittern die V\u00f6lker, alle Gesichter verd\u00fcstern sich.<\/p>\n<p><sup>7<\/sup>Wie Helden rennen sie, wie Kriegsm\u00e4nner besteigen sie die Mauer und gehen jeglicher seinen Weg; sie weichen nicht ab von ihrer Bahn.<\/p>\n<p><sup>8<\/sup>Keiner dr\u00e4ngt den andern, jeder geht in seinem Geleise, und gegen Lanzen rennen sie an und verwunden sich nicht.<\/p>\n<p><sup>9<\/sup>In der Stadt tummeln sie sich umher, auf der Mauer rennen sie, in die H\u00e4user steigen sie ein, durch die Fenster dringen sie ein wie die Diebe.<\/p>\n<p><sup>10<\/sup>Vor ihm erzittert die Erde, erbebt der Himmel, Sonne und Mond verdunkeln sich, und die Sterne ziehen ihr Licht ein.<\/p>\n<p><sup>11<\/sup>Der Herr l\u00e4\u00dft seine Stimme erschallen vor seinem Heere; denn sehr zahlreich ist sein Lager, m\u00e4chtig der Vollstrecker seines Befehls; gro\u00df ist der Tag des Herrn und sehr furchtbar, wer kann gegen ihn bestehen?<\/p>\n<p><sup>12<\/sup>Auch jetzt noch, spricht der Herr, kehret zur\u00fcck zu mir mit eurem ganzen Herzen und mit Fasten, mit Weinen und mit Klage.<\/p>\n<p><sup>13<\/sup>Zerrei\u00dfet euer Herz, aber nicht blos eure Kleider, kehret zur\u00fcck zum Herrn eurem Gotte; denn gn\u00e4dig und barmherzig ist er, langm\u00fctig und reich an Huld, er bedenkt sich wegen des Unheils.<\/p>\n<p><sup>14<\/sup>Wer wei\u00df? vielleicht bedenkt er sich und l\u00e4\u00dft nach sich Segen zur\u00fcck, Speiseopfer und Spende f\u00fcr den Herrn, euren Gott.<\/p>\n<p><sup>15<\/sup>Sto\u00dfet in die Posaune in Zijon, haltet ein Fasten, verk\u00fcndet eine Volksversammlung.<\/p>\n<p><sup>16<\/sup>Versammelt das Volk, lasst die Gemeinde sich r\u00fcsten, berufet die \u00c4ltesten, versammelt Kinder und S\u00e4uglinge; mag ausgehen der Br\u00e4utigam aus seinem Zimmer und die Braut aus ihrem Brautgemach.<\/p>\n<p><sup>17<\/sup>Zwischen der Halle und dem Altar sollen die Priester weinen, die Diener des Herrn, und sprechen: Schone, o Herr, dein Volk, und gib nicht dein Erbe der Schmach preis, dass V\u00f6lker sie beherrschen. Warum soll man unter den Nationen sprechen: Wo ist ihr Gott?<\/p>\n<p><sup>18<\/sup>Der Herr nahm sich seines Landes an und erbarmte sich seines Volkes.<\/p>\n<p><sup>19<\/sup>Der Herr verk\u00fcndete und sprach zu seinem Volke: Ich sende euch das Getreide, den Most und das \u00d6l, und ihr sollt euch daran s\u00e4ttigen; ich werde euch nicht ferner zur Schmach sein lassen unter den V\u00f6lkern.<\/p>\n<p><sup>20<\/sup>Und die [Heuschrecken] vom Norden werde ich von euch entfernen und sie sto\u00dfen in ein d\u00fcrres und \u00f6des Land, den Vortrab in das \u00f6stliche Meer und den Nachtrab in das westliche [mittell\u00e4ndische] Meer, dass ihr Verwesungsgeruch emporsteige und ihr Gestank sich verbreite; wahrlich [Gott] tut Gro\u00dfes.<\/p>\n<p><sup>21<\/sup>F\u00fcrchte dich nicht, Erdboden, sondern frohlocke und freue dich; denn der Herr hat Gro\u00dfes getan.<\/p>\n<p><sup>22<\/sup>F\u00fcrchtet euch nicht, auch ihr Tiere des Feldes, denn es gr\u00fcnen die Auen der Weide; der Baum reift seine Frucht, der Feigenbaum und der Weinstock geben ihre Kraft.<\/p>\n<p><sup>23<\/sup>Und ihr, Kinder Zijon, frohlocket und freuet euch an dem Herrn, euerm Gotte; denn er gibt euch den segenbringenden Fr\u00fchregen und l\u00e4\u00dft euch Regen herabkommen, Fr\u00fchregen und Sp\u00e4tregen im ersten [Monat].<\/p>\n<p><sup>24<\/sup>Voll werden die Tennen von Korn, und die Kelter flie\u00dfen \u00fcber von Most und \u00d6l.<\/p>\n<p><sup>25<\/sup>Ich werde euch erstatten die Jahre, deren Ertrag die Heuschrecke aufgezehrt, der K\u00e4fer, der Schroter und die Raupe, mein gro\u00dfes Heer, das ich gegen euch gesandt.<\/p>\n<p><sup>26<\/sup>Ihr werdet essen und satt werden und den Namen des Herrn eures Gottes preisen, der an euch Wunderbares getan; mein Volk soll in Ewigkeit nicht zu Schanden werden.<\/p>\n<p><sup>27<\/sup>Ihr werdet erkennen, dass ich unter Israel weile, dass ich der Herr, euer Gott, bin und keiner sonst. Mein Volk soll in Ewigkeit nicht zu Schanden werden.<\/p>\n<h2 id=\"kapitel-3\">Kapitel 3<\/h2>\n<p><em>Das allgemeine Strafgericht.<\/em><\/p>\n<p><sup>1<\/sup>Nachher werde ich meinen Geist \u00fcber alle Gesch\u00f6pfe ausgie\u00dfen; es werden weissagen eure S\u00f6hne und eure T\u00f6chter; eure Alten werden Tr\u00e4ume haben, eure J\u00fcnglinge werden Gesichte schauen.<\/p>\n<p><sup>2<\/sup>Selbst \u00fcber die Knechte und die M\u00e4gde werde ich in jenen Tagen meinen Geist ausgie\u00dfen.<\/p>\n<p><sup>3<\/sup>Ich lasse Zeichen am Himmel und auf Erden erscheinen: Blut, Feuer und Rauchs\u00e4ulen.<\/p>\n<p><sup>4<\/sup>Die Sonne wird sich verwandeln in Finsternis und der Mond wird blutrot, bevor der Tag des Herrn kommt, der gro\u00dfe und furchtbare.<\/p>\n<p><sup>5<\/sup>Nur der, welcher benannt wird mit dem Namen des Herrn, wird entrinnen; denn auf dem Berge Zijon und in Jerusalem wird Rettung sein, wie der Herr verhei\u00dfen hat, und unter den \u00dcbriggebliebenen, die der Herr erw\u00e4hlt.<\/p>\n<h2 id=\"kapitel-4\">Kapitel 4<\/h2>\n<p><em>Israels Wiederherstellung.<\/em><\/p>\n<p><sup>1<\/sup>Denn in jenen Tagen, in jener Zeit will ich Jehuda und Jerusalem wieder herstellen.<\/p>\n<p><sup>2<\/sup>Ich werde versammeln alle V\u00f6lker und sie hinabf\u00fchren in das Tal Josafat; dort will ich mit ihnen rechten wegen meines Volkes und meines Erbes Israel, das sie verstreuet unter die V\u00f6lker, und mein Land haben sie unter sich verteilt.<\/p>\n<p><sup>3<\/sup>\u00dcber mein Volk warfen sie das Los, sie gaben hin den Knaben um die Buhlerin, und das M\u00e4dchen verkauften sie um Wein und tranken.<\/p>\n<p><sup>4<\/sup>Und auch ihr \u2014 Tyrus und Zidon und all ihr Kreise der Philister, was wollt ihr von mir? Wollt ihr f\u00fcr mich Vergeltugn \u00fcben oder wollt ihr mir Dienste erweisen? Recht bald werde ich euern Lohn euch auf das Haupt heimzahlen.<\/p>\n<p><sup>5<\/sup>Mein Silber und mein Gold habt ihr genommen und meine sch\u00f6nsten Kostbarkeiten in eure Tempel gebracht;<\/p>\n<p><sup>6<\/sup>Die Jud\u00e4er und die Jerusalemiter habt ihr an die Jonier verkauft, um sie wegzuf\u00fchren von ihrer Heimat.<\/p>\n<p><sup>7<\/sup>Ich erwecke sie aber von dem Orte, dahin ihr sie verkauft habt, und zahle euren Lohn euch auf das Haupt heim.<\/p>\n<p><sup>8<\/sup>Ich verkaufe eure s\u00f6hne und eure T\u00f6chter in die Hand der Jud\u00e4er, und sie sollen sie verkaufen an Sklavenh\u00e4ndler an ein fernes Volk; denn der Herr hat es verhei\u00dfen.<\/p>\n<p><sup>9<\/sup>Verk\u00fcndet dies unter den V\u00f6lkern, r\u00fcstet den Krieg, wecket die Helden, herantreten, heraufziehen sollen alle Kriegsleute.<\/p>\n<p><sup>10<\/sup>Schmiedet eure Sicheln zu Schwertern und eure Rebenmesser zu Speeren; der Schw\u00e4chling spreche: Ein Held bin ich.<\/p>\n<p><sup>11<\/sup>St\u00fcrmet heran und kommt, ihr V\u00f6lker, von allen Seiten und sammelt euch; dort legt der Herr deine Helden nieder.<\/p>\n<p><sup>12<\/sup>Erwachen sollen die V\u00f6lker und heranziehen in das Tal Josafat, denn dort werde ich sitzen, zu richten all die V\u00f6lker.<\/p>\n<p><sup>13<\/sup>Leget an die Sichel, denn reif ist die Ernte; kommet, ziehet hinab, denn voll ist die Kelter, die Keller flie\u00dfen \u00fcber, gro\u00df ist ihre Bosheit.<\/p>\n<p><sup>14<\/sup>Haufen \u00fcber Haufen kommen an im Tale der Entscheidung; denn nahe ist der Tag des Herrn im Tale der Entscheidung.<\/p>\n<p><sup>15<\/sup>Sonne und Mond verdunkeln sich, und die Sterne ziehen ihr Licht ein.<\/p>\n<p><sup>16<\/sup>Der Herr schreit von Zijon aus und aus Jerusalem l\u00e4\u00dft er seine Stimme erschallen; es erbeben Himmel und Erde. Aber der Herr ist Zuflucht seinem Volke und eine Veste den Kindern Israel.<\/p>\n<p><sup>17<\/sup>Ihr werdet erkennen, dass ich der Herr euer Gott bin, der auf Zijon, meinem heiligen Berge, thronet; Jerusalem soll ein Heiligtum sein, Fremde sollen es nicht mehr durchziehen.<\/p>\n<p><sup>18<\/sup>An jenem Tage werden die Berge Most tr\u00e4ufeln und die H\u00fcgel werden Milch str\u00f6men, alle Quellen Jehudas Wasser str\u00f6men; ein Quell wird ausgehen vom Hause des Herrn und tr\u00e4nken das Tal Sittim.<\/p>\n<p><sup>19<\/sup>\u00c4gypten wird zur \u00d6de werden und Edom zur \u00f6den W\u00fcste werden, ob der Gemwalttat gegen die Jud\u00e4er, in deren Land sie unschuldig Blut vergossen.<\/p>\n<p><sup>20<\/sup>Jehuda aber wird ewig bewohnt sein und Jerusalem bis in die sp\u00e4testen Geschlechter.<\/p>\n<p><sup>21<\/sup>Ich r\u00e4che ihr Blut, das ich noch nicht ger\u00e4cht; der Herr wird thronen in Zijon!<\/p>\n\n\n\n<p class=\"has-text-align-center has-medium-font-size\"><strong><a href=\"https:\/\/www.talmud.de\/tlmd\/tanach\/\">Der Tanach in deutscher Sprache \u2013 Inhaltsverzeichnis<\/a><\/strong><\/p>\n","protected":false},"excerpt":{"rendered":"<p>Das Buch\u00a0Joel in der (angepassten) \u00dcbersetzung von Rabbiner Dr. Simon Bernfeld. 1 2 3 4 Kapitel 1 Die Heuschreckenplage. 1Das Wort des Herrn, welches an Joel, Sohn Petu\u00ebls, erging. 2H\u00f6ret dieses, ihr Greise, und horchet auf, all ihr Bewohner des Landes! Ist solches geschehen in euren Tagen oder in den Tagen eurer V\u00e4ter? 3Davon werdet ihr euren Kindern erz\u00e4hlen, und eure Kinder ihren Kindern, und ihre Kinder dem sp\u00e4teren Geschlechte. 4Was die Raupe gelassen, fra\u00df die Heuschrecke, und was die Heuschrecke gelassen, fra\u00df der K\u00e4fer, was der K\u00e4fer gelassen, fra\u00df der Schroter. 5Wachet auf, ihr Trunkenen, und weinet und heulet, alle Weinzecher, ob dem Moste, dass er entrissen worden von eurem Munde. 6Denn ein Volk ist herangezogen \u00fcber mein Land, m\u00e4chtig und sonder Zahl; seine Z\u00e4hne sind wie die des L\u00f6wen, und Gebi\u00df der L\u00f6win hat es. 7Es verw\u00fcstet meinen Weinstock und zerknickt meinen Feigenbaum; es sch\u00e4lte ihn blo\u00df und warf alles weg, bleich sind seine Ranken. 8Wehklage wie eine Jungfrau, die sich den Sack umg\u00fcrtet [in der Trauer] um den Gemahl ihrer Jugend. 9Dahin &hellip;<\/p>\n","protected":false},"author":1,"featured_media":0,"parent":3661,"menu_order":0,"comment_status":"closed","ping_status":"closed","template":"","meta":{"_themeisle_gutenberg_block_has_review":false,"footnotes":""},"class_list":["post-7748","page","type-page","status-publish","hentry"],"jetpack_sharing_enabled":true,"_links":{"self":[{"href":"https:\/\/www.talmud.de\/tlmd\/wp-json\/wp\/v2\/pages\/7748","targetHints":{"allow":["GET"]}}],"collection":[{"href":"https:\/\/www.talmud.de\/tlmd\/wp-json\/wp\/v2\/pages"}],"about":[{"href":"https:\/\/www.talmud.de\/tlmd\/wp-json\/wp\/v2\/types\/page"}],"author":[{"embeddable":true,"href":"https:\/\/www.talmud.de\/tlmd\/wp-json\/wp\/v2\/users\/1"}],"replies":[{"embeddable":true,"href":"https:\/\/www.talmud.de\/tlmd\/wp-json\/wp\/v2\/comments?post=7748"}],"version-history":[{"count":2,"href":"https:\/\/www.talmud.de\/tlmd\/wp-json\/wp\/v2\/pages\/7748\/revisions"}],"predecessor-version":[{"id":7750,"href":"https:\/\/www.talmud.de\/tlmd\/wp-json\/wp\/v2\/pages\/7748\/revisions\/7750"}],"up":[{"embeddable":true,"href":"https:\/\/www.talmud.de\/tlmd\/wp-json\/wp\/v2\/pages\/3661"}],"wp:attachment":[{"href":"https:\/\/www.talmud.de\/tlmd\/wp-json\/wp\/v2\/media?parent=7748"}],"curies":[{"name":"wp","href":"https:\/\/api.w.org\/{rel}","templated":true}]}}