{"id":7771,"date":"2021-08-30T09:19:40","date_gmt":"2021-08-30T07:19:40","guid":{"rendered":"https:\/\/www.talmud.de\/tlmd\/?page_id=7771"},"modified":"2021-09-30T09:43:07","modified_gmt":"2021-09-30T07:43:07","slug":"zum-wochenabschnitt-nitzawim","status":"publish","type":"page","link":"https:\/\/www.talmud.de\/tlmd\/zum-wochenabschnitt-nitzawim\/","title":{"rendered":"Zum Wochenabschnitt Nitzawim"},"content":{"rendered":"\n<figure class=\"wp-block-image size-large\"><a href=\"https:\/\/i0.wp.com\/www.talmud.de\/tlmd\/wp-content\/uploads\/2020\/09\/mischkan_sprachkasse1.jpg?ssl=1\"><img data-recalc-dims=\"1\" loading=\"lazy\" decoding=\"async\" width=\"840\" height=\"611\" src=\"https:\/\/i0.wp.com\/www.talmud.de\/tlmd\/wp-content\/uploads\/2020\/09\/mischkan_sprachkasse1.jpg?resize=840%2C611&#038;ssl=1\" alt=\"\" class=\"wp-image-6219\" srcset=\"https:\/\/i0.wp.com\/www.talmud.de\/tlmd\/wp-content\/uploads\/2020\/09\/mischkan_sprachkasse1.jpg?resize=1024%2C745&amp;ssl=1 1024w, https:\/\/i0.wp.com\/www.talmud.de\/tlmd\/wp-content\/uploads\/2020\/09\/mischkan_sprachkasse1.jpg?resize=300%2C218&amp;ssl=1 300w, https:\/\/i0.wp.com\/www.talmud.de\/tlmd\/wp-content\/uploads\/2020\/09\/mischkan_sprachkasse1.jpg?resize=768%2C559&amp;ssl=1 768w, https:\/\/i0.wp.com\/www.talmud.de\/tlmd\/wp-content\/uploads\/2020\/09\/mischkan_sprachkasse1.jpg?w=1100&amp;ssl=1 1100w\" sizes=\"auto, (max-width: 840px) 100vw, 840px\" \/><\/a><\/figure>\n\n\n\n<h2 class=\"wp-block-heading\">Zusammenfassung<\/h2>\n\n\n\n<p><em>Dewarim<\/em> 29,9-30,20&nbsp;<br>Im Fokus des Abschnitts dieser Woche liegt ein Bund Gottes mit dem gesamten j\u00fcdischen Volk in Moaw, dieses Mal werden ausdr\u00fccklich auch Israeliten miteinbezogen, die nicht unmittelbar anwesend sind. Im Anschluss daran wird gemahnt, sich nicht dem G\u00f6tzendienst hinzugeben dem die anderen Bewohner des Landes nachgehen. Gott versichert den Israeliten, dass er sie nicht vergesse, sie sollten sich jedoch auch an die Mitzwot halten.<\/p>\n\n\n\n<h2 class=\"wp-block-heading\">Torahabschnitt<\/h2>\n\n\n\n<ul class=\"wp-block-list\"><li><strong><a href=\"https:\/\/www.talmud.de\/tlmd\/die-torah-eine-deutsche-uebersetzung\/die-torah-nitzawim\/\">Text des Abschnitts Nitzawim<\/a><\/strong>&nbsp;(Deutsch)<\/li><li><strong><a rel=\"noreferrer noopener\" href=\"https:\/\/www.sefaria.org\/Deuteronomy.29.9?ven=Die_Heilige_Schrift,_trans._Dr._Simon_Bernfeld,_Berlin,_1902_-_German_[de]&amp;lang=bi&amp;aliyot=1\" target=\"_blank\">Text des Abschnitts Nitzawim<\/a><\/strong>&nbsp;(Deutsch-Hebr\u00e4isch), talmud.de \u00dcbersetzung auf&nbsp;<em>Sefaria<\/em> <img data-recalc-dims=\"1\" loading=\"lazy\" decoding=\"async\" width=\"20\" height=\"24\" class=\"wp-image-7704\" style=\"width: 20px;\" src=\"https:\/\/i0.wp.com\/www.talmud.de\/tlmd\/wp-content\/uploads\/2021\/08\/sefaria_klein.png?resize=20%2C24&#038;ssl=1\" alt=\"Sefaria Logo\"><\/li><\/ul>\n\n\n\n<h2 class=\"wp-block-heading\">Zum Wochenabschnitt<\/h2>\n\n\n\n<ul class=\"wp-block-list\"><li><a rel=\"noreferrer noopener\" href=\"https:\/\/www.juedische-allgemeine.de\/religion\/waehle-das-leben-damit-du-lebst\/\" target=\"_blank\"><strong>\u00bbW\u00e4hle das Leben, damit du lebst!\u00ab<\/strong><\/a> Mosche ermuntert uns, die richtige Entscheidung zu f\u00e4llen und dem Weg der Tora zu folgen \u2013 auch im Interesse sp\u00e4terer Generationen Von Schimon Lang <em>J\u00fcdische Allgemeine<\/em><\/li><li><strong><a rel=\"noreferrer noopener\" href=\"https:\/\/www.juedische-allgemeine.de\/religion\/kehr-um\/\" target=\"_blank\">Kehr um!<\/a><\/strong> Im Monat Elul sind wir aufgerufen, zu uns selbst zur\u00fcckzufinden Von Rabbiner Rabbiner Jaron Engelmayer <em>J\u00fcdische Allgemeine<\/em><\/li><li><strong><a rel=\"noreferrer noopener\" href=\"https:\/\/www.juedische-allgemeine.de\/allgemein\/jenseits-der-zeit\/\" target=\"_blank\">Jenseits der Zeit&nbsp;<\/a><\/strong>Warum die Tora jedem Juden und jeder Generation gegeben ist. Von Chajm Guski&nbsp;<em>J\u00fcdische Allgemeine<\/em><\/li><li><strong><a rel=\"noreferrer noopener\" href=\"https:\/\/www.juedische-allgemeine.de\/religion\/furcht-und-ehrfurcht\/\" target=\"_blank\">Furcht und Ehrfurcht<\/a><\/strong> Wie der Mensch heute versucht, sein Verh\u00e4ltnis zu G\u2019tt zu bestimmen Von Chaya Tal <em>J\u00fcdische Allgemeine<\/em><\/li><li><strong><a rel=\"noreferrer noopener\" href=\"https:\/\/www.juedische-allgemeine.de\/religion\/alles-hat-seinen-preis\/\" target=\"_blank\">Alles hat seinen Preis <\/a><\/strong>Dem Menschen ist besonders kostbar, wof\u00fcr er gro\u00dfe Opfer gebracht hat Von Rabbiner Israel Meir Levinger <em>J\u00fcdische Allgemeine<\/em><\/li><li><strong><a rel=\"noreferrer noopener\" href=\"https:\/\/de.chabad.org\/parshah\/article_cdo\/aid\/704266\/jewish\/Standhaft-an-der-Jahresschwelle.htm\" target=\"_blank\">Standhaft an der Jahresschwelle<\/a><\/strong> Von Rabbiner Dr. William Stern <em>Chabad<\/em><\/li><\/ul>\n\n\n\n<h2 class=\"wp-block-heading\">Haftarah<\/h2>\n\n\n\n<p id=\"block-1efbfdad-f471-44be-b26f-d6a4abb79e15\">Einige Gemeinden lesen die Haftarah <em>Sos Asis<\/em>, andere die Haftarah <em>Schuwah<\/em>.<br><em>Sos Asis<\/em>: Jeschajahu <a href=\"https:\/\/www.talmud.de\/tlmd\/tanach\/jeschajahu-das-buch-jesaja\/#Kapitel61\">61,9\u201363,9<\/a>. <br>Nach jemenitischem Minhag beginnt man mit Vers 9, alle anderen beginnen mit 61,10.<\/p>\n\n\n\n<figure class=\"wp-block-table\"><table><thead><tr><th>nach:<\/th><th>Haftarah<\/th><\/tr><\/thead><tbody><tr><td><em>Mikra&#8217;ot Gedolot<\/em><\/td><td><em>Sos Asis<\/em><\/td><\/tr><tr><td><em>Sefer ha Pardes<\/em>\/Schulchan Aruch<\/td><td><em>Sos Asis<\/em><\/td><\/tr><tr><td>Machsor Vitri<\/td><td><em>Schuwah<\/em><\/td><\/tr><tr><td><em>Sefer haEschkol<\/em> (Algerien)<\/td><td><em>Schuwah<\/em><\/td><\/tr><\/tbody><\/table><\/figure>\n\n\n\n<div class=\"wp-block-group\"><div class=\"wp-block-group__inner-container is-layout-flow wp-block-group-is-layout-flow\">\n<div class=\"wp-block-columns is-layout-flex wp-container-core-columns-is-layout-1 wp-block-columns-is-layout-flex\">\n<div class=\"wp-block-column is-layout-flow wp-block-column-is-layout-flow\" style=\"flex-basis:33.33%\">\n<figure class=\"wp-block-image size-large\"><a href=\"https:\/\/www.talmud.de\/tlmd\/zum-wochenabschnitt\/\"><img data-recalc-dims=\"1\" loading=\"lazy\" decoding=\"async\" width=\"89\" height=\"81\" src=\"https:\/\/i0.wp.com\/www.talmud.de\/tlmd\/wp-content\/uploads\/2021\/03\/torah_rolle_80.png?resize=89%2C81&#038;ssl=1\" alt=\"\" class=\"wp-image-7253\"\/><\/a><\/figure>\n<\/div>\n\n\n\n<div class=\"wp-block-column is-layout-flow wp-block-column-is-layout-flow\" style=\"flex-basis:66.66%\">\n<p><a href=\"https:\/\/www.talmud.de\/tlmd\/zum-wochenabschnitt\/\"><img data-recalc-dims=\"1\" loading=\"lazy\" decoding=\"async\" width=\"33\" height=\"20\" class=\"wp-image-1962\" style=\"width: 33px;\" src=\"https:\/\/i0.wp.com\/www.talmud.de\/tlmd\/wp-content\/uploads\/2016\/02\/hand_talmudde.png?resize=33%2C20&#038;ssl=1\" alt=\"\"> <strong>Zur \u00dcbersicht \u00fcber die Wochenabschnitte<\/strong><\/a><\/p>\n<\/div>\n<\/div>\n\n\n\n<p><\/p>\n<\/div><\/div>\n","protected":false},"excerpt":{"rendered":"<p>Zusammenfassung Dewarim 29,9-30,20&nbsp;Im Fokus des Abschnitts dieser Woche liegt ein Bund Gottes mit dem gesamten j\u00fcdischen Volk in Moaw, dieses Mal werden ausdr\u00fccklich auch Israeliten miteinbezogen, die nicht unmittelbar anwesend sind. Im Anschluss daran wird gemahnt, sich nicht dem G\u00f6tzendienst hinzugeben dem die anderen Bewohner des Landes nachgehen. Gott versichert den Israeliten, dass er sie nicht vergesse, sie sollten sich jedoch auch an die Mitzwot halten. Torahabschnitt Text des Abschnitts Nitzawim&nbsp;(Deutsch) Text des Abschnitts Nitzawim&nbsp;(Deutsch-Hebr\u00e4isch), talmud.de \u00dcbersetzung auf&nbsp;Sefaria Zum Wochenabschnitt \u00bbW\u00e4hle das Leben, damit du lebst!\u00ab Mosche ermuntert uns, die richtige Entscheidung zu f\u00e4llen und dem Weg der Tora zu folgen \u2013 auch im Interesse sp\u00e4terer Generationen Von Schimon Lang J\u00fcdische Allgemeine Kehr um! Im Monat Elul sind wir aufgerufen, zu uns selbst zur\u00fcckzufinden Von Rabbiner Rabbiner Jaron Engelmayer J\u00fcdische Allgemeine Jenseits der Zeit&nbsp;Warum die Tora jedem Juden und jeder Generation gegeben ist. Von Chajm Guski&nbsp;J\u00fcdische Allgemeine Furcht und Ehrfurcht Wie der Mensch heute versucht, sein Verh\u00e4ltnis zu G\u2019tt zu bestimmen Von Chaya Tal J\u00fcdische Allgemeine Alles hat seinen Preis Dem Menschen ist besonders kostbar, &hellip;<\/p>\n","protected":false},"author":1,"featured_media":0,"parent":0,"menu_order":0,"comment_status":"closed","ping_status":"closed","template":"","meta":{"_themeisle_gutenberg_block_has_review":false,"footnotes":""},"class_list":["post-7771","page","type-page","status-publish","hentry"],"jetpack_sharing_enabled":true,"_links":{"self":[{"href":"https:\/\/www.talmud.de\/tlmd\/wp-json\/wp\/v2\/pages\/7771","targetHints":{"allow":["GET"]}}],"collection":[{"href":"https:\/\/www.talmud.de\/tlmd\/wp-json\/wp\/v2\/pages"}],"about":[{"href":"https:\/\/www.talmud.de\/tlmd\/wp-json\/wp\/v2\/types\/page"}],"author":[{"embeddable":true,"href":"https:\/\/www.talmud.de\/tlmd\/wp-json\/wp\/v2\/users\/1"}],"replies":[{"embeddable":true,"href":"https:\/\/www.talmud.de\/tlmd\/wp-json\/wp\/v2\/comments?post=7771"}],"version-history":[{"count":2,"href":"https:\/\/www.talmud.de\/tlmd\/wp-json\/wp\/v2\/pages\/7771\/revisions"}],"predecessor-version":[{"id":7944,"href":"https:\/\/www.talmud.de\/tlmd\/wp-json\/wp\/v2\/pages\/7771\/revisions\/7944"}],"wp:attachment":[{"href":"https:\/\/www.talmud.de\/tlmd\/wp-json\/wp\/v2\/media?parent=7771"}],"curies":[{"name":"wp","href":"https:\/\/api.w.org\/{rel}","templated":true}]}}