{"id":7924,"date":"2021-09-30T09:24:40","date_gmt":"2021-09-30T07:24:40","guid":{"rendered":"https:\/\/www.talmud.de\/tlmd\/?page_id=7924"},"modified":"2021-10-11T14:44:47","modified_gmt":"2021-10-11T12:44:47","slug":"zum-wochenabschnitt-lech-lecha","status":"publish","type":"page","link":"https:\/\/www.talmud.de\/tlmd\/zum-wochenabschnitt-lech-lecha\/","title":{"rendered":"Zum Wochenabschnitt Lech Lecha"},"content":{"rendered":"\n<div class=\"wp-block-image\"><figure class=\"aligncenter size-large\"><img data-recalc-dims=\"1\" loading=\"lazy\" decoding=\"async\" width=\"269\" height=\"245\" src=\"https:\/\/i0.wp.com\/www.talmud.de\/tlmd\/wp-content\/uploads\/2021\/03\/torah_rolle.png?resize=269%2C245&#038;ssl=1\" alt=\"\" class=\"wp-image-7257\"\/><\/figure><\/div>\n\n\n\n\n\n\n<h2 class=\"wp-block-heading\">Zusammenfassung<\/h2>\n\n\n\n<p><em>Bereschit 12,1\u201317,27<br><\/em>Abram, Saraj und Lot ziehen nach Kanaan. Eine Hungersnot f\u00fchrt sie weiter nach \u00c4gypten. Um sein Leben zu retten, gibt Abram dort Saraj f\u00fcr seine Schwester aus. Sie verlassen \u00c4gypten. Lot und Abram trennen sich. Lot wird w\u00e4hrend eines Krieges gefangen genommen und durch Abram befreit. Seine \u00e4gyptische Magd Hagar schenkt ihm einen Sohn, Jischmael. Gott schlie\u00dft mit Abram den Bund der Beschneidung. Als Zeichen f\u00fcr diesen Bund soll von nun an jedes m\u00e4nnliche Neugeborene am achten Lebenstage beschnitten werden.<\/p>\n\n\n\n<h2 class=\"wp-block-heading\">Torahabschnitt<\/h2>\n\n\n\n<ul class=\"wp-block-list\" id=\"block-14d6fb05-45d4-40db-a1ef-b8978953d5c3\"><li><strong><a href=\"https:\/\/www.talmud.de\/tlmd\/die-torah-eine-deutsche-uebersetzung\/die-torah-lech-lechah\/\">Text des Abschnitts Lech Lecha<\/a><\/strong>&nbsp;(Deutsch)<\/li><li><strong><a href=\"https:\/\/www.sefaria.org\/Genesis.12.1?ven=Der_Pentateuch,_%C3%BCbersetzt_und_erl%C3%A4utert_von_Samson_Raphael_Hirsch._Frankfurt_am_Main,_1867-1878_[de]&amp;lang=bi&amp;with=all&amp;lang2=en\" target=\"_blank\" rel=\"noreferrer noopener\">Text des Abschnitts Lech Lecha<\/a><\/strong>&nbsp;(Deutsch-Hebr\u00e4isch), talmud.de \u00dcbersetzung auf&nbsp;<em>Sefaria<\/em>&nbsp;<img loading=\"lazy\" decoding=\"async\" width=\"20\" height=\"24\" src=\"https:\/\/i2.wp.com\/www.talmud.de\/tlmd\/wp-content\/uploads\/2021\/08\/sefaria_klein.png?resize=20%2C24&amp;ssl=1\" alt=\"Sefaria Logo\"><\/li><li><strong><a href=\"https:\/\/tikkun.io\/#\/p\/lech-lecha\" target=\"_blank\" rel=\"noreferrer noopener\">Abschnitt im Tikkun<\/a><\/strong>&nbsp;<img loading=\"lazy\" decoding=\"async\" width=\"41\" height=\"28\" src=\"https:\/\/i1.wp.com\/www.talmud.de\/tlmd\/wp-content\/uploads\/2020\/06\/tikkun_online_schriftwechsel.png?resize=41%2C28&amp;ssl=1\" alt=\"\"><\/li><\/ul>\n\n\n\n<h2 class=\"wp-block-heading\">Zum Wochenabschnitt<\/h2>\n\n\n\n<ul class=\"wp-block-list\"><li><strong><a rel=\"noreferrer noopener\" href=\"https:\/\/www.juedische-allgemeine.de\/religion\/zieh-weg-aus-deinem-land\/\" target=\"_blank\">Zieh weg aus deinem Land!<\/a> <\/strong>Awraham muss das Vertraute loslassen, um Stammvater eines neuen Volkes zu werden Von Shimshon Pushenco <em>J\u00fcdische Allgemeine<\/em><\/li><li><strong><a rel=\"noreferrer noopener\" href=\"https:\/\/www.juedische-allgemeine.de\/religion\/zu-weit-gegangen\/\" target=\"_blank\">Zu weit gegangen<\/a><\/strong> G-tt wollte, dass die \u00c4gypter die Israeliten unterdr\u00fccken \u2013 doch weil sie \u00fcbertrieben, bestrafte er sie Von Mendel Itkin <em>J\u00fcdische Allgemeine<\/em><\/li><li><strong><a rel=\"noreferrer noopener\" href=\"https:\/\/www.juedische-allgemeine.de\/religion\/held-des-glaubens\/\" target=\"_blank\">Held des Glaubens<\/a><\/strong> Awrahams besonderer Charakter trug dazu bei, dass der Ewige ihn zum Vater vieler V\u00f6lker erw\u00e4hlte Von Rabbiner Salomon Almekias-Siegl <em>J\u00fcdische Allgemeine<\/em><\/li><li><strong><a rel=\"noreferrer noopener\" href=\"https:\/\/www.juedische-allgemeine.de\/allgemein\/destination-diaspora\/\" target=\"_blank\">Destination Diaspora<\/a><\/strong> Vorsicht! Das Leben au\u00dferhalb Israels birgt die Gefahr der Assimilation in sich Von Rabbiner Salomon Almekias-Siegl <em>J\u00fcdische Allgemeine<\/em><\/li><li><strong><a rel=\"noreferrer noopener\" href=\"https:\/\/www.juedische-allgemeine.de\/religion\/vater-des-glaubens\/\" target=\"_blank\">Vater des Glaubens<\/a><\/strong> Awraham war der erste Mensch, der erkannte, dass der Ewige der einzige G-tt ist Von Rabbiner Joel Berger <em>J\u00fcdische Allgemeine<\/em><\/li><li><strong><a rel=\"noreferrer noopener\" href=\"https:\/\/www.juedische-allgemeine.de\/allgemein\/zweifellos\/\" target=\"_blank\">Zweifellos<\/a> <\/strong>Warum Abram Gottes Bitte befolgte und in ein fremdes Land aufbrach Von Rabbiner Avichai Apel <em>J\u00fcdische Allgemeine <\/em><\/li><li><strong><a rel=\"noreferrer noopener\" href=\"https:\/\/www.juedische-allgemeine.de\/religion\/bestes-beispiel\/\" target=\"_blank\">Bestes Beispiel<\/a><\/strong> Wir sollen wie Avraham sein und alle Mizwot befolgen Von Rabbiner David Goldberg <em>J\u00fcdische Allgemeine<\/em><\/li><li><strong><a rel=\"noreferrer noopener\" href=\"https:\/\/www.juedische-allgemeine.de\/religion\/von-wegen-goldene-mitte\/\" target=\"_blank\">Von wegen goldene Mitte<\/a><\/strong> Wer immer aufs rechte Ma\u00df und Ausgewogenheit achtet, hat keinen Charakter Von Rabbiner Yehuda Teichtal <em>J\u00fcdische Allgemeine<\/em><\/li><li><strong><a rel=\"noreferrer noopener\" href=\"https:\/\/www.hagalil.com\/judentum\/torah\/leibowitz\/lech-lecha.htm\" target=\"_blank\">Lech Lecha &#8211; Abrahams Wahl<\/a><\/strong> Von Nechama Leibowitz <em>hagalil.com<\/em><\/li><li><strong><a href=\"https:\/\/de.chabad.org\/parshah\/article_cdo\/aid\/710965\/jewish\/Abrahams-Beschneidung.htm\">Abrahams Beschneidung<\/a><\/strong> Von Dr. William Stern <em>Chabad<\/em><\/li><li><strong><a href=\"https:\/\/de.chabad.org\/parshah\/article_cdo\/aid\/528999\/jewish\/Das-Geheimnis-der-jdischen-Geschichte.htm\" target=\"_blank\" rel=\"noreferrer noopener\">Das Geheimnis der j\u00fcdischen Geschichte<\/a><\/strong> Von Dr. William Stern <em>Chabad<\/em><\/li><\/ul>\n\n\n\n<h2 class=\"wp-block-heading\">Haftarah<\/h2>\n\n\n\n<p><em>Aschkenasisch<\/em>: <a href=\"https:\/\/www.talmud.de\/tlmd\/tanach\/jeschajahu-das-buch-jesaja\/#Kapitel40\">Jeschajahu 40,27 \u2013 41,16<\/a><br><em>Italienisch, Jemenitisch<\/em>: <a href=\"https:\/\/www.talmud.de\/tlmd\/tanach\/jeschajahu-das-buch-jesaja\/#Kapitel40\">Jeschajahu 40,25 \u2013 41,17<\/a><\/p>\n\n\n\n<div class=\"wp-block-group\"><div class=\"wp-block-group__inner-container is-layout-flow wp-block-group-is-layout-flow\">\n<div class=\"wp-block-columns is-layout-flex wp-container-core-columns-is-layout-1 wp-block-columns-is-layout-flex\">\n<div class=\"wp-block-column is-layout-flow wp-block-column-is-layout-flow\" style=\"flex-basis:33.33%\">\n<figure class=\"wp-block-image size-large\"><a href=\"https:\/\/www.talmud.de\/tlmd\/zum-wochenabschnitt\/\"><img data-recalc-dims=\"1\" loading=\"lazy\" decoding=\"async\" width=\"89\" height=\"81\" src=\"https:\/\/i0.wp.com\/www.talmud.de\/tlmd\/wp-content\/uploads\/2021\/03\/torah_rolle_80.png?resize=89%2C81&#038;ssl=1\" alt=\"\" class=\"wp-image-7253\"\/><\/a><\/figure>\n<\/div>\n\n\n\n<div class=\"wp-block-column is-layout-flow wp-block-column-is-layout-flow\" style=\"flex-basis:66.66%\">\n<p><a href=\"https:\/\/www.talmud.de\/tlmd\/zum-wochenabschnitt\/\"><img data-recalc-dims=\"1\" loading=\"lazy\" decoding=\"async\" width=\"33\" height=\"20\" class=\"wp-image-1962\" style=\"width: 33px;\" src=\"https:\/\/i0.wp.com\/www.talmud.de\/tlmd\/wp-content\/uploads\/2016\/02\/hand_talmudde.png?resize=33%2C20&#038;ssl=1\" alt=\"\"> <strong>Zur \u00dcbersicht \u00fcber die Wochenabschnitte<\/strong><\/a><\/p>\n<\/div>\n<\/div>\n\n\n\n<p><\/p>\n<\/div><\/div>\n","protected":false},"excerpt":{"rendered":"<p>Zusammenfassung Bereschit 12,1\u201317,27Abram, Saraj und Lot ziehen nach Kanaan. Eine Hungersnot f\u00fchrt sie weiter nach \u00c4gypten. Um sein Leben zu retten, gibt Abram dort Saraj f\u00fcr seine Schwester aus. Sie verlassen \u00c4gypten. Lot und Abram trennen sich. Lot wird w\u00e4hrend eines Krieges gefangen genommen und durch Abram befreit. Seine \u00e4gyptische Magd Hagar schenkt ihm einen Sohn, Jischmael. Gott schlie\u00dft mit Abram den Bund der Beschneidung. Als Zeichen f\u00fcr diesen Bund soll von nun an jedes m\u00e4nnliche Neugeborene am achten Lebenstage beschnitten werden. Torahabschnitt Text des Abschnitts Lech Lecha&nbsp;(Deutsch) Text des Abschnitts Lech Lecha&nbsp;(Deutsch-Hebr\u00e4isch), talmud.de \u00dcbersetzung auf&nbsp;Sefaria&nbsp; Abschnitt im Tikkun&nbsp; Zum Wochenabschnitt Zieh weg aus deinem Land! Awraham muss das Vertraute loslassen, um Stammvater eines neuen Volkes zu werden Von Shimshon Pushenco J\u00fcdische Allgemeine Zu weit gegangen G-tt wollte, dass die \u00c4gypter die Israeliten unterdr\u00fccken \u2013 doch weil sie \u00fcbertrieben, bestrafte er sie Von Mendel Itkin J\u00fcdische Allgemeine Held des Glaubens Awrahams besonderer Charakter trug dazu bei, dass der Ewige ihn zum Vater vieler V\u00f6lker erw\u00e4hlte Von Rabbiner Salomon Almekias-Siegl J\u00fcdische Allgemeine Destination Diaspora Vorsicht! Das &hellip;<\/p>\n","protected":false},"author":1,"featured_media":7257,"parent":0,"menu_order":0,"comment_status":"closed","ping_status":"closed","template":"","meta":{"_themeisle_gutenberg_block_has_review":false,"footnotes":""},"class_list":["post-7924","page","type-page","status-publish","has-post-thumbnail","hentry"],"jetpack_sharing_enabled":true,"_links":{"self":[{"href":"https:\/\/www.talmud.de\/tlmd\/wp-json\/wp\/v2\/pages\/7924","targetHints":{"allow":["GET"]}}],"collection":[{"href":"https:\/\/www.talmud.de\/tlmd\/wp-json\/wp\/v2\/pages"}],"about":[{"href":"https:\/\/www.talmud.de\/tlmd\/wp-json\/wp\/v2\/types\/page"}],"author":[{"embeddable":true,"href":"https:\/\/www.talmud.de\/tlmd\/wp-json\/wp\/v2\/users\/1"}],"replies":[{"embeddable":true,"href":"https:\/\/www.talmud.de\/tlmd\/wp-json\/wp\/v2\/comments?post=7924"}],"version-history":[{"count":2,"href":"https:\/\/www.talmud.de\/tlmd\/wp-json\/wp\/v2\/pages\/7924\/revisions"}],"predecessor-version":[{"id":7932,"href":"https:\/\/www.talmud.de\/tlmd\/wp-json\/wp\/v2\/pages\/7924\/revisions\/7932"}],"wp:featuredmedia":[{"embeddable":true,"href":"https:\/\/www.talmud.de\/tlmd\/wp-json\/wp\/v2\/media\/7257"}],"wp:attachment":[{"href":"https:\/\/www.talmud.de\/tlmd\/wp-json\/wp\/v2\/media?parent=7924"}],"curies":[{"name":"wp","href":"https:\/\/api.w.org\/{rel}","templated":true}]}}