{"id":7975,"date":"2021-10-04T11:32:02","date_gmt":"2021-10-04T09:32:02","guid":{"rendered":"https:\/\/www.talmud.de\/tlmd\/?page_id=7975"},"modified":"2025-11-21T11:41:42","modified_gmt":"2025-11-21T09:41:42","slug":"zum-wochenabschnitt-toldot","status":"publish","type":"page","link":"https:\/\/www.talmud.de\/tlmd\/zum-wochenabschnitt-toldot\/","title":{"rendered":"Zum Wochenabschnitt Toldot"},"content":{"rendered":"\n<div class=\"wp-block-image\"><figure class=\"aligncenter size-large\"><img data-recalc-dims=\"1\" loading=\"lazy\" decoding=\"async\" width=\"269\" height=\"245\" src=\"https:\/\/i0.wp.com\/www.talmud.de\/tlmd\/wp-content\/uploads\/2021\/03\/torah_rolle.png?resize=269%2C245&#038;ssl=1\" alt=\"\" class=\"wp-image-7257\"\/><\/figure><\/div>\n\n\n\n<h2 class=\"wp-block-heading\">Zusammenfassung<\/h2>\n\n\n\n<p><em>Bereschit<\/em> 25,19\u201328,9<br>Dieser Wochenabschnitt erz\u00e4hlt von der Geburt der unterschiedlichen Zwillinge Esaw (Esau) und Ja&#8217;akow (Jakob). Ja&#8217;akow verkaufte jedoch f\u00fcr ein \u201erotes Gericht\u201c von Esaw das Erstgeburtsrecht. Wegen einer Hungersnot muss Jitzchak das Land verlassen. Er geht zum K\u00f6nig von Gerar, Awimelech. Dort muss er seine Frau Riwkah (Rebekka) als seine Schwester ausgeben weil er sich um sein Leben f\u00fcrchtet. Als Jitzchak im Sterben liegt, will er Esaw segnen, wird jedoch von Riwkah und Ja&#8217;akow get\u00e4uscht und segnet so Ja&#8217;akow. Er muss jedoch danach vor seinem Bruder Esaw fl\u00fcchten und geht nach Haran.<\/p>\n\n\n\n<h2 class=\"wp-block-heading\">Torahabschnitt<\/h2>\n\n\n\n<ul id=\"block-14d6fb05-45d4-40db-a1ef-b8978953d5c3\" class=\"wp-block-list\">\n<li><strong><a href=\"https:\/\/www.talmud.de\/tlmd\/die-torah-eine-deutsche-uebersetzung\/die-torah-toldot\/\">Text des Abschnitts Toldot<\/a><\/strong>&nbsp;(Deutsch)<\/li>\n\n\n\n<li><strong><a href=\"https:\/\/www.sefaria.org\/Genesis.25.19?ven=Der_Pentateuch,_%C3%BCbersetzt_und_erl%C3%A4utert_von_Samson_Raphael_Hirsch._Frankfurt_am_Main,_1867-1878_[de]&amp;lang=bi&amp;with=all&amp;lang2=en\" target=\"_blank\" rel=\"noreferrer noopener\">Text des Abschnitts Toldot <\/a><\/strong>(Deutsch-Hebr\u00e4isch), talmud.de \u00dcbersetzung auf&nbsp;<em>Sefaria<\/em>&nbsp;<figure><img loading=\"lazy\" decoding=\"async\" width=\"20\" height=\"24\" src=\"https:\/\/i2.wp.com\/www.talmud.de\/tlmd\/wp-content\/uploads\/2021\/08\/sefaria_klein.png?resize=20%2C24&amp;ssl=1\" alt=\"Sefaria Logo\"><\/figure><\/li>\n\n\n\n<li><strong><a href=\"https:\/\/talmud.de\/torah\/bereschit\/bereschit_25_19\/\" target=\"_blank\" rel=\"noreferrer noopener\">Text des Abschnitts Toldot<\/a><\/strong> (Deutsch-Hebr\u00e4isch) in der satzweisen \u00dcbersetzung von Samson Raphael Hirsch mit Kommentar<\/li>\n\n\n\n<li><strong><a href=\"https:\/\/tikkun.io\/#\/p\/toldot\" target=\"_blank\" rel=\"noreferrer noopener\">Abschnitt im Tikkun<\/a><\/strong>&nbsp;<figure><img loading=\"lazy\" decoding=\"async\" width=\"41\" height=\"28\" src=\"https:\/\/i1.wp.com\/www.talmud.de\/tlmd\/wp-content\/uploads\/2020\/06\/tikkun_online_schriftwechsel.png?resize=41%2C28&amp;ssl=1\" alt=\"\"><\/figure><\/li>\n<\/ul>\n\n\n\n<h2 class=\"wp-block-heading\">Zum Wochenabschnitt<\/h2>\n\n\n\n<ul class=\"wp-block-list\">\n<li><strong><a href=\"https:\/\/www.juedische-allgemeine.de\/religion\/an-pruefungen-wachsen\/\" data-type=\"link\" data-id=\"https:\/\/www.juedische-allgemeine.de\/religion\/an-pruefungen-wachsen\/\" target=\"_blank\" rel=\"noreferrer noopener\">An Pr\u00fcfungen wachsen<\/a><\/strong> Warum unsere biblischen Ureltern Hungersn\u00f6te und andere Herausforderungen erleben mussten Von Vyacheslav Dobrovych,  <em>J\u00fcdische Allgemeine<\/em><\/li>\n\n\n\n<li><strong><a href=\"https:\/\/www.juedische-allgemeine.de\/religion\/zwei-voelker\/\" target=\"_blank\" rel=\"noreferrer noopener\">Zwei V\u00f6lker<\/a><\/strong> Riwka wunderte sich \u00fcber das gegens\u00e4tzliche Verhalten des Kindes in ihrem Bauch \u2013 es waren Zwillinge Von Rabbiner Zsolt Balla <em>J\u00fcdische Allgemeine<\/em><\/li>\n\n\n\n<li><strong><a href=\"https:\/\/www.juedische-allgemeine.de\/religion\/mehr-sein-als-scheinen\/\" target=\"_blank\" rel=\"noreferrer noopener\">Mehr sein als scheinen<\/a><\/strong> Der Patriarch Jizchak wirkte vor allem durch Beharrlichkeit Von Chajm Guski <em>J\u00fcdische Allgemeine<\/em><\/li>\n\n\n\n<li><strong><a href=\"https:\/\/www.juedische-allgemeine.de\/religion\/von-generation-zu-generation-3\/\" target=\"_blank\" rel=\"noreferrer noopener\">Von Generation zu Generation<\/a><\/strong> Jizchak verstand seinen Auftrag darin, g\u2019ttesf\u00fcrchtige V\u00f6lker hervorzubringen Von Rabbiner David Geballe <em>J\u00fcdische Allgemeine<\/em><\/li>\n\n\n\n<li><strong><a href=\"https:\/\/www.juedische-allgemeine.de\/religion\/den-guten-ruf-verteidigen\/\" target=\"_blank\" rel=\"noreferrer noopener\">Den guten Ruf verteidigen<\/a><\/strong> Warum es unterschiedliche Angaben dar\u00fcber gibt, wie alt Riwka war, als sie Jizchak heiratete Von Igor Mendel Itkin <em>J\u00fcdische Allgemeine<\/em><\/li>\n\n\n\n<li><strong><a href=\"https:\/\/www.juedische-allgemeine.de\/religion\/von-wegen-ahnungslos\/\" target=\"_blank\" rel=\"noreferrer noopener\">Von wegen ahnungslos<\/a><\/strong> Jizchak wusste ganz genau, dass er Jakow segnete und nicht Esaw Von Rabbiner Jehoschua Ahrens <em>J\u00fcdische Allgemeine<\/em><\/li>\n\n\n\n<li><strong><a href=\"https:\/\/de.chabad.org\/parshah\/article_cdo\/aid\/529006\/jewish\/Die-Zahl-Zehn.htm\" target=\"_blank\" rel=\"noreferrer noopener\">Die Zahl Zehn<\/a><\/strong> Von Dr. William Stern <em>Chabad<\/em><\/li>\n\n\n\n<li><strong><a href=\"https:\/\/de.chabad.org\/parshah\/article_cdo\/aid\/713192\/jewish\/Der-nach-Wasser-grub.htm\" target=\"_blank\" rel=\"noreferrer noopener\">Der nach Wasser grub<\/a><\/strong> Von Dr. William Stern <em>Chabad<\/em><\/li>\n\n\n\n<li><strong><a href=\"https:\/\/de.chabad.org\/parshah\/article_cdo\/aid\/713195\/jewish\/Gegenseitigkeit.htm\" target=\"_blank\" rel=\"noreferrer noopener\">Gegenseitigkeit<\/a><\/strong> Von Dr. William Stern <em>Chabad<\/em><\/li>\n\n\n\n<li><strong><a href=\"https:\/\/www.hagalil.com\/judentum\/torah\/leibowitz\/toldot.htm\" target=\"_blank\" rel=\"noreferrer noopener\">Denn gro\u00df ist mein Name unter den V\u00f6lkern<\/a><\/strong> Von Nechama Leibowitz <em>Hagalil.com<\/em><\/li>\n<\/ul>\n\n\n\n<h2 class=\"wp-block-heading\">Haftarah<\/h2>\n\n\n\n<p><em>Die meisten Minhagim:<\/em> Malachi 1,1 \u2013 2,7<br><em>Jemenitisch: <\/em>Malachi 1,1 \u2013 3,4<\/p>\n\n\n\n<div class=\"wp-block-group\"><div class=\"wp-block-group__inner-container is-layout-flow wp-block-group-is-layout-flow\">\n<div class=\"wp-block-columns is-layout-flex wp-container-core-columns-is-layout-1 wp-block-columns-is-layout-flex\">\n<div class=\"wp-block-column is-layout-flow wp-block-column-is-layout-flow\" style=\"flex-basis:33.33%\">\n<figure class=\"wp-block-image size-large\"><a href=\"https:\/\/www.talmud.de\/tlmd\/zum-wochenabschnitt\/\"><img data-recalc-dims=\"1\" loading=\"lazy\" decoding=\"async\" width=\"89\" height=\"81\" src=\"https:\/\/i0.wp.com\/www.talmud.de\/tlmd\/wp-content\/uploads\/2021\/03\/torah_rolle_80.png?resize=89%2C81&#038;ssl=1\" alt=\"\" class=\"wp-image-7253\"\/><\/a><\/figure>\n<\/div>\n\n\n\n<div class=\"wp-block-column is-layout-flow wp-block-column-is-layout-flow\" style=\"flex-basis:66.66%\">\n<p><a href=\"https:\/\/www.talmud.de\/tlmd\/zum-wochenabschnitt\/\"><img data-recalc-dims=\"1\" loading=\"lazy\" decoding=\"async\" width=\"33\" height=\"20\" class=\"wp-image-1962\" style=\"width: 33px;\" src=\"https:\/\/i0.wp.com\/www.talmud.de\/tlmd\/wp-content\/uploads\/2016\/02\/hand_talmudde.png?resize=33%2C20&#038;ssl=1\" alt=\"\"> <strong>Zur \u00dcbersicht \u00fcber die Wochenabschnitte<\/strong><\/a><\/p>\n<\/div>\n<\/div>\n\n\n\n<p><\/p>\n<\/div><\/div>\n","protected":false},"excerpt":{"rendered":"<p>Zusammenfassung Bereschit 25,19\u201328,9Dieser Wochenabschnitt erz\u00e4hlt von der Geburt der unterschiedlichen Zwillinge Esaw (Esau) und Ja&#8217;akow (Jakob). Ja&#8217;akow verkaufte jedoch f\u00fcr ein \u201erotes Gericht\u201c von Esaw das Erstgeburtsrecht. Wegen einer Hungersnot muss Jitzchak das Land verlassen. Er geht zum K\u00f6nig von Gerar, Awimelech. Dort muss er seine Frau Riwkah (Rebekka) als seine Schwester ausgeben weil er sich um sein Leben f\u00fcrchtet. Als Jitzchak im Sterben liegt, will er Esaw segnen, wird jedoch von Riwkah und Ja&#8217;akow get\u00e4uscht und segnet so Ja&#8217;akow. Er muss jedoch danach vor seinem Bruder Esaw fl\u00fcchten und geht nach Haran. Torahabschnitt Zum Wochenabschnitt Haftarah Die meisten Minhagim: Malachi 1,1 \u2013 2,7Jemenitisch: Malachi 1,1 \u2013 3,4<\/p>\n","protected":false},"author":1,"featured_media":0,"parent":0,"menu_order":0,"comment_status":"closed","ping_status":"closed","template":"","meta":{"_themeisle_gutenberg_block_has_review":false,"footnotes":""},"class_list":["post-7975","page","type-page","status-publish","hentry"],"jetpack_sharing_enabled":true,"_links":{"self":[{"href":"https:\/\/www.talmud.de\/tlmd\/wp-json\/wp\/v2\/pages\/7975","targetHints":{"allow":["GET"]}}],"collection":[{"href":"https:\/\/www.talmud.de\/tlmd\/wp-json\/wp\/v2\/pages"}],"about":[{"href":"https:\/\/www.talmud.de\/tlmd\/wp-json\/wp\/v2\/types\/page"}],"author":[{"embeddable":true,"href":"https:\/\/www.talmud.de\/tlmd\/wp-json\/wp\/v2\/users\/1"}],"replies":[{"embeddable":true,"href":"https:\/\/www.talmud.de\/tlmd\/wp-json\/wp\/v2\/comments?post=7975"}],"version-history":[{"count":2,"href":"https:\/\/www.talmud.de\/tlmd\/wp-json\/wp\/v2\/pages\/7975\/revisions"}],"predecessor-version":[{"id":10410,"href":"https:\/\/www.talmud.de\/tlmd\/wp-json\/wp\/v2\/pages\/7975\/revisions\/10410"}],"wp:attachment":[{"href":"https:\/\/www.talmud.de\/tlmd\/wp-json\/wp\/v2\/media?parent=7975"}],"curies":[{"name":"wp","href":"https:\/\/api.w.org\/{rel}","templated":true}]}}