{"id":7996,"date":"2021-10-12T09:57:29","date_gmt":"2021-10-12T07:57:29","guid":{"rendered":"https:\/\/www.talmud.de\/tlmd\/?page_id=7996"},"modified":"2025-11-24T13:33:22","modified_gmt":"2025-11-24T11:33:22","slug":"zum-wochenabschnitt-wajeze","status":"publish","type":"page","link":"https:\/\/www.talmud.de\/tlmd\/zum-wochenabschnitt-wajeze\/","title":{"rendered":"Zum Wochenabschnitt Wa\u2019jeze"},"content":{"rendered":"\n<div class=\"wp-block-image\"><figure class=\"aligncenter size-large\"><img data-recalc-dims=\"1\" loading=\"lazy\" decoding=\"async\" width=\"269\" height=\"245\" src=\"https:\/\/i0.wp.com\/www.talmud.de\/tlmd\/wp-content\/uploads\/2021\/03\/torah_rolle.png?resize=269%2C245&#038;ssl=1\" alt=\"\" class=\"wp-image-7257\"\/><\/figure><\/div>\n\n\n\n\n\n\n<h2 class=\"wp-block-heading\">Zusammenfassung<\/h2>\n\n\n\n<p><em>Bereschit<\/em> 28,10\u201332,3<br>Dieser Wochenabschnitt erz\u00e4hlt von einem Traum Jakobs. In diesem erblickt er eine Leiter auf der Engel hinauf und hinunter gehen und in diesem Traum segnet Gott Jakob. Nachdem er erwacht ist, nennt er den Ort Bet-El. Um Rachel heiraten zu k\u00f6nnen, muss Jakob sieben Jahre f\u00fcr Rachels Vater Laban arbeiten. Laban f\u00fchrt Jakob jedoch hinters Licht und er heiratet Rachels Schwester Lea und muss sieben weitere Jahre f\u00fcr Rachel arbeiten. Mit seinen Frauen und ihren Dienerinnen hat Jakob elf S\u00f6hne und eine Tochter. Jakob verl\u00e4sst Laban als reicher Mann.<\/p>\n\n\n\n<h2 class=\"wp-block-heading\">Torahabschnitt<\/h2>\n\n\n\n<ul id=\"block-14d6fb05-45d4-40db-a1ef-b8978953d5c3\" class=\"wp-block-list\">\n<li><strong><a href=\"https:\/\/www.talmud.de\/tlmd\/die-torah-eine-deutsche-uebersetzung\/die-torah-wajeze\/\">Text des Abschnitts Wa&#8217;jetze<\/a><\/strong>&nbsp;(Deutsch)<\/li>\n\n\n\n<li><strong><a href=\"https:\/\/www.sefaria.org\/Genesis.28.10?ven=Der_Pentateuch,_%C3%BCbersetzt_und_erl%C3%A4utert_von_Samson_Raphael_Hirsch._Frankfurt_am_Main,_1867-1878_[de]&amp;lang=bi&amp;with=all&amp;lang2=en\" target=\"_blank\" rel=\"noreferrer noopener\">Text des Abschnitts Wa&#8217;jetze&nbsp;<\/a><\/strong>(Deutsch-Hebr\u00e4isch), talmud.de \u00dcbersetzung auf&nbsp;<em>Sefaria<\/em>&nbsp;<img loading=\"lazy\" decoding=\"async\" width=\"20\" height=\"24\" style=\"background-color: rgba(0, 0, 0, 0.2);\" src=\"https:\/\/i2.wp.com\/www.talmud.de\/tlmd\/wp-content\/uploads\/2021\/08\/sefaria_klein.png?resize=20%2C24&amp;ssl=1\" alt=\"Sefaria Logo\"><\/li>\n\n\n\n<li><strong><a href=\"https:\/\/talmud.de\/torah\/bereschit\/bereschit_28_10\/\" data-type=\"link\" data-id=\"https:\/\/talmud.de\/torah\/bereschit\/bereschit_28_10\/\" target=\"_blank\" rel=\"noreferrer noopener\">Text des Abschnitts Wa&#8217;jetze<\/a><\/strong> (Deutsch-Hebr\u00e4isch) mit zeilenweiser \u00dcbersetzung und Kommentar<\/li>\n\n\n\n<li><strong><a href=\"https:\/\/tikkun.io\/#\/p\/vayetzei\" target=\"_blank\" rel=\"noreferrer noopener\">Abschnitt im Tikkun<\/a><\/strong>&nbsp;<img data-recalc-dims=\"1\" loading=\"lazy\" decoding=\"async\" width=\"41\" height=\"28\" class=\"wp-image-5932\" style=\"width: 41px;\" src=\"https:\/\/i0.wp.com\/www.talmud.de\/tlmd\/wp-content\/uploads\/2020\/06\/tikkun_online_schriftwechsel.png?resize=41%2C28&#038;ssl=1\" alt=\"\"><\/li>\n<\/ul>\n\n\n\n<h2 class=\"wp-block-heading\">Zum Wochenabschnitt<\/h2>\n\n\n\n<ul class=\"wp-block-list\">\n<li><strong>J\u00fcdische Allgemeine<\/strong>\n<ul class=\"wp-block-list\">\n<li><strong><a href=\"https:\/\/www.juedische-allgemeine.de\/religion\/der-weg-zu-gtt\/\" target=\"_blank\" rel=\"noreferrer noopener\">Der Weg zu G\u2019tt<\/a><\/strong> Was es mit der Leiter in Jakows Traum auf sich hat Von Rabbiner David Kern<\/li>\n\n\n\n<li><strong><a href=\"https:\/\/www.juedische-allgemeine.de\/religion\/gttes-wahl\/\" target=\"_blank\" rel=\"noreferrer noopener\">G\u2019ttes Wahl<\/a><\/strong> Der Ewige wollte, dass Jakow Lea heiratet \u2013 gerade weil sie nicht vollkommen war Von Mosche Korob<\/li>\n\n\n\n<li><strong><a href=\"https:\/\/www.juedische-allgemeine.de\/religion\/das-erste-lehrhaus\/\" target=\"_blank\" rel=\"noreferrer noopener\">Das erste Lehrhaus<\/a><\/strong> Was unterrichteten die Nachkommen von Noach \u2013 und welchen Einfluss hatten sie auf das Judentum? Von Rabbiner Elischa Portnoy<\/li>\n\n\n\n<li><strong><a href=\"https:\/\/www.juedische-allgemeine.de\/religion\/unsichtbare-paten\/\" target=\"_blank\" rel=\"noreferrer noopener\">Unsichtbare Paten<\/a><\/strong> Jakow tr\u00e4umt, wie Engel zu ihm hinabsteigen. Doch auch am Tage besch\u00fctzen sie ihn Von Rabbiner Walter Rothschild<\/li>\n\n\n\n<li><strong><a href=\"https:\/\/www.juedische-allgemeine.de\/religion\/er-wird-die-laemmer-sammeln\/\" target=\"_blank\" rel=\"noreferrer noopener\">\u00bbEr wird die L\u00e4mmer sammeln\u00ab<\/a><\/strong> Die Rolle des Hirten dient oft als Allegorie f\u00fcr die Beziehung zwischen G\u2019tt und seinem Volk Von Rabbiner Joel Berger<\/li>\n\n\n\n<li><strong><a href=\"https:\/\/www.juedische-allgemeine.de\/religion\/fluch-und-segen-2\/\" target=\"_blank\" rel=\"noreferrer noopener\">Fluch und Segen<\/a><\/strong> Wer die Tora flei\u00dfig studiert, den erhebt sie. Doch wer sie missbraucht, den kann sie t\u00f6ten Von Rabbiner Avraham Radbil<\/li>\n<\/ul>\n<\/li>\n<\/ul>\n\n\n\n<ul class=\"wp-block-list\">\n<li><strong>Chabad<\/strong>\n<ul class=\"wp-block-list\">\n<li><strong><a href=\"https:\/\/de.chabad.org\/parshah\/article_cdo\/aid\/529009\/jewish\/Grundlage-des-Hauses.htm\" target=\"_blank\" rel=\"noreferrer noopener\">Grundlage des Hauses<\/a><\/strong> Von Dr. William Stern <em>Chabad<\/em><\/li>\n\n\n\n<li><strong><a href=\"https:\/\/de.chabad.org\/parshah\/article_cdo\/aid\/713637\/jewish\/Braut-und-Brutigam.htm\" target=\"_blank\" rel=\"noreferrer noopener\">Braut und Br\u00e4utigam<\/a><\/strong> Von Dr. William Stern <em>Chabad<\/em><\/li>\n\n\n\n<li><strong><a href=\"https:\/\/de.chabad.org\/parshah\/article_cdo\/aid\/713638\/jewish\/Deiner-Hnde-Arbeit.htm\" target=\"_blank\" rel=\"noreferrer noopener\">\u00bbDeiner H\u00e4nde Arbeit\u00ab<\/a><\/strong> Von Dr. William Stern <em>Chabad<\/em><\/li>\n<\/ul>\n<\/li>\n\n\n\n<li><strong>Hagalil<\/strong>\n<ul class=\"wp-block-list\">\n<li><strong><a href=\"https:\/\/www.hagalil.com\/judentum\/torah\/leibowitz\/wajetze.htm\" target=\"_blank\" rel=\"noreferrer noopener\">Sidra Wajetze &#8211; Jakobs Traum<\/a><\/strong> Von Nechama Leibowitz <em>Hagalil<\/em><\/li>\n<\/ul>\n<\/li>\n<\/ul>\n\n\n\n<h2 class=\"wp-block-heading\">Haftarah<\/h2>\n\n\n\n<p><em>Aschkenasisch, Frankfurt am Main, Chabad:<\/em> <a href=\"https:\/\/www.talmud.de\/tlmd\/tanach\/hoschea-das-buch-hosea\/#kapitel-12\">Hoschea 12,13 \u2013 14,10<\/a><br><em>Sefardisch<\/em>: <a href=\"https:\/\/www.talmud.de\/tlmd\/tanach\/hoschea-das-buch-hosea\/#kapitel-11\">Hoschea 11,7 \u2013 12,12<\/a><br><em>Italienisch<\/em>: <a href=\"https:\/\/www.talmud.de\/tlmd\/tanach\/hoschea-das-buch-hosea\/#kapitel-1\">Hoschea 1,1 \u2013 2,7<\/a><br><em>Jemenitisch<\/em>: <a href=\"https:\/\/www.talmud.de\/tlmd\/tanach\/hoschea-das-buch-hosea\/#kapitel-11\">Hoschea 11,7 \u2013 12,14<\/a><\/p>\n\n\n\n<div class=\"wp-block-group\"><div class=\"wp-block-group__inner-container is-layout-flow wp-block-group-is-layout-flow\">\n<div class=\"wp-block-columns is-layout-flex wp-container-core-columns-is-layout-1 wp-block-columns-is-layout-flex\">\n<div class=\"wp-block-column is-layout-flow wp-block-column-is-layout-flow\" style=\"flex-basis:33.33%\">\n<figure class=\"wp-block-image size-large\"><a href=\"https:\/\/www.talmud.de\/tlmd\/zum-wochenabschnitt\/\"><img data-recalc-dims=\"1\" loading=\"lazy\" decoding=\"async\" width=\"89\" height=\"81\" src=\"https:\/\/i0.wp.com\/www.talmud.de\/tlmd\/wp-content\/uploads\/2021\/03\/torah_rolle_80.png?resize=89%2C81&#038;ssl=1\" alt=\"\" class=\"wp-image-7253\"\/><\/a><\/figure>\n<\/div>\n\n\n\n<div class=\"wp-block-column is-layout-flow wp-block-column-is-layout-flow\" style=\"flex-basis:66.66%\">\n<p><a href=\"https:\/\/www.talmud.de\/tlmd\/zum-wochenabschnitt\/\"><img data-recalc-dims=\"1\" loading=\"lazy\" decoding=\"async\" width=\"33\" height=\"20\" class=\"wp-image-1962\" style=\"width: 33px;\" src=\"https:\/\/i0.wp.com\/www.talmud.de\/tlmd\/wp-content\/uploads\/2016\/02\/hand_talmudde.png?resize=33%2C20&#038;ssl=1\" alt=\"\"> <strong>Zur \u00dcbersicht \u00fcber die Wochenabschnitte<\/strong><\/a><\/p>\n<\/div>\n<\/div>\n\n\n\n<p><\/p>\n<\/div><\/div>\n","protected":false},"excerpt":{"rendered":"<p>Zusammenfassung Bereschit 28,10\u201332,3Dieser Wochenabschnitt erz\u00e4hlt von einem Traum Jakobs. In diesem erblickt er eine Leiter auf der Engel hinauf und hinunter gehen und in diesem Traum segnet Gott Jakob. Nachdem er erwacht ist, nennt er den Ort Bet-El. Um Rachel heiraten zu k\u00f6nnen, muss Jakob sieben Jahre f\u00fcr Rachels Vater Laban arbeiten. Laban f\u00fchrt Jakob jedoch hinters Licht und er heiratet Rachels Schwester Lea und muss sieben weitere Jahre f\u00fcr Rachel arbeiten. Mit seinen Frauen und ihren Dienerinnen hat Jakob elf S\u00f6hne und eine Tochter. Jakob verl\u00e4sst Laban als reicher Mann. Torahabschnitt Zum Wochenabschnitt Haftarah Aschkenasisch, Frankfurt am Main, Chabad: Hoschea 12,13 \u2013 14,10Sefardisch: Hoschea 11,7 \u2013 12,12Italienisch: Hoschea 1,1 \u2013 2,7Jemenitisch: Hoschea 11,7 \u2013 12,14<\/p>\n","protected":false},"author":1,"featured_media":7257,"parent":0,"menu_order":0,"comment_status":"closed","ping_status":"closed","template":"","meta":{"_themeisle_gutenberg_block_has_review":false,"footnotes":""},"class_list":["post-7996","page","type-page","status-publish","has-post-thumbnail","hentry"],"jetpack_sharing_enabled":true,"_links":{"self":[{"href":"https:\/\/www.talmud.de\/tlmd\/wp-json\/wp\/v2\/pages\/7996","targetHints":{"allow":["GET"]}}],"collection":[{"href":"https:\/\/www.talmud.de\/tlmd\/wp-json\/wp\/v2\/pages"}],"about":[{"href":"https:\/\/www.talmud.de\/tlmd\/wp-json\/wp\/v2\/types\/page"}],"author":[{"embeddable":true,"href":"https:\/\/www.talmud.de\/tlmd\/wp-json\/wp\/v2\/users\/1"}],"replies":[{"embeddable":true,"href":"https:\/\/www.talmud.de\/tlmd\/wp-json\/wp\/v2\/comments?post=7996"}],"version-history":[{"count":1,"href":"https:\/\/www.talmud.de\/tlmd\/wp-json\/wp\/v2\/pages\/7996\/revisions"}],"predecessor-version":[{"id":10416,"href":"https:\/\/www.talmud.de\/tlmd\/wp-json\/wp\/v2\/pages\/7996\/revisions\/10416"}],"wp:featuredmedia":[{"embeddable":true,"href":"https:\/\/www.talmud.de\/tlmd\/wp-json\/wp\/v2\/media\/7257"}],"wp:attachment":[{"href":"https:\/\/www.talmud.de\/tlmd\/wp-json\/wp\/v2\/media?parent=7996"}],"curies":[{"name":"wp","href":"https:\/\/api.w.org\/{rel}","templated":true}]}}