{"id":8019,"date":"2021-11-15T13:19:45","date_gmt":"2021-11-15T11:19:45","guid":{"rendered":"https:\/\/www.talmud.de\/tlmd\/?page_id=8019"},"modified":"2025-12-01T09:19:43","modified_gmt":"2025-12-01T07:19:43","slug":"zum-wochenabschnitt-wajischlach","status":"publish","type":"page","link":"https:\/\/www.talmud.de\/tlmd\/zum-wochenabschnitt-wajischlach\/","title":{"rendered":"Zum Wochenabschnitt Wajischlach"},"content":{"rendered":"\n<div class=\"wp-block-image\"><figure class=\"aligncenter size-large\"><img data-recalc-dims=\"1\" loading=\"lazy\" decoding=\"async\" width=\"269\" height=\"245\" src=\"https:\/\/i0.wp.com\/www.talmud.de\/tlmd\/wp-content\/uploads\/2021\/03\/torah_rolle.png?resize=269%2C245&#038;ssl=1\" alt=\"\" class=\"wp-image-7257\"\/><\/figure><\/div>\n\n\n\n\n\n\n<h2 class=\"wp-block-heading\">Zusammenfassung<\/h2>\n\n\n\n<p><em>Bereschit <\/em>32,4\u201336,43<br>Dieser Wochenabschnitt erz\u00e4hlt davon, wie Jakob sich aufmacht seinen Bruder Esau zu treffen. In der Nacht k\u00e4mpft Jakob an der Furt von Jabok mit einem Mann. Dieser \u00e4ndert Jakobs Namen in Israel. Jakob und Esau treffen zusammen und gehen anschlie\u00dfend wieder getrennte Wege. Dinah wird von Schechem vergewaltigt, dieser ist der Kopf des Stadtstaates. Schimon und Levi, Israels S\u00f6hne, t\u00f6ten daraufhin alle m\u00e4nnlichen Einwohner der Stadt. Rachel stirbt nach der schweren Geburt Benjamins und wird in Efrah beigesetzt. Jitzchak stirbt und wird in Hebron beigesetzt.<\/p>\n\n\n\n<h2 class=\"wp-block-heading\">Torahabschnitt<\/h2>\n\n\n\n<ul id=\"block-14d6fb05-45d4-40db-a1ef-b8978953d5c3\" class=\"wp-block-list\">\n<li><strong><a href=\"https:\/\/www.talmud.de\/tlmd\/die-torah-eine-deutsche-uebersetzung\/die-torah-wajischlach\/\">Text des Abschnitts Wajischlach<\/a><\/strong> (Deutsch)<\/li>\n\n\n\n<li><strong><a href=\"https:\/\/talmud.de\/torah\/bereschit\/bereschit_32_4\/\" target=\"_blank\" rel=\"noreferrer noopener\">Text des Abschnitts Wajischlach <\/a><\/strong>(Deutsch-Hebr\u00e4isch) in zeilenweiser \u00dcbersetzung und Kommentar.<\/li>\n\n\n\n<li><strong><a href=\"https:\/\/www.sefaria.org\/Genesis.32.4?ven=Der_Pentateuch,_%C3%BCbersetzt_und_erl%C3%A4utert_von_Samson_Raphael_Hirsch._Frankfurt_am_Main,_1867-1878_[de]&amp;lang=bi&amp;with=all&amp;lang2=en\" target=\"_blank\" rel=\"noreferrer noopener\">Text des Abschnitts Wajischlach&nbsp;<\/a><\/strong>(Deutsch-Hebr\u00e4isch), talmud.de \u00dcbersetzung auf&nbsp;<em>Sefaria<\/em>&nbsp;<figure><img loading=\"lazy\" decoding=\"async\" width=\"20\" height=\"24\" src=\"https:\/\/i2.wp.com\/www.talmud.de\/tlmd\/wp-content\/uploads\/2021\/08\/sefaria_klein.png?resize=20%2C24&amp;ssl=1\" alt=\"Sefaria Logo\"><\/figure><\/li>\n\n\n\n<li><strong><a href=\"https:\/\/tikkun.io\/#\/p\/vayishlach\" target=\"_blank\" rel=\"noreferrer noopener\">Abschnitt im Tikkun<\/a><\/strong>&nbsp;<figure><img loading=\"lazy\" decoding=\"async\" width=\"41\" height=\"28\" src=\"https:\/\/i1.wp.com\/www.talmud.de\/tlmd\/wp-content\/uploads\/2020\/06\/tikkun_online_schriftwechsel.png?resize=41%2C28&amp;ssl=1\" alt=\"\"><\/figure><\/li>\n<\/ul>\n\n\n\n<h2 class=\"wp-block-heading\">Zum Wochenabschnitt<\/h2>\n\n\n\n<ul class=\"wp-block-list\">\n<li><strong><a href=\"https:\/\/www.talmud.de\/tlmd\/nathan-adler-zum-abschnitt-wajischlach\/\" target=\"_blank\" rel=\"noreferrer noopener\">Nathan Adler zum Wochenabschnitt<\/a><\/strong> WaJischlach <em>talmud.de<\/em><\/li>\n\n\n\n<li><strong><a href=\"https:\/\/www.juedische-allgemeine.de\/religion\/getrennte-wege\/\" target=\"_blank\" rel=\"noreferrer noopener\">Getrennte Wege<\/a><\/strong> Jakow bittet den Ewigen, ihn vor der Freundschaft seines Bruders Esaw zu bewahren Von Rabbiner Avraham Radbil <em>J\u00fcdische Allgemeine<\/em><\/li>\n\n\n\n<li><strong><a href=\"https:\/\/www.juedische-allgemeine.de\/religion\/ringen-bis-zur-morgenroete\/\" target=\"_blank\" rel=\"noreferrer noopener\">Ringen bis zur Morgenr\u00f6te<\/a><\/strong> Am Jabbok k\u00e4mpft Jakow mit dem B\u00f6sen \u2013 und geht gest\u00e4rkt als Sieger hervor Von Rabbiner Jaron Engelmayer <em>J\u00fcdische Allgemeine<\/em><\/li>\n\n\n\n<li><strong><a href=\"https:\/\/www.juedische-allgemeine.de\/religion\/mut-zum-ersten-schritt\/\" target=\"_blank\" rel=\"noreferrer noopener\">Mut zum ersten Schritt<\/a><\/strong> So wie sich Jakow und Esaw vers\u00f6hnt haben, sollten auch Juden und Christen aufeinander zugehen Von Rabbiner Jehoschua Ahrens <em>J\u00fcdische Allgemeine<\/em><\/li>\n\n\n\n<li><strong><a href=\"https:\/\/www.juedische-allgemeine.de\/religion\/zaehes-ringen\/\" target=\"_blank\" rel=\"noreferrer noopener\">Z\u00e4hes Ringen<\/a><\/strong> Jakows Kampf am Jabbok lehrt, dass Israel trotz aller Widrigkeiten am Ende siegreich bleiben wird Von  Rabbiner Salomon Almekias-Siegl <em>J\u00fcdische Allgemeine<\/em><\/li>\n\n\n\n<li><strong><a href=\"https:\/\/www.juedische-allgemeine.de\/allgemein\/lieber-unter-sich-bleiben\/\" target=\"_blank\" rel=\"noreferrer noopener\">Lieber unter sich bleiben<\/a><\/strong> Mit Gewalt: Jakobs Familie r\u00e4cht sich f\u00fcr Dinas Sch\u00e4ndung \u2013 und k\u00e4mpft gegen die drohende Assimilation Von Yoel Shiloh <em>J\u00fcdische Allgemeine<\/em><\/li>\n\n\n\n<li><strong><a href=\"https:\/\/de.chabad.org\/parshah\/article_cdo\/aid\/529078\/jewish\/Flchtlinge-alle.htm\" target=\"_blank\" rel=\"noreferrer noopener\">Fl\u00fcchtlinge alle<\/a><\/strong> Von Dr. William Stern&nbsp;<em>Chabad<\/em><\/li>\n\n\n\n<li><a href=\"https:\/\/de.chabad.org\/parshah\/article_cdo\/aid\/714224\/jewish\/Allein-und-in-der-Fremde.htm\" target=\"_blank\" rel=\"noreferrer noopener\"><strong>Allein und in der Fremde<\/strong><\/a> Von Dr. William Stern&nbsp;<em>Chabad<\/em><\/li>\n\n\n\n<li><strong><a href=\"https:\/\/de.chabad.org\/parshah\/article_cdo\/aid\/714225\/jewish\/Gegen-den-Materialismus.htm\" target=\"_blank\" rel=\"noreferrer noopener\">Gegen den Materialismus<\/a><\/strong> Von Dr. William Stern&nbsp;<em>Chabad<\/em><\/li>\n\n\n\n<li><a href=\"https:\/\/judentum.hagalil.com\/sidra-wajischlach\/\" target=\"_blank\" rel=\"noreferrer noopener\"><strong>Sidra Wajischlach Die Geschichte wiederholt sich selbst<\/strong><\/a> Von Nechama Leibowitz\u00a0<em>Hagalil<\/em><\/li>\n<\/ul>\n\n\n\n<h2 class=\"wp-block-heading\">Haftarah<\/h2>\n\n\n\n<p><em>Aschkenasisch, Chabad, Frankfurt am Main<\/em>: <a href=\"https:\/\/www.talmud.de\/tlmd\/tanach\/hoschea-das-buch-hosea\/#kapitel-11\">Hoschea 11,7 \u2013 12:12<\/a><br><em>Sefardisch, Italienisch, Jemenitisch<\/em>: <a href=\"https:\/\/www.talmud.de\/tlmd\/das-buch-owadjah\/\">Owadjah 1,1 \u2013 21<\/a><\/p>\n\n\n\n<h2 class=\"wp-block-heading\">Zahlen<\/h2>\n\n\n\n<p><strong>Anzahl der Verse:<\/strong> 153<br><strong>W\u00f6rter im Abschnitt:<\/strong> 1976<br><strong>Buchstaben im Abschnitt:<\/strong> 7458<\/p>\n\n\n\n<div class=\"wp-block-group\"><div class=\"wp-block-group__inner-container is-layout-flow wp-block-group-is-layout-flow\">\n<div class=\"wp-block-columns is-layout-flex wp-container-core-columns-is-layout-1 wp-block-columns-is-layout-flex\">\n<div class=\"wp-block-column is-layout-flow wp-block-column-is-layout-flow\" style=\"flex-basis:33.33%\">\n<figure class=\"wp-block-image size-large\"><a href=\"https:\/\/www.talmud.de\/tlmd\/zum-wochenabschnitt\/\"><img data-recalc-dims=\"1\" loading=\"lazy\" decoding=\"async\" width=\"89\" height=\"81\" src=\"https:\/\/i0.wp.com\/www.talmud.de\/tlmd\/wp-content\/uploads\/2021\/03\/torah_rolle_80.png?resize=89%2C81&#038;ssl=1\" alt=\"\" class=\"wp-image-7253\"\/><\/a><\/figure>\n<\/div>\n\n\n\n<div class=\"wp-block-column is-layout-flow wp-block-column-is-layout-flow\" style=\"flex-basis:66.66%\">\n<p><a href=\"https:\/\/www.talmud.de\/tlmd\/zum-wochenabschnitt\/\"><img data-recalc-dims=\"1\" loading=\"lazy\" decoding=\"async\" width=\"33\" height=\"20\" class=\"wp-image-1962\" style=\"width: 33px;\" src=\"https:\/\/i0.wp.com\/www.talmud.de\/tlmd\/wp-content\/uploads\/2016\/02\/hand_talmudde.png?resize=33%2C20&#038;ssl=1\" alt=\"\"> <strong>Zur \u00dcbersicht \u00fcber die Wochenabschnitte<\/strong><\/a><\/p>\n<\/div>\n<\/div>\n\n\n\n<p><\/p>\n<\/div><\/div>\n","protected":false},"excerpt":{"rendered":"<p>Zusammenfassung Bereschit 32,4\u201336,43Dieser Wochenabschnitt erz\u00e4hlt davon, wie Jakob sich aufmacht seinen Bruder Esau zu treffen. In der Nacht k\u00e4mpft Jakob an der Furt von Jabok mit einem Mann. Dieser \u00e4ndert Jakobs Namen in Israel. Jakob und Esau treffen zusammen und gehen anschlie\u00dfend wieder getrennte Wege. Dinah wird von Schechem vergewaltigt, dieser ist der Kopf des Stadtstaates. Schimon und Levi, Israels S\u00f6hne, t\u00f6ten daraufhin alle m\u00e4nnlichen Einwohner der Stadt. Rachel stirbt nach der schweren Geburt Benjamins und wird in Efrah beigesetzt. Jitzchak stirbt und wird in Hebron beigesetzt. Torahabschnitt Zum Wochenabschnitt Haftarah Aschkenasisch, Chabad, Frankfurt am Main: Hoschea 11,7 \u2013 12:12Sefardisch, Italienisch, Jemenitisch: Owadjah 1,1 \u2013 21 Zahlen Anzahl der Verse: 153W\u00f6rter im Abschnitt: 1976Buchstaben im Abschnitt: 7458<\/p>\n","protected":false},"author":1,"featured_media":0,"parent":0,"menu_order":0,"comment_status":"closed","ping_status":"closed","template":"","meta":{"_themeisle_gutenberg_block_has_review":false,"footnotes":""},"class_list":["post-8019","page","type-page","status-publish","hentry"],"jetpack_sharing_enabled":true,"_links":{"self":[{"href":"https:\/\/www.talmud.de\/tlmd\/wp-json\/wp\/v2\/pages\/8019","targetHints":{"allow":["GET"]}}],"collection":[{"href":"https:\/\/www.talmud.de\/tlmd\/wp-json\/wp\/v2\/pages"}],"about":[{"href":"https:\/\/www.talmud.de\/tlmd\/wp-json\/wp\/v2\/types\/page"}],"author":[{"embeddable":true,"href":"https:\/\/www.talmud.de\/tlmd\/wp-json\/wp\/v2\/users\/1"}],"replies":[{"embeddable":true,"href":"https:\/\/www.talmud.de\/tlmd\/wp-json\/wp\/v2\/comments?post=8019"}],"version-history":[{"count":2,"href":"https:\/\/www.talmud.de\/tlmd\/wp-json\/wp\/v2\/pages\/8019\/revisions"}],"predecessor-version":[{"id":10422,"href":"https:\/\/www.talmud.de\/tlmd\/wp-json\/wp\/v2\/pages\/8019\/revisions\/10422"}],"wp:attachment":[{"href":"https:\/\/www.talmud.de\/tlmd\/wp-json\/wp\/v2\/media?parent=8019"}],"curies":[{"name":"wp","href":"https:\/\/api.w.org\/{rel}","templated":true}]}}