{"id":8044,"date":"2021-11-18T12:30:00","date_gmt":"2021-11-18T10:30:00","guid":{"rendered":"https:\/\/www.talmud.de\/tlmd\/?page_id=8044"},"modified":"2025-12-09T10:22:58","modified_gmt":"2025-12-09T08:22:58","slug":"zum-wochenabschnitt-wajeschew","status":"publish","type":"page","link":"https:\/\/www.talmud.de\/tlmd\/zum-wochenabschnitt-wajeschew\/","title":{"rendered":"Zum Wochenabschnitt Wajeschew"},"content":{"rendered":"\n<div class=\"wp-block-image\"><figure class=\"aligncenter size-large\"><img data-recalc-dims=\"1\" loading=\"lazy\" decoding=\"async\" width=\"269\" height=\"245\" src=\"https:\/\/i0.wp.com\/www.talmud.de\/tlmd\/wp-content\/uploads\/2021\/03\/torah_rolle.png?resize=269%2C245&#038;ssl=1\" alt=\"\" class=\"wp-image-7257\"\/><\/figure><\/div>\n\n\n\n\n\n\n<h2 class=\"wp-block-heading\">Zusammenfassung<\/h2>\n\n\n\n<p><em>Bereschit<\/em> 37,1\u201340,23 <br>Der Wochenabschnitt Wajeschew erz\u00e4hlt davon, dass Josef von seinem Vater Jaakow bevorzugt behandelt wird, zum \u00c4rger seiner Br\u00fcder \u2013 zudem hat Josef Tr\u00e4ume in denen sich seine Br\u00fcder vor ihm verneigen. Jaakow schickt eines Tages Josef seinen Br\u00fcdern und den Herden hinterher. Die Br\u00fcder verkaufen Josef in die Sklaverei und machen Jaakow glauben, ein wildes Tier habe Josef gerissen. Aus der Sklaverei steigt Josef auf zum Hausverwalter. Nachdem die Frau seines Herren Potifar ihn zu Unrecht der Vergewaltigung beschuldigt, wird Josef ins Gef\u00e4ngnis gesperrt. Dort deutet er den Traum des k\u00f6niglichen Obermundschenks.<\/p>\n\n\n\n<h2 class=\"wp-block-heading\">Torahabschnitt<\/h2>\n\n\n\n<ul id=\"block-14d6fb05-45d4-40db-a1ef-b8978953d5c3\" class=\"wp-block-list\">\n<li><strong><a href=\"https:\/\/www.talmud.de\/tlmd\/die-torah-eine-deutsche-uebersetzung\/die-torah-wajeschew\/\">Text des Abschnitts Wajeschew<\/a><\/strong> (Deutsch)<\/li>\n\n\n\n<li><strong><a href=\"https:\/\/www.sefaria.org\/Genesis.37.1?ven=Der_Pentateuch,_%C3%BCbersetzt_und_erl%C3%A4utert_von_Samson_Raphael_Hirsch._Frankfurt_am_Main,_1867-1878_[de]&amp;lang=bi&amp;with=all&amp;lang2=en\" target=\"_blank\" rel=\"noreferrer noopener\">Text des Abschnitts Wajeschew <\/a><\/strong>(Deutsch-Hebr\u00e4isch), talmud.de \u00dcbersetzung auf\u00a0<em>Sefaria<\/em>\u00a0<figure><img loading=\"lazy\" decoding=\"async\" width=\"20\" height=\"24\" src=\"https:\/\/i2.wp.com\/www.talmud.de\/tlmd\/wp-content\/uploads\/2021\/08\/sefaria_klein.png?resize=20%2C24&amp;ssl=1\" alt=\"Sefaria Logo\"><\/figure><\/li>\n\n\n\n<li><strong><a href=\"https:\/\/talmud.de\/torah\/bereschit\/bereschit_37_1\/\" target=\"_blank\" rel=\"noreferrer noopener\">Text des Abschnitts Wajeschew<\/a><\/strong> (Deutsch-Hebr\u00e4isch) zeilenweise \u00fcbersetzt mit Kommentaren.<\/li>\n\n\n\n<li><strong><a href=\"https:\/\/tikkun.io\/#\/p\/vayeshev\" target=\"_blank\" rel=\"noreferrer noopener\">Abschnitt im Tikkun<\/a><\/strong>\u00a0<figure><img loading=\"lazy\" decoding=\"async\" width=\"41\" height=\"28\" src=\"https:\/\/i1.wp.com\/www.talmud.de\/tlmd\/wp-content\/uploads\/2020\/06\/tikkun_online_schriftwechsel.png?resize=41%2C28&amp;ssl=1\" alt=\"\"><\/figure><\/li>\n<\/ul>\n\n\n\n<h2 class=\"wp-block-heading\">Zum Wochenabschnitt<\/h2>\n\n\n\n<ul class=\"wp-block-list\">\n<li><strong><a href=\"https:\/\/www.talmud.de\/tlmd\/nathan-adler-zum-abschnitt-wajeschew\/\" target=\"_blank\" rel=\"noreferrer noopener\">Nathan Adler zum Wochenabschnitt<\/a><\/strong>\u00a0Wajeschew\u00a0<em>talmud.de<\/em><\/li>\n\n\n\n<li><strong><a href=\"https:\/\/www.juedische-allgemeine.de\/religion\/nichts-geschieht-zufaellig\/\" target=\"_blank\" rel=\"noreferrer noopener\">Nichts geschieht zuf\u00e4llig<\/a><\/strong> Die Geschichte von Josef lehrt, dass auch Gerechte Leid erdulden m\u00fcssen Von Rabbiner Joel Berger <em>J\u00fcdische Allgemeine<\/em><\/li>\n\n\n\n<li><strong><a href=\"https:\/\/www.juedische-allgemeine.de\/religion\/kurs-halten\/\" target=\"_blank\" rel=\"noreferrer noopener\">Kurs halten<\/a><\/strong> Josef lehrt uns, dass man alles schaffen kann \u2013 wenn man sein Ziel nicht aus dem Blick verliert Von Rabbiner Avraham Radbil\u00a0<em>J\u00fcdische Allgemeine<\/em><\/li>\n\n\n\n<li><strong><a href=\"https:\/\/www.juedische-allgemeine.de\/religion\/alles-tun-hat-folgen\/\" target=\"_blank\" rel=\"noreferrer noopener\">Alles Tun hat Folgen<\/a><\/strong> F\u00fcr die drei Ger\u00fcchte, die Josef \u00fcber seine Br\u00fcder verbreitet, erh\u00e4lt er drei Strafen Von Meir Israel Myropolsky <em>J\u00fcdische Allgemeine<\/em><\/li>\n\n\n\n<li><strong><a href=\"https:\/\/www.juedische-allgemeine.de\/religion\/die-entdeckung-der-umkehr\/\" target=\"_blank\" rel=\"noreferrer noopener\">Die Entdeckung der Umkehr<\/a><\/strong> Jehuda ist der erste Mensch in der Tora, der seinen Fehler erkennt und offen zugibt Von Chajm Guski <em>J\u00fcdische Allgemeine<\/em><\/li>\n\n\n\n<li><strong><a href=\"https:\/\/www.juedische-allgemeine.de\/religion\/nachts-wenn-alles-schlaeft\/\" target=\"_blank\" rel=\"noreferrer noopener\">Nachts, wenn alles schl\u00e4ft<\/a><\/strong> Die Tora lehrt uns vieles \u00fcber Tr\u00e4ume und ihre Deutungen Von Mosche Korob <em>J\u00fcdische Allgemeine<\/em><\/li>\n\n\n\n<li><strong><a href=\"https:\/\/www.juedische-allgemeine.de\/religion\/das-kann-kein-zufall-sein\/\" target=\"_blank\" rel=\"noreferrer noopener\">Das kann kein Zufall sein<\/a><\/strong> Josef wird von der Erkenntnis geleitet, dass dem Verlauf der Ereignisse G\u2019ttes Plan zugrunde liegt Von Rabbiner Jaron Engelmayer <em>J\u00fcdische Allgemeine<\/em><\/li>\n\n\n\n<li><strong><a href=\"https:\/\/www.juedische-allgemeine.de\/religion\/licht-und-schatten\/\" target=\"_blank\" rel=\"noreferrer noopener\">Licht und Schatten<\/a><\/strong> Warum der Stammbaum von K\u00f6nig David bewusst nicht als makellos beschrieben wird Von Rabbiner Avichai Apel <em>J\u00fcdische Allgemeine<\/em><\/li>\n\n\n\n<li><strong><a href=\"https:\/\/www.juedische-allgemeine.de\/allgemein\/alle-zweifel-beiseite\/\" target=\"_blank\" rel=\"noreferrer noopener\">Alle Zweifel beiseite<\/a><\/strong> Die Tora lehrt, dass man die Mizwot tun soll, auch wenn andere dar\u00fcber spotten Von Rabbiner Elias Dray <em>J\u00fcdische Allgemeine<\/em><\/li>\n\n\n\n<li><strong><a href=\"https:\/\/de.chabad.org\/parshah\/article_cdo\/aid\/529080\/jewish\/Josefs-Aufgabe-ist-auch-die-unsere.htm\" target=\"_blank\" rel=\"noreferrer noopener\">Josefs Aufgabe ist auch die unsere<\/a><\/strong> Von Dr. William Stern\u00a0<em>Chabad<\/em><\/li>\n\n\n\n<li><a href=\"https:\/\/de.chabad.org\/parshah\/article_cdo\/aid\/714832\/jewish\/Die-materiellen-Dinge.htm\" target=\"_blank\" rel=\"noreferrer noopener\"><strong>Die materiellen Dinge<\/strong> <\/a>Von Dr. William Stern\u00a0<em>Chabad<\/em><\/li>\n\n\n\n<li><strong><a href=\"https:\/\/de.chabad.org\/parshah\/article_cdo\/aid\/714834\/jewish\/Josefs-zwei-Trume.htm\" target=\"_blank\" rel=\"noreferrer noopener\">Josefs zwei Tr\u00e4ume<\/a><\/strong> Von Dr. William Stern\u00a0<em>Chabad<\/em><\/li>\n\n\n\n<li><strong><a href=\"https:\/\/www.hagalil.com\/judentum\/torah\/leibowitz\/wajeschew.htm\" target=\"_blank\" rel=\"noreferrer noopener\">Wajeschew Der Verkauf Josephs<\/a><\/strong> Von Nechama Leibowitz\u00a0<em>Hagalil<\/em><\/li>\n<\/ul>\n\n\n\n<h2 class=\"wp-block-heading\">Haftarah<\/h2>\n\n\n\n<p><em>Alle Minhagim: <\/em><a href=\"https:\/\/www.talmud.de\/tlmd\/tanach\/amos-das-buch-amos\/#Kapitel2\">Amos 2,6 \u2013 3,8<\/a><\/p>\n\n\n\n<h2 class=\"wp-block-heading\">Zahlen<\/h2>\n\n\n\n<p><strong>Anzahl der Verse:<\/strong>&nbsp;112<br><strong>W\u00f6rter im Abschnitt:<\/strong>&nbsp;1558<br><strong>Buchstaben im Abschnitt:<\/strong>&nbsp;5972<\/p>\n\n\n\n<div class=\"wp-block-group\"><div class=\"wp-block-group__inner-container is-layout-flow wp-block-group-is-layout-flow\">\n<div class=\"wp-block-columns is-layout-flex wp-container-core-columns-is-layout-1 wp-block-columns-is-layout-flex\">\n<div class=\"wp-block-column is-layout-flow wp-block-column-is-layout-flow\" style=\"flex-basis:33.33%\">\n<figure class=\"wp-block-image size-large\"><a href=\"https:\/\/www.talmud.de\/tlmd\/zum-wochenabschnitt\/\"><img data-recalc-dims=\"1\" loading=\"lazy\" decoding=\"async\" width=\"89\" height=\"81\" src=\"https:\/\/i0.wp.com\/www.talmud.de\/tlmd\/wp-content\/uploads\/2021\/03\/torah_rolle_80.png?resize=89%2C81&#038;ssl=1\" alt=\"\" class=\"wp-image-7253\"\/><\/a><\/figure>\n<\/div>\n\n\n\n<div class=\"wp-block-column is-layout-flow wp-block-column-is-layout-flow\" style=\"flex-basis:66.66%\">\n<p><a href=\"https:\/\/www.talmud.de\/tlmd\/zum-wochenabschnitt\/\"><img data-recalc-dims=\"1\" loading=\"lazy\" decoding=\"async\" width=\"33\" height=\"20\" class=\"wp-image-1962\" style=\"width: 33px;\" src=\"https:\/\/i0.wp.com\/www.talmud.de\/tlmd\/wp-content\/uploads\/2016\/02\/hand_talmudde.png?resize=33%2C20&#038;ssl=1\" alt=\"\"> <strong>Zur \u00dcbersicht \u00fcber die Wochenabschnitte<\/strong><\/a><\/p>\n<\/div>\n<\/div>\n\n\n\n<p><\/p>\n<\/div><\/div>\n","protected":false},"excerpt":{"rendered":"<p>Zusammenfassung Bereschit 37,1\u201340,23 Der Wochenabschnitt Wajeschew erz\u00e4hlt davon, dass Josef von seinem Vater Jaakow bevorzugt behandelt wird, zum \u00c4rger seiner Br\u00fcder \u2013 zudem hat Josef Tr\u00e4ume in denen sich seine Br\u00fcder vor ihm verneigen. Jaakow schickt eines Tages Josef seinen Br\u00fcdern und den Herden hinterher. Die Br\u00fcder verkaufen Josef in die Sklaverei und machen Jaakow glauben, ein wildes Tier habe Josef gerissen. Aus der Sklaverei steigt Josef auf zum Hausverwalter. Nachdem die Frau seines Herren Potifar ihn zu Unrecht der Vergewaltigung beschuldigt, wird Josef ins Gef\u00e4ngnis gesperrt. Dort deutet er den Traum des k\u00f6niglichen Obermundschenks. Torahabschnitt Zum Wochenabschnitt Haftarah Alle Minhagim: Amos 2,6 \u2013 3,8 Zahlen Anzahl der Verse:&nbsp;112W\u00f6rter im Abschnitt:&nbsp;1558Buchstaben im Abschnitt:&nbsp;5972<\/p>\n","protected":false},"author":1,"featured_media":0,"parent":0,"menu_order":0,"comment_status":"closed","ping_status":"closed","template":"","meta":{"_themeisle_gutenberg_block_has_review":false,"footnotes":""},"class_list":["post-8044","page","type-page","status-publish","hentry"],"jetpack_sharing_enabled":true,"_links":{"self":[{"href":"https:\/\/www.talmud.de\/tlmd\/wp-json\/wp\/v2\/pages\/8044","targetHints":{"allow":["GET"]}}],"collection":[{"href":"https:\/\/www.talmud.de\/tlmd\/wp-json\/wp\/v2\/pages"}],"about":[{"href":"https:\/\/www.talmud.de\/tlmd\/wp-json\/wp\/v2\/types\/page"}],"author":[{"embeddable":true,"href":"https:\/\/www.talmud.de\/tlmd\/wp-json\/wp\/v2\/users\/1"}],"replies":[{"embeddable":true,"href":"https:\/\/www.talmud.de\/tlmd\/wp-json\/wp\/v2\/comments?post=8044"}],"version-history":[{"count":1,"href":"https:\/\/www.talmud.de\/tlmd\/wp-json\/wp\/v2\/pages\/8044\/revisions"}],"predecessor-version":[{"id":10424,"href":"https:\/\/www.talmud.de\/tlmd\/wp-json\/wp\/v2\/pages\/8044\/revisions\/10424"}],"wp:attachment":[{"href":"https:\/\/www.talmud.de\/tlmd\/wp-json\/wp\/v2\/media?parent=8044"}],"curies":[{"name":"wp","href":"https:\/\/api.w.org\/{rel}","templated":true}]}}