{"id":8093,"date":"2021-12-20T18:24:12","date_gmt":"2021-12-20T16:24:12","guid":{"rendered":"https:\/\/www.talmud.de\/tlmd\/?page_id=8093"},"modified":"2026-01-05T13:56:58","modified_gmt":"2026-01-05T11:56:58","slug":"zum-wochenabschnitt-schemot","status":"publish","type":"page","link":"https:\/\/www.talmud.de\/tlmd\/zum-wochenabschnitt-schemot\/","title":{"rendered":"Zum Wochenabschnitt Schemot"},"content":{"rendered":"<div class=\"wp-block-image\">\n<figure data-wp-context=\"{&quot;imageId&quot;:&quot;69d536a9139ee&quot;}\" data-wp-interactive=\"core\/image\" class=\"aligncenter size-full wp-lightbox-container\"><img data-recalc-dims=\"1\" loading=\"lazy\" decoding=\"async\" width=\"320\" height=\"331\" data-wp-class--hide=\"state.isContentHidden\" data-wp-class--show=\"state.isContentVisible\" data-wp-init=\"callbacks.setButtonStyles\" data-wp-on-async--click=\"actions.showLightbox\" data-wp-on-async--load=\"callbacks.setButtonStyles\" data-wp-on-async-window--resize=\"callbacks.setButtonStyles\" src=\"https:\/\/i0.wp.com\/www.talmud.de\/tlmd\/wp-content\/uploads\/2026\/01\/schemot_nordfrankreich.jpg?resize=320%2C331&#038;ssl=1\" alt=\"\" class=\"wp-image-10432\" srcset=\"https:\/\/i0.wp.com\/www.talmud.de\/tlmd\/wp-content\/uploads\/2026\/01\/schemot_nordfrankreich.jpg?w=320&amp;ssl=1 320w, https:\/\/i0.wp.com\/www.talmud.de\/tlmd\/wp-content\/uploads\/2026\/01\/schemot_nordfrankreich.jpg?resize=290%2C300&amp;ssl=1 290w\" sizes=\"auto, (max-width: 320px) 100vw, 320px\" \/><button\n\t\t\tclass=\"lightbox-trigger\"\n\t\t\ttype=\"button\"\n\t\t\taria-haspopup=\"dialog\"\n\t\t\taria-label=\"Bild vergr\u00f6\u00dfern\"\n\t\t\tdata-wp-init=\"callbacks.initTriggerButton\"\n\t\t\tdata-wp-on-async--click=\"actions.showLightbox\"\n\t\t\tdata-wp-style--right=\"state.imageButtonRight\"\n\t\t\tdata-wp-style--top=\"state.imageButtonTop\"\n\t\t>\n\t\t\t<svg xmlns=\"http:\/\/www.w3.org\/2000\/svg\" width=\"12\" height=\"12\" fill=\"none\" viewBox=\"0 0 12 12\">\n\t\t\t\t<path fill=\"#fff\" d=\"M2 0a2 2 0 0 0-2 2v2h1.5V2a.5.5 0 0 1 .5-.5h2V0H2Zm2 10.5H2a.5.5 0 0 1-.5-.5V8H0v2a2 2 0 0 0 2 2h2v-1.5ZM8 12v-1.5h2a.5.5 0 0 0 .5-.5V8H12v2a2 2 0 0 1-2 2H8Zm2-12a2 2 0 0 1 2 2v2h-1.5V2a.5.5 0 0 0-.5-.5H8V0h2Z\" \/>\n\t\t\t<\/svg>\n\t\t<\/button><figcaption class=\"wp-element-caption\">Schemot in der Nordfranz\u00f6sischen hebr\u00e4ischen Miszelle\/Sammlung (entstanden etwa 1278\u201398, Add MS 11639)<\/figcaption><\/figure><\/div>\n\n\n\n\n\n<h2 class=\"wp-block-heading\">Zusammenfassung<\/h2>\n\n\n\n<p><em>Schemot <\/em>1,1\u20136,1 <br>Der Wochenabschnitt und somit der Beginn des Buches <em>Schemot<\/em>, erz\u00e4hlt von einem neuen Pharao, der Josef nicht mehr kannte und die Kinder Israels versklav. Er ordnet an, alle m\u00e4nnlichen Erstgeborenen \u00bbHebr\u00e4er\u00ab zu t\u00f6ten. Eine Frau aus dem Stamm Levi will ihren Sohn Moses retten und setzt ihn in einem K\u00e4stchen auf dem Nil aus. Er wird von einer \u00e4gyptischen Prinzessin gefunden und w\u00e4chst im Hause des Pharao auf. Im Eifer erschl\u00e4gt er einen \u00c4gypter und muss fliehen. Er kommt nach Midian und heiratet dort Zipporah, die Tochter des Hohepriesters von Midian. G-tt spricht zu Moses aus einem brennenden Busch und beruft ihn zur Befreiung der Kinder Israels. Mit seinem Bruder Aaron verlangt Moses vom Pharao, dass sein Volk in der Wildnis ein Fest begehen darf. Pharao lehnt ab und erschwert das Leben der Kinder Israels.<\/p>\n\n\n\n<h2 class=\"wp-block-heading\">Torahabschnitt<\/h2>\n\n\n\n<ul class=\"wp-block-list\">\n<li><strong><a href=\"https:\/\/www.talmud.de\/tlmd\/die-torah-eine-deutsche-uebersetzung\/die-torah-schemot\/\" target=\"_blank\" rel=\"noreferrer noopener\">Text des Abschnitts Schemot (Deutsch)<\/a><\/strong><\/li>\n\n\n\n<li><strong><a href=\"https:\/\/talmud.de\/torah\/schemot\/schemot_1_1\/\" target=\"_blank\" rel=\"noreferrer noopener\">Text des Abschnitts Schemot (Hebr\u00e4isch-Deutsch)<\/a><\/strong> mit Kommentar f\u00fcr jede Zeile<\/li>\n\n\n\n<li><strong><a href=\"https:\/\/www.sefaria.org\/Exodus.1-6?ven=Der_Pentateuch,_%C3%BCbersetzt_und_erl%C3%A4utert_von_Samson_Raphael_Hirsch._Frankfurt_am_Main,_1867-1878_[de]&amp;lang=bi&amp;aliyot=0\" target=\"_blank\" rel=\"noreferrer noopener\">Text des Abschnitts Schemot (Hebr\u00e4isch-Deutsch)<\/a><\/strong>, \u00dcbersetzung auf Sefaria <figure><img data-recalc-dims=\"1\" loading=\"lazy\" decoding=\"async\" width=\"20\" height=\"24\" class=\"wp-image-7704\" style=\"width: 20px;\" src=\"https:\/\/i0.wp.com\/www.talmud.de\/tlmd\/wp-content\/uploads\/2021\/08\/sefaria_klein.png?resize=20%2C24&#038;ssl=1\" alt=\"Sefaria Logo\"><\/figure><\/li>\n\n\n\n<li><a href=\"https:\/\/tikkun.io\/#\/p\/shemot\" target=\"_blank\" rel=\"noreferrer noopener\"><strong>Abschnitt im Tikkun<\/strong> <figure><img data-recalc-dims=\"1\" loading=\"lazy\" decoding=\"async\" width=\"41\" height=\"28\" class=\"wp-image-5932\" style=\"width: 41px;\" src=\"https:\/\/i0.wp.com\/www.talmud.de\/tlmd\/wp-content\/uploads\/2020\/06\/tikkun_online_schriftwechsel.png?resize=41%2C28&#038;ssl=1\" alt=\"\"><\/figure><\/a><\/li>\n<\/ul>\n\n\n\n<h2 class=\"wp-block-heading\">Zum Wochenabschnitt<\/h2>\n\n\n\n<ul class=\"wp-block-list\">\n<li><strong><a href=\"https:\/\/www.juedische-allgemeine.de\/religion\/gut-vorbereitet\/\" target=\"_blank\" rel=\"noreferrer noopener\">Gut vorbereitet<\/a><\/strong> Als Kind im Palast des Pharaos konnte Mosche erfahren, wie der Herrscher tickt Von Vyacheslav Dobrovych <figure><img data-recalc-dims=\"1\" loading=\"lazy\" decoding=\"async\" width=\"150\" height=\"18\" class=\"wp-image-8100\" style=\"width: 150px;\" src=\"https:\/\/i0.wp.com\/www.talmud.de\/tlmd\/wp-content\/uploads\/2021\/12\/JA_online.png?resize=150%2C18&#038;ssl=1\" alt=\"J\u00fcdische Allgemeine Online\"><\/figure><\/li>\n\n\n\n<li><strong><a href=\"https:\/\/www.juedische-allgemeine.de\/religion\/im-zeichen-der-schlange\/\" target=\"_blank\" rel=\"noreferrer noopener\">Im Zeichen der Schlange<\/a><\/strong> Die Geschichte von Mosches Stab lehrt, dass Gut und B\u00f6se dem Befehl G\u2019ttes unterstehen Von Vyacheslav Dobrovych <figure><img data-recalc-dims=\"1\" loading=\"lazy\" decoding=\"async\" width=\"150\" height=\"18\" class=\"wp-image-8100\" style=\"width: 150px;\" src=\"https:\/\/i0.wp.com\/www.talmud.de\/tlmd\/wp-content\/uploads\/2021\/12\/JA_online.png?resize=150%2C18&#038;ssl=1\" alt=\"J\u00fcdische Allgemeine Online\"><\/figure><\/li>\n\n\n\n<li><strong><a href=\"https:\/\/www.juedische-allgemeine.de\/religion\/und-er-verharrte-in-seiner-froemmigkeit\/\" target=\"_blank\" rel=\"noreferrer noopener\">\u00bbUnd er verharrte in seiner Fr\u00f6mmigkeit\u00ab<\/a><\/strong> Josef integriert sich in die \u00e4gyptische Gesellschaft und bleibt dennoch seinem Judentum treu Von Rabbiner Jehoschua Ahrens <figure><img data-recalc-dims=\"1\" loading=\"lazy\" decoding=\"async\" width=\"150\" height=\"18\" class=\"wp-image-8100\" style=\"width: 150px;\" src=\"https:\/\/i0.wp.com\/www.talmud.de\/tlmd\/wp-content\/uploads\/2021\/12\/JA_online.png?resize=150%2C18&#038;ssl=1\" alt=\"J\u00fcdische Allgemeine Online\"><\/figure><\/li>\n\n\n\n<li><strong><a href=\"https:\/\/www.juedische-allgemeine.de\/religion\/katzen-tote-und-die-sonne\/\" target=\"_blank\" rel=\"noreferrer noopener\">Katzen, Tote und die Sonne<\/a><\/strong> Die alten \u00c4gypter verehrten viele Gottheiten. Die Israeliten glaubten nur an den Einzigen  Von Rabbiner Joel Berger <figure><img data-recalc-dims=\"1\" loading=\"lazy\" decoding=\"async\" width=\"150\" height=\"18\" class=\"wp-image-8100\" style=\"width: 150px;\" src=\"https:\/\/i0.wp.com\/www.talmud.de\/tlmd\/wp-content\/uploads\/2021\/12\/JA_online.png?resize=150%2C18&#038;ssl=1\" alt=\"J\u00fcdische Allgemeine Online\"><\/figure><\/li>\n\n\n\n<li><strong><a href=\"https:\/\/www.juedische-allgemeine.de\/religion\/altes-muster\/\" target=\"_blank\" rel=\"noreferrer noopener\">Altes Muster<\/a><\/strong> Schon der Pharao setzte vor 3500 Jahren Propagandamittel ein, um Juden zu diffamieren Von Rabbiner Jehoschua Ahrens <figure><img data-recalc-dims=\"1\" loading=\"lazy\" decoding=\"async\" width=\"150\" height=\"18\" class=\"wp-image-8100\" style=\"width: 150px;\" src=\"https:\/\/i0.wp.com\/www.talmud.de\/tlmd\/wp-content\/uploads\/2021\/12\/JA_online.png?resize=150%2C18&#038;ssl=1\" alt=\"J\u00fcdische Allgemeine Online\"><\/figure><\/li>\n\n\n\n<li><strong><a href=\"https:\/\/www.juedische-allgemeine.de\/allgemein\/bittere-medizin\/\" target=\"_blank\" rel=\"noreferrer noopener\">Bittere Medizin<\/a><\/strong> Schmerz und Leid sind schlimm \u2013 doch manchmal muss der Mensch sie akzeptieren Von Rabbiner Julian Chaim Soussan <figure><img data-recalc-dims=\"1\" loading=\"lazy\" decoding=\"async\" width=\"150\" height=\"18\" class=\"wp-image-8100\" style=\"width: 150px;\" src=\"https:\/\/i0.wp.com\/www.talmud.de\/tlmd\/wp-content\/uploads\/2021\/12\/JA_online.png?resize=150%2C18&#038;ssl=1\" alt=\"J\u00fcdische Allgemeine Online\"><\/figure><\/li>\n\n\n\n<li><strong><a href=\"https:\/\/www.juedische-allgemeine.de\/allgemein\/mit-gottes-hilfe\/\" target=\"_blank\" rel=\"noreferrer noopener\">Mit Gottes Hilfe<\/a><\/strong> Wie die Israeliten in \u00c4gypten dem ersten \u00fcberlieferten V\u00f6lkermord entkommen Von Rabbiner Joel Berger <figure><img data-recalc-dims=\"1\" loading=\"lazy\" decoding=\"async\" width=\"150\" height=\"18\" class=\"wp-image-8100\" style=\"width: 150px;\" src=\"https:\/\/i0.wp.com\/www.talmud.de\/tlmd\/wp-content\/uploads\/2021\/12\/JA_online.png?resize=150%2C18&#038;ssl=1\" alt=\"J\u00fcdische Allgemeine Online\"><\/figure><\/li>\n\n\n\n<li><strong><a href=\"https:\/\/www.hagalil.com\/judentum\/torah\/leibowitz\/schemot.htm\" target=\"_blank\" rel=\"noreferrer noopener\">Sidra Schemot Wer bin ich, dass ich zu Pharao gehe<\/a><\/strong>\u00a0Von Nechama Leibowitz\u00a0<em>Hagalil.com<\/em><\/li>\n\n\n\n<li><strong><a href=\"https:\/\/de.chabad.org\/parshah\/article_cdo\/aid\/716046\/jewish\/Beharrlichkeit-und-Selbstaufopferung.htm\" target=\"_blank\" rel=\"noreferrer noopener\">Beharrlichkeit und Selbstaufopferung<\/a><\/strong> Von Dr. William Stern.\u00a0<em>Chabad<\/em><\/li>\n\n\n\n<li><strong><a href=\"https:\/\/de.chabad.org\/parshah\/article_cdo\/aid\/716047\/jewish\/Der-gypter.htm\" target=\"_blank\" rel=\"noreferrer noopener\">Der \u00c4gypter\u2026<\/a><\/strong> Von Dr. William Stern.\u00a0<em>Chabad<\/em><\/li>\n\n\n\n<li><strong><a href=\"https:\/\/de.chabad.org\/parshah\/article_cdo\/aid\/716049\/jewish\/Freiheit-ihre-wahre-Definition.htm\" target=\"_blank\" rel=\"noreferrer noopener\">Freiheit \u2013 ihre wahre Definition<\/a><\/strong> Von Dr. William Stern.\u00a0<em>Chabad<\/em><\/li>\n\n\n\n<li><strong><a href=\"https:\/\/rabbisacks.org\/wp-content\/uploads\/2021\/12\/GERMAN-Shemot.pdf\" target=\"_blank\" rel=\"noreferrer noopener\">Befehlsverweigerung<\/a><\/strong> Von Rabbiner Lord Jonathan Sacks (sel. Ang.) <em>rabbisacks.org<\/em><\/li>\n\n\n\n<li><strong><a href=\"https:\/\/www.talmud.de\/tlmd\/zur-haftarah-schemot\/\">Kommentar zur Haftarah<\/a><\/strong> (aschkenasisch) von Rabbiner Josef Nobel<\/li>\n<\/ul>\n\n\n\n<h2 class=\"wp-block-heading\">Zahlen<\/h2>\n\n\n\n<p>In einer Torahrolle hat der Abschnitt 6.762 Buchstaben, 1.763 W\u00f6rter, 124 Verse und 215 Zeilen<\/p>\n\n\n\n<h2 class=\"wp-block-heading\">Haftarah<\/h2>\n\n\n\n<p><em>Aschkenasisch, Frankfurt am Main, Chabad<\/em>: <a rel=\"noreferrer noopener\" href=\"https:\/\/www.talmud.de\/tlmd\/tanach\/jeschajahu-das-buch-jesaja\/#Kapitel27\" target=\"_blank\">Jeschajahu 27,6 \u2013 28,13;<\/a> <a rel=\"noreferrer noopener\" href=\"https:\/\/www.talmud.de\/tlmd\/tanach\/jeschajahu-das-buch-jesaja\/#Kapitel29\" target=\"_blank\">29,22 \u2013 29,23<\/a><br><em>Sefardisch, Italienisch<\/em>: <a rel=\"noreferrer noopener\" href=\"https:\/\/www.talmud.de\/tlmd\/tanach\/jirmejahu\/#kapitel-1\" target=\"_blank\">Jirmejahu 1,1 \u2013 2,3<\/a><br><em>Jemenitisch<\/em>: <a rel=\"noreferrer noopener\" href=\"https:\/\/www.talmud.de\/tlmd\/tanach\/jechezkiel-das-buch-ezekiel\/#Kapitel16\" target=\"_blank\">Jechezkiel 16,1 \u2013 16,14<\/a><\/p>\n\n\n\n<div class=\"wp-block-group\"><div class=\"wp-block-group__inner-container is-layout-flow wp-block-group-is-layout-flow\">\n<div class=\"wp-block-columns is-layout-flex wp-container-core-columns-is-layout-1 wp-block-columns-is-layout-flex\">\n<div class=\"wp-block-column is-layout-flow wp-block-column-is-layout-flow\" style=\"flex-basis:33.33%\">\n<figure class=\"wp-block-image size-large\"><a href=\"https:\/\/www.talmud.de\/tlmd\/zum-wochenabschnitt\/\"><img data-recalc-dims=\"1\" loading=\"lazy\" decoding=\"async\" width=\"89\" height=\"81\" src=\"https:\/\/i0.wp.com\/www.talmud.de\/tlmd\/wp-content\/uploads\/2021\/03\/torah_rolle_80.png?resize=89%2C81&#038;ssl=1\" alt=\"\" class=\"wp-image-7253\"\/><\/a><\/figure>\n<\/div>\n\n\n\n<div class=\"wp-block-column is-layout-flow wp-block-column-is-layout-flow\" style=\"flex-basis:66.66%\">\n<p><a href=\"https:\/\/www.talmud.de\/tlmd\/zum-wochenabschnitt\/\"><img data-recalc-dims=\"1\" loading=\"lazy\" decoding=\"async\" width=\"33\" height=\"20\" class=\"wp-image-1962\" style=\"width: 33px;\" src=\"https:\/\/i0.wp.com\/www.talmud.de\/tlmd\/wp-content\/uploads\/2016\/02\/hand_talmudde.png?resize=33%2C20&#038;ssl=1\" alt=\"\"> <strong>Zur \u00dcbersicht \u00fcber die Wochenabschnitte<\/strong><\/a><\/p>\n<\/div>\n<\/div>\n\n\n\n<p><\/p>\n<\/div><\/div>\n","protected":false},"excerpt":{"rendered":"<p>Zusammenfassung Schemot 1,1\u20136,1 Der Wochenabschnitt und somit der Beginn des Buches Schemot, erz\u00e4hlt von einem neuen Pharao, der Josef nicht mehr kannte und die Kinder Israels versklav. Er ordnet an, alle m\u00e4nnlichen Erstgeborenen \u00bbHebr\u00e4er\u00ab zu t\u00f6ten. Eine Frau aus dem Stamm Levi will ihren Sohn Moses retten und setzt ihn in einem K\u00e4stchen auf dem Nil aus. Er wird von einer \u00e4gyptischen Prinzessin gefunden und w\u00e4chst im Hause des Pharao auf. Im Eifer erschl\u00e4gt er einen \u00c4gypter und muss fliehen. Er kommt nach Midian und heiratet dort Zipporah, die Tochter des Hohepriesters von Midian. G-tt spricht zu Moses aus einem brennenden Busch und beruft ihn zur Befreiung der Kinder Israels. Mit seinem Bruder Aaron verlangt Moses vom Pharao, dass sein Volk in der Wildnis ein Fest begehen darf. Pharao lehnt ab und erschwert das Leben der Kinder Israels. Torahabschnitt Zum Wochenabschnitt Zahlen In einer Torahrolle hat der Abschnitt 6.762 Buchstaben, 1.763 W\u00f6rter, 124 Verse und 215 Zeilen Haftarah Aschkenasisch, Frankfurt am Main, Chabad: Jeschajahu 27,6 \u2013 28,13; 29,22 \u2013 29,23Sefardisch, Italienisch: Jirmejahu 1,1 \u2013 2,3Jemenitisch: &hellip;<\/p>\n","protected":false},"author":1,"featured_media":7257,"parent":0,"menu_order":0,"comment_status":"closed","ping_status":"closed","template":"","meta":{"_themeisle_gutenberg_block_has_review":false,"footnotes":""},"class_list":["post-8093","page","type-page","status-publish","has-post-thumbnail","hentry"],"jetpack_sharing_enabled":true,"_links":{"self":[{"href":"https:\/\/www.talmud.de\/tlmd\/wp-json\/wp\/v2\/pages\/8093","targetHints":{"allow":["GET"]}}],"collection":[{"href":"https:\/\/www.talmud.de\/tlmd\/wp-json\/wp\/v2\/pages"}],"about":[{"href":"https:\/\/www.talmud.de\/tlmd\/wp-json\/wp\/v2\/types\/page"}],"author":[{"embeddable":true,"href":"https:\/\/www.talmud.de\/tlmd\/wp-json\/wp\/v2\/users\/1"}],"replies":[{"embeddable":true,"href":"https:\/\/www.talmud.de\/tlmd\/wp-json\/wp\/v2\/comments?post=8093"}],"version-history":[{"count":1,"href":"https:\/\/www.talmud.de\/tlmd\/wp-json\/wp\/v2\/pages\/8093\/revisions"}],"predecessor-version":[{"id":10433,"href":"https:\/\/www.talmud.de\/tlmd\/wp-json\/wp\/v2\/pages\/8093\/revisions\/10433"}],"wp:featuredmedia":[{"embeddable":true,"href":"https:\/\/www.talmud.de\/tlmd\/wp-json\/wp\/v2\/media\/7257"}],"wp:attachment":[{"href":"https:\/\/www.talmud.de\/tlmd\/wp-json\/wp\/v2\/media?parent=8093"}],"curies":[{"name":"wp","href":"https:\/\/api.w.org\/{rel}","templated":true}]}}