{"id":8284,"date":"2022-02-15T17:22:22","date_gmt":"2022-02-15T15:22:22","guid":{"rendered":"https:\/\/www.talmud.de\/tlmd\/?page_id=8284"},"modified":"2022-02-15T17:22:24","modified_gmt":"2022-02-15T15:22:24","slug":"zum-schabbat-rosch-chodesch","status":"publish","type":"page","link":"https:\/\/www.talmud.de\/tlmd\/zum-schabbat-rosch-chodesch\/","title":{"rendered":"Zum Schabbat Rosch Chodesch"},"content":{"rendered":"\n<h2 class=\"wp-block-heading\">Torahlesung<\/h2>\n\n\n\n<p>Am Schabbat Rosch Chodesch wird der regul\u00e4re Wochenabschnitt gelesen.<br><em>Ausnahme bilden die Monate Nissan, Tewet, Adar und Rosch haSchanah.<\/em><\/p>\n\n\n\n<h2 class=\"wp-block-heading\">Maftir<\/h2>\n\n\n\n<p>Der Maftir f\u00fcr Schabbat Rosch Chodesch liest: <em>Bamidbar <\/em>28,9 \u2013 28,15<\/p>\n\n\n\n<p class=\"ToText\"><sup class=\"Vers\">9.<\/sup>Und am Schabbat-Tag zwei einj\u00e4hrige Schafe ohne Fehl und zwei Zehntel Grie\u00df zum Speiseopfer einger\u00fchrt mit \u00d6l, nebst seiner Spende. <sup class=\"Vers\">10.<\/sup>(Das ist) das Ganzopfer an jedem Schabbat au\u00dfer dem t\u00e4glichen Ganzopfer und seiner Spende. <sup class=\"Vers\">11.<\/sup>Und zu Anfang eurer Monate bringt ein Ganzopfer dar f\u00fcr HaSchem, zwei junge Stier und einen Widder, sieben einj\u00e4hrige Schafe ohne Fehl. <sup class=\"Vers\">12.<\/sup>Und drei Zehntel Grie\u00df zum Speiseopfer einger\u00fchrt mit \u00d6l zu jedem Stier, und zwei Zehntel Grie\u00df zum Speiseopfer einger\u00fchrt mit \u00d6l zu jedem Widder. <sup class=\"Vers\">13.<\/sup>Und je ein Zehntel Grie\u00df zum Speiseopfer einger\u00fchrt mit \u00d6l zu jedem Lamme, ein Ganzopfer zum Wohlgeruch, ein Feueropfer von HaSchem. <sup class=\"Vers\">14.<\/sup>Und ihre Spenden, ein halbes Hin sei zu jedem Stier und ein Drittel Hin zu jedem Widder, und ein Viertel Hin Wein zu jedem Lamme; dies sei das Ganzopfer an jedem Monate nach den Monaten des Jahres. <sup class=\"Vers\">15.<\/sup>Und ein Ziegenbock zum S\u00fchnopfer f\u00fcr HaSchem au\u00dfer dem best\u00e4ndigen Ganzopfer werde geopfert und die Spende dazu. <\/p>\n\n\n\n<h2 class=\"wp-block-heading\">Haftarah<\/h2>\n\n\n\n<p>Jeschajahu 66,1 \u2013 66,24; 66,23<br><em>Jemenitisch<\/em>: Jeschajahu 66,1 \u2013 66,24<\/p>\n\n\n\n<p><sup>1.<\/sup>So spricht HaSchem:<br>Der Himmel ist mein Thron, und die Erde der Schemel meiner F\u00fc\u00dfe. Wo ist ein Haus, das ihr mir erbauen k\u00f6nnet, und wo ein Ort zu meiner Ruhestatt?<br><sup>2.<\/sup>Und alles dieses hat meine Hand gemacht, und es wurde alles dieses,<br>ist der Spruch HaSchems.<br>Und auf solchen blicke ich, auf den Armen, und der gebeugten Gem\u00fctes ist, und vor meinem Worte zittert.<br><sup>3.<\/sup>Der den Ochsen schlachtet, erschl\u00e4gt einen Menschen, der ein Schaf opfert, bricht dem Hund das Genick; der Speiseopfer darbringt \u2013 Blut des Schweines; der Weihrauch verduften l\u00e4\u00dft, benedeiet das Nichtige.<br>Ja, sie begehren ihre Wege, und an ihren Greueln findet ihre Seele Lust.<br><sup>4.<\/sup>So will auch ich begehren ihren Tand, und wovor ihnen grauet, das bringe ich \u00fcber sie, weil ich gerufen, und niemand antwortete, geredet, und sie h\u00f6rten nicht und taten das B\u00f6se in meinen Augen, und woran ich kein Gefallen habe, begehrten sie.<br><sup>5.<\/sup>H\u00f6rt das Wort HaSchems, ihr, vor seinem Worte Zitternde:<br>Es sprechen eure Br\u00fcder, eure Hasser, die euch versto\u00dfen um meines Namens willen:<br>HaSchem verherrliche sich, dass wir schauen eure Freude! Aber sie werden zu Schanden werden.<br><sup>6.<\/sup>Stimme des Get\u00f6ses aus der Stadt, Stimme aus dem Tempel, Stimme HaSchems, der Vergeltung zahlt seinen Feinden.<br><sup>7.<\/sup>Bevor sie gekreist, hat sie geboren, bevor ihre Wehen gekommen, ist sie eines Knaben genesen.<br><sup>8.<\/sup>Wer hat solches geh\u00f6rt? Wer dergleichen gesehen?<br>Wird kreisen gemacht ein Land an einem Tage, oder geboren ein Volk mit einem Male?<br>Dass schon gekreist, auch geboren hat Zijon ihre Kinder?<br><sup>9.<\/sup>Sollte ich erschlie\u00dfen den Mutterscho\u00df und nicht geb\u00e4ren lassen?<br>spricht HaSchem;<br>oder sollte ich, der Zeugende, verschlie\u00dfen?<br>spricht dein Gott.<br><sup>10.<\/sup>Freuet euch mit Jeruschalajim und frohlockt dar\u00fcber, all ihre Freunde, freuet euch mit ihr in Wonne, alle, die ihr um sie trauert,<br><sup>11.<\/sup>Auf dass ihr saugt und euch s\u00e4ttigt an der Brust ihres Trostes, auf dass ihr schl\u00fcrft und euch labt an der F\u00fclle ihrer Herrlichkeit.<br><sup>12.<\/sup>Denn also spricht HaSchem:<br>Siehe, ich lenke ihr, wie einen Fluss, den Frieden zu, und wie einen flutenden Strom den Reichtum der V\u00f6lker, dass ihr saugt; auf dem Arm werdet ihr getragen und auf den Knien geliebkost.<br><sup>13.<\/sup>Wie ein Mann, den seine Mutter tr\u00f6stet, so werde ich euch tr\u00f6sten, und an Jeruschalajim werdet ihr getr\u00f6stet.<br><sup>14.<\/sup>Und ihr werdet schauen, und euer Herz wird sich freuen, und eure Gebeine, wie das Gr\u00fcn sollen sie sprossen, und kund macht sich die Hand HaSchems an seinen Knechten, und er schilt seine Feinde.<br><sup>15.<\/sup>Denn siehe, HaSchem kommt im Feuer und wie Sturmwind sein Wagen, auszulassen in Glut seinen Zorn und sein Dr\u00e4uen in Feuerflammen.<br><sup>16.<\/sup>Denn mit Feuer richtet HaSchem und mit seinem Schwert gegen alles Fleisch, und viel werden sein die Erschlagenen HaSchems;<br><sup>17.<\/sup>Die sich heiligen und reinigen f\u00fcr die G\u00e4rten, nacheinander in der Mitte, die das Fleisch essen des Schweines und des Greuels und der Maus, insgesamt sollen sie umkommen,<br>ist der Spruch HaSchems.<br><sup>18.<\/sup>Und ich (will an) ihre Werke und ihre Gedanken; gekommen ist es, zu versammeln all die V\u00f6lker und Zungen, und sie sollen kommen und schauen meine Herrlichkeit.<br><sup>19.<\/sup>Und ich werde an ihnen ein Zeichen tun, und entsenden von ihnen Fl\u00fcchtlinge an die V\u00f6lker, Tarschisch, Pul und Lud, die den Bogen spannen, Tubal und Jawan, die fernen Eilande, die nicht geh\u00f6rt meinen Ruf und nicht geschauet meine Herrlichkeit, und sie werden kundmachen meine Herrlichkeit unter den V\u00f6lkern.<br><sup>20.<\/sup>Und werden bringen all eure Br\u00fcder aus allen V\u00f6lkern, eine Gabe HaSchem, auf Rossen und Wagen, und in S\u00e4nften und auf Maultieren und Dromedaren nach meinem heiligen Berge, nach Jeruschalajim, spricht HaSchem, so wie die Kinder Jisrael darbringen die Opfergabe in reinem Gef\u00e4\u00dfe, in das Haus HaSchems.<br><sup>21.<\/sup>Und auch von ihnen werde ich zu Priestern, zu Lewiten nehmen,<br>spricht HaSchem.<br><sup>22.<\/sup>Denn so wie der Himmel, der neue, und die Erde, die neue, die ich schaffe, vor mir bestehen, ist der Spruch HaSchems, so wird bestehen euer Same und euer Name.<br><sup>23.<\/sup>Und es geschieht:<br>je von Neumond zu Neumond, und je von Schabbat zu Schabbat wird kommen alles Fleisch, sich vor mir zu b\u00fccken, spricht HaSchem.<br><sup>24.<\/sup>Und man wird hinausgehen und schauen die Leichen der M\u00e4nner, der von mir Abtr\u00fcnnigen, denn ihr Wurm wird nicht sterben und ihr Feuer nicht verl\u00f6schen, und sie sind zum Ekel f\u00fcr alles Fleisch.<\/p>\n\n\n\n<p><em>Aschkenasim und Sefardim wiederholen den folgenden Satz:<\/em><\/p>\n\n\n\n<p><sup>23.<\/sup>Und es geschieht:<br>je von Neumond zu Neumond,<br>und je von Schabbat zu Schabbat wird kommen alles Fleisch,<br>sich vor mir zu b\u00fccken,<br>spricht HaSchem.<\/p>\n\n\n\n<h2 class=\"wp-block-heading\">Haftarah transliteriert<\/h2>\n\n\n\n<p><strong>K<\/strong>o amar adonai haschamajim kis&#8217;i weha&#8217;arez hadom raglai e se wajit ascher tiwnu li we&#8217;e se makom menuchati:<br>we&#8217;et kol elle jadi asata wajjihju chol elle ne&#8217;um adonai we&#8217;el se abbit el ani uneche ruach wechared al dewari:<br>schochet haschor makke isch soweach hasse oref kelew ma&#8217;ale mincha dam chasir maskir lewona mewarech awen gam hemma bacharu bedarchehem uweschikkuzehem nafscham chafeza:<br>gam ani ewchar beta&#8217;alulehem umegurotam awi lahem ja&#8217;an karati we&#8217;en one dibbarti welo schame&#8217;u wajja&#8217;asu hara be&#8217;enai uwa&#8217;ascher lo chafazti bacharu:<br>schim&#8217;u dewar adonai hacharedim el dewaro ameru achechem sone&#8217;echem menaddechem lema&#8217;an schemi jichbad adonai wenir&#8217;e wesimchatchem wehem jewoschu:<br>kol scha&#8217;on me&#8217;ir kol mehechal kol adonai meschallem gemul le&#8217;ojewaw:<br>beterem tachil jalada beterem jawo chewel lah wehimlita sachar:<br>mi schama kasot mi ra&#8217;a ka&#8217;elle hajuchal erez bejom echad im jiwwaled goi pa&#8217;am echat ki chala gam jaleda zijjon et baneha:<br>ha&#8217;ani aschbir welo olid jomar adonai im ani hammolid we&#8217;azarti amar elohajich:<br>simchu et jeruschalaim wegilu wah kol ohaweha sisu ittah masos kol hammit&#8217;abbelim aleha:<br>lema&#8217;an tinku usewa&#8217;tem mischod tanchumeha lema&#8217;an tamozzu wehit&#8217;annagtem missis kewodah:<br>ki cho amar adonai hinni note eleha kenahar schalom uchenachal schotef kewod gojim winaktem al zad tinnase&#8217;u we&#8217;al birkajim tescho&#8217;oscha&#8217;u:<br>ke&#8217;isch ascher immo tenachamennu ken anochi anachemchem uwiruschalaim tenuchamu:<br>ure&#8217;item wesas libbechem we&#8217;azmotechem kaddesche tifrachna wenode&#8217;a jad adonai et awadaw wesa&#8217;am et ojewaw:<br>ki hinne adonai ba&#8217;esch jawo wechassufa markewotaw lehaschiw bechema appo wega&#8217;arato belahawe esch:<br>ki wa&#8217;esch adonai nischpat uwecharbo et kol basar werabbu challe adonai:<br>hammitkaddeschim wehammittaharim el haggannot achar (chd) achat battawech ochele besar hachasir wehaschekez weha&#8217;achbar jachdaw jasufu ne&#8217;um adonai:<br>we&#8217;anochi ma&#8217;asehem umachschewotehem ba&#8217;a lekabbez et kol haggojim wehalleschonot uwa&#8217;u wera&#8217;u et kewodi:<br>wesamti wahem ot weschillachti mehem peletim el haggojim tarschisch pul welud moscheche keschet tuwal wejawan ha&#8217;ijjim harechokim ascher lo schame&#8217;u et schim&#8217;i welo ra&#8217;u et kewodi wehiggidu et kewodi baggojim:<br>wehewi&#8217;u et kol achechem mikkol haggojim mincha ladonai bassusim uwarechew uwazzabbim uwapperadim uwakkirkarot al har kadeschi jeruschalaim amar adonai ka&#8217;ascher jawi&#8217;u wene jisra&#8217;el et hammincha bichli tahor bet adonai:<br>wegam mehem ekkach lakkohanim lalwijjim amar adonai:<br>ki cha&#8217;ascher haschamajim hachodaschim weha&#8217;arez hachadascha ascher ani ose omedim lefanai ne&#8217;um adonai ken ja&#8217;amod sar&#8217;achem weschimchem:<br>wehaja midde chodesch bechodscho umidde schabbat beschabbatto jawo chol basar lehischtachawot lefanai amar adonai:<br>wejaze&#8217;u wera&#8217;u befigre ha&#8217;anaschim happosche&#8217;im bi ki tola&#8217;tam lo tamut we&#8217;ischam lo tichbe wehaju dera&#8217;on lechol basar:<\/p>\n\n\n\n<p><em>Aschkenasim und Sefardim wiederholen den folgenden Satz:<\/em><\/p>\n\n\n\n<p>Wehaja midde chodesch bechodscho umidde schabbat beschabbatto jawo chol basar lehischtachawot lefanai amar adonai:<\/p>\n","protected":false},"excerpt":{"rendered":"<p>Torahlesung Am Schabbat Rosch Chodesch wird der regul\u00e4re Wochenabschnitt gelesen.Ausnahme bilden die Monate Nissan, Tewet, Adar und Rosch haSchanah. Maftir Der Maftir f\u00fcr Schabbat Rosch Chodesch liest: Bamidbar 28,9 \u2013 28,15 9.Und am Schabbat-Tag zwei einj\u00e4hrige Schafe ohne Fehl und zwei Zehntel Grie\u00df zum Speiseopfer einger\u00fchrt mit \u00d6l, nebst seiner Spende. 10.(Das ist) das Ganzopfer an jedem Schabbat au\u00dfer dem t\u00e4glichen Ganzopfer und seiner Spende. 11.Und zu Anfang eurer Monate bringt ein Ganzopfer dar f\u00fcr HaSchem, zwei junge Stier und einen Widder, sieben einj\u00e4hrige Schafe ohne Fehl. 12.Und drei Zehntel Grie\u00df zum Speiseopfer einger\u00fchrt mit \u00d6l zu jedem Stier, und zwei Zehntel Grie\u00df zum Speiseopfer einger\u00fchrt mit \u00d6l zu jedem Widder. 13.Und je ein Zehntel Grie\u00df zum Speiseopfer einger\u00fchrt mit \u00d6l zu jedem Lamme, ein Ganzopfer zum Wohlgeruch, ein Feueropfer von HaSchem. 14.Und ihre Spenden, ein halbes Hin sei zu jedem Stier und ein Drittel Hin zu jedem Widder, und ein Viertel Hin Wein zu jedem Lamme; dies sei das Ganzopfer an jedem Monate nach den Monaten des Jahres. 15.Und ein Ziegenbock zum S\u00fchnopfer f\u00fcr &hellip;<\/p>\n","protected":false},"author":1,"featured_media":31,"parent":0,"menu_order":0,"comment_status":"closed","ping_status":"closed","template":"","meta":{"_themeisle_gutenberg_block_has_review":false,"footnotes":""},"class_list":["post-8284","page","type-page","status-publish","has-post-thumbnail","hentry"],"jetpack_sharing_enabled":true,"_links":{"self":[{"href":"https:\/\/www.talmud.de\/tlmd\/wp-json\/wp\/v2\/pages\/8284","targetHints":{"allow":["GET"]}}],"collection":[{"href":"https:\/\/www.talmud.de\/tlmd\/wp-json\/wp\/v2\/pages"}],"about":[{"href":"https:\/\/www.talmud.de\/tlmd\/wp-json\/wp\/v2\/types\/page"}],"author":[{"embeddable":true,"href":"https:\/\/www.talmud.de\/tlmd\/wp-json\/wp\/v2\/users\/1"}],"replies":[{"embeddable":true,"href":"https:\/\/www.talmud.de\/tlmd\/wp-json\/wp\/v2\/comments?post=8284"}],"version-history":[{"count":2,"href":"https:\/\/www.talmud.de\/tlmd\/wp-json\/wp\/v2\/pages\/8284\/revisions"}],"predecessor-version":[{"id":8287,"href":"https:\/\/www.talmud.de\/tlmd\/wp-json\/wp\/v2\/pages\/8284\/revisions\/8287"}],"wp:featuredmedia":[{"embeddable":true,"href":"https:\/\/www.talmud.de\/tlmd\/wp-json\/wp\/v2\/media\/31"}],"wp:attachment":[{"href":"https:\/\/www.talmud.de\/tlmd\/wp-json\/wp\/v2\/media?parent=8284"}],"curies":[{"name":"wp","href":"https:\/\/api.w.org\/{rel}","templated":true}]}}