{"id":8292,"date":"2022-02-17T00:59:45","date_gmt":"2022-02-16T22:59:45","guid":{"rendered":"https:\/\/www.talmud.de\/tlmd\/?page_id=8292"},"modified":"2022-02-24T16:28:10","modified_gmt":"2022-02-24T14:28:10","slug":"zum-wochenabschnitt-wajakhel","status":"publish","type":"page","link":"https:\/\/www.talmud.de\/tlmd\/zum-wochenabschnitt-wajakhel\/","title":{"rendered":"Zum Wochenabschnitt Wajakhel"},"content":{"rendered":"\n<h2 class=\"wp-block-heading\">Zusammenfassung<\/h2>\n\n\n\n<p><em>Schemot<\/em> 35,1\u201338,20 <br>Zu Beginn des Abschnitts dieser Woche werden die Israeliten daran erinnert, das, bereits fr\u00fcher offenbarte, Schabbatgesetz nicht zu \u00fcbertreten.<br>Die K\u00fcnstler, Bezalel und Oholiab sollen aus freiwilligen Spenden \u2013 Frauen bringen Schmuck und M\u00e4nner Silber, Kupfer, Holz und Kleidung \u2013 Ger\u00e4te f\u00fcr das Stiftszelt herstellen. Diese Spenden \u00fcbersteigen sogar den tats\u00e4chlichen Bedarf, und der Wohlt\u00e4tigkeit der M\u00e4nner und Frauen muss eine Grenze gesetzt werden. Den Abschluss des Abschnitts bildet die Anfertigung der Bundeslade und verschiedener Ger\u00e4te.<\/p>\n\n\n\n<h2 class=\"wp-block-heading\">Torahabschnitt<\/h2>\n\n\n\n<ul class=\"wp-block-list\"><li><a href=\"https:\/\/www.talmud.de\/tlmd\/die-torah-eine-deutsche-uebersetzung\/die-torah-wajakhel\/\"><strong>Text des Wochenabschnitts (Deutsch)<\/strong><\/a><\/li><li><strong><a rel=\"noreferrer noopener\" href=\"https:\/\/www.sefaria.org\/Exodus.35.1?ven=Die_Heilige_Schrift,_trans._Dr._Simon_Bernfeld,_Berlin,_1902_-_German_[de]&amp;lang=bi&amp;aliyot=1\" target=\"_blank\">Text des Wochenabschnitts<\/a><\/strong>&nbsp;talmud.de \u00dcbersetzung auf Sefaria <img data-recalc-dims=\"1\" loading=\"lazy\" decoding=\"async\" width=\"20\" height=\"24\" class=\"wp-image-7704\" style=\"width: 20px;\" src=\"https:\/\/i0.wp.com\/www.talmud.de\/tlmd\/wp-content\/uploads\/2021\/08\/sefaria_klein.png?resize=20%2C24&#038;ssl=1\" alt=\"Sefaria Logo\"> Hebr\u00e4isch-Deutsch<\/li><li><strong><a rel=\"noreferrer noopener\" href=\"https:\/\/tikkun.io\/#\/p\/vayakhel\" target=\"_blank\">Abschnitt im Tikkun<\/a><\/strong>&nbsp;<img loading=\"lazy\" decoding=\"async\" width=\"41\" height=\"28\" src=\"https:\/\/i1.wp.com\/www.talmud.de\/tlmd\/wp-content\/uploads\/2020\/06\/tikkun_online_schriftwechsel.png?resize=41%2C28&amp;ssl=1\" alt=\"\"><\/li><li>Wenn der Wochenabschnitt mit <strong>Schabbat Schekalim<\/strong> zusammenf\u00e4llt, <a href=\"https:\/\/www.talmud.de\/tlmd\/zum-schabbat-schekalim\/\">siehe zus\u00e4tzlich hier<\/a>.<\/li><\/ul>\n\n\n\n<h2 class=\"wp-block-heading\">Zum Wochenabschnitt<\/h2>\n\n\n\n<ul class=\"wp-block-list\"><li><strong><a rel=\"noreferrer noopener\" href=\"https:\/\/www.juedische-allgemeine.de\/religion\/ein-haus-fuer-den-ewigen\/\" target=\"_blank\">Ein Haus f\u00fcr den Ewigen<\/a><\/strong> Was den biblischen Mischkan mit der Prager Altneuschul verbindet Von Bryan Wood <em>J\u00fcdische Allgemeine<\/em><\/li><li><strong><a rel=\"noreferrer noopener\" href=\"https:\/\/www.juedische-allgemeine.de\/religion\/platz-der-heiligkeit\/\" target=\"_blank\">Platz der Heiligkeit<\/a><\/strong> Der Ewige erf\u00fcllt die ganze Welt \u2013 und ist doch an bestimmten Orten besonders pr\u00e4sent Von Rabbiner Jaron Engelmayer <em>J\u00fcdische Allgemeine<\/em><\/li><li><strong><a rel=\"noreferrer noopener\" href=\"https:\/\/judentum.hagalil.com\/sidra-wajakhel\/\" target=\"_blank\">Die Wiederholungen<\/a><\/strong> Von Nechama Leibowitz\u00a0<em>hagalil.com<\/em><\/li><li><strong><a rel=\"noreferrer noopener\" href=\"https:\/\/de.chabad.org\/parshah\/article_cdo\/aid\/721616\/jewish\/Vorbereitung-und-Erfllung.htm\" target=\"_blank\">Vorbereitung und Erf\u00fcllung<\/a><\/strong> Von Dr. William Stern.\u00a0<em>Chabad<\/em><\/li><li><strong><a rel=\"noreferrer noopener\" href=\"https:\/\/de.chabad.org\/parshah\/article_cdo\/aid\/721617\/jewish\/Wesentliches-und-Unwesentliches.htm\" target=\"_blank\">Wesentliches und Unwesentliches<\/a><\/strong> Von Dr. William Stern.\u00a0<em>Chabad<\/em><\/li><li><strong><a rel=\"noreferrer noopener\" href=\"https:\/\/de.chabad.org\/parshah\/article_cdo\/aid\/721618\/jewish\/Passiv-bei-der-Arbeit.htm\" target=\"_blank\">\u00bbPassiv\u00ab bei der Arbeit<\/a><\/strong> Von Dr. William Stern.\u00a0<em>Chabad<\/em><\/li><li><strong><a rel=\"noreferrer noopener\" href=\"https:\/\/media.rabbisacks.org\/20210706224913\/GERMAN-Vayakhel-Pekudei-5781.pdf\" target=\"_blank\">Feiert!<\/a><\/strong><img data-recalc-dims=\"1\" loading=\"lazy\" decoding=\"async\" width=\"24\" height=\"24\" class=\"wp-image-7992\" style=\"width: 24px;\" src=\"https:\/\/i0.wp.com\/www.talmud.de\/tlmd\/wp-content\/uploads\/2021\/10\/outline_picture_as_pdf_black_24dp.png?resize=24%2C24&#038;ssl=1\" alt=\"\"> Von Rabbiner Lord Jonathan Sacks (sel. Ang.)\u00a0<em>rabbisacks.org<\/em> <\/li><li><a href=\"https:\/\/media.rabbisacks.org\/20220223142441\/GERMAN-Wajakhel.pdf\" target=\"_blank\" rel=\"noreferrer noopener\"><strong>Der Geist der Gemeinschaft<\/strong> <img data-recalc-dims=\"1\" loading=\"lazy\" decoding=\"async\" width=\"24\" height=\"24\" class=\"wp-image-7992\" style=\"width: 24px;\" src=\"https:\/\/i0.wp.com\/www.talmud.de\/tlmd\/wp-content\/uploads\/2021\/10\/outline_picture_as_pdf_black_24dp.png?resize=24%2C24&#038;ssl=1\" alt=\"\"><\/a> Von Rabbiner Lord Jonathan Sacks (sel. Ang.)\u00a0<em>rabbisacks.org<\/em><\/li><\/ul>\n\n\n\n<h2 class=\"wp-block-heading\">Haftarah<\/h2>\n\n\n\n<p>W\u00e4hrend eines regul\u00e4ren Jahres werden die Wochenabschnitte WaJakehel und Pekudej getrennt voneinander gelesen. In diesem Fall wird dann die Haftarah <em>Parah <\/em>gelesen.<br>W\u00e4hrend eines Schaltjahres kann es sein, dass dieser Schabbat vor der Woche von Rosch Chodesch Adar 2 liegt. <br>In diesem Fall wird die <em>Haftarah <\/em>f\u00fcr den <strong><a href=\"https:\/\/www.talmud.de\/tlmd\/zum-schabbat-schekalim\/\">Abschnitt Schekalim<\/a><\/strong> gelesen. Liegt dieser Schabbat vor Rosch Chodesch Nissan, dann wird die Haftarah HaChodesch gelesen.<\/p>\n\n\n\n<p><em>Aschkenasisch, Frankfurt am Main, Chabad<\/em>: <a href=\"https:\/\/www.talmud.de\/tlmd\/tanach\/das-buch-der-koenige-melachim-1-alef\/#kapitel-7\">1. Melachim 7,40 \u2013 7,50<\/a><br><em>Sefardisch<\/em>: <a href=\"https:\/\/www.talmud.de\/tlmd\/tanach\/das-buch-der-koenige-melachim-1-alef\/#kapitel-7\">1. Melachim 7,13 \u2013 7,26<\/a><br><em>Jemenitisch<\/em>: <a href=\"https:\/\/www.talmud.de\/tlmd\/tanach\/das-buch-der-koenige-melachim-1-alef\/#kapitel-7\">1. Melachim 7,13 \u2013 7,22<\/a><\/p>\n\n\n\n<div class=\"wp-block-group\"><div class=\"wp-block-group__inner-container is-layout-flow wp-block-group-is-layout-flow\">\n<div class=\"wp-block-columns is-layout-flex wp-container-core-columns-is-layout-1 wp-block-columns-is-layout-flex\">\n<div class=\"wp-block-column is-layout-flow wp-block-column-is-layout-flow\" style=\"flex-basis:33.33%\">\n<figure class=\"wp-block-image size-large\"><a href=\"https:\/\/www.talmud.de\/tlmd\/zum-wochenabschnitt\/\"><img data-recalc-dims=\"1\" loading=\"lazy\" decoding=\"async\" width=\"89\" height=\"81\" src=\"https:\/\/i0.wp.com\/www.talmud.de\/tlmd\/wp-content\/uploads\/2021\/03\/torah_rolle_80.png?resize=89%2C81&#038;ssl=1\" alt=\"\" class=\"wp-image-7253\"\/><\/a><\/figure>\n<\/div>\n\n\n\n<div class=\"wp-block-column is-layout-flow wp-block-column-is-layout-flow\" style=\"flex-basis:66.66%\">\n<p><a href=\"https:\/\/www.talmud.de\/tlmd\/zum-wochenabschnitt\/\"><img data-recalc-dims=\"1\" loading=\"lazy\" decoding=\"async\" width=\"33\" height=\"20\" class=\"wp-image-1962\" style=\"width: 33px;\" src=\"https:\/\/i0.wp.com\/www.talmud.de\/tlmd\/wp-content\/uploads\/2016\/02\/hand_talmudde.png?resize=33%2C20&#038;ssl=1\" alt=\"\"> <strong>Zur \u00dcbersicht \u00fcber die Wochenabschnitte<\/strong><\/a><\/p>\n<\/div>\n<\/div>\n\n\n\n<p><\/p>\n<\/div><\/div>\n","protected":false},"excerpt":{"rendered":"<p>Zusammenfassung Schemot 35,1\u201338,20 Zu Beginn des Abschnitts dieser Woche werden die Israeliten daran erinnert, das, bereits fr\u00fcher offenbarte, Schabbatgesetz nicht zu \u00fcbertreten.Die K\u00fcnstler, Bezalel und Oholiab sollen aus freiwilligen Spenden \u2013 Frauen bringen Schmuck und M\u00e4nner Silber, Kupfer, Holz und Kleidung \u2013 Ger\u00e4te f\u00fcr das Stiftszelt herstellen. Diese Spenden \u00fcbersteigen sogar den tats\u00e4chlichen Bedarf, und der Wohlt\u00e4tigkeit der M\u00e4nner und Frauen muss eine Grenze gesetzt werden. Den Abschluss des Abschnitts bildet die Anfertigung der Bundeslade und verschiedener Ger\u00e4te. Torahabschnitt Text des Wochenabschnitts (Deutsch) Text des Wochenabschnitts&nbsp;talmud.de \u00dcbersetzung auf Sefaria Hebr\u00e4isch-Deutsch Abschnitt im Tikkun&nbsp; Wenn der Wochenabschnitt mit Schabbat Schekalim zusammenf\u00e4llt, siehe zus\u00e4tzlich hier. Zum Wochenabschnitt Ein Haus f\u00fcr den Ewigen Was den biblischen Mischkan mit der Prager Altneuschul verbindet Von Bryan Wood J\u00fcdische Allgemeine Platz der Heiligkeit Der Ewige erf\u00fcllt die ganze Welt \u2013 und ist doch an bestimmten Orten besonders pr\u00e4sent Von Rabbiner Jaron Engelmayer J\u00fcdische Allgemeine Die Wiederholungen Von Nechama Leibowitz\u00a0hagalil.com Vorbereitung und Erf\u00fcllung Von Dr. William Stern.\u00a0Chabad Wesentliches und Unwesentliches Von Dr. William Stern.\u00a0Chabad \u00bbPassiv\u00ab bei der Arbeit Von Dr. William Stern.\u00a0Chabad &hellip;<\/p>\n","protected":false},"author":1,"featured_media":7257,"parent":0,"menu_order":0,"comment_status":"closed","ping_status":"closed","template":"","meta":{"_themeisle_gutenberg_block_has_review":false,"footnotes":""},"class_list":["post-8292","page","type-page","status-publish","has-post-thumbnail","hentry"],"jetpack_sharing_enabled":true,"_links":{"self":[{"href":"https:\/\/www.talmud.de\/tlmd\/wp-json\/wp\/v2\/pages\/8292","targetHints":{"allow":["GET"]}}],"collection":[{"href":"https:\/\/www.talmud.de\/tlmd\/wp-json\/wp\/v2\/pages"}],"about":[{"href":"https:\/\/www.talmud.de\/tlmd\/wp-json\/wp\/v2\/types\/page"}],"author":[{"embeddable":true,"href":"https:\/\/www.talmud.de\/tlmd\/wp-json\/wp\/v2\/users\/1"}],"replies":[{"embeddable":true,"href":"https:\/\/www.talmud.de\/tlmd\/wp-json\/wp\/v2\/comments?post=8292"}],"version-history":[{"count":2,"href":"https:\/\/www.talmud.de\/tlmd\/wp-json\/wp\/v2\/pages\/8292\/revisions"}],"predecessor-version":[{"id":8404,"href":"https:\/\/www.talmud.de\/tlmd\/wp-json\/wp\/v2\/pages\/8292\/revisions\/8404"}],"wp:featuredmedia":[{"embeddable":true,"href":"https:\/\/www.talmud.de\/tlmd\/wp-json\/wp\/v2\/media\/7257"}],"wp:attachment":[{"href":"https:\/\/www.talmud.de\/tlmd\/wp-json\/wp\/v2\/media?parent=8292"}],"curies":[{"name":"wp","href":"https:\/\/api.w.org\/{rel}","templated":true}]}}