{"id":8333,"date":"2022-02-18T10:07:43","date_gmt":"2022-02-18T08:07:43","guid":{"rendered":"https:\/\/www.talmud.de\/tlmd\/?page_id=8333"},"modified":"2022-02-18T10:23:20","modified_gmt":"2022-02-18T08:23:20","slug":"zum-wochenabschnitt-pekudej","status":"publish","type":"page","link":"https:\/\/www.talmud.de\/tlmd\/zum-wochenabschnitt-pekudej\/","title":{"rendered":"Zum Wochenabschnitt Pekudej"},"content":{"rendered":"\n<h2 class=\"wp-block-heading\">Zusammenfassung<\/h2>\n\n\n\n<p><em>Schemot<\/em> 38,21\u201340,38<br>Der letzte Abschnitt des Buches Schemot berichtet von der Berechnung der, f\u00fcr das Stiftszelt, verarbeiteten Stoffe und wiederholt die Anweisungen zur Anfertigung der Priesterkleidung. Die Arbeiten am Stiftszelt werden vollendet und dieses aufgestellt und eingeweiht. \u00dcber dem Stiftszelt erscheint die \u00bbWolke des Ewigen\u00ab die tags\u00fcber \u00fcber dem Stiftszelt ruht und nachts als Feuer zu sichtbar ist, zum Zeichen f\u00fcr die Israeliten. Sie dient zugleich als Zeichen f\u00fcr den Aufbruch. Wenn die Wolke sich erhebt, dann soll auch das Volk aufbrechen.<\/p>\n\n\n\n<h2 class=\"wp-block-heading\">Torahabschnitt<\/h2>\n\n\n\n<ul class=\"wp-block-list\"><li><a href=\"https:\/\/www.talmud.de\/tlmd\/die-torah-eine-deutsche-uebersetzung\/die-torah-pekude\/\"><strong>Text des Wochenabschnitts (Deutsch)<\/strong><\/a><\/li><li><strong><a rel=\"noreferrer noopener\" href=\"https:\/\/www.sefaria.org\/Exodus.38.21?ven=Die_Heilige_Schrift,_trans._Dr._Simon_Bernfeld,_Berlin,_1902_-_German_[de]&amp;lang=bi&amp;aliyot=1\" target=\"_blank\">Text des Wochenabschnitts<\/a><\/strong>&nbsp;talmud.de \u00dcbersetzung auf Sefaria&nbsp;<img loading=\"lazy\" decoding=\"async\" width=\"20\" height=\"24\" src=\"https:\/\/i2.wp.com\/www.talmud.de\/tlmd\/wp-content\/uploads\/2021\/08\/sefaria_klein.png?resize=20%2C24&amp;ssl=1\" alt=\"Sefaria Logo\">&nbsp;Hebr\u00e4isch-Deutsch<\/li><li><strong><a rel=\"noreferrer noopener\" href=\"https:\/\/tikkun.io\/#\/p\/pekudei\" target=\"_blank\">Abschnitt im Tikkun<\/a><\/strong>&nbsp;<img loading=\"lazy\" decoding=\"async\" width=\"41\" height=\"28\" src=\"https:\/\/i1.wp.com\/www.talmud.de\/tlmd\/wp-content\/uploads\/2020\/06\/tikkun_online_schriftwechsel.png?resize=41%2C28&amp;ssl=1\" alt=\"\"><\/li><\/ul>\n\n\n\n<h2 class=\"wp-block-heading\">Zum Wochenabschnitt<\/h2>\n\n\n\n<ul class=\"wp-block-list\"><li><strong><a rel=\"noreferrer noopener\" href=\"https:\/\/www.juedische-allgemeine.de\/religion\/der-makel-des-tempels\/\" target=\"_blank\">Der Makel des Tempels<\/a><\/strong> Die Tora lehrt, dass unter Zwang nichts geschaffen werden kann, das von Dauer ist Von Rabbiner Yehuda Teichtal &nbsp;<em>J\u00fcdische Allgemeine<\/em><\/li><li><strong><a href=\"https:\/\/www.juedische-allgemeine.de\/allgemein\/schuld-und-suehne\/\" target=\"_blank\" rel=\"noreferrer noopener\">Schuld und S\u00fchne<\/a> <\/strong>Wie das Goldene Kalb zum Bau des Stiftszelts f\u00fchrte Von Rabbiner David Goldberg &nbsp;<em>J\u00fcdische Allgemeine<\/em><\/li><li><strong><a rel=\"noreferrer noopener\" href=\"https:\/\/de.chabad.org\/parshah\/article_cdo\/aid\/721612\/jewish\/Der-halbe-Schekel.htm\" target=\"_blank\">Der halbe Schekel<\/a><\/strong> Von Dr. William Stern.&nbsp;<em>Chabad<\/em><\/li><li><strong><a rel=\"noreferrer noopener\" href=\"https:\/\/de.chabad.org\/parshah\/article_cdo\/aid\/721613\/jewish\/Keine-eigentliche-Wiederholung.htm\" target=\"_blank\">Keine eigentliche Wiederholung<\/a><\/strong> Von Dr. William Stern.&nbsp;<em>Chabad<\/em><\/li><li><strong><a rel=\"noreferrer noopener\" href=\"https:\/\/de.chabad.org\/parshah\/article_cdo\/aid\/721614\/jewish\/Von-der-Freude.htm\" target=\"_blank\">Von der Freude<\/a><\/strong> Von Dr. William Stern.&nbsp;<em>Chabad<\/em><\/li><li><strong><a rel=\"noreferrer noopener\" href=\"https:\/\/judentum.hagalil.com\/sidra-pekudei\/\" target=\"_blank\">Das Waschbecken und sein Gestell<\/a><\/strong> Von Nechama Leibowitz&nbsp;<em>hagalil.com<\/em><\/li><li><strong><a rel=\"noreferrer noopener\" href=\"https:\/\/media.rabbisacks.org\/20210706224913\/GERMAN-Vayakhel-Pekudei-5781.pdf\" target=\"_blank\">Feiert!<\/a><\/strong><img loading=\"lazy\" decoding=\"async\" width=\"24\" height=\"24\" src=\"https:\/\/i1.wp.com\/www.talmud.de\/tlmd\/wp-content\/uploads\/2021\/10\/outline_picture_as_pdf_black_24dp.png?resize=24%2C24&amp;ssl=1\" alt=\"\">&nbsp;Von Rabbiner Lord Jonathan Sacks (sel. Ang.)&nbsp;<em>rabbisacks.org<\/em><\/li><\/ul>\n\n\n\n<h2 class=\"wp-block-heading\">Haftarah<\/h2>\n\n\n\n<p>Wenn der Schabbat von Pekudej in einem regul\u00e4ren Jahr gelesen wird und in der folgenden Woche <em><a href=\"https:\/\/www.talmud.de\/tlmd\/rosch-chodesch\/\" data-type=\"page\" data-id=\"4605\">Rosch Chodesch<\/a><\/em> Nissan sein wird, dann wird statt dieser Haftarah, die Haftarah <em>HaChodesch<\/em> gelesen. Wenn dieser Schabbat eine Woche vorher liegt, dann wird die Haftarah f\u00fcr <em>Parah <\/em>gelesen.<br>W\u00e4hrend eines Schaltjahres kann es sein, dass dieser Schabbat vor der Woche von <em>Rosch Chodesch<\/em> Adar 2 liegt. In diesem Fall wird die Haftarah f\u00fcr den Abschnitt <em><a href=\"https:\/\/www.talmud.de\/tlmd\/zum-schabbat-schekalim\/\" data-type=\"page\" data-id=\"8310\">Schekalim<\/a> <\/em>gelesen.<br>Fallen Rosch Chodesch Adar 2 und dieser Schabbat zusammen, dann wird die Haftarah f\u00fcr den Abschnitt <em><a href=\"https:\/\/www.talmud.de\/tlmd\/zum-schabbat-schekalim\/\" data-type=\"page\" data-id=\"8310\">Schekalim <\/a><\/em>gelesen und in vielen Gemeinden wird ein Satz f\u00fcr <em>Rosch Chodesch<\/em> in diese eingef\u00fcgt.<\/p>\n\n\n\n<p><br><em>Aschkenasisch, Frankfurt am Main, Chabad<\/em>: <a href=\"https:\/\/www.talmud.de\/tlmd\/tanach\/das-buch-der-koenige-melachim-2-bet\/#kapitel-7\">1. Melachim 7,51 \u2013 8,21<\/a><br><em>Sefardisch, Italienisch, Jemenitisch<\/em>: <a href=\"https:\/\/www.talmud.de\/tlmd\/tanach\/das-buch-der-koenige-melachim-2-bet\/#kapitel-7\">1. Melachim 7,40 \u2013 50<\/a><\/p>\n\n\n\n<div class=\"wp-block-group\"><div class=\"wp-block-group__inner-container is-layout-flow wp-block-group-is-layout-flow\">\n<div class=\"wp-block-columns is-layout-flex wp-container-core-columns-is-layout-1 wp-block-columns-is-layout-flex\">\n<div class=\"wp-block-column is-layout-flow wp-block-column-is-layout-flow\" style=\"flex-basis:33.33%\">\n<figure class=\"wp-block-image size-large\"><a href=\"https:\/\/www.talmud.de\/tlmd\/zum-wochenabschnitt\/\"><img data-recalc-dims=\"1\" loading=\"lazy\" decoding=\"async\" width=\"89\" height=\"81\" src=\"https:\/\/i0.wp.com\/www.talmud.de\/tlmd\/wp-content\/uploads\/2021\/03\/torah_rolle_80.png?resize=89%2C81&#038;ssl=1\" alt=\"\" class=\"wp-image-7253\"\/><\/a><\/figure>\n<\/div>\n\n\n\n<div class=\"wp-block-column is-layout-flow wp-block-column-is-layout-flow\" style=\"flex-basis:66.66%\">\n<p><a href=\"https:\/\/www.talmud.de\/tlmd\/zum-wochenabschnitt\/\"><img data-recalc-dims=\"1\" loading=\"lazy\" decoding=\"async\" width=\"33\" height=\"20\" class=\"wp-image-1962\" style=\"width: 33px;\" src=\"https:\/\/i0.wp.com\/www.talmud.de\/tlmd\/wp-content\/uploads\/2016\/02\/hand_talmudde.png?resize=33%2C20&#038;ssl=1\" alt=\"\"> <strong>Zur \u00dcbersicht \u00fcber die Wochenabschnitte<\/strong><\/a><\/p>\n<\/div>\n<\/div>\n\n\n\n<p><\/p>\n<\/div><\/div>\n","protected":false},"excerpt":{"rendered":"<p>Zusammenfassung Schemot 38,21\u201340,38Der letzte Abschnitt des Buches Schemot berichtet von der Berechnung der, f\u00fcr das Stiftszelt, verarbeiteten Stoffe und wiederholt die Anweisungen zur Anfertigung der Priesterkleidung. Die Arbeiten am Stiftszelt werden vollendet und dieses aufgestellt und eingeweiht. \u00dcber dem Stiftszelt erscheint die \u00bbWolke des Ewigen\u00ab die tags\u00fcber \u00fcber dem Stiftszelt ruht und nachts als Feuer zu sichtbar ist, zum Zeichen f\u00fcr die Israeliten. Sie dient zugleich als Zeichen f\u00fcr den Aufbruch. Wenn die Wolke sich erhebt, dann soll auch das Volk aufbrechen. Torahabschnitt Text des Wochenabschnitts (Deutsch) Text des Wochenabschnitts&nbsp;talmud.de \u00dcbersetzung auf Sefaria&nbsp;&nbsp;Hebr\u00e4isch-Deutsch Abschnitt im Tikkun&nbsp; Zum Wochenabschnitt Der Makel des Tempels Die Tora lehrt, dass unter Zwang nichts geschaffen werden kann, das von Dauer ist Von Rabbiner Yehuda Teichtal &nbsp;J\u00fcdische Allgemeine Schuld und S\u00fchne Wie das Goldene Kalb zum Bau des Stiftszelts f\u00fchrte Von Rabbiner David Goldberg &nbsp;J\u00fcdische Allgemeine Der halbe Schekel Von Dr. William Stern.&nbsp;Chabad Keine eigentliche Wiederholung Von Dr. William Stern.&nbsp;Chabad Von der Freude Von Dr. William Stern.&nbsp;Chabad Das Waschbecken und sein Gestell Von Nechama Leibowitz&nbsp;hagalil.com Feiert!&nbsp;Von Rabbiner Lord Jonathan Sacks (sel. &hellip;<\/p>\n","protected":false},"author":1,"featured_media":7257,"parent":0,"menu_order":0,"comment_status":"closed","ping_status":"closed","template":"","meta":{"_themeisle_gutenberg_block_has_review":false,"footnotes":""},"class_list":["post-8333","page","type-page","status-publish","has-post-thumbnail","hentry"],"jetpack_sharing_enabled":true,"_links":{"self":[{"href":"https:\/\/www.talmud.de\/tlmd\/wp-json\/wp\/v2\/pages\/8333","targetHints":{"allow":["GET"]}}],"collection":[{"href":"https:\/\/www.talmud.de\/tlmd\/wp-json\/wp\/v2\/pages"}],"about":[{"href":"https:\/\/www.talmud.de\/tlmd\/wp-json\/wp\/v2\/types\/page"}],"author":[{"embeddable":true,"href":"https:\/\/www.talmud.de\/tlmd\/wp-json\/wp\/v2\/users\/1"}],"replies":[{"embeddable":true,"href":"https:\/\/www.talmud.de\/tlmd\/wp-json\/wp\/v2\/comments?post=8333"}],"version-history":[{"count":2,"href":"https:\/\/www.talmud.de\/tlmd\/wp-json\/wp\/v2\/pages\/8333\/revisions"}],"predecessor-version":[{"id":8341,"href":"https:\/\/www.talmud.de\/tlmd\/wp-json\/wp\/v2\/pages\/8333\/revisions\/8341"}],"wp:featuredmedia":[{"embeddable":true,"href":"https:\/\/www.talmud.de\/tlmd\/wp-json\/wp\/v2\/media\/7257"}],"wp:attachment":[{"href":"https:\/\/www.talmud.de\/tlmd\/wp-json\/wp\/v2\/media?parent=8333"}],"curies":[{"name":"wp","href":"https:\/\/api.w.org\/{rel}","templated":true}]}}