{"id":8426,"date":"2022-03-09T10:36:50","date_gmt":"2022-03-09T08:36:50","guid":{"rendered":"https:\/\/www.talmud.de\/tlmd\/?page_id=8426"},"modified":"2022-03-22T16:23:25","modified_gmt":"2022-03-22T14:23:25","slug":"zum-schabbat-sachor","status":"publish","type":"page","link":"https:\/\/www.talmud.de\/tlmd\/zum-schabbat-sachor\/","title":{"rendered":"Zum Schabbat Sachor"},"content":{"rendered":"\n<figure class=\"wp-block-image size-large\"><a href=\"https:\/\/i0.wp.com\/www.talmud.de\/tlmd\/wp-content\/uploads\/2022\/03\/minhogim_sachor.jpg?ssl=1\"><img data-recalc-dims=\"1\" loading=\"lazy\" decoding=\"async\" width=\"840\" height=\"471\" src=\"https:\/\/i0.wp.com\/www.talmud.de\/tlmd\/wp-content\/uploads\/2022\/03\/minhogim_sachor.jpg?resize=840%2C471&#038;ssl=1\" alt=\"\" class=\"wp-image-8427\" srcset=\"https:\/\/i0.wp.com\/www.talmud.de\/tlmd\/wp-content\/uploads\/2022\/03\/minhogim_sachor.jpg?resize=1024%2C574&amp;ssl=1 1024w, https:\/\/i0.wp.com\/www.talmud.de\/tlmd\/wp-content\/uploads\/2022\/03\/minhogim_sachor.jpg?resize=300%2C168&amp;ssl=1 300w, https:\/\/i0.wp.com\/www.talmud.de\/tlmd\/wp-content\/uploads\/2022\/03\/minhogim_sachor.jpg?resize=768%2C431&amp;ssl=1 768w, https:\/\/i0.wp.com\/www.talmud.de\/tlmd\/wp-content\/uploads\/2022\/03\/minhogim_sachor.jpg?w=1100&amp;ssl=1 1100w\" sizes=\"auto, (max-width: 840px) 100vw, 840px\" \/><\/a><figcaption>Aus einem Minhogimbuch<\/figcaption><\/figure>\n\n\n\n<p><a href=\"https:\/\/www.talmud.de\/tlmd\/die-vier-besonderen-schabbatot-vor-pessach\/\" data-type=\"post\" data-id=\"288\"><strong>Schabbat Sachor <\/strong>\u2013 Schabbat \u00bbGedenke\u00ab<\/a> ist der Schabbat, an dem der Abschnitt \u00fcber die Feindschaft Amaleks aus der Torah und die Niederwerfung Amaleks durch K\u00f6nig Schaul aus den Propheten (1. Schmuel 15) gelesen wird. Der Agatite Haman, eine der Hauptfiguren in der Geschichte von Purim, wird als ein Nachkomme Agags, des K\u00f6nigs von Amalek (15,8) betrachtet. Und da die Halachah gebietet, der Feindseligkeiten Amaleks gegen das j\u00fcdische Volk zu gedenken, hielt man es f\u00fcr angemessen, diese Abschnitte vor Purim zu lesen.<\/p>\n\n\n\n<h2 class=\"wp-block-heading\">Maftir<\/h2>\n\n\n\n<p><em>Am Schabbat Sachor liest der Maftir Dewarim 25,17\u201319:<\/em><\/p>\n\n\n\n<p><sup>17<\/sup>Gedenke, was dir Amalek getan auf dem Wege bei eurem Auszuge aus \u00c4gypten.<br><sup>18<\/sup>Der dich traf auf dem Wege, und deine Nachhut erschlug, all die Schwachen hinter dir \u2014 du aber warst matt und m\u00fcde; \u2014 und f\u00fcrchtete Gott nicht.<br><sup>19<\/sup>Es soll nun geschehen, wenn HaSchem, dein Gott, dir Ruhe schafft von all deinen Feinden rings herum in dem Lande, das HaSchem, dein Gott, dir als Besitz gibt, es einzunehmen, sollst du ausl\u00f6schen das Ged\u00e4chtnis Amaleks unter dem Himmel. Vergiss nicht!<\/p>\n\n\n\n<h2 class=\"wp-block-heading\">Haftarah<\/h2>\n\n\n\n<p><em>Aschkenasisch, Frankfurt am Main, Chabad, Italienisch<\/em>: 1. Schmuel 15,2 \u2013 15,34<br><em>Sefardisch<\/em>: 1. Schmuel 15,1 \u2013 15,34<br><em>Jemenitisch<\/em>: 1. Schmuel 14,52 \u2013 15:33<\/p>\n\n\n\n<p><em>Nach jemenitischem Minhag beginnt man hier:<\/em><\/p>\n\n\n\n<p><sup>52.<\/sup>Und der Krieg war m\u00e4chtig gegen die Pelischtim all die Tage des Scha\u2018ul und wie Schaul irgeneinen starken Mann, oder irgendeinen Tapferen sah, dann gesellte er ihn zu sich.<\/p>\n\n\n\n<p><em>Sefardim beginnen hier:<\/em><\/p>\n\n\n\n<p>1.Und es sprach Schemuel zu Scha\u2019ul:<br>Mich hat HaSchem gesandt, dich zu salben zum K\u00f6nig \u00fcber sein Volk, \u00fcber Jisrael.<br>So gehorche denn der Stimme der Worte HaSchems.<\/p>\n\n\n\n<p><em>Aschkenasisch, Frankfurt am Main, Chabad, Italienisch beginnen hier:<\/em><\/p>\n\n\n\n<p><sup>2.<\/sup>So hat gesprochen HaSchem Tzewa\u2018ot:<br>Ich habe (dessen) gedacht, was Amalek Jisrael getan, der ihm nachstellte auf dem Wege bei seinem Zuge aus Mizrajim herauf.<br><sup>3.<\/sup>Gehe nunmehr und schlage Amalek und bannet alles, was sein, und erbarme dich sein nicht, sondern t\u00f6te von Mann und Frau, von Kind bis S\u00e4ugling, von Ochs bis Lamm, von Kamel bis Esel.<br><sup>4.<\/sup>Und Scha\u2019ul erlie\u00df ein Aufgebot an das Volk und musterte sie in Telaim, zweihunderttausend zu Fu\u00df und zehntausend mit den M\u00e4nnern von Jehudah.<br><sup>5.<\/sup>Und Scha\u2019ul kam bis zur Stadt des Amalek und legte sich in den Hinterhalt im Tale.<br><sup>6.<\/sup>Und Scha\u2019ul sprach zu dem Keniter:<br>Gehet, weichet und ziehet hinab aus der Mitte des Amalekiters, dass ich dich nicht hinraffe mit ihm, denn du hast Liebe erwiesen all den Kindern Jisrael bei ihrem Zuge aus Mizrajim herauf. Und der Keniter wich aus der Mitte des Amalek.<br><sup>7.<\/sup>Und Scha\u2019ul schlug den Amalek von Chawilah bis gen Schur, das vor Mizrajim.<br><sup>8.<\/sup>Und ergriff den Agag, K\u00f6nig von Amalek, lebendig, und das ganze Volk bannte er mit der Sch\u00e4rfe des Schwertes.<br><sup>9.<\/sup>Und Scha\u2019ul und das Volk erbarmte sich \u00fcber Agag, und \u00fcber das Beste der Schafe, und die Rinder, und die zweij\u00e4hrigen und \u00fcber die Mastl\u00e4mmer und \u00fcber alles Gut, und sie wollten sie nicht bannen; alles Zuchtvieh aber, das unbedeutend und schwach, das bannten sie.<\/p>\n\n\n\n<p><sup>10.<\/sup>Und das Wort HaSchems erging an Schemuel:<br><sup>11.<\/sup>Ich bereue, dass ich den Scha\u2019ul zum K\u00f6nig eingesetzt, weil er sich abgewandt von mir und meine Worte nicht aufrecht gehalten hat.<br>Und es brannte den Schemuel und er schrie zu HaSchem die ganze Nacht.<br><sup>12.<\/sup>Und Schemuel machte sich fr\u00fch auf, dem Scha\u2019ul entgegen am Morgen, und es wurde dem Schemuel berichtet also:<br>Gekommen ist Scha\u2019ul nach Karmel, und siehe, er stellt sich ein Denkmal auf und hat sich gewandt und ist weiter gegangen nach Gilgal hinab.<br><sup>13.<\/sup>Als Schemuel zu Scha\u2019ul kam, sprach Scha\u2019ul zu ihm:<br>Gesegnet seist du HaSchem.<br>Ich habe das Wort HaSchems aufrecht erhalten.<br><sup>14.<\/sup>Und Schemuel sprach:<br>Was ist denn das f\u00fcr ein Geschrei von den Schafen vor meinen Ohren und Geschrei der Rinder, das ich h\u00f6re?<br><sup>15.<\/sup>Und Scha\u2019ul sprach:<br>Vom Amalekiter haben sie sie gebracht, da das Volk sich erbarmte \u00fcber das Beste der Schafe und der Rinder, um HaSchem, deinem Gott, zu opfern. Das \u00dcbrige haben wir gebannt.<br><sup>16.<\/sup>Und Schemuel sprach zu Scha\u2019ul:<br>Halt an! dass ich dir verk\u00fcnde, was HaSchem zu mir geredet diese Nacht.<br>Und er sprach zu ihm:<br>Rede.<br><sup>17.<\/sup>Und Schemuel sprach:<br>Nicht wahr? Wie gering du auch warst in deinen Augen, bist du das Haupt der St\u00e4mme Jisraels.<br>Und HaSchem hat dich gesalbt zum K\u00f6nig \u00fcber Jisrael.<br><sup>18.<\/sup>Und HaSchem hat dich gesandt auf den Weg und gesprochen:<br>Gehe und banne die S\u00fcnder, den Amalek, und bekriege sie bis zu ihrer Vernichtung.<br><sup>19.<\/sup>Warum hast du denn nicht gehorcht der Stimme HaSchems, und bist hergefallen \u00fcber die Beute und hast das B\u00f6se getan in den Augen HaSchems?<br><sup>20.<\/sup>Und Scha\u2019ul sprach zu Schemuel:<br>Ich habe ja gehorcht der Stimme HaSchems und bin auf dem Weg gegangen, auf den mich HaSchem geschickt hat, und brachte den Agag, K\u00f6nig von Amalek, und den Amalek habe ich gebannt.<br><sup>21.<\/sup>Und das Volk nahm von der Beute, Schafe und Rinder, das Erste des Banngutes zu opfern HaSchem, deinem Gott, in Gilgal.<br><sup>22.<\/sup>Und Schemuel sprach:<br>Hat HaSchem Lust an Ganzopfern und an Schlachtopfern, wie am Gehorsam gegen die Stimme HaSchems? Siehe, Gehorsam ist besser denn Opfer, Acht haben mehr als Fett der Widder.<br><sup>23.<\/sup>Denn S\u00fcnde der Wahrsagerei ist Widerspenstigkeit und Dienst der G\u00f6tzen und Terafim Starrsinn. Daf\u00fcr, dass du verschm\u00e4ht hast das Wort HaSchems, hat er dich verschm\u00e4ht, dass du nicht K\u00f6nig seist.<br><sup>24.<\/sup>Und Scha\u2019ul sprach zu Schemuel:<br>Ich habe ges\u00fcndigt, dass ich \u00fcbertreten den Befehl HaSchems und deine Worte, weil ich das Volk gef\u00fcrchtet und auf seine Stimme h\u00f6rte.<br><sup>25.<\/sup>Und nun vergib doch meine S\u00fcnde, kehre zur\u00fcck mit mir, dass ich mich b\u00fccke vor HaSchem.<br><sup>26.<\/sup>Und Schemuel sprach zu Scha\u2019ul:<br>Ich kehre nicht zur\u00fcck mit dir, denn du hast das Wort HaSchems verschm\u00e4ht, so dass HaSchem dich verschm\u00e4ht hat, dass du nicht K\u00f6nig seist \u00fcber Jisrael.<br><sup>27.<\/sup>Und Schemuel wandte sich zu gehen, und er fa\u00dfte den Zipfel seines Oberkleides, und er zerri\u00df ihn.<br><sup>28.<\/sup>Da sprach Schemuel zu ihm:<br>Zerrissen hat HaSchem das K\u00f6nigtum Jisraels heute, herunter von dir; er hat es gegeben deinem Genossen, der besser ist denn du.<br><sup>29.<\/sup>Und auch wird der M\u00e4chtige Jisraels nicht l\u00fcgen und sich nicht bedenken, denn nicht ein Mensch ist er, sich zu bedenken.<br><sup>30.<\/sup>Und er sprach:<br>Ich habe ges\u00fcndigt. Jetzt ehre mich doch vor den \u00c4ltesten meines Volkes und vor Jisrael, und kehre mit mir zur\u00fcck, dass ich mich b\u00fccke vor HaSchem, deinem Gott.<br><sup>31.<\/sup>Und Schemuel begleitete Scha\u2019ul zur\u00fcck und Scha\u2019ul b\u00fcckte sich vor HaSchem.<br><sup>32.<\/sup>Und Schemuel sprach:<br>Bringt her zu mir den Agag, K\u00f6nig von Amalek.<br>Und Agag ging zu ihm lustigen Schrittes, und Agag sprach:<br>F\u00fcrwahr, gewichen ist das Bittere des Todes.<br><sup>33.<\/sup>Und Schemuel sprach:<br>Wie dein Schwert Frauen der Kinder beraubt hat, so sei kinderberaubt unter den Frauen deine Mutter!<br>Und Schemuel hieb den Agag in St\u00fccke vor HaSchem in Gilgal.<br><\/p>\n\n\n\n<p><em>nach jemenitischem Minhag und dem von Posen endet man hier<\/em><\/p>\n\n\n\n<p><sup>34.<\/sup>Und Schemuel ging nach Ramah und Scha\u2019ul ging in sein Haus nach Gibeah Scha\u2019uls.<\/p>\n\n\n\n<div class=\"wp-block-group\"><div class=\"wp-block-group__inner-container is-layout-flow wp-block-group-is-layout-flow\">\n<div class=\"wp-block-columns is-layout-flex wp-container-core-columns-is-layout-1 wp-block-columns-is-layout-flex\">\n<div class=\"wp-block-column is-layout-flow wp-block-column-is-layout-flow\" style=\"flex-basis:33.33%\">\n<figure class=\"wp-block-image size-large\"><a href=\"https:\/\/www.talmud.de\/tlmd\/zum-wochenabschnitt\/\"><img data-recalc-dims=\"1\" loading=\"lazy\" decoding=\"async\" width=\"89\" height=\"81\" src=\"https:\/\/i0.wp.com\/www.talmud.de\/tlmd\/wp-content\/uploads\/2021\/03\/torah_rolle_80.png?resize=89%2C81&#038;ssl=1\" alt=\"\" class=\"wp-image-7253\"\/><\/a><\/figure>\n<\/div>\n\n\n\n<div class=\"wp-block-column is-layout-flow wp-block-column-is-layout-flow\" style=\"flex-basis:66.66%\">\n<p><a href=\"https:\/\/www.talmud.de\/tlmd\/zum-wochenabschnitt\/\"><img data-recalc-dims=\"1\" loading=\"lazy\" decoding=\"async\" width=\"33\" height=\"20\" class=\"wp-image-1962\" style=\"width: 33px;\" src=\"https:\/\/i0.wp.com\/www.talmud.de\/tlmd\/wp-content\/uploads\/2016\/02\/hand_talmudde.png?resize=33%2C20&#038;ssl=1\" alt=\"\"> <strong>Zur \u00dcbersicht \u00fcber die Wochenabschnitte<\/strong><\/a><\/p>\n<\/div>\n<\/div>\n\n\n\n<p><\/p>\n<\/div><\/div>\n","protected":false},"excerpt":{"rendered":"<p>Schabbat Sachor \u2013 Schabbat \u00bbGedenke\u00ab ist der Schabbat, an dem der Abschnitt \u00fcber die Feindschaft Amaleks aus der Torah und die Niederwerfung Amaleks durch K\u00f6nig Schaul aus den Propheten (1. Schmuel 15) gelesen wird. Der Agatite Haman, eine der Hauptfiguren in der Geschichte von Purim, wird als ein Nachkomme Agags, des K\u00f6nigs von Amalek (15,8) betrachtet. Und da die Halachah gebietet, der Feindseligkeiten Amaleks gegen das j\u00fcdische Volk zu gedenken, hielt man es f\u00fcr angemessen, diese Abschnitte vor Purim zu lesen. Maftir Am Schabbat Sachor liest der Maftir Dewarim 25,17\u201319: 17Gedenke, was dir Amalek getan auf dem Wege bei eurem Auszuge aus \u00c4gypten.18Der dich traf auf dem Wege, und deine Nachhut erschlug, all die Schwachen hinter dir \u2014 du aber warst matt und m\u00fcde; \u2014 und f\u00fcrchtete Gott nicht.19Es soll nun geschehen, wenn HaSchem, dein Gott, dir Ruhe schafft von all deinen Feinden rings herum in dem Lande, das HaSchem, dein Gott, dir als Besitz gibt, es einzunehmen, sollst du ausl\u00f6schen das Ged\u00e4chtnis Amaleks unter dem Himmel. Vergiss nicht! Haftarah Aschkenasisch, Frankfurt am Main, Chabad, &hellip;<\/p>\n","protected":false},"author":1,"featured_media":0,"parent":0,"menu_order":0,"comment_status":"closed","ping_status":"closed","template":"","meta":{"_themeisle_gutenberg_block_has_review":false,"footnotes":""},"class_list":["post-8426","page","type-page","status-publish","hentry"],"jetpack_sharing_enabled":true,"_links":{"self":[{"href":"https:\/\/www.talmud.de\/tlmd\/wp-json\/wp\/v2\/pages\/8426","targetHints":{"allow":["GET"]}}],"collection":[{"href":"https:\/\/www.talmud.de\/tlmd\/wp-json\/wp\/v2\/pages"}],"about":[{"href":"https:\/\/www.talmud.de\/tlmd\/wp-json\/wp\/v2\/types\/page"}],"author":[{"embeddable":true,"href":"https:\/\/www.talmud.de\/tlmd\/wp-json\/wp\/v2\/users\/1"}],"replies":[{"embeddable":true,"href":"https:\/\/www.talmud.de\/tlmd\/wp-json\/wp\/v2\/comments?post=8426"}],"version-history":[{"count":2,"href":"https:\/\/www.talmud.de\/tlmd\/wp-json\/wp\/v2\/pages\/8426\/revisions"}],"predecessor-version":[{"id":8474,"href":"https:\/\/www.talmud.de\/tlmd\/wp-json\/wp\/v2\/pages\/8426\/revisions\/8474"}],"wp:attachment":[{"href":"https:\/\/www.talmud.de\/tlmd\/wp-json\/wp\/v2\/media?parent=8426"}],"curies":[{"name":"wp","href":"https:\/\/api.w.org\/{rel}","templated":true}]}}