{"id":8450,"date":"2022-03-15T16:35:33","date_gmt":"2022-03-15T14:35:33","guid":{"rendered":"https:\/\/www.talmud.de\/tlmd\/?page_id=8450"},"modified":"2022-03-21T11:32:24","modified_gmt":"2022-03-21T09:32:24","slug":"zum-wochenabschnitt-tzaw","status":"publish","type":"page","link":"https:\/\/www.talmud.de\/tlmd\/zum-wochenabschnitt-tzaw\/","title":{"rendered":"Zum Wochenabschnitt (T)Zaw"},"content":{"rendered":"\n<h2 class=\"wp-block-heading\">Zusammenfassung<\/h2>\n\n\n\n<p><em>WaJikra<\/em> 6,1\u20138,36<br>Die f\u00fcnf Arten von Opfern, die bereits im Abschnitt der vergangenen Woche eingef\u00fchrt wurden, werden n\u00e4her erl\u00e4utert. Diejenigen, welche die Opferzeremonien durchf\u00fchren sollten, waren Aharon, seine S\u00f6hne und ihre Nachkommen. Den Opfervorschriften folgt eine Schilderung der Stiftszeltweihung und der Einsetzung Aharons und seiner S\u00f6hne in das Priesteramt.<\/p>\n\n\n\n<h2 class=\"wp-block-heading\">Torahabschnitt<\/h2>\n\n\n\n<ul class=\"wp-block-list\"><li><a href=\"https:\/\/www.talmud.de\/tlmd\/die-torah-eine-deutsche-uebersetzung\/die-torah-tzaw\/\"><strong>Text des Wochenabschnitts (Deutsch)<\/strong><\/a><\/li><li><strong><a rel=\"noreferrer noopener\" href=\"https:\/\/www.sefaria.org\/Leviticus.6.1?ven=Die_Heilige_Schrift,_trans._Dr._Simon_Bernfeld,_Berlin,_1902_-_German_[de]&amp;lang=bi&amp;aliyot=1\" target=\"_blank\">Text des Wochenabschnitts<\/a><\/strong>&nbsp;talmud.de \u00dcbersetzung auf Sefaria&nbsp;<img loading=\"lazy\" decoding=\"async\" width=\"20\" height=\"24\" src=\"https:\/\/i2.wp.com\/www.talmud.de\/tlmd\/wp-content\/uploads\/2021\/08\/sefaria_klein.png?resize=20%2C24&amp;ssl=1\" alt=\"Sefaria Logo\">&nbsp;Hebr\u00e4isch-Deutsch<\/li><li><strong><a rel=\"noreferrer noopener\" href=\"https:\/\/tikkun.io\/#\/p\/tzav\" target=\"_blank\">Abschnitt im Tikkun<\/a><\/strong>&nbsp;<img loading=\"lazy\" decoding=\"async\" width=\"41\" height=\"28\" src=\"https:\/\/i1.wp.com\/www.talmud.de\/tlmd\/wp-content\/uploads\/2020\/06\/tikkun_online_schriftwechsel.png?resize=41%2C28&amp;ssl=1\" alt=\"\"><\/li><\/ul>\n\n\n\n<h2 class=\"wp-block-heading\">Zum Wochenabschnitt<\/h2>\n\n\n\n<ul class=\"wp-block-list\"><li><strong><a rel=\"noreferrer noopener\" href=\"https:\/\/www.juedische-allgemeine.de\/religion\/erziehe-dich-selbst-2\/\" target=\"_blank\">Erziehe dich selbst!<\/a><\/strong> Die Opfergaben aus der Zeit des Tempels stehen f\u00fcr erstrebenswerte Charaktereigenschaften Von Meir Israel Myropolskyy \u00a0\u00a0<em>J\u00fcdische Allgemeine<\/em><\/li><li><strong><a rel=\"noreferrer noopener\" href=\"https:\/\/www.juedische-allgemeine.de\/religion\/ersatz-fuer-das-opfer\/\" target=\"_blank\">Ersatz f\u00fcr das Opfer<\/a><\/strong> Nach der Zerst\u00f6rung des Tempels r\u00fcckten die Gebete und das Toralernen an die Stelle des Korban Von Nehorai Daus \u00a0\u00a0<em>J\u00fcdische Allgemeine<\/em><\/li><li><strong><a rel=\"noreferrer noopener\" href=\"https:\/\/www.juedische-allgemeine.de\/religion\/der-schoene-geruch\/\" target=\"_blank\">Der sch\u00f6ne Geruch<\/a><\/strong> Die Tora beschreibt detailliert, aus welchem Anlass was und wie viel geopfert werden sollte Von Rabbiner Walter Rothschild \u00a0\u00a0<em>J\u00fcdische Allgemeine<\/em><\/li><li><strong><a href=\"https:\/\/www.juedische-allgemeine.de\/religion\/laemmer-stiere-widder\/\" target=\"_blank\" rel=\"noreferrer noopener\">L\u00e4mmer, Stiere, Widder<\/a><\/strong> Die Hebr\u00e4er sollten jene Tierarten opfern, die von den \u00c4gyptern als G\u00f6tzen verehrt wurden Von Chajm Guski \u00a0\u00a0<em>J\u00fcdische Allgemeine<\/em> <\/li><li><strong><a rel=\"noreferrer noopener\" href=\"https:\/\/judentum.hagalil.com\/sidrath-zav\/\" target=\"_blank\">Das Friedensopfer (Schelamim)<\/a><\/strong> Von Nechama Leibowitz\u00a0<em>hagalil.com<\/em><\/li><li><strong><a rel=\"noreferrer noopener\" href=\"https:\/\/de.chabad.org\/parshah\/article_cdo\/aid\/529325\/jewish\/Immerwhrendes-Feuer.htm\" target=\"_blank\">Immerw\u00e4hrendes Feuer<\/a><\/strong> Von Dr. William Stern.\u00a0<em>Chabad<\/em><\/li><li><a rel=\"noreferrer noopener\" href=\"https:\/\/de.chabad.org\/parshah\/article_cdo\/aid\/723260\/jewish\/Feuer-auf-dem-Altar.htm\" target=\"_blank\"><strong>Feuer auf dem Altar<\/strong> <\/a>Von Dr. William Stern.\u00a0<em>Chabad<\/em><\/li><li><strong><a rel=\"noreferrer noopener\" href=\"https:\/\/de.chabad.org\/parshah\/article_cdo\/aid\/723262\/jewish\/Der-fnfte-Sohn.htm\" target=\"_blank\">Der f\u00fcnfte Sohn<\/a><\/strong> Von Dr. William Stern.\u00a0<em>Chabad<\/em><\/li><li><strong><a rel=\"noreferrer noopener\" href=\"https:\/\/media.rabbisacks.org\/20210706224926\/GERMAN-Tzav-5781.pdf\" target=\"_blank\">Der Mut zur Identit\u00e4tskrise<\/a><\/strong> <img data-recalc-dims=\"1\" loading=\"lazy\" decoding=\"async\" width=\"24\" height=\"24\" class=\"wp-image-7992\" style=\"width: 24px;\" src=\"https:\/\/i0.wp.com\/www.talmud.de\/tlmd\/wp-content\/uploads\/2021\/10\/outline_picture_as_pdf_black_24dp.png?resize=24%2C24&#038;ssl=1\" alt=\"\">\u00a0Von Rabbiner Lord Jonathan Sacks (sel. Ang.)\u00a0<em>rabbisacks.org<\/em><\/li><li><strong><a href=\"https:\/\/media.rabbisacks.org\/20220315152926\/GERMAN-Tzav.pdf\">Die Gewalt und das Heilige <img data-recalc-dims=\"1\" loading=\"lazy\" decoding=\"async\" width=\"24\" height=\"24\" class=\"wp-image-7992\" style=\"width: 24px;\" src=\"https:\/\/i0.wp.com\/www.talmud.de\/tlmd\/wp-content\/uploads\/2021\/10\/outline_picture_as_pdf_black_24dp.png?resize=24%2C24&#038;ssl=1\" alt=\"\"><\/a><\/strong> Von Rabbiner Lord Jonathan Sacks (sel. Ang.)\u00a0<em>rabbisacks.org<\/em><\/li><\/ul>\n\n\n\n<h2 class=\"wp-block-heading\">Haftarah<\/h2>\n\n\n\n<p><em>W\u00e4hrend eines regul\u00e4ren Jahres f\u00e4llt der Schabbat mit der Lesung des Abschnitts Tzaw stets mit Schabbat HaGadol zusammen. Die Haftarah wird dann durch die f\u00fcr den Schabbat haGadol ersetzt. Nach romaniotischem Brauch wird hier auch an einem Schabbat Tzaw die Haftarah f\u00fcr den Schabbat haGadol gelesen. Bei Chabad ist es Brauch, nur die Haftarah f\u00fcr den Schabbat haGadol zu lesen, wenn der Schabbat mit Erew Pessach zusammenf\u00e4llt.<br>In Schaltjahren kann Tzaw mit dem Abschnitt Sachor oder dem Abschnitt Parah zusammefallen. Im Falle von Sachor, wird die Haftarah mit der von <a href=\"https:\/\/www.talmud.de\/tlmd\/zum-schabbat-sachor\/\" data-type=\"page\" data-id=\"8426\">Sachor <\/a>ersetzt, im Falle von Parah mit der Haftarah Parah.<br>Diese Haftarah wird also nur sehr selten gelesen.<\/em><\/p>\n\n\n\n<p><br><em>Aschkenasisch<\/em>, <em>Sefardisch<\/em>: <a href=\"https:\/\/www.talmud.de\/tlmd\/tanach\/jirmejahu\/#kapitel-7\">Jirmejahu 7,21 \u2013 8,3<\/a>, 9,22 \u2013 23<br><em>Chabad, Jemenitisch<\/em>: <a href=\"https:\/\/www.talmud.de\/tlmd\/tanach\/jirmejahu\/#kapitel-7\">Jirmejahu 7,21 \u2013 7,28<\/a>, 9,22 \u2013 23<br><em>Italienisch<\/em>: <a href=\"https:\/\/www.talmud.de\/tlmd\/tanach\/jirmejahu\/#kapitel-7\">Jirmejahu<\/a> <a href=\"https:\/\/www.talmud.de\/tlmd\/tanach\/jirmejahu\/#kapitel-7\">7,21 \u2013 7,28<\/a>, 9,22 \u2013 23, 10,6 \u2013 10,7<br><em>Fez<\/em>: <a href=\"https:\/\/www.talmud.de\/tlmd\/tanach\/jirmejahu\/#kapitel-7\">Jirmejahu 7,21 \u2013 7,28<\/a><\/p>\n\n\n\n<div class=\"wp-block-group\"><div class=\"wp-block-group__inner-container is-layout-flow wp-block-group-is-layout-flow\">\n<div class=\"wp-block-columns is-layout-flex wp-container-core-columns-is-layout-1 wp-block-columns-is-layout-flex\">\n<div class=\"wp-block-column is-layout-flow wp-block-column-is-layout-flow\" style=\"flex-basis:33.33%\">\n<figure class=\"wp-block-image size-large\"><a href=\"https:\/\/www.talmud.de\/tlmd\/zum-wochenabschnitt\/\"><img data-recalc-dims=\"1\" loading=\"lazy\" decoding=\"async\" width=\"89\" height=\"81\" src=\"https:\/\/i0.wp.com\/www.talmud.de\/tlmd\/wp-content\/uploads\/2021\/03\/torah_rolle_80.png?resize=89%2C81&#038;ssl=1\" alt=\"\" class=\"wp-image-7253\"\/><\/a><\/figure>\n<\/div>\n\n\n\n<div class=\"wp-block-column is-layout-flow wp-block-column-is-layout-flow\" style=\"flex-basis:66.66%\">\n<p><a href=\"https:\/\/www.talmud.de\/tlmd\/zum-wochenabschnitt\/\"><img data-recalc-dims=\"1\" loading=\"lazy\" decoding=\"async\" width=\"33\" height=\"20\" class=\"wp-image-1962\" style=\"width: 33px;\" src=\"https:\/\/i0.wp.com\/www.talmud.de\/tlmd\/wp-content\/uploads\/2016\/02\/hand_talmudde.png?resize=33%2C20&#038;ssl=1\" alt=\"\"> <strong>Zur \u00dcbersicht \u00fcber die Wochenabschnitte<\/strong><\/a><\/p>\n<\/div>\n<\/div>\n\n\n\n<p><\/p>\n<\/div><\/div>\n","protected":false},"excerpt":{"rendered":"<p>Zusammenfassung WaJikra 6,1\u20138,36Die f\u00fcnf Arten von Opfern, die bereits im Abschnitt der vergangenen Woche eingef\u00fchrt wurden, werden n\u00e4her erl\u00e4utert. Diejenigen, welche die Opferzeremonien durchf\u00fchren sollten, waren Aharon, seine S\u00f6hne und ihre Nachkommen. Den Opfervorschriften folgt eine Schilderung der Stiftszeltweihung und der Einsetzung Aharons und seiner S\u00f6hne in das Priesteramt. Torahabschnitt Text des Wochenabschnitts (Deutsch) Text des Wochenabschnitts&nbsp;talmud.de \u00dcbersetzung auf Sefaria&nbsp;&nbsp;Hebr\u00e4isch-Deutsch Abschnitt im Tikkun&nbsp; Zum Wochenabschnitt Erziehe dich selbst! Die Opfergaben aus der Zeit des Tempels stehen f\u00fcr erstrebenswerte Charaktereigenschaften Von Meir Israel Myropolskyy \u00a0\u00a0J\u00fcdische Allgemeine Ersatz f\u00fcr das Opfer Nach der Zerst\u00f6rung des Tempels r\u00fcckten die Gebete und das Toralernen an die Stelle des Korban Von Nehorai Daus \u00a0\u00a0J\u00fcdische Allgemeine Der sch\u00f6ne Geruch Die Tora beschreibt detailliert, aus welchem Anlass was und wie viel geopfert werden sollte Von Rabbiner Walter Rothschild \u00a0\u00a0J\u00fcdische Allgemeine L\u00e4mmer, Stiere, Widder Die Hebr\u00e4er sollten jene Tierarten opfern, die von den \u00c4gyptern als G\u00f6tzen verehrt wurden Von Chajm Guski \u00a0\u00a0J\u00fcdische Allgemeine Das Friedensopfer (Schelamim) Von Nechama Leibowitz\u00a0hagalil.com Immerw\u00e4hrendes Feuer Von Dr. William Stern.\u00a0Chabad Feuer auf dem Altar Von Dr. William Stern.\u00a0Chabad &hellip;<\/p>\n","protected":false},"author":1,"featured_media":7257,"parent":0,"menu_order":0,"comment_status":"closed","ping_status":"closed","template":"","meta":{"_themeisle_gutenberg_block_has_review":false,"footnotes":""},"class_list":["post-8450","page","type-page","status-publish","has-post-thumbnail","hentry"],"jetpack_sharing_enabled":true,"_links":{"self":[{"href":"https:\/\/www.talmud.de\/tlmd\/wp-json\/wp\/v2\/pages\/8450","targetHints":{"allow":["GET"]}}],"collection":[{"href":"https:\/\/www.talmud.de\/tlmd\/wp-json\/wp\/v2\/pages"}],"about":[{"href":"https:\/\/www.talmud.de\/tlmd\/wp-json\/wp\/v2\/types\/page"}],"author":[{"embeddable":true,"href":"https:\/\/www.talmud.de\/tlmd\/wp-json\/wp\/v2\/users\/1"}],"replies":[{"embeddable":true,"href":"https:\/\/www.talmud.de\/tlmd\/wp-json\/wp\/v2\/comments?post=8450"}],"version-history":[{"count":2,"href":"https:\/\/www.talmud.de\/tlmd\/wp-json\/wp\/v2\/pages\/8450\/revisions"}],"predecessor-version":[{"id":8458,"href":"https:\/\/www.talmud.de\/tlmd\/wp-json\/wp\/v2\/pages\/8450\/revisions\/8458"}],"wp:featuredmedia":[{"embeddable":true,"href":"https:\/\/www.talmud.de\/tlmd\/wp-json\/wp\/v2\/media\/7257"}],"wp:attachment":[{"href":"https:\/\/www.talmud.de\/tlmd\/wp-json\/wp\/v2\/media?parent=8450"}],"curies":[{"name":"wp","href":"https:\/\/api.w.org\/{rel}","templated":true}]}}