{"id":8753,"date":"2022-04-27T15:46:21","date_gmt":"2022-04-27T13:46:21","guid":{"rendered":"https:\/\/www.talmud.de\/tlmd\/?page_id=8753"},"modified":"2025-07-14T08:37:14","modified_gmt":"2025-07-14T06:37:14","slug":"zum-wochenabschnitt-acharej-mot","status":"publish","type":"page","link":"https:\/\/www.talmud.de\/tlmd\/zum-wochenabschnitt-acharej-mot\/","title":{"rendered":"Zum Wochenabschnitt Acharej Mot"},"content":{"rendered":"<div class=\"wp-block-image\">\n<figure class=\"aligncenter size-large\"><a href=\"https:\/\/i0.wp.com\/www.talmud.de\/tlmd\/wp-content\/uploads\/2021\/03\/torah_rolle.png?ssl=1\"><img data-recalc-dims=\"1\" loading=\"lazy\" decoding=\"async\" width=\"269\" height=\"245\" src=\"https:\/\/i0.wp.com\/www.talmud.de\/tlmd\/wp-content\/uploads\/2021\/03\/torah_rolle.png?resize=269%2C245&#038;ssl=1\" alt=\"\" class=\"wp-image-7257\"\/><\/a><\/figure><\/div>\n\n\n<h2 class=\"wp-block-heading\">Zusammenfassung<\/h2>\n\n\n\n<p><em>WaJikra<\/em> 16,1\u201318,30<br>Mit Anordnungen zu Jom Kippur beginnt der Wochenabschnitt dieser Woche. Zun\u00e4chst wird das Ritual des Kohen Gadol f\u00fcr diesen Tag beschrieben und das Fortschicken des \u00bbS\u00fcndenbocks\u00ab zu Azazel. Mosche gibt anschlie\u00dfend Aaron die Vorschriften des Fastens. Dann werden weitere Speisegesetze \u00fcbergeben, wie etwa das Verbot des Blutgenusses und das Verbot des Verzehrs von Aas. Den Abschluss bilden verbotene Ehen wegen zu naher Blutsverwandtschaft und Regelungen zu verbotenen sexuellen Beziehungen.<\/p>\n\n\n\n<h2 class=\"wp-block-heading\">Torahabschnitt<\/h2>\n\n\n\n<ul class=\"wp-block-list\">\n<li><strong><a href=\"https:\/\/www.talmud.de\/tlmd\/die-torah-eine-deutsche-uebersetzung\/die-torah-acharei-mot\/\">Text des Wochenabschnitts (Deutsch)<\/a><\/strong><\/li>\n\n\n\n<li><strong><a href=\"https:\/\/www.sefaria.org\/Leviticus.16.1?ven=Die_Heilige_Schrift,_trans._Dr._Simon_Bernfeld,_Berlin,_1902_-_German_[de]&amp;lang=bi&amp;aliyot=1\" target=\"_blank\" rel=\"noreferrer noopener\">Text des Wochenabschnitts<\/a><\/strong>&nbsp;talmud.de \u00dcbersetzung auf Sefaria <img data-recalc-dims=\"1\" loading=\"lazy\" decoding=\"async\" width=\"20\" height=\"24\" class=\"wp-image-7704\" style=\"width: 20px;\" src=\"https:\/\/i0.wp.com\/www.talmud.de\/tlmd\/wp-content\/uploads\/2021\/08\/sefaria_klein.png?resize=20%2C24&#038;ssl=1\" alt=\"Sefaria Logo\">&nbsp;&nbsp;Hebr\u00e4isch-Deutsch<\/li>\n\n\n\n<li><strong><a href=\"https:\/\/tikkun.io\/#\/p\/achrei-mot\" target=\"_blank\" rel=\"noreferrer noopener\">Abschnitt im Tikkun<\/a><\/strong>&nbsp;<figure><img loading=\"lazy\" decoding=\"async\" width=\"41\" height=\"28\" src=\"https:\/\/i1.wp.com\/www.talmud.de\/tlmd\/wp-content\/uploads\/2020\/06\/tikkun_online_schriftwechsel.png?resize=41%2C28&amp;ssl=1\" alt=\"\"><\/figure><\/li>\n<\/ul>\n\n\n\n<h2 class=\"wp-block-heading\">Zum Wochenabschnitt<\/h2>\n\n\n\n<p>Nach <em>Raschi<\/em> ist Azazel ein steiler, harter Berg, eine hohe Felsenspitze; wie es in Vers 22 \u00bbein abgeschnittenes Land, ein absch\u00fcssiges\u00ab hei\u00dft. (Siehe Joma 39a und 67b). Laut Talmud, wird ein Ziegenbock die Felsenspitze gef\u00fchrt und von dieser hinuntergest\u00fcrzt.<\/p>\n\n\n\n<ul class=\"wp-block-list\">\n<li><strong>J\u00fcdische Allgemeine<\/strong>\n<ul class=\"wp-block-list\">\n<li><strong><a href=\"https:\/\/www.juedische-allgemeine.de\/religion\/vorsicht-duenkel\/\" target=\"_blank\" rel=\"noreferrer noopener\">Vorsicht, D\u00fcnkel!<\/a><\/strong> <em>Warum auch die fr\u00f6mmsten Menschen nicht vor Fehlern gefeit sind und deshalb Warnungen brauchen<\/em> Von Nehora Daus<\/li>\n\n\n\n<li><strong><a href=\"https:\/\/www.juedische-allgemeine.de\/religion\/haerter-bestraft\/\" target=\"_blank\" rel=\"noreferrer noopener\">H\u00e4rter bestraft<\/a><\/strong> <em>Die Tora lehrt, dass die Fehler der Anf\u00fchrer schwerer wiegen als die des einfachen Mannes<\/em> Von Rabbiner Joel Berger<\/li>\n\n\n\n<li><strong><a href=\"https:\/\/www.juedische-allgemeine.de\/religion\/zeichen-der-suehne\/\" target=\"_blank\" rel=\"noreferrer noopener\">Zeichen der S\u00fchne<\/a><\/strong> <em>Warum Aharon seine H\u00e4nde auf einen Bock st\u00fctzte und f\u00fcr das Volk ein S\u00fcndenbekenntnis ablegte<\/em> Von Rabbiner Joel Berger<\/li>\n\n\n\n<li><strong><a href=\"https:\/\/www.juedische-allgemeine.de\/religion\/umkehr-ohne-opfern\/\" target=\"_blank\" rel=\"noreferrer noopener\">Umkehr ohne Opfern<\/a><\/strong> <em>Der Tag der Reinigung hat an sich die Kraft, S\u00fcnden zu s\u00fchnen<\/em> von Rabbiner Jaron Engelmayer<\/li>\n<\/ul>\n<\/li>\n\n\n\n<li><strong><em>Chabad<\/em><\/strong>\n<ul class=\"wp-block-list\">\n<li><strong><a href=\"https:\/\/de.chabad.org\/parshah\/article_cdo\/aid\/725518\/jewish\/Wie-man-vor-G-tt-tritt.htm\" target=\"_blank\" rel=\"noreferrer noopener\">Wie man vor G-tt tritt<\/a><\/strong> Von Dr. William Stern.<\/li>\n\n\n\n<li><strong><a href=\"https:\/\/de.chabad.org\/parshah\/article_cdo\/aid\/725516\/jewish\/Die-rabbinischen-Vorschriften.htm\" target=\"_blank\" rel=\"noreferrer noopener\">Die rabbinischen Vorschriften<\/a><\/strong> Von Dr. William Stern.<\/li>\n<\/ul>\n<\/li>\n\n\n\n<li><strong><em>hagalil.com<\/em><\/strong>\n<ul class=\"wp-block-list\">\n<li><strong><a href=\"https:\/\/judentum.hagalil.com\/sidra-acharei-mot\/\" target=\"_blank\" rel=\"noreferrer noopener\">Von all euern S\u00fcnden sollt ihr rein werden vor dem Ewigen<\/a><\/strong> Von Nechama Leibowitz<\/li>\n<\/ul>\n<\/li>\n<\/ul>\n\n\n\n<h2 class=\"wp-block-heading\">Haftarah<\/h2>\n\n\n\n<p><em>Wenn Acharei Mot als Einzelabschnitt gelesen wird und nicht mit Kedoschim zusammen, dann wird die unten angegebene Haftarah gelesen. In zahlreichen Tabellen und Chumaschim werden die Lesungen f\u00fcr Acharej Mot und Kedoschim vertauscht. Ein Irrtum der vermutlich auf den Umstand zur\u00fcckzuf\u00fchren ist, dass hier bei einem Doppelwochenabschnitt (Acharej Mot-Kedoschim) bei den aschkenasischen Gemeinden der Abschnitt f\u00fcr Acharei Mot gelesen wird, statt, wie sonst \u00fcblich, die Haftarah des zweiten Wochenabschnitts. Der Schulchan Aruch (Orach Chajim 428,8) schreibt f\u00fcr Acharei Mot die Lesung von Amos vor.<\/em><\/p>\n\n\n\n<p><em>Wenn der Schabbat an dem Achareij-Mot gelesen wird, der Schabbat vor Pessach ist, dann wird, statt Acharej-Mot, die Haftarah f\u00fcr den Schabbat HaGadol gelesen. In diesem Fall wird die Haftarah von Acharej-Mot am Schabbat Kedoschim gelesen.<br>Wenn am Tag nach dem Schabbat, an dem Acharei-Mot gelesen wird, Rosch Chodesch Ijar sein wird, dann wird diese Haftarah ersetzt durch die <a href=\"https:\/\/www.talmud.de\/tlmd\/das-buch-der-haftarot-eine-deutsche-uebersetzung\/haftarah-fuer-den-schabbat-vor-rosch-chodesch-machar-chodesch\/\" data-type=\"page\" data-id=\"2978\">Haftarah Machar Chodesch<\/a><\/em>. <em>In diesem Fall wird die Haftarah von Acharei-Mot am Schabbat Kedoschim gelesen.<\/em><\/p>\n\n\n\n<p><em>Aschkenasisch, Chabad, Frankfurt am Main, Posen<\/em> Amos 9,7\u201315 <br><em>Sefardisch, Aschkenasisch in Israel, Berlin<\/em> Jechezkel 22,1\u201319<br><em>Sefardisch nach dem Brauch von Venedig<\/em>: Jechezkel 20,2\u201320,22<\/p>\n\n\n\n<div class=\"wp-block-group\"><div class=\"wp-block-group__inner-container is-layout-flow wp-block-group-is-layout-flow\">\n<div class=\"wp-block-columns is-layout-flex wp-container-core-columns-is-layout-1 wp-block-columns-is-layout-flex\">\n<div class=\"wp-block-column is-layout-flow wp-block-column-is-layout-flow\" style=\"flex-basis:33.33%\">\n<figure class=\"wp-block-image size-large\"><a href=\"https:\/\/www.talmud.de\/tlmd\/zum-wochenabschnitt\/\"><img data-recalc-dims=\"1\" loading=\"lazy\" decoding=\"async\" width=\"89\" height=\"81\" src=\"https:\/\/i0.wp.com\/www.talmud.de\/tlmd\/wp-content\/uploads\/2021\/03\/torah_rolle_80.png?resize=89%2C81&#038;ssl=1\" alt=\"\" class=\"wp-image-7253\"\/><\/a><\/figure>\n<\/div>\n\n\n\n<div class=\"wp-block-column is-layout-flow wp-block-column-is-layout-flow\" style=\"flex-basis:66.66%\">\n<p><a href=\"https:\/\/www.talmud.de\/tlmd\/zum-wochenabschnitt\/\"><img data-recalc-dims=\"1\" loading=\"lazy\" decoding=\"async\" width=\"33\" height=\"20\" class=\"wp-image-1962\" style=\"width: 33px;\" src=\"https:\/\/i0.wp.com\/www.talmud.de\/tlmd\/wp-content\/uploads\/2016\/02\/hand_talmudde.png?resize=33%2C20&#038;ssl=1\" alt=\"\"> <strong>Zur \u00dcbersicht \u00fcber die Wochenabschnitte<\/strong><\/a><\/p>\n<\/div>\n<\/div>\n\n\n\n<p><\/p>\n<\/div><\/div>\n","protected":false},"excerpt":{"rendered":"<p>Zusammenfassung WaJikra 16,1\u201318,30Mit Anordnungen zu Jom Kippur beginnt der Wochenabschnitt dieser Woche. Zun\u00e4chst wird das Ritual des Kohen Gadol f\u00fcr diesen Tag beschrieben und das Fortschicken des \u00bbS\u00fcndenbocks\u00ab zu Azazel. Mosche gibt anschlie\u00dfend Aaron die Vorschriften des Fastens. Dann werden weitere Speisegesetze \u00fcbergeben, wie etwa das Verbot des Blutgenusses und das Verbot des Verzehrs von Aas. Den Abschluss bilden verbotene Ehen wegen zu naher Blutsverwandtschaft und Regelungen zu verbotenen sexuellen Beziehungen. Torahabschnitt Zum Wochenabschnitt Nach Raschi ist Azazel ein steiler, harter Berg, eine hohe Felsenspitze; wie es in Vers 22 \u00bbein abgeschnittenes Land, ein absch\u00fcssiges\u00ab hei\u00dft. (Siehe Joma 39a und 67b). Laut Talmud, wird ein Ziegenbock die Felsenspitze gef\u00fchrt und von dieser hinuntergest\u00fcrzt. Haftarah Wenn Acharei Mot als Einzelabschnitt gelesen wird und nicht mit Kedoschim zusammen, dann wird die unten angegebene Haftarah gelesen. In zahlreichen Tabellen und Chumaschim werden die Lesungen f\u00fcr Acharej Mot und Kedoschim vertauscht. Ein Irrtum der vermutlich auf den Umstand zur\u00fcckzuf\u00fchren ist, dass hier bei einem Doppelwochenabschnitt (Acharej Mot-Kedoschim) bei den aschkenasischen Gemeinden der Abschnitt f\u00fcr Acharei Mot gelesen wird, statt, &hellip;<\/p>\n","protected":false},"author":1,"featured_media":7257,"parent":0,"menu_order":0,"comment_status":"closed","ping_status":"closed","template":"","meta":{"_themeisle_gutenberg_block_has_review":false,"footnotes":""},"class_list":["post-8753","page","type-page","status-publish","has-post-thumbnail","hentry"],"jetpack_sharing_enabled":true,"_links":{"self":[{"href":"https:\/\/www.talmud.de\/tlmd\/wp-json\/wp\/v2\/pages\/8753","targetHints":{"allow":["GET"]}}],"collection":[{"href":"https:\/\/www.talmud.de\/tlmd\/wp-json\/wp\/v2\/pages"}],"about":[{"href":"https:\/\/www.talmud.de\/tlmd\/wp-json\/wp\/v2\/types\/page"}],"author":[{"embeddable":true,"href":"https:\/\/www.talmud.de\/tlmd\/wp-json\/wp\/v2\/users\/1"}],"replies":[{"embeddable":true,"href":"https:\/\/www.talmud.de\/tlmd\/wp-json\/wp\/v2\/comments?post=8753"}],"version-history":[{"count":2,"href":"https:\/\/www.talmud.de\/tlmd\/wp-json\/wp\/v2\/pages\/8753\/revisions"}],"predecessor-version":[{"id":10308,"href":"https:\/\/www.talmud.de\/tlmd\/wp-json\/wp\/v2\/pages\/8753\/revisions\/10308"}],"wp:featuredmedia":[{"embeddable":true,"href":"https:\/\/www.talmud.de\/tlmd\/wp-json\/wp\/v2\/media\/7257"}],"wp:attachment":[{"href":"https:\/\/www.talmud.de\/tlmd\/wp-json\/wp\/v2\/media?parent=8753"}],"curies":[{"name":"wp","href":"https:\/\/api.w.org\/{rel}","templated":true}]}}